{"id":17124,"date":"2025-02-13T14:29:58","date_gmt":"2025-02-13T14:29:58","guid":{"rendered":"https:\/\/www.alsusboutiquehotel.com\/?page_id=17124"},"modified":"2025-02-13T14:30:23","modified_gmt":"2025-02-13T14:30:23","slug":"cookies-policy","status":"publish","type":"page","link":"https:\/\/www.alsusboutiquehotel.com\/af\/cookies-policy\/","title":{"rendered":"Koekiebeleid"},"content":{"rendered":"<div data-elementor-type=\"wp-page\" data-elementor-id=\"17124\" class=\"elementor elementor-17124\">\n\t\t\t\t        <section class=\"elementor-section elementor-top-section elementor-element elementor-element-2ea7339f elementor-section-boxed elementor-section-height-default elementor-section-height-default pxl-section-static-pos-no pxl-section-overflow-hidden-no pxl-container-margin-auto-no\" data-id=\"2ea7339f\" data-element_type=\"section\" data-e-type=\"section\">\n\n                \n                <div class=\"elementor-container elementor-column-gap-default\">\n                <div class=\"elementor-column elementor-col-100 elementor-top-column elementor-element elementor-element-73df817c col-offset-none pxl-column-element-default pxl-column-overflow-hidden-no\" data-id=\"73df817c\" data-element_type=\"column\" data-e-type=\"column\">\r\n        <div class=\"elementor-widget-wrap elementor-element-populated\">\r\n                    \t\t<div class=\"elementor-element elementor-element-6277fa99 elementor-widget elementor-widget-text-editor\" data-id=\"6277fa99\" data-element_type=\"widget\" data-e-type=\"widget\" data-widget_type=\"text-editor.default\">\n\t\t\t\t<div class=\"elementor-widget-container\">\n\t\t\t\t\t\t\t\t\t<div class=\"elementor-element elementor-element-3454921c elementor-widget__width-initial elementor-widget elementor-widget-text-editor\" data-id=\"3454921c\" data-element_type=\"widget\" data-widget_type=\"text-editor.default\"><div class=\"elementor-widget-container\"><h1>Koekiebeleid<\/h1><p><em>Laas opgedateer op 19-Des-2024<\/em><\/p><p><strong>Koekiebeleid<\/strong> van<\/p><p><strong>Alsus Boetiekhotel<\/strong>,<br \/>50 Andrea Papandreou Amoudara, Heraklion,<br \/>Kreta<br \/>71414,<br \/>Griekeland,<br \/>e-pos: info@alsusboutiquehotel.com,<br \/>foon: +302810372700<\/p><p>Hierdie Koekiebeleid verskaf inligting rakende die gebruik van Koekies en Soortgelyke Tegnologie\u00eb deur die hotel se webwerf. Dit beskryf ook watter soort keuses u mag h\u00ea rakende Koekies en Soortgelyke Tegnologie\u00eb.<\/p><p>Hierdie Koekiebeleid is deel van en is opgeneem in die gebruiksvoorwaardes van die webwerf en kan van tyd tot tyd onderhewig wees aan verandering. Dit word aanbeveel dat u die Koekiebeleid gereeld nagaan om op hoogte te bly van enige hersienings. Relevante kennisgewings van wesenlike veranderinge kan ook op die webwerf verskyn. Deur die webwerf te besoek, stem u in om enige veranderinge aan hierdie beleid te aanvaar.<\/p><p><strong>Wat is koekies?<\/strong><\/p><p>Koekies is klein teksl\u00eaers \u2013 gewoonlik bestaande uit letters en syfers en word deur &#039;n webbediener op jou toestel gestoor.<\/p><p>Koekies word verdeel in &quot;Sessiekoekies&quot; en &quot;Aanhoudende koekies&quot;, afhangende van die tyd wat hulle op jou toestel gestoor bly. &quot;Sessiekoekies&quot; word op jou toestel gestoor die oomblik wat jy die webwerf besoek en word outomaties uitgevee nadat jy jou blaaier toemaak. &quot;Aanhoudende koekies&quot; word op jou toestel gestoor wanneer jy die webwerf besoek en bly gestoor nadat die blaaier toegemaak is. &quot;Aanhoudende koekies&quot; sal outomaties weer geaktiveer word wanneer jy jou blaaier oopmaak en op die internet blaai.<\/p><p>Eersteparty- en derdeparty-koekies \u2013 Afhangende van die webwerf of die domein wat die koekie installeer, word koekies gekenmerk as &quot;eerste&quot; of &quot;derde party&quot;. Eersteparty-koekies is oor die algemeen koekies wat ge\u00efnstalleer word deur die webwerf wat deur die gebruiker besoek word \u2013 die webwerf wat in die URL-venster verskyn. Derdeparty-koekies is koekies wat deur &#039;n ander webwerf (domein) as die een wat deur die gebruiker besoek word, ge\u00efnstalleer word. As die gebruiker &#039;n webwerf besoek en &#039;n ander maatskappy &#039;n koekie deur daardie webwerf installeer, sal die betrokke koekie van &#039;n derde party wees.<\/p><p><strong>Waarom ons koekies gebruik<\/strong><\/p><p>Ons gebruik koekies om jou die beste moontlike blaai-ervaring te gee. Sommige koekies is tegnies noodsaaklik vir die korrekte gebruik van die webwerf. Ander koekies word gebruik om funksies soos advertensies en die verkryging van statistieke (d.w.s. hoeveel besoekers spesifieke bladsye op ons webwerf besigtig het) uit te voer.<\/p><p>Ons en\/of derde partye wat dienste namens ons lewer, kategoriseer koekies soos hieronder beskryf.<\/p><p>Streng noodsaaklike koekies<\/p><p>Hierdie koekies is streng noodsaaklik om u te voorsien van die dienste wat u deur die webwerf versoek. Dit is nodig om u die vermo\u00eb te gee om ons webwerf te besoek en die funksies daarvan korrek te gebruik. Basiese funksies, soos die volgende, is gebaseer op hierdie belangrike koekies:<\/p><p>Om aangemeld te bly op die webwerf,<\/p><p>o Identifiseer u persoonlike inligting wat u op die webwerf invoer tydens u transaksies,<\/p><p>o Om die sekuriteit van u transaksies te beskerm deur u herleiding na derdeparty-betalingstoepassings en u terugkeer na die webwerf om die transaksie te voltooi,<\/p><p>o Kry inligting oor jou transaksie na voltooiing daarvan en<\/p><p>o In die algemeen, om u op u versoek van dienste en inligting te voorsien<\/p><p>Funksionaliteitskoekies<\/p><p>Hierdie koekies help ons om ons inhoud vir jou te personaliseer, jou by naam aan te spreek en jou voorkeure te onthou (byvoorbeeld jou keuse van &#039;n spesifieke taal of streek). As jy kies om funksionaliteitskoekies te verwyder\/deaktiveer, sal enige voorkeure\/instellings wat jy gekies het, nie behou word vir jou daaropvolgende besoeke aan die webwerf nie.<\/p><p>Prestasiekoekies<\/p><p>Hierdie koekies versamel inligting oor hoe gebruikers die webwerf gebruik om die webwerf en die besoeker se ervaring te kan hersien en verbeter. Hierdie koekies versamel nie inligting wat die besoeker identifiseer nie.<\/p><p>Sulke koekies versamel inligting oor:<\/p><p>Bladsye wat mense die meeste besoek,<br \/>Skakels gekies deur gebruikers,<br \/>Foutboodskappe wat gebruikers mag ontvang terwyl hulle op die webwerf blaai, ens.<\/p><p>Derdeparty-koekies \/ Bemarking<\/p><p>Om jou van meer interessante inhoud te voorsien en jou te help om met jou sosiale media-rekeninge te kommunikeer, kan die webwerf inhoud en dienste van derde partye (bv. &quot;inproppe&quot; van Facebook, Twitter, YouTube, Instagram, Pinterest, ens.) of skakels na webwerwe van derde partye insluit. Wanneer jy skakels en\/of webwerwe van derde partye besoek, is jy onderworpe aan die koekiebeleid van hierdie derde partye. In hierdie geval tree jy op jou eie wil op en ons aanvaar geen verantwoordelikheid vir enige probleem wat voortspruit uit die berging van koekies op jou toestel deur die derde party se webwerf nie.<\/p><p>Die volgende derdeparty-sagteware-instrumente word op ons webwerwe gebruik:<br \/>\u2022 Google Analytics \u2013 dophou webwerfgedrag en statistieke.<br \/>\u2022 Google Ads \/ Bindg Ads \u2013 vir geborgde lyste in soekenjins se resultatebladsye.<br \/>\u2022 Facebook-herteikening \u2013 dophou watter webblaaie jy besigtig en watter advertensies jy sal sien.<br \/>\u2022 Instagram-herteikening \u2013 dophou watter webblaaie jy besigtig en watter advertensies jy sal sien.<\/p><p><strong>Hoe om koekies te beheer<\/strong><\/p><p>Die meeste internetblaaiers aanvaar koekies outomaties, maar bied beheermaatre\u00ebls wat jou toelaat om koekies te blokkeer of te verwyder. Jy het die vermo\u00eb om die installering van koekies op jou toestel te aktiveer of te deaktiveer deur die instellings op die blaaier wat jy gebruik te eniger tyd te verander. Jy kan ook die blaaier wat jy gebruik, gepas opstel om jou in te lig voordat &#039;n koekie op jou toestel ge\u00efnstalleer word, of die instruksies van jou blaaier volg om enige koekies wat reeds ge\u00efnstalleer is, te verwyder. As jy &#039;n verskeidenheid toestelle gebruik, moet jy die blaaierstelsel na jou smaak op elk van jou toestelle opstel.<\/p><p>Indien u kies om alle koekies te deaktiveer, sal u moontlik nie die interaktiewe kenmerke van ons webwerf ten volle kan geniet of ons dienste deur ons webwerf kan ontvang nie.<\/p><p>Die verwydering van koekies verwyder nie Flash-toepassingsobjekte nie. Jy kan meer leer oor Flash-toepassingsobjekte, insluitend hoe om hulle te beheer en te deaktiveer, op die Adobe-webwerf. Jy kan bykomende inligting vind oor koekies en soortgelyke tegnologie\u00eb wat op verskeie webwerwe gebruik word deur jou blaaierstelsel of ander internetbronne.<\/p><p>Om koekies deur jou blaaier te bestuur, kies die volgende hiperskakels om na jou blaaier se instruksies herlei te word:<\/p><p>Microsoft Windows Verkenner<br \/>Mozilla Firefox<br \/>Google Chrome<br \/>Apple Safari<\/p><p>Jy kan meer oor koekies leer op die volgende derdeparty-webwerwe:<\/p><p>Alles oor koekies: <a title=\"Alles oor koekies\" href=\"https:\/\/www.allaboutcookies.org\/\" target=\"_blank\" rel=\"noopener\">https:\/\/www.allaboutcookies.org\/<\/a><br \/>Koekiepedia: <a title=\"Koekiepedia\" href=\"https:\/\/cookiepedia.co.uk\/\" target=\"_blank\" rel=\"noopener\">https:\/\/cookiepedia.co.uk\/<\/a><\/p><p><strong>Wat is soortgelyke tegnologie\u00eb?<\/strong><\/p><p>Pikseletikette, webbakens, ingebedde skrifte en deursigtige GIF&#039;s is klein l\u00eaers wat gebruik word om navigasie op &#039;n webblad na te spoor en kan saam met koekies gebruik word. Flash-objekte (plaaslik gedeelde objekte) is klein l\u00eaers wat op jou toestel gestoor word vanaf &#039;n webblad wat Adobe se Flash Player-tegnologie gebruik.<\/p><p>Webbakens en ingebedde skrifte<\/p><p>Webbakens en ingebedde skripte is ander tegnologie\u00eb wat ons op ons webwerf gebruik, sowel as in sekere e-posse en advertensies.<\/p><p>Webbakens (of &quot;etikette&quot;) is stukkies programmeringskode wat ingesluit is in webblaaie, e-posse en advertensies wat aan ons en\/of derde partye wat dienste namens ons lewer, openbaar wanneer daardie webblaaie, e-posse of advertensies besigtig of gekies is.<\/p><p>Ons gebruik hierdie inligting om ons webwerf te verbeter, om ons webwerf aan te pas by u potensi\u00eble belangstellings en om marknavorsing te doen. U kan sulke kodefunksionaliteite, soos JavaScript, deur u blaaierstelsel deaktiveer (verwys asseblief na die hulpfunksie van u blaaier). Let daarop dat as u kodefunksionaliteite deaktiveer, die webwerf moontlik nie behoorlik sal werk nie.<\/p><p><strong>Privaatheid<\/strong><\/p><p>Ons is daartoe verbind om goeie privaatheidspraktyke te gebruik. Vir meer inligting oor ons benadering tot privaatheid, verwys asseblief na ons <a href=\"https:\/\/www.alsusboutiquehotel.com\/af\/privacy-policy\/\">Privaatheidsbeleid<\/a>.<\/p><ol><li><h3>Klagte- \/ Databeskermingsbeampte:<\/h3><p>Indien u enige navrae of bekommernisse het oor die verwerking van u inligting wat by ons beskikbaar is, kan u ons Klagtebeampte per e-pos kontak by<\/p><p>Alsus Boetiekhotel,<br \/>50 Andrea Papandreou Amoudara, Heraklion,<br \/>e-pos: <a href=\"mailto:info@alsusboutiquehotel.com\">info@alsusboutiquehotel.com<\/a><\/p><p>Ons sal u bekommernisse aanspreek in ooreenstemming met toepaslike wetgewing.<\/p><\/li><\/ol><\/div><\/div>\t\t\t\t\t\t\t\t<\/div>\n\t\t\t\t<\/div>\n\t\t                    <\/div>\r\n        <\/div>\r\n        \t\t\t<\/div>\n\t\t<\/section>\n\t\t\t\t<\/div>","protected":false},"excerpt":{"rendered":"<p>Cookies Policy Last Updated On 19-Dec-2024 Cookies Policy of Alsus Boutique Hotel,50 Andrea Papandreou Amoudara, Heraklion,Crete71414,Greece,email: info@alsusboutiquehotel.com,phone: +302810372700 This Cookies Policy provides information regarding the use of Cookies and Similar Technologies by the hotel\u2019s website. It also describes what kind of choices you may have regarding Cookies and Similar Technologies. This Cookie Policy is part [&hellip;]<\/p>\n","protected":false},"author":1,"featured_media":0,"parent":0,"menu_order":0,"comment_status":"closed","ping_status":"closed","template":"","meta":{"footnotes":""},"class_list":["post-17124","page","type-page","status-publish","hentry"],"_links":{"self":[{"href":"https:\/\/www.alsusboutiquehotel.com\/af\/wp-json\/wp\/v2\/pages\/17124","targetHints":{"allow":["GET"]}}],"collection":[{"href":"https:\/\/www.alsusboutiquehotel.com\/af\/wp-json\/wp\/v2\/pages"}],"about":[{"href":"https:\/\/www.alsusboutiquehotel.com\/af\/wp-json\/wp\/v2\/types\/page"}],"author":[{"embeddable":true,"href":"https:\/\/www.alsusboutiquehotel.com\/af\/wp-json\/wp\/v2\/users\/1"}],"replies":[{"embeddable":true,"href":"https:\/\/www.alsusboutiquehotel.com\/af\/wp-json\/wp\/v2\/comments?post=17124"}],"version-history":[{"count":0,"href":"https:\/\/www.alsusboutiquehotel.com\/af\/wp-json\/wp\/v2\/pages\/17124\/revisions"}],"wp:attachment":[{"href":"https:\/\/www.alsusboutiquehotel.com\/af\/wp-json\/wp\/v2\/media?parent=17124"}],"curies":[{"name":"wp","href":"https:\/\/api.w.org\/{rel}","templated":true}]}}