{"id":17124,"date":"2025-02-13T14:29:58","date_gmt":"2025-02-13T14:29:58","guid":{"rendered":"https:\/\/www.alsusboutiquehotel.com\/?page_id=17124"},"modified":"2025-02-13T14:30:23","modified_gmt":"2025-02-13T14:30:23","slug":"cookies-policy","status":"publish","type":"page","link":"https:\/\/www.alsusboutiquehotel.com\/cs\/cookies-policy\/","title":{"rendered":"Z\u00e1sady pou\u017e\u00edv\u00e1n\u00ed soubor\u016f cookie"},"content":{"rendered":"<div data-elementor-type=\"wp-page\" data-elementor-id=\"17124\" class=\"elementor elementor-17124\">\n\t\t\t\t        <section class=\"elementor-section elementor-top-section elementor-element elementor-element-2ea7339f elementor-section-boxed elementor-section-height-default elementor-section-height-default pxl-section-static-pos-no pxl-section-overflow-hidden-no pxl-container-margin-auto-no\" data-id=\"2ea7339f\" data-element_type=\"section\" data-e-type=\"section\">\n\n                \n                <div class=\"elementor-container elementor-column-gap-default\">\n                <div class=\"elementor-column elementor-col-100 elementor-top-column elementor-element elementor-element-73df817c col-offset-none pxl-column-element-default pxl-column-overflow-hidden-no\" data-id=\"73df817c\" data-element_type=\"column\" data-e-type=\"column\">\r\n        <div class=\"elementor-widget-wrap elementor-element-populated\">\r\n                    \t\t<div class=\"elementor-element elementor-element-6277fa99 elementor-widget elementor-widget-text-editor\" data-id=\"6277fa99\" data-element_type=\"widget\" data-e-type=\"widget\" data-widget_type=\"text-editor.default\">\n\t\t\t\t<div class=\"elementor-widget-container\">\n\t\t\t\t\t\t\t\t\t<div class=\"elementor-element elementor-element-3454921c elementor-widget__width-initial elementor-widget elementor-widget-text-editor\" data-id=\"3454921c\" data-element_type=\"widget\" data-widget_type=\"text-editor.default\"><div class=\"elementor-widget-container\"><h1>Z\u00e1sady pou\u017e\u00edv\u00e1n\u00ed soubor\u016f cookie<\/h1><p><em>Naposledy aktualizov\u00e1no 19. prosince 2024<\/em><\/p><p><strong>Z\u00e1sady pou\u017e\u00edv\u00e1n\u00ed soubor\u016f cookie<\/strong> z<\/p><p><strong>Butikov\u00fd hotel Alsus<\/strong>,<br \/>50 Andrea Papandreou Amoudara, Heraklion,<br \/>Kr\u00e9ta<br \/>71414,<br \/>\u0158ecko,<br \/>e-mail: info@alsusboutiquehotel.com,<br \/>telefon: +302810372700<\/p><p>Tyto Z\u00e1sady pou\u017e\u00edv\u00e1n\u00ed soubor\u016f cookie poskytuj\u00ed informace o pou\u017e\u00edv\u00e1n\u00ed soubor\u016f cookie a podobn\u00fdch technologi\u00ed webov\u00fdmi str\u00e1nkami hotelu. Tak\u00e9 popisuj\u00ed, jak\u00e9 mo\u017enosti m\u00e1te ohledn\u011b soubor\u016f cookie a podobn\u00fdch technologi\u00ed.<\/p><p>Tyto Z\u00e1sady pou\u017e\u00edv\u00e1n\u00ed soubor\u016f cookie jsou sou\u010d\u00e1st\u00ed podm\u00ednek pou\u017e\u00edv\u00e1n\u00ed webov\u00fdch str\u00e1nek a mohou se \u010das od \u010dasu m\u011bnit. Doporu\u010duje se pravideln\u011b kontrolovat Z\u00e1sady pou\u017e\u00edv\u00e1n\u00ed soubor\u016f cookie, abyste byli informov\u00e1ni o p\u0159\u00edpadn\u00fdch reviz\u00edch. Na webov\u00fdch str\u00e1nk\u00e1ch se mohou tak\u00e9 objevit relevantn\u00ed ozn\u00e1men\u00ed o podstatn\u00fdch zm\u011bn\u00e1ch. N\u00e1v\u0161t\u011bvou webov\u00fdch str\u00e1nek souhlas\u00edte s p\u0159ijet\u00edm ve\u0161ker\u00fdch zm\u011bn proveden\u00fdch v t\u011bchto Z\u00e1sad\u00e1ch.<\/p><p><strong>Co jsou to soubory cookie?<\/strong><\/p><p>Soubory cookie jsou mal\u00e9 textov\u00e9 soubory \u2013 obvykle sest\u00e1vaj\u00edc\u00ed z p\u00edsmen a \u010d\u00edslic \u2013 a ukl\u00e1dan\u00e9 webov\u00fdm serverem do va\u0161eho za\u0159\u00edzen\u00ed.<\/p><p>Soubory cookie se d\u011bl\u00ed na \u201erela\u010dn\u00ed soubory cookie\u201c a \u201etrval\u00e9 soubory cookie\u201c v z\u00e1vislosti na dob\u011b, po kterou z\u016fst\u00e1vaj\u00ed ulo\u017eeny ve va\u0161em za\u0159\u00edzen\u00ed. \u201eRela\u010dn\u00ed soubory cookie\u201c se ukl\u00e1daj\u00ed do va\u0161eho za\u0159\u00edzen\u00ed v okam\u017eiku, kdy nav\u0161t\u00edv\u00edte webov\u00e9 str\u00e1nky, a po zav\u0159en\u00ed prohl\u00ed\u017ee\u010de se automaticky sma\u017eou. \u201eTrval\u00e9 soubory cookie\u201c se ukl\u00e1daj\u00ed do va\u0161eho za\u0159\u00edzen\u00ed v okam\u017eiku, kdy nav\u0161t\u00edv\u00edte webov\u00e9 str\u00e1nky, a z\u016fst\u00e1vaj\u00ed ulo\u017eeny i po zav\u0159en\u00ed prohl\u00ed\u017ee\u010de. \u201eTrval\u00e9 soubory cookie\u201c se automaticky znovu aktivuj\u00ed, jakmile otev\u0159ete prohl\u00ed\u017ee\u010d a za\u010dnete proch\u00e1zet internet.<\/p><p>Soubory cookie prvn\u00ed a t\u0159et\u00ed strany \u2013 V z\u00e1vislosti na webov\u00fdch str\u00e1nk\u00e1ch nebo dom\u00e9n\u011b, kter\u00e1 soubor cookie instaluje, se soubory cookie charakterizuj\u00ed jako \u201eprvn\u00ed\u201c nebo \u201et\u0159et\u00ed strany\u201c. Soubory cookie prvn\u00ed strany jsou obecn\u011b soubory cookie, kter\u00e9 instaluje webov\u00e1 str\u00e1nka, kterou u\u017eivatel nav\u0161t\u00edv\u00ed \u2013 webov\u00e1 str\u00e1nka, kter\u00e1 se zobraz\u00ed v okn\u011b URL. Soubory cookie t\u0159et\u00edch stran jsou soubory cookie, kter\u00e9 instaluje jin\u00e1 webov\u00e1 str\u00e1nka (dom\u00e9na), ne\u017e je ta, kterou u\u017eivatel nav\u0161t\u00edvil. Pokud u\u017eivatel nav\u0161t\u00edv\u00ed webovou str\u00e1nku a soubor cookie prost\u0159ednictv\u00edm t\u00e9to webov\u00e9 str\u00e1nky nainstaluje jin\u00e1 spole\u010dnost, bude dan\u00fd soubor cookie t\u0159et\u00ed strany.<\/p><p><strong>Pro\u010d pou\u017e\u00edv\u00e1me soubory cookie<\/strong><\/p><p>Abychom v\u00e1m poskytli co nejlep\u0161\u00ed z\u00e1\u017eitek z prohl\u00ed\u017een\u00ed, pou\u017e\u00edv\u00e1me soubory cookie. N\u011bkter\u00e9 soubory cookie jsou technicky nezbytn\u00e9 pro spr\u00e1vn\u00e9 pou\u017e\u00edv\u00e1n\u00ed webov\u00fdch str\u00e1nek. Jin\u00e9 soubory cookie se pou\u017e\u00edvaj\u00ed k prov\u00e1d\u011bn\u00ed funkc\u00ed, jako je reklama a z\u00edsk\u00e1v\u00e1n\u00ed statistik (tj. kolik n\u00e1v\u0161t\u011bvn\u00edk\u016f si prohl\u00e9dlo konkr\u00e9tn\u00ed str\u00e1nky na na\u0161ich webov\u00fdch str\u00e1nk\u00e1ch).<\/p><p>My a\/nebo t\u0159et\u00ed strany, kter\u00e9 poskytuj\u00ed slu\u017eby na\u0161\u00edm jm\u00e9nem, kategorizujeme soubory cookie, jak je pops\u00e1no n\u00ed\u017ee.<\/p><p>Nezbytn\u011b nutn\u00e9 soubory cookie<\/p><p>Tyto soubory cookie jsou nezbytn\u011b nutn\u00e9 k tomu, abychom v\u00e1m mohli poskytovat slu\u017eby, kter\u00e9 si prost\u0159ednictv\u00edm webov\u00fdch str\u00e1nek vy\u017e\u00e1d\u00e1te. Jsou nezbytn\u00e9 k tomu, abyste mohli na\u0161e webov\u00e9 str\u00e1nky nav\u0161t\u00edvit a spr\u00e1vn\u011b pou\u017e\u00edvat jejich funkce. Z\u00e1kladn\u00ed funkce, jako nap\u0159\u00edklad n\u00e1sleduj\u00edc\u00ed, jsou zalo\u017eeny na t\u011bchto d\u016fle\u017eit\u00fdch souborech cookie:<\/p><p>Chcete-li z\u016fstat p\u0159ihl\u00e1\u0161eni na webov\u00fdch str\u00e1nk\u00e1ch,<\/p><p>o Identifikovat va\u0161e osobn\u00ed \u00fadaje, kter\u00e9 zad\u00e1v\u00e1te na webov\u00fdch str\u00e1nk\u00e1ch v okam\u017eiku transakc\u00ed,<\/p><p>o Pro ochranu bezpe\u010dnosti va\u0161ich transakc\u00ed prost\u0159ednictv\u00edm p\u0159esm\u011brov\u00e1n\u00ed na platebn\u00ed aplikace t\u0159et\u00edch stran a va\u0161eho n\u00e1vratu na webov\u00e9 str\u00e1nky za \u00fa\u010delem dokon\u010den\u00ed transakce,<\/p><p>o Z\u00edsk\u00e1n\u00ed informac\u00ed o va\u0161\u00ed transakci po jej\u00edm dokon\u010den\u00ed a<\/p><p>o Obecn\u011b, abychom v\u00e1m mohli na va\u0161i \u017e\u00e1dost poskytovat slu\u017eby a informace<\/p><p>Funk\u010dn\u00ed soubory cookie<\/p><p>Tyto soubory cookie n\u00e1m pom\u00e1haj\u00ed personalizovat n\u00e1\u0161 obsah, oslovovat v\u00e1s jm\u00e9nem a pamatovat si va\u0161e preference (nap\u0159\u00edklad v\u00e1\u0161 v\u00fdb\u011br konkr\u00e9tn\u00edho jazyka nebo regionu). Pokud se rozhodnete smazat\/zak\u00e1zat funk\u010dn\u00ed soubory cookie, \u017e\u00e1dn\u00e9 zvolen\u00e9 preference\/nastaven\u00ed nebudou uchov\u00e1ny pro va\u0161e dal\u0161\u00ed n\u00e1v\u0161t\u011bvy webov\u00fdch str\u00e1nek.<\/p><p>V\u00fdkonnostn\u00ed soubory cookie<\/p><p>Tyto soubory cookie shroma\u017e\u010fuj\u00ed informace o tom, jak u\u017eivatel\u00e9 pou\u017e\u00edvaj\u00ed webov\u00e9 str\u00e1nky, aby bylo mo\u017en\u00e9 webov\u00e9 str\u00e1nky a zku\u0161enosti n\u00e1v\u0161t\u011bvn\u00edk\u016f zkontrolovat a vylep\u0161it. Tyto soubory cookie neshroma\u017e\u010fuj\u00ed informace, kter\u00e9 by identifikovaly n\u00e1v\u0161t\u011bvn\u00edka.<\/p><p>Tyto soubory cookie shroma\u017e\u010fuj\u00ed informace o:<\/p><p>Str\u00e1nky, kter\u00e9 lid\u00e9 nav\u0161t\u011bvuj\u00ed nej\u010dast\u011bji,<br \/>Odkazy vybran\u00e9 u\u017eivateli,<br \/>Chybov\u00e9 zpr\u00e1vy, kter\u00e9 se u\u017eivatel\u016fm mohou zobrazit p\u0159i prohl\u00ed\u017een\u00ed webov\u00fdch str\u00e1nek atd.<\/p><p>Soubory cookie t\u0159et\u00edch stran \/ marketing<\/p><p>Abychom v\u00e1m mohli poskytovat zaj\u00edmav\u011bj\u0161\u00ed obsah a usnadnili v\u00e1m interakci s va\u0161imi \u00fa\u010dty na soci\u00e1ln\u00edch s\u00edt\u00edch, mohou webov\u00e9 str\u00e1nky obsahovat obsah a slu\u017eby t\u0159et\u00edch stran (nap\u0159. \u201epluginy\u201c z Facebooku, Twitteru, YouTube, Instagramu, Pinterestu atd.) nebo odkazy na webov\u00e9 str\u00e1nky t\u0159et\u00edch stran. Kdy\u017e nav\u0161t\u00edv\u00edte odkazy a\/nebo webov\u00e9 str\u00e1nky t\u0159et\u00edch stran, podl\u00e9h\u00e1te z\u00e1sad\u00e1m pou\u017e\u00edv\u00e1n\u00ed soubor\u016f cookie t\u011bchto t\u0159et\u00edch stran. V tomto p\u0159\u00edpad\u011b jedn\u00e1te z vlastn\u00ed v\u016fle a my nep\u0159eb\u00edr\u00e1me \u017e\u00e1dnou odpov\u011bdnost za jak\u00e9koli probl\u00e9my vypl\u00fdvaj\u00edc\u00ed z ukl\u00e1d\u00e1n\u00ed soubor\u016f cookie do va\u0161eho za\u0159\u00edzen\u00ed webov\u00fdmi str\u00e1nkami t\u0159et\u00edch stran.<\/p><p>Na na\u0161ich webov\u00fdch str\u00e1nk\u00e1ch pou\u017e\u00edv\u00e1me n\u00e1sleduj\u00edc\u00ed softwarov\u00e9 n\u00e1stroje t\u0159et\u00edch stran:<br \/>\u2022 Google Analytics \u2013 sledov\u00e1n\u00ed chov\u00e1n\u00ed na webov\u00fdch str\u00e1nk\u00e1ch a statistiky.<br \/>\u2022 Google Ads \/ Bindg Ads \u2013 pro sponzorovan\u00e9 z\u00e1znamy ve v\u00fdsledc\u00edch vyhled\u00e1v\u00e1n\u00ed.<br \/>\u2022 Retargeting na Facebooku \u2013 sledov\u00e1n\u00ed, jak\u00e9 webov\u00e9 str\u00e1nky si prohl\u00ed\u017e\u00edte a jak\u00e9 reklamy uvid\u00edte.<br \/>\u2022 Retargeting na Instagramu \u2013 sledov\u00e1n\u00ed, jak\u00e9 webov\u00e9 str\u00e1nky si prohl\u00ed\u017e\u00edte a jak\u00e9 reklamy uvid\u00edte.<\/p><p><strong>Jak ovl\u00e1dat soubory cookie<\/strong><\/p><p>V\u011bt\u0161ina internetov\u00fdch prohl\u00ed\u017ee\u010d\u016f automaticky p\u0159ij\u00edm\u00e1 soubory cookie, ale poskytuje mo\u017enosti kontroly, kter\u00e9 v\u00e1m umo\u017e\u0148uj\u00ed blokovat soubory cookie nebo je mazat. Instalaci soubor\u016f cookie do sv\u00e9ho za\u0159\u00edzen\u00ed m\u016f\u017eete kdykoli povolit nebo zak\u00e1zat zm\u011bnou nastaven\u00ed prohl\u00ed\u017ee\u010de, kter\u00fd pou\u017e\u00edv\u00e1te. Prohl\u00ed\u017ee\u010d si tak\u00e9 m\u016f\u017eete nakonfigurovat tak, aby v\u00e1s p\u0159ed instalac\u00ed souboru cookie do va\u0161eho za\u0159\u00edzen\u00ed informoval, nebo se \u0159\u00eddit pokyny prohl\u00ed\u017ee\u010de a smazat ji\u017e nainstalovan\u00e9 soubory cookie. Pokud pou\u017e\u00edv\u00e1te r\u016fzn\u00e1 za\u0159\u00edzen\u00ed, je t\u0159eba si na ka\u017ed\u00e9m z nich nastavit syst\u00e9m prohl\u00ed\u017ee\u010de podle sv\u00fdch p\u0159edstav.<\/p><p>Pokud se rozhodnete zak\u00e1zat v\u0161echny soubory cookie, nemus\u00ed b\u00fdt mo\u017en\u00e9 pln\u011b vyu\u017e\u00edvat interaktivn\u00ed funkce na\u0161ich webov\u00fdch str\u00e1nek ani p\u0159ij\u00edmat na\u0161e slu\u017eby prost\u0159ednictv\u00edm na\u0161ich webov\u00fdch str\u00e1nek.<\/p><p>Smaz\u00e1n\u00edm soubor\u016f cookie se nesma\u017eou objekty aplikace Flash. V\u00edce informac\u00ed o objektech aplikace Flash, v\u010detn\u011b toho, jak je ovl\u00e1dat a zak\u00e1zat, naleznete na webov\u00fdch str\u00e1nk\u00e1ch spole\u010dnosti Adobe. Dal\u0161\u00ed informace o souborech cookie a podobn\u00fdch technologi\u00edch pou\u017e\u00edvan\u00fdch na r\u016fzn\u00fdch webov\u00fdch str\u00e1nk\u00e1ch naleznete v prohl\u00ed\u017ee\u010di nebo na jin\u00fdch internetov\u00fdch zdroj\u00edch.<\/p><p>Chcete-li spravovat soubory cookie prost\u0159ednictv\u00edm prohl\u00ed\u017ee\u010de, vyberte n\u00e1sleduj\u00edc\u00ed hypertextov\u00e9 odkazy, kter\u00e9 v\u00e1s p\u0159esm\u011bruj\u00ed na pokyny va\u0161eho prohl\u00ed\u017ee\u010de:<\/p><p>Pr\u016fzkumn\u00edk Microsoft Windows<br \/>Mozilla Firefox<br \/>Google Chrome<br \/>Apple Safari<\/p><p>V\u00edce informac\u00ed o souborech cookie naleznete na n\u00e1sleduj\u00edc\u00edch webov\u00fdch str\u00e1nk\u00e1ch t\u0159et\u00edch stran:<\/p><p>V\u0161e o souborech cookie: <a title=\"V\u0161e o souborech cookie\" href=\"https:\/\/www.allaboutcookies.org\/\" target=\"_blank\" rel=\"noopener\">https:\/\/www.allaboutcookies.org\/<\/a><br \/>Cookiepedie: <a title=\"Cookiepedia\" href=\"https:\/\/cookiepedia.co.uk\/\" target=\"_blank\" rel=\"noopener\">https:\/\/cookiepedia.co.uk\/<\/a><\/p><p><strong>Jak\u00e9 jsou podobn\u00e9 technologie?<\/strong><\/p><p>Pixelov\u00e9 tagy, webov\u00e9 maj\u00e1ky, vlo\u017een\u00e9 skripty a pr\u016fhledn\u00e9 GIFy jsou mal\u00e9 soubory, kter\u00e9 se pou\u017e\u00edvaj\u00ed ke sledov\u00e1n\u00ed navigace na webov\u00e9 str\u00e1nce a lze je pou\u017e\u00edvat spole\u010dn\u011b se soubory cookie. Objekty Flash (lok\u00e1ln\u00ed sd\u00edlen\u00e9 objekty) jsou mal\u00e9 soubory ulo\u017een\u00e9 ve va\u0161em za\u0159\u00edzen\u00ed z webov\u00e9 str\u00e1nky, kter\u00e1 pou\u017e\u00edv\u00e1 technologii Flash Player od spole\u010dnosti Adobe.<\/p><p>Webov\u00e9 maj\u00e1ky a vlo\u017een\u00e9 skripty<\/p><p>Webov\u00e9 maj\u00e1ky a vlo\u017een\u00e9 skripty jsou dal\u0161\u00ed technologie, kter\u00e9 pou\u017e\u00edv\u00e1me na na\u0161ich webov\u00fdch str\u00e1nk\u00e1ch, stejn\u011b jako v n\u011bkter\u00fdch e-mailech a reklam\u00e1ch.<\/p><p>Webov\u00e9 maj\u00e1ky (neboli \u201etagy\u201c) jsou \u010d\u00e1sti programov\u00e9ho k\u00f3du obsa\u017een\u00e9 ve webov\u00fdch str\u00e1nk\u00e1ch, e-mailech a reklam\u00e1ch, kter\u00e9 n\u00e1m a\/nebo t\u0159et\u00edm stran\u00e1m poskytuj\u00edc\u00edm slu\u017eby na\u0161\u00edm jm\u00e9nem sd\u011bluj\u00ed, kdy byly tyto webov\u00e9 str\u00e1nky, e-maily nebo reklamy zobrazeny nebo vybr\u00e1ny.<\/p><p>Tyto informace pou\u017e\u00edv\u00e1me ke zlep\u0161en\u00ed na\u0161ich webov\u00fdch str\u00e1nek, k p\u0159izp\u016fsoben\u00ed na\u0161ich webov\u00fdch str\u00e1nek va\u0161im potenci\u00e1ln\u00edm z\u00e1jm\u016fm a k prov\u00e1d\u011bn\u00ed pr\u016fzkumu trhu. Funkce k\u00f3du, jako je JavaScript, m\u016f\u017eete deaktivovat prost\u0159ednictv\u00edm sv\u00e9ho prohl\u00ed\u017ee\u010de (viz n\u00e1pov\u011bda va\u0161eho prohl\u00ed\u017ee\u010de). Upozor\u0148ujeme, \u017ee pokud deaktivujete funkce k\u00f3du, webov\u00e9 str\u00e1nky nemus\u00ed fungovat spr\u00e1vn\u011b.<\/p><p><strong>Soukrom\u00ed<\/strong><\/p><p>Zavazujeme se pou\u017e\u00edvat osv\u011bd\u010den\u00e9 postupy ochrany osobn\u00edch \u00fadaj\u016f. V\u00edce informac\u00ed o na\u0161em p\u0159\u00edstupu k ochran\u011b osobn\u00edch \u00fadaj\u016f naleznete v na\u0161ich <a href=\"https:\/\/www.alsusboutiquehotel.com\/cs\/privacy-policy\/\">Z\u00e1sady ochrany osobn\u00edch \u00fadaj\u016f<\/a>.<\/p><ol><li><h3>Pov\u011b\u0159enec pro st\u00ed\u017enosti \/ ochranu osobn\u00edch \u00fadaj\u016f:<\/h3><p>Pokud m\u00e1te jak\u00e9koli dotazy nebo obavy ohledn\u011b zpracov\u00e1n\u00ed va\u0161ich \u00fadaj\u016f, kter\u00e9 jsou u n\u00e1s k dispozici, m\u016f\u017eete n\u00e1m zaslat e-mail na adresu<\/p><p>Butikov\u00fd hotel Alsus,<br \/>50 Andrea Papandreou Amoudara, Heraklion,<br \/>e-mail: <a href=\"mailto:info@alsusboutiquehotel.com\">info@alsusboutiquehotel.com<\/a><\/p><p>Va\u0161e obavy budeme \u0159e\u0161it v souladu s platn\u00fdmi pr\u00e1vn\u00edmi p\u0159edpisy.<\/p><\/li><\/ol><\/div><\/div>\t\t\t\t\t\t\t\t<\/div>\n\t\t\t\t<\/div>\n\t\t                    <\/div>\r\n        <\/div>\r\n        \t\t\t<\/div>\n\t\t<\/section>\n\t\t\t\t<\/div>","protected":false},"excerpt":{"rendered":"<p>Cookies Policy Last Updated On 19-Dec-2024 Cookies Policy of Alsus Boutique Hotel,50 Andrea Papandreou Amoudara, Heraklion,Crete71414,Greece,email: info@alsusboutiquehotel.com,phone: +302810372700 This Cookies Policy provides information regarding the use of Cookies and Similar Technologies by the hotel\u2019s website. It also describes what kind of choices you may have regarding Cookies and Similar Technologies. This Cookie Policy is part [&hellip;]<\/p>\n","protected":false},"author":1,"featured_media":0,"parent":0,"menu_order":0,"comment_status":"closed","ping_status":"closed","template":"","meta":{"footnotes":""},"class_list":["post-17124","page","type-page","status-publish","hentry"],"_links":{"self":[{"href":"https:\/\/www.alsusboutiquehotel.com\/cs\/wp-json\/wp\/v2\/pages\/17124","targetHints":{"allow":["GET"]}}],"collection":[{"href":"https:\/\/www.alsusboutiquehotel.com\/cs\/wp-json\/wp\/v2\/pages"}],"about":[{"href":"https:\/\/www.alsusboutiquehotel.com\/cs\/wp-json\/wp\/v2\/types\/page"}],"author":[{"embeddable":true,"href":"https:\/\/www.alsusboutiquehotel.com\/cs\/wp-json\/wp\/v2\/users\/1"}],"replies":[{"embeddable":true,"href":"https:\/\/www.alsusboutiquehotel.com\/cs\/wp-json\/wp\/v2\/comments?post=17124"}],"version-history":[{"count":0,"href":"https:\/\/www.alsusboutiquehotel.com\/cs\/wp-json\/wp\/v2\/pages\/17124\/revisions"}],"wp:attachment":[{"href":"https:\/\/www.alsusboutiquehotel.com\/cs\/wp-json\/wp\/v2\/media?parent=17124"}],"curies":[{"name":"wp","href":"https:\/\/api.w.org\/{rel}","templated":true}]}}