{"id":17082,"date":"2025-02-13T14:01:49","date_gmt":"2025-02-13T14:01:49","guid":{"rendered":"https:\/\/www.alsusboutiquehotel.com\/?page_id=17082"},"modified":"2026-02-21T20:52:22","modified_gmt":"2026-02-21T18:52:22","slug":"privacy-policy","status":"publish","type":"page","link":"https:\/\/www.alsusboutiquehotel.com\/da\/privacy-policy\/","title":{"rendered":"Privatlivspolitik | Alsus Boutique Hotel \u2013 Kun for voksne"},"content":{"rendered":"<div data-elementor-type=\"wp-page\" data-elementor-id=\"17082\" class=\"elementor elementor-17082\">\n\t\t\t\t        <section class=\"elementor-section elementor-top-section elementor-element elementor-element-5022f2e8 elementor-section-boxed elementor-section-height-default elementor-section-height-default pxl-section-static-pos-no pxl-section-overflow-hidden-no pxl-container-margin-auto-no\" data-id=\"5022f2e8\" data-element_type=\"section\" data-e-type=\"section\">\n\n                \n                <div class=\"elementor-container elementor-column-gap-default\">\n                <div class=\"elementor-column elementor-col-100 elementor-top-column elementor-element elementor-element-4bb48aa1 col-offset-none pxl-column-element-default pxl-column-overflow-hidden-no\" data-id=\"4bb48aa1\" data-element_type=\"column\" data-e-type=\"column\">\r\n        <div class=\"elementor-widget-wrap elementor-element-populated\">\r\n                    \t\t<div class=\"elementor-element elementor-element-213867a elementor-widget elementor-widget-heading\" data-id=\"213867a\" data-element_type=\"widget\" data-e-type=\"widget\" data-widget_type=\"heading.default\">\n\t\t\t\t<div class=\"elementor-widget-container\">\n\t\t\t\t\t<h2 class=\"elementor-heading-title elementor-size-default\">Definitioner<\/h2>\t\t\t\t<\/div>\n\t\t\t\t<\/div>\n\t\t\t\t<div class=\"elementor-element elementor-element-166ef50a elementor-widget elementor-widget-text-editor\" data-id=\"166ef50a\" data-element_type=\"widget\" data-e-type=\"widget\" data-widget_type=\"text-editor.default\">\n\t\t\t\t<div class=\"elementor-widget-container\">\n\t\t\t\t\t\t\t\t\t<p>I forbindelse med denne privatlivspolitik:<\/p>\n<p>&quot;Personoplysninger&quot; betyder enhver information vedr\u00f8rende en identificeret eller identificerbar fysisk person.<\/p>\n<p>&quot;Dataregistreret&quot; betyder enhver person, hvis personoplysninger behandles af SAMARITIS SA<\/p>\n<p>&quot;Behandling&quot; betyder enhver handling, der udf\u00f8res p\u00e5 personoplysninger, herunder indsamling, registrering, opbevaring, brug, videregivelse eller sletning.<\/p>\n<p>&quot;Ansvarlig&quot; betyder SAMARITIS SA, som fastl\u00e6gger form\u00e5lene og midlerne til behandling af personoplysninger.<\/p>\n<p>&quot;Databehandler&quot; betyder enhver tredjepart, der behandler personoplysninger p\u00e5 vegne af den dataansvarlige.<\/p>\n<p>&quot;Hjemmeside&quot; betyder www.alsusboutiquehotel.com.<\/p>\n<p>&quot;GDPR&quot; henviser til forordning (EU) 2016\/679.<\/p>\t\t\t\t\t\t\t\t<\/div>\n\t\t\t\t<\/div>\n\t\t\t\t<div class=\"elementor-element elementor-element-18a6bd9 elementor-widget elementor-widget-heading\" data-id=\"18a6bd9\" data-element_type=\"widget\" data-e-type=\"widget\" data-widget_type=\"heading.default\">\n\t\t\t\t<div class=\"elementor-widget-container\">\n\t\t\t\t\t<h2 class=\"elementor-heading-title elementor-size-default\">Privatlivspolitik<\/h2>\t\t\t\t<\/div>\n\t\t\t\t<\/div>\n\t\t\t\t<div class=\"elementor-element elementor-element-ced5607 elementor-widget elementor-widget-heading\" data-id=\"ced5607\" data-element_type=\"widget\" data-e-type=\"widget\" data-widget_type=\"heading.default\">\n\t\t\t\t<div class=\"elementor-widget-container\">\n\t\t\t\t\t<h3 class=\"elementor-heading-title elementor-size-default\">I. Virksomhedens oplysninger<\/h3>\t\t\t\t<\/div>\n\t\t\t\t<\/div>\n\t\t\t\t<div class=\"elementor-element elementor-element-ed0c8f2 elementor-widget elementor-widget-text-editor\" data-id=\"ed0c8f2\" data-element_type=\"widget\" data-e-type=\"widget\" data-widget_type=\"text-editor.default\">\n\t\t\t\t<div class=\"elementor-widget-container\">\n\t\t\t\t\t\t\t\t\t<p>P\u00e5 Alsus Boutique Hotel, der drives af SAMARITIS SA, v\u00e6rds\u00e6tter vi tillid lige s\u00e5 meget som vi v\u00e6rds\u00e6tter g\u00e6stfrihed.<\/p><p>SAMARITIS SA, med registreret hjemsted p\u00e5 Leof. Andrea Papandreou 50, 71414 Heraklion, Gr\u00e6kenland, momsnummer 094209409, Skattekontoret i Heraklion, tlf. +30 2810 372700, e-mail: info@alsusboutiquehotel.com, er dataansvarlig for de personoplysninger, der indsamles via www.alsusboutiquehotel.com.<\/p><p>Vi behandler dine personoplysninger i overensstemmelse med forordning (EU) 2016\/679 (generel forordning om databeskyttelse \u2013 GDPR) og g\u00e6ldende gr\u00e6sk lovgivning.<\/p>\t\t\t\t\t\t\t\t<\/div>\n\t\t\t\t<\/div>\n\t\t\t\t<div class=\"elementor-element elementor-element-70b79c2 elementor-widget elementor-widget-heading\" data-id=\"70b79c2\" data-element_type=\"widget\" data-e-type=\"widget\" data-widget_type=\"heading.default\">\n\t\t\t\t<div class=\"elementor-widget-container\">\n\t\t\t\t\t<h3 class=\"elementor-heading-title elementor-size-default\">II. Indsamlede data<\/h3>\t\t\t\t<\/div>\n\t\t\t\t<\/div>\n\t\t\t\t<div class=\"elementor-element elementor-element-2bcd05a elementor-widget elementor-widget-text-editor\" data-id=\"2bcd05a\" data-element_type=\"widget\" data-e-type=\"widget\" data-widget_type=\"text-editor.default\">\n\t\t\t\t<div class=\"elementor-widget-container\">\n\t\t\t\t\t\t\t\t\t<p>Afh\u00e6ngigt af din interaktion med vores tjenester, kan vi indsamle:<\/p><p>Reservationsdata:<\/p><ol><li>Fulde navn<\/li><li>E-mailadresse<\/li><li>Telefonnummer<\/li><li>Adresse \/ bop\u00e6lsland<\/li><li>Opholdsoplysninger<\/li><li>S\u00e6rlige \u00f8nsker eller pr\u00e6ferencer<\/li><li>Betalingsdata<\/li><\/ol><p>Onlinebetalinger behandles sikkert via Eurobanks e-handelsgateway. Vi gemmer ikke alle kreditkortoplysninger p\u00e5 vores servere.<\/p><p>Kommunikationsdata: Oplysninger, du giver via kontaktformularer, e-mailkorrespondance eller telefonkommunikation.<\/p><p>Nyhedsbrevsdata: E-mailadresse og kommunikationspr\u00e6ferencer (kun med dit udtrykkelige samtykke).<\/p><p>Tekniske og brugsdata:\u00a0<\/p><ol><li>IP-adresse<\/li><li>Browsertype og enhedsoplysninger<\/li><li>Data om interaktion p\u00e5 hjemmesiden<\/li><li>Cookies<\/li><li>Google Analytics-statistik<\/li><\/ol>\t\t\t\t\t\t\t\t<\/div>\n\t\t\t\t<\/div>\n\t\t\t\t<div class=\"elementor-element elementor-element-fe04321 elementor-widget elementor-widget-heading\" data-id=\"fe04321\" data-element_type=\"widget\" data-e-type=\"widget\" data-widget_type=\"heading.default\">\n\t\t\t\t<div class=\"elementor-widget-container\">\n\t\t\t\t\t<h3 class=\"elementor-heading-title elementor-size-default\">III. Behandlingsform\u00e5l<\/h3>\t\t\t\t<\/div>\n\t\t\t\t<\/div>\n\t\t\t\t<div class=\"elementor-element elementor-element-088584c elementor-widget elementor-widget-text-editor\" data-id=\"088584c\" data-element_type=\"widget\" data-e-type=\"widget\" data-widget_type=\"text-editor.default\">\n\t\t\t\t<div class=\"elementor-widget-container\">\n\t\t\t\t\t\t\t\t\t<p>Vi behandler dine personoplysninger for at:<\/p><ol><li>Administrer og bekr\u00e6ft reservationer<\/li><li>Tilbyde indkvarteringstjenester<\/li><li>Kommunikere med dig f\u00f8r, under og efter dit ophold<\/li><li>Overhold skatte- og regnskabsforpligtelser<\/li><li>Forbedre vores hjemmeside og g\u00e6steoplevelse<\/li><li>Sende nyhedsbreve og reklamemateriale (med samtykke)<\/li><li>S\u00f8rg for transaktions- og hjemmesidesikkerhed<\/li><\/ol>\t\t\t\t\t\t\t\t<\/div>\n\t\t\t\t<\/div>\n\t\t\t\t<div class=\"elementor-element elementor-element-f712e0f elementor-widget elementor-widget-heading\" data-id=\"f712e0f\" data-element_type=\"widget\" data-e-type=\"widget\" data-widget_type=\"heading.default\">\n\t\t\t\t<div class=\"elementor-widget-container\">\n\t\t\t\t\t<h3 class=\"elementor-heading-title elementor-size-default\">IV. Retsgrundlag for behandling (artikel 6 i GDPR)<\/h3>\t\t\t\t<\/div>\n\t\t\t\t<\/div>\n\t\t\t\t<div class=\"elementor-element elementor-element-424b4b8 elementor-widget elementor-widget-text-editor\" data-id=\"424b4b8\" data-element_type=\"widget\" data-e-type=\"widget\" data-widget_type=\"text-editor.default\">\n\t\t\t\t<div class=\"elementor-widget-container\">\n\t\t\t\t\t\t\t\t\t<p>Vi behandler personoplysninger baseret p\u00e5:<\/p><ol><li>Opfyldelse af en kontrakt (reservation og indkvarteringstjenester)<\/li><li>Overholdelse af juridiske forpligtelser<\/li><li>Legitim interesse (forbedring af tjenesten, systemsikkerhed)<\/li><li>Dit udtrykkelige samtykke (nyhedsbrev og valgfrie cookies)<\/li><\/ol>\t\t\t\t\t\t\t\t<\/div>\n\t\t\t\t<\/div>\n\t\t\t\t<div class=\"elementor-element elementor-element-0800c21 elementor-widget elementor-widget-heading\" data-id=\"0800c21\" data-element_type=\"widget\" data-e-type=\"widget\" data-widget_type=\"heading.default\">\n\t\t\t\t<div class=\"elementor-widget-container\">\n\t\t\t\t\t<h3 class=\"elementor-heading-title elementor-size-default\">V. Datamodtagere\/-behandlere<\/h3>\t\t\t\t<\/div>\n\t\t\t\t<\/div>\n\t\t\t\t<div class=\"elementor-element elementor-element-38dc221 elementor-widget elementor-widget-text-editor\" data-id=\"38dc221\" data-element_type=\"widget\" data-e-type=\"widget\" data-widget_type=\"text-editor.default\">\n\t\t\t\t<div class=\"elementor-widget-container\">\n\t\t\t\t\t\t\t\t\t<p>Dine data kan blive delt med betroede tjenesteudbydere, der handler p\u00e5 vores vegne, herunder:<\/p><ul><li>Webhotelier (online bookingmaskine)<\/li><li>Eurobank (udbyder af betalingsgateways)<\/li><li>HOTELIZER (Ejendomsstyringssystem \u2013 PMS)<\/li><li>Udbyder af nyhedsbrevstjenester<\/li><li>Hosting- og IT-supportudbydere<\/li><li>Regnskabs- og skatter\u00e5dgivere<\/li><\/ul><p>Alle partnere er kontraktligt forpligtet til at overholde GDPR.<\/p>\t\t\t\t\t\t\t\t<\/div>\n\t\t\t\t<\/div>\n\t\t\t\t<div class=\"elementor-element elementor-element-5bb6efa elementor-widget elementor-widget-heading\" data-id=\"5bb6efa\" data-element_type=\"widget\" data-e-type=\"widget\" data-widget_type=\"heading.default\">\n\t\t\t\t<div class=\"elementor-widget-container\">\n\t\t\t\t\t<h3 class=\"elementor-heading-title elementor-size-default\">VI. Internationale dataoverf\u00f8rsler<\/h3>\t\t\t\t<\/div>\n\t\t\t\t<\/div>\n\t\t\t\t<div class=\"elementor-element elementor-element-184dc31 elementor-widget elementor-widget-text-editor\" data-id=\"184dc31\" data-element_type=\"widget\" data-e-type=\"widget\" data-widget_type=\"text-editor.default\">\n\t\t\t\t<div class=\"elementor-widget-container\">\n\t\t\t\t\t\t\t\t\t<p>Hvis visse tjenesteudbydere (f.eks. analyse- eller nyhedsbrevsplatforme) er placeret uden for Den Europ\u00e6iske Union, er dataoverf\u00f8rsler beskyttet gennem standardkontraktbestemmelser, der er godkendt af Europa-Kommissionen.<\/p>\t\t\t\t\t\t\t\t<\/div>\n\t\t\t\t<\/div>\n\t\t\t\t<div class=\"elementor-element elementor-element-f19b1f6 elementor-widget elementor-widget-heading\" data-id=\"f19b1f6\" data-element_type=\"widget\" data-e-type=\"widget\" data-widget_type=\"heading.default\">\n\t\t\t\t<div class=\"elementor-widget-container\">\n\t\t\t\t\t<h3 class=\"elementor-heading-title elementor-size-default\">VII. Dataopbevaring<\/h3>\t\t\t\t<\/div>\n\t\t\t\t<\/div>\n\t\t\t\t<div class=\"elementor-element elementor-element-9b2919b elementor-widget elementor-widget-text-editor\" data-id=\"9b2919b\" data-element_type=\"widget\" data-e-type=\"widget\" data-widget_type=\"text-editor.default\">\n\t\t\t\t<div class=\"elementor-widget-container\">\n\t\t\t\t\t\t\t\t\t<p>Vi opbevarer kun personoplysninger s\u00e5 l\u00e6nge det er n\u00f8dvendigt:<\/p><p>Reservations- og faktureringsdata: op til 10 \u00e5r (som kr\u00e6vet af gr\u00e6sk skattelovgivning)<\/p><p>Kontaktformulardata: op til 24 m\u00e5neder<\/p><p>Nyhedsbrevsdata: indtil du tr\u00e6kker dit samtykke tilbage<\/p><p>Analysedata: i henhold til indstillinger for opbevaring i Google Analytics<\/p>\t\t\t\t\t\t\t\t<\/div>\n\t\t\t\t<\/div>\n\t\t\t\t<div class=\"elementor-element elementor-element-b192347 elementor-widget elementor-widget-heading\" data-id=\"b192347\" data-element_type=\"widget\" data-e-type=\"widget\" data-widget_type=\"heading.default\">\n\t\t\t\t<div class=\"elementor-widget-container\">\n\t\t\t\t\t<h3 class=\"elementor-heading-title elementor-size-default\">VIII. Om dine rettigheder<\/h3>\t\t\t\t<\/div>\n\t\t\t\t<\/div>\n\t\t\t\t<div class=\"elementor-element elementor-element-986f8cb elementor-widget elementor-widget-text-editor\" data-id=\"986f8cb\" data-element_type=\"widget\" data-e-type=\"widget\" data-widget_type=\"text-editor.default\">\n\t\t\t\t<div class=\"elementor-widget-container\">\n\t\t\t\t\t\t\t\t\t<p>I henhold til GDPR har du ret til at:<\/p><ul><li>Adgang til dine personlige data<\/li><li>Anmod om rettelse af un\u00f8jagtige data<\/li><li>Anmod om sletning (hvor det er juridisk muligt)<\/li><li>Begr\u00e6ns behandling<\/li><li>Indsigelse mod behandling<\/li><li>Dataportabilitet<\/li><li>Tilbagekald samtykke n\u00e5r som helst<\/li><li>Indgiv en klage til den gr\u00e6ske databeskyttelsesmyndighed (www.dpa.gr)<\/li><\/ul><p>Anmodninger kan sendes til: info@alsusboutiquehotel.com<\/p><p>Vi svarer inden for en (1) m\u00e5ned som kr\u00e6vet ved lov.<\/p>\t\t\t\t\t\t\t\t<\/div>\n\t\t\t\t<\/div>\n\t\t\t\t<div class=\"elementor-element elementor-element-f67f3b6 elementor-widget elementor-widget-heading\" data-id=\"f67f3b6\" data-element_type=\"widget\" data-e-type=\"widget\" data-widget_type=\"heading.default\">\n\t\t\t\t<div class=\"elementor-widget-container\">\n\t\t\t\t\t<h3 class=\"elementor-heading-title elementor-size-default\">IX. Datasikkerhed<\/h3>\t\t\t\t<\/div>\n\t\t\t\t<\/div>\n\t\t\t\t<div class=\"elementor-element elementor-element-f46656d elementor-widget elementor-widget-text-editor\" data-id=\"f46656d\" data-element_type=\"widget\" data-e-type=\"widget\" data-widget_type=\"text-editor.default\">\n\t\t\t\t<div class=\"elementor-widget-container\">\n\t\t\t\t\t\t\t\t\t<p>Vi implementerer passende tekniske og organisatoriske foranstaltninger for at beskytte dine personoplysninger, herunder:<\/p><ul><li>SSL-kryptering<\/li><li>Sikre servere<\/li><li>Begr\u00e6nset adgang for autoriseret personale<\/li><li>Fortrolighedsaftaler<\/li><li>Sikre betalingssystemer<\/li><\/ul>\t\t\t\t\t\t\t\t<\/div>\n\t\t\t\t<\/div>\n\t\t\t\t<div class=\"elementor-element elementor-element-52e66ee elementor-widget elementor-widget-heading\" data-id=\"52e66ee\" data-element_type=\"widget\" data-e-type=\"widget\" data-widget_type=\"heading.default\">\n\t\t\t\t<div class=\"elementor-widget-container\">\n\t\t\t\t\t<h3 class=\"elementor-heading-title elementor-size-default\">X. Cookies<\/h3>\t\t\t\t<\/div>\n\t\t\t\t<\/div>\n\t\t\t\t<div class=\"elementor-element elementor-element-eb6451e elementor-widget elementor-widget-text-editor\" data-id=\"eb6451e\" data-element_type=\"widget\" data-e-type=\"widget\" data-widget_type=\"text-editor.default\">\n\t\t\t\t<div class=\"elementor-widget-container\">\n\t\t\t\t\t\t\t\t\t<p>Vores hjemmeside bruger:<\/p><ul><li>Strengt n\u00f8dvendige cookies til essentiel funktionalitet<\/li><li>Analysecookies (Google Analytics)<\/li><li>Samtykke til cookies for at huske dine pr\u00e6ferencer<\/li><\/ul><p>Du kan administrere dine cookiepr\u00e6ferencer via cookiebanneret, der vises p\u00e5 vores hjemmeside.<\/p>\t\t\t\t\t\t\t\t<\/div>\n\t\t\t\t<\/div>\n\t\t\t\t<div class=\"elementor-element elementor-element-53c229b elementor-widget elementor-widget-heading\" data-id=\"53c229b\" data-element_type=\"widget\" data-e-type=\"widget\" data-widget_type=\"heading.default\">\n\t\t\t\t<div class=\"elementor-widget-container\">\n\t\t\t\t\t<h3 class=\"elementor-heading-title elementor-size-default\">XI. Opdateringer til denne politik<\/h3>\t\t\t\t<\/div>\n\t\t\t\t<\/div>\n\t\t\t\t<div class=\"elementor-element elementor-element-0570509 elementor-widget elementor-widget-text-editor\" data-id=\"0570509\" data-element_type=\"widget\" data-e-type=\"widget\" data-widget_type=\"text-editor.default\">\n\t\t\t\t<div class=\"elementor-widget-container\">\n\t\t\t\t\t\t\t\t\t<p data-start=\"5173\" data-end=\"5290\">Denne privatlivspolitik kan blive opdateret fra tid til anden. Eventuelle \u00e6ndringer vil blive offentliggjort p\u00e5 denne side med en revideret dato.<\/p><p data-start=\"5173\" data-end=\"5290\"><em>Sidst opdateret: 21\/02\/2026<\/em><\/p>\t\t\t\t\t\t\t\t<\/div>\n\t\t\t\t<\/div>\n\t\t                    <\/div>\r\n        <\/div>\r\n        \t\t\t<\/div>\n\t\t<\/section>\n\t\t\t\t<\/div>","protected":false},"excerpt":{"rendered":"<p>Definitions For the purposes of this Privacy Policy: \u201cPersonal Data\u201d means any information relating to an identified or identifiable natural person. \u201cData Subject\u201d means any individual whose personal data is processed by SAMARITIS S.A. \u201cProcessing\u201d means any operation performed on personal data, including collection, recording, storage, use, disclosure, or deletion. \u201cController\u201d means SAMARITIS S.A., which [&hellip;]<\/p>\n","protected":false},"author":1,"featured_media":0,"parent":0,"menu_order":0,"comment_status":"closed","ping_status":"closed","template":"","meta":{"footnotes":""},"class_list":["post-17082","page","type-page","status-publish","hentry"],"_links":{"self":[{"href":"https:\/\/www.alsusboutiquehotel.com\/da\/wp-json\/wp\/v2\/pages\/17082","targetHints":{"allow":["GET"]}}],"collection":[{"href":"https:\/\/www.alsusboutiquehotel.com\/da\/wp-json\/wp\/v2\/pages"}],"about":[{"href":"https:\/\/www.alsusboutiquehotel.com\/da\/wp-json\/wp\/v2\/types\/page"}],"author":[{"embeddable":true,"href":"https:\/\/www.alsusboutiquehotel.com\/da\/wp-json\/wp\/v2\/users\/1"}],"replies":[{"embeddable":true,"href":"https:\/\/www.alsusboutiquehotel.com\/da\/wp-json\/wp\/v2\/comments?post=17082"}],"version-history":[{"count":6,"href":"https:\/\/www.alsusboutiquehotel.com\/da\/wp-json\/wp\/v2\/pages\/17082\/revisions"}],"predecessor-version":[{"id":21281,"href":"https:\/\/www.alsusboutiquehotel.com\/da\/wp-json\/wp\/v2\/pages\/17082\/revisions\/21281"}],"wp:attachment":[{"href":"https:\/\/www.alsusboutiquehotel.com\/da\/wp-json\/wp\/v2\/media?parent=17082"}],"curies":[{"name":"wp","href":"https:\/\/api.w.org\/{rel}","templated":true}]}}