{"id":17124,"date":"2025-02-13T14:29:58","date_gmt":"2025-02-13T14:29:58","guid":{"rendered":"https:\/\/www.alsusboutiquehotel.com\/?page_id=17124"},"modified":"2025-02-13T14:30:23","modified_gmt":"2025-02-13T14:30:23","slug":"cookies-policy","status":"publish","type":"page","link":"https:\/\/www.alsusboutiquehotel.com\/da\/cookies-policy\/","title":{"rendered":"Cookiepolitik"},"content":{"rendered":"<div data-elementor-type=\"wp-page\" data-elementor-id=\"17124\" class=\"elementor elementor-17124\">\n\t\t\t\t        <section class=\"elementor-section elementor-top-section elementor-element elementor-element-2ea7339f elementor-section-boxed elementor-section-height-default elementor-section-height-default pxl-section-static-pos-no pxl-section-overflow-hidden-no pxl-container-margin-auto-no\" data-id=\"2ea7339f\" data-element_type=\"section\" data-e-type=\"section\">\n\n                \n                <div class=\"elementor-container elementor-column-gap-default\">\n                <div class=\"elementor-column elementor-col-100 elementor-top-column elementor-element elementor-element-73df817c col-offset-none pxl-column-element-default pxl-column-overflow-hidden-no\" data-id=\"73df817c\" data-element_type=\"column\" data-e-type=\"column\">\r\n        <div class=\"elementor-widget-wrap elementor-element-populated\">\r\n                    \t\t<div class=\"elementor-element elementor-element-6277fa99 elementor-widget elementor-widget-text-editor\" data-id=\"6277fa99\" data-element_type=\"widget\" data-e-type=\"widget\" data-widget_type=\"text-editor.default\">\n\t\t\t\t<div class=\"elementor-widget-container\">\n\t\t\t\t\t\t\t\t\t<div class=\"elementor-element elementor-element-3454921c elementor-widget__width-initial elementor-widget elementor-widget-text-editor\" data-id=\"3454921c\" data-element_type=\"widget\" data-widget_type=\"text-editor.default\"><div class=\"elementor-widget-container\"><h1>Cookiepolitik<\/h1><p><em>Sidst opdateret 19-dec-2024<\/em><\/p><p><strong>Cookiepolitik<\/strong> af<\/p><p><strong>Alsus Boutique Hotel<\/strong>,<br \/>50 Andrea Papandreou Amoudara, Heraklion,<br \/>Kreta<br \/>71414,<br \/>Gr\u00e6kenland,<br \/>e-mail: info@alsusboutiquehotel.com,<br \/>telefon: +302810372700<\/p><p>Denne cookiepolitik indeholder oplysninger om brugen af cookies og lignende teknologier p\u00e5 hotellets hjemmeside. Den beskriver ogs\u00e5, hvilke valgmuligheder du m\u00e5tte have vedr\u00f8rende cookies og lignende teknologier.<\/p><p>Denne cookiepolitik er en del af og er indarbejdet i webstedets brugsbetingelser og kan \u00e6ndres fra tid til anden. Det anbefales, at du regelm\u00e6ssigt tjekker cookiepolitikken for at holde dig informeret om eventuelle revisioner. Relevante meddelelser om v\u00e6sentlige \u00e6ndringer kan ogs\u00e5 vises p\u00e5 webstedet. Ved at bes\u00f8ge webstedet accepterer du at acceptere eventuelle \u00e6ndringer i denne politik.<\/p><p><strong>Hvad er cookies?<\/strong><\/p><p>Cookies er sm\u00e5 tekstfiler \u2013 normalt best\u00e5ende af bogstaver og tal \u2013 som gemmes p\u00e5 din enhed af en webserver.<\/p><p>Cookies er opdelt i &quot;Sessionscookies&quot; og &quot;Persistente cookies&quot; afh\u00e6ngigt af, hvor l\u00e6nge de forbliver gemt p\u00e5 din enhed. &quot;Sessionscookies&quot; gemmes p\u00e5 din enhed i det \u00f8jeblik, du bes\u00f8ger webstedet, og slettes automatisk, n\u00e5r du lukker din browser. &quot;Persistente cookies&quot; gemmes p\u00e5 din enhed, n\u00e5r du bes\u00f8ger webstedet, og forbliver gemt, efter at browseren er lukket. &quot;Persistente cookies&quot; genaktiveres automatisk, n\u00e5r du \u00e5bner din browser og browser p\u00e5 internettet.<\/p><p>F\u00f8rsteparts- og tredjepartscookies \u2013 Afh\u00e6ngigt af webstedet eller dom\u00e6net, der installerer cookien, karakteriseres cookies som &quot;f\u00f8rste&quot; eller &quot;tredjepart&quot;. F\u00f8rstepartscookies er generelt cookies, der installeres af det websted, som brugeren bes\u00f8ger \u2013 det websted, der vises i URL-vinduet. Tredjepartscookies er cookies, der installeres af et andet websted (dom\u00e6ne) end det, brugeren bes\u00f8ger. Hvis brugeren bes\u00f8ger et websted, og en anden virksomhed installerer en cookie via dette websted, vil den p\u00e5g\u00e6ldende cookie v\u00e6re fra en tredjepart.<\/p><p><strong>Hvorfor vi bruger cookies<\/strong><\/p><p>Vi bruger cookies til at give dig den bedst mulige browseroplevelse. Nogle cookies er teknisk n\u00f8dvendige for korrekt brug af hjemmesiden. Andre cookies bruges til at udf\u00f8re funktioner s\u00e5som annoncering, indsamling af statistik (dvs. hvor mange bes\u00f8gende der har set bestemte sider p\u00e5 vores hjemmeside).<\/p><p>Vi og\/eller tredjeparter, der leverer tjenester p\u00e5 vores vegne, kategoriserer cookies som beskrevet nedenfor.<\/p><p>Strengt n\u00f8dvendige cookies<\/p><p>Disse cookies er strengt n\u00f8dvendige for at kunne levere de tjenester, du anmoder om via hjemmesiden. De er n\u00f8dvendige for at give dig mulighed for at bes\u00f8ge vores hjemmeside og bruge dens funktioner korrekt. Grundl\u00e6ggende funktioner, s\u00e5som f\u00f8lgende, er baseret p\u00e5 disse vigtige cookies:<\/p><p>For at forblive logget ind p\u00e5 hjemmesiden,<\/p><p>o Identificer dine personlige oplysninger, som du indtaster p\u00e5 hjemmesiden p\u00e5 tidspunktet for dine transaktioner,<\/p><p>o For at beskytte sikkerheden af dine transaktioner gennem din omdirigering til tredjeparts betalingsapplikationer og din tilbagevenden til webstedet for at gennemf\u00f8re transaktionen,<\/p><p>o Hent oplysninger om din transaktion efter dens afslutning og<\/p><p>o Generelt at levere tjenester og information til dig efter anmodning<\/p><p>Funktionalitetscookies<\/p><p>Disse cookies hj\u00e6lper os med at personligg\u00f8re vores indhold til dig, tiltale dig ved navn og huske dine pr\u00e6ferencer (f.eks. dit valg af et bestemt sprog eller en bestemt region). Hvis du v\u00e6lger at slette\/deaktivere funktionscookies, gemmes eventuelle pr\u00e6ferencer\/indstillinger, du har valgt, ikke til dine efterf\u00f8lgende bes\u00f8g p\u00e5 webstedet.<\/p><p>Ydelsescookies<\/p><p>Disse cookies indsamler oplysninger om, hvordan brugerne bruger hjemmesiden, for at kunne gennemg\u00e5 og forbedre hjemmesiden og den bes\u00f8gendes oplevelse. Disse cookies indsamler ikke oplysninger, der identificerer den bes\u00f8gende.<\/p><p>S\u00e5danne cookies indsamler oplysninger om:<\/p><p>Sider som folk bes\u00f8ger oftest,<br \/>Links udvalgt af brugerne,<br \/>Fejlmeddelelser, som brugere kan modtage, mens de browser p\u00e5 webstedet osv.<\/p><p>Tredjepartscookies \/ Markedsf\u00f8ring<\/p><p>For at give dig mere interessant indhold og for at hj\u00e6lpe dig med at interagere med dine sociale mediekonti, kan hjemmesiden inkorporere tredjepartsindhold og -tjenester (f.eks. &quot;plugins&quot; fra Facebook, Twitter, YouTube, Instagram, Pinterest osv.) eller links til tredjepartswebsteder. N\u00e5r du bes\u00f8ger tredjepartslinks og\/eller -websteder, er du underlagt disse tredjeparters cookiepolitik. I dette tilf\u00e6lde handler du efter egen fri vilje, og vi p\u00e5tager os intet ansvar for problemer, der opst\u00e5r som f\u00f8lge af lagring af cookies p\u00e5 din enhed af tredjepartens websted.<\/p><p>F\u00f8lgende tredjeparts softwarev\u00e6rkt\u00f8jer bruges p\u00e5 vores hjemmesider:<br \/>\u2022 Google Analytics \u2013 sporing af hjemmesideadf\u00e6rd og statistik.<br \/>\u2022 Google Ads \/ Bindg Ads \u2013 til sponsorerede annoncer i s\u00f8gemaskinernes resultatsider.<br \/>\u2022 Facebook retargeting \u2013 sporing af, hvilke websider du ser, og hvilke annoncer du vil se.<br \/>\u2022 Instagram retargeting \u2013 sporing af, hvilke websider du ser, og hvilke annoncer du vil se.<\/p><p><strong>S\u00e5dan styrer du cookies<\/strong><\/p><p>De fleste internetbrowsere accepterer automatisk cookies, men tilbyder kontrolfunktioner, der giver dig mulighed for at blokere eller slette cookies. Du har mulighed for at aktivere eller deaktivere installationen af cookies p\u00e5 din enhed ved at \u00e6ndre indstillingerne i den browser, du bruger, n\u00e5r som helst. Du kan ogs\u00e5 konfigurere den browser, du bruger, til at informere dig, f\u00f8r der installeres en cookie p\u00e5 din enhed, eller f\u00f8lge instruktionerne i din browser for at slette cookies, der allerede er installeret. Hvis du bruger flere forskellige enheder, skal du indstille browsersystemet efter din smag p\u00e5 hver af dine enheder.<\/p><p>Hvis du v\u00e6lger at deaktivere alle cookies, kan du muligvis ikke fuldt ud benytte dig af de interaktive funktioner p\u00e5 vores hjemmeside eller modtage vores tjenester via vores hjemmeside.<\/p><p>Sletning af cookies sletter ikke Flash-programobjekter. Du kan f\u00e5 mere at vide om Flash-programobjekter, herunder hvordan du styrer og deaktiverer dem, p\u00e5 Adobes websted. Du kan finde yderligere oplysninger om cookies og lignende teknologier, der bruges p\u00e5 forskellige websteder, via din browser eller andre internetressourcer.<\/p><p>For at administrere cookies via din browser skal du v\u00e6lge f\u00f8lgende hyperlinks for at blive omdirigeret til din browsers instruktioner:<\/p><p>Microsoft Windows Stifinder<br \/>Mozilla Firefox<br \/>Google Chrome<br \/>Apple Safari<\/p><p>Du kan f\u00e5 mere at vide om cookies p\u00e5 f\u00f8lgende tredjepartswebsteder:<\/p><p>Alt om cookies: <a title=\"Alt om cookies\" href=\"https:\/\/www.allaboutcookies.org\/\" target=\"_blank\" rel=\"noopener\">https:\/\/www.allaboutcookies.org\/<\/a><br \/>Cookiepedia: <a title=\"Cookiepedia\" href=\"https:\/\/cookiepedia.co.uk\/\" target=\"_blank\" rel=\"noopener\">https:\/\/cookiepedia.co.uk\/<\/a><\/p><p><strong>Hvad er lignende teknologier?<\/strong><\/p><p>Pixeltags, web beacons, indlejrede scripts og clear GIF&#039;er er sm\u00e5 filer, der bruges til at spore navigation p\u00e5 en webside og kan bruges sammen med cookies. Flash-objekter (lokalt delte objekter) er sm\u00e5 filer, der gemmes p\u00e5 din enhed fra en webside, der bruger Adobes Flash Player-teknologi.<\/p><p>Web-beacons og indlejrede scripts<\/p><p>Web-beacons og indlejrede scripts er andre teknologier, vi bruger p\u00e5 vores hjemmeside, s\u00e5vel som i visse e-mails og annoncer.<\/p><p>Web-beacons (eller &quot;tags&quot;) er programmeringskoder, der er inkluderet i websider, e-mails og annoncer, og som oplyser os og\/eller tredjeparter, der leverer tjenester p\u00e5 vores vegne, om, hvorn\u00e5r disse websider, e-mails eller annoncer blev vist eller valgt.<\/p><p>Vi bruger disse oplysninger til at forbedre vores hjemmeside, tilpasse vores hjemmeside til dine potentielle interesser og udf\u00f8re markedsunders\u00f8gelser. Du kan deaktivere s\u00e5danne kodefunktioner, s\u00e5som JavaScript, via din browser (se venligst hj\u00e6lpefunktionen i din browser). Bem\u00e6rk, at hvis du deaktiverer kodefunktioner, fungerer hjemmesiden muligvis ikke korrekt.<\/p><p><strong>Privatliv<\/strong><\/p><p>Vi er forpligtet til at anvende god privatlivspraksis. For mere information om vores tilgang til privatliv, se venligst vores <a href=\"https:\/\/www.alsusboutiquehotel.com\/da\/privacy-policy\/\">Privatlivspolitik<\/a>.<\/p><ol><li><h3>Klage-\/databeskyttelsesansvarlig:<\/h3><p>Hvis du har sp\u00f8rgsm\u00e5l eller bekymringer vedr\u00f8rende behandlingen af dine oplysninger, som vi har adgang til, kan du sende en e-mail til vores klageansvarlige p\u00e5<\/p><p>Alsus Boutique Hotel,<br \/>50 Andrea Papandreou Amoudara, Heraklion,<br \/>e-mail: <a href=\"mailto:info@alsusboutiquehotel.com\">info@alsusboutiquehotel.com<\/a><\/p><p>Vi vil behandle dine bekymringer i overensstemmelse med g\u00e6ldende lov.<\/p><\/li><\/ol><\/div><\/div>\t\t\t\t\t\t\t\t<\/div>\n\t\t\t\t<\/div>\n\t\t                    <\/div>\r\n        <\/div>\r\n        \t\t\t<\/div>\n\t\t<\/section>\n\t\t\t\t<\/div>","protected":false},"excerpt":{"rendered":"<p>Cookies Policy Last Updated On 19-Dec-2024 Cookies Policy of Alsus Boutique Hotel,50 Andrea Papandreou Amoudara, Heraklion,Crete71414,Greece,email: info@alsusboutiquehotel.com,phone: +302810372700 This Cookies Policy provides information regarding the use of Cookies and Similar Technologies by the hotel\u2019s website. It also describes what kind of choices you may have regarding Cookies and Similar Technologies. This Cookie Policy is part [&hellip;]<\/p>\n","protected":false},"author":1,"featured_media":0,"parent":0,"menu_order":0,"comment_status":"closed","ping_status":"closed","template":"","meta":{"footnotes":""},"class_list":["post-17124","page","type-page","status-publish","hentry"],"_links":{"self":[{"href":"https:\/\/www.alsusboutiquehotel.com\/da\/wp-json\/wp\/v2\/pages\/17124","targetHints":{"allow":["GET"]}}],"collection":[{"href":"https:\/\/www.alsusboutiquehotel.com\/da\/wp-json\/wp\/v2\/pages"}],"about":[{"href":"https:\/\/www.alsusboutiquehotel.com\/da\/wp-json\/wp\/v2\/types\/page"}],"author":[{"embeddable":true,"href":"https:\/\/www.alsusboutiquehotel.com\/da\/wp-json\/wp\/v2\/users\/1"}],"replies":[{"embeddable":true,"href":"https:\/\/www.alsusboutiquehotel.com\/da\/wp-json\/wp\/v2\/comments?post=17124"}],"version-history":[{"count":0,"href":"https:\/\/www.alsusboutiquehotel.com\/da\/wp-json\/wp\/v2\/pages\/17124\/revisions"}],"wp:attachment":[{"href":"https:\/\/www.alsusboutiquehotel.com\/da\/wp-json\/wp\/v2\/media?parent=17124"}],"curies":[{"name":"wp","href":"https:\/\/api.w.org\/{rel}","templated":true}]}}