{"id":17082,"date":"2025-02-13T14:01:49","date_gmt":"2025-02-13T14:01:49","guid":{"rendered":"https:\/\/www.alsusboutiquehotel.com\/?page_id=17082"},"modified":"2026-02-21T20:52:22","modified_gmt":"2026-02-21T18:52:22","slug":"privacy-policy","status":"publish","type":"page","link":"https:\/\/www.alsusboutiquehotel.com\/de\/privacy-policy\/","title":{"rendered":"Datenschutzerkl\u00e4rung | Alsus Boutique Hotel \u2013 Nur f\u00fcr Erwachsene"},"content":{"rendered":"<div data-elementor-type=\"wp-page\" data-elementor-id=\"17082\" class=\"elementor elementor-17082\">\n\t\t\t\t        <section class=\"elementor-section elementor-top-section elementor-element elementor-element-5022f2e8 elementor-section-boxed elementor-section-height-default elementor-section-height-default pxl-section-static-pos-no pxl-section-overflow-hidden-no pxl-container-margin-auto-no\" data-id=\"5022f2e8\" data-element_type=\"section\" data-e-type=\"section\">\n\n                \n                <div class=\"elementor-container elementor-column-gap-default\">\n                <div class=\"elementor-column elementor-col-100 elementor-top-column elementor-element elementor-element-4bb48aa1 col-offset-none pxl-column-element-default pxl-column-overflow-hidden-no\" data-id=\"4bb48aa1\" data-element_type=\"column\" data-e-type=\"column\">\r\n        <div class=\"elementor-widget-wrap elementor-element-populated\">\r\n                    \t\t<div class=\"elementor-element elementor-element-213867a elementor-widget elementor-widget-heading\" data-id=\"213867a\" data-element_type=\"widget\" data-e-type=\"widget\" data-widget_type=\"heading.default\">\n\t\t\t\t<div class=\"elementor-widget-container\">\n\t\t\t\t\t<h2 class=\"elementor-heading-title elementor-size-default\">Definitionen<\/h2>\t\t\t\t<\/div>\n\t\t\t\t<\/div>\n\t\t\t\t<div class=\"elementor-element elementor-element-166ef50a elementor-widget elementor-widget-text-editor\" data-id=\"166ef50a\" data-element_type=\"widget\" data-e-type=\"widget\" data-widget_type=\"text-editor.default\">\n\t\t\t\t<div class=\"elementor-widget-container\">\n\t\t\t\t\t\t\t\t\t<p>Im Sinne dieser Datenschutzrichtlinie:<\/p>\n<p>\u201ePers\u00f6nliche Daten\u201c sind alle Informationen, die sich auf eine identifizierte oder identifizierbare nat\u00fcrliche Person beziehen.<\/p>\n<p>\u201eBetroffene Person\u201c bezeichnet jede Person, deren personenbezogene Daten von SAMARITIS SA verarbeitet werden.<\/p>\n<p>\u201eVerarbeitung\u201c bezeichnet jeden Vorgang im Zusammenhang mit personenbezogenen Daten, einschlie\u00dflich Erhebung, Aufzeichnung, Speicherung, Verwendung, Offenlegung oder L\u00f6schung.<\/p>\n<p>\u201eVerantwortlicher\u201c bezeichnet SAMARITIS SA, die \u00fcber die Zwecke und Mittel der Verarbeitung personenbezogener Daten entscheidet.<\/p>\n<p>\u201eAuftragsverarbeiter\u201c bezeichnet jeden Dritten, der personenbezogene Daten im Auftrag des Verantwortlichen verarbeitet.<\/p>\n<p>\u201eWebsite\u201c bedeutet www.alsusboutiquehotel.com.<\/p>\n<p>\u201eDSGVO\u201c bezieht sich auf die Verordnung (EU) 2016\/679.<\/p>\t\t\t\t\t\t\t\t<\/div>\n\t\t\t\t<\/div>\n\t\t\t\t<div class=\"elementor-element elementor-element-18a6bd9 elementor-widget elementor-widget-heading\" data-id=\"18a6bd9\" data-element_type=\"widget\" data-e-type=\"widget\" data-widget_type=\"heading.default\">\n\t\t\t\t<div class=\"elementor-widget-container\">\n\t\t\t\t\t<h2 class=\"elementor-heading-title elementor-size-default\">Datenschutzrichtlinie<\/h2>\t\t\t\t<\/div>\n\t\t\t\t<\/div>\n\t\t\t\t<div class=\"elementor-element elementor-element-ced5607 elementor-widget elementor-widget-heading\" data-id=\"ced5607\" data-element_type=\"widget\" data-e-type=\"widget\" data-widget_type=\"heading.default\">\n\t\t\t\t<div class=\"elementor-widget-container\">\n\t\t\t\t\t<h3 class=\"elementor-heading-title elementor-size-default\">I. Unternehmensdetails<\/h3>\t\t\t\t<\/div>\n\t\t\t\t<\/div>\n\t\t\t\t<div class=\"elementor-element elementor-element-ed0c8f2 elementor-widget elementor-widget-text-editor\" data-id=\"ed0c8f2\" data-element_type=\"widget\" data-e-type=\"widget\" data-widget_type=\"text-editor.default\">\n\t\t\t\t<div class=\"elementor-widget-container\">\n\t\t\t\t\t\t\t\t\t<p>Im Alsus Boutique Hotel, das von SAMARITIS SA betrieben wird, legen wir ebenso viel Wert auf Vertrauen wie auf Gastfreundschaft.<\/p><p>SAMARITIS SA, mit Sitz in Leof. Andrea Papandreou 50, 71414 Heraklion, Griechenland, USt-IdNr. 094209409, Finanzamt Heraklion, Tel. +30 2810 372700, E-Mail: info@alsusboutiquehotel.com, ist die verantwortliche Stelle f\u00fcr die \u00fcber www.alsusboutiquehotel.com erhobenen personenbezogenen Daten.<\/p><p>Wir verarbeiten Ihre personenbezogenen Daten in \u00dcbereinstimmung mit der Verordnung (EU) 2016\/679 (Datenschutz-Grundverordnung \u2013 DSGVO) und den geltenden griechischen Rechtsvorschriften.<\/p>\t\t\t\t\t\t\t\t<\/div>\n\t\t\t\t<\/div>\n\t\t\t\t<div class=\"elementor-element elementor-element-70b79c2 elementor-widget elementor-widget-heading\" data-id=\"70b79c2\" data-element_type=\"widget\" data-e-type=\"widget\" data-widget_type=\"heading.default\">\n\t\t\t\t<div class=\"elementor-widget-container\">\n\t\t\t\t\t<h3 class=\"elementor-heading-title elementor-size-default\">II. Gesammelte Daten<\/h3>\t\t\t\t<\/div>\n\t\t\t\t<\/div>\n\t\t\t\t<div class=\"elementor-element elementor-element-2bcd05a elementor-widget elementor-widget-text-editor\" data-id=\"2bcd05a\" data-element_type=\"widget\" data-e-type=\"widget\" data-widget_type=\"text-editor.default\">\n\t\t\t\t<div class=\"elementor-widget-container\">\n\t\t\t\t\t\t\t\t\t<p>Abh\u00e4ngig von Ihrer Interaktion mit unseren Diensten erfassen wir m\u00f6glicherweise folgende Daten:<\/p><p>Reservierungsdaten:<\/p><ol><li>Vollst\u00e4ndiger Name<\/li><li>E-Mail-Adresse<\/li><li>Telefonnummer<\/li><li>Adresse \/ Wohnsitzland<\/li><li>Details zur Unterkunft<\/li><li>Sonderw\u00fcnsche oder Pr\u00e4ferenzen<\/li><li>Zahlungsdaten<\/li><\/ol><p>Online-Zahlungen werden sicher \u00fcber das E-Commerce-Gateway der Eurobank abgewickelt. Wir speichern keine vollst\u00e4ndigen Kreditkartendaten auf unseren Servern.<\/p><p>Kommunikationsdaten: Informationen, die Sie \u00fcber Kontaktformulare, E-Mail-Korrespondenz oder telefonisch \u00fcbermitteln.<\/p><p>Newsletter-Daten: E-Mail-Adresse und Kommunikationspr\u00e4ferenzen (nur mit Ihrer ausdr\u00fccklichen Einwilligung).<\/p><p>Technische Daten &amp; Nutzungsdaten:\u00a0<\/p><ol><li>IP-Adresse<\/li><li>Browsertyp und Ger\u00e4teinformationen<\/li><li>Website-Interaktionsdaten<\/li><li>Cookies<\/li><li>Google Analytics-Statistiken<\/li><\/ol>\t\t\t\t\t\t\t\t<\/div>\n\t\t\t\t<\/div>\n\t\t\t\t<div class=\"elementor-element elementor-element-fe04321 elementor-widget elementor-widget-heading\" data-id=\"fe04321\" data-element_type=\"widget\" data-e-type=\"widget\" data-widget_type=\"heading.default\">\n\t\t\t\t<div class=\"elementor-widget-container\">\n\t\t\t\t\t<h3 class=\"elementor-heading-title elementor-size-default\">III. Verarbeitungszwecke<\/h3>\t\t\t\t<\/div>\n\t\t\t\t<\/div>\n\t\t\t\t<div class=\"elementor-element elementor-element-088584c elementor-widget elementor-widget-text-editor\" data-id=\"088584c\" data-element_type=\"widget\" data-e-type=\"widget\" data-widget_type=\"text-editor.default\">\n\t\t\t\t<div class=\"elementor-widget-container\">\n\t\t\t\t\t\t\t\t\t<p>Wir verarbeiten Ihre personenbezogenen Daten zu folgenden Zwecken:<\/p><ol><li>Reservierungen verwalten und best\u00e4tigen<\/li><li>Unterkunftsleistungen anbieten<\/li><li>Wir kommunizieren mit Ihnen vor, w\u00e4hrend und nach Ihrem Aufenthalt.<\/li><li>Einhaltung der Steuer- und Buchhaltungspflichten<\/li><li>Wir verbessern unsere Website und das G\u00e4steerlebnis.<\/li><li>Newsletter und Werbemitteilungen versenden (mit Einwilligung)<\/li><li>Gew\u00e4hrleistung der Transaktions- und Website-Sicherheit<\/li><\/ol>\t\t\t\t\t\t\t\t<\/div>\n\t\t\t\t<\/div>\n\t\t\t\t<div class=\"elementor-element elementor-element-f712e0f elementor-widget elementor-widget-heading\" data-id=\"f712e0f\" data-element_type=\"widget\" data-e-type=\"widget\" data-widget_type=\"heading.default\">\n\t\t\t\t<div class=\"elementor-widget-container\">\n\t\t\t\t\t<h3 class=\"elementor-heading-title elementor-size-default\">IV. Rechtsgrundlage f\u00fcr die Verarbeitung (Artikel 6 DSGVO)<\/h3>\t\t\t\t<\/div>\n\t\t\t\t<\/div>\n\t\t\t\t<div class=\"elementor-element elementor-element-424b4b8 elementor-widget elementor-widget-text-editor\" data-id=\"424b4b8\" data-element_type=\"widget\" data-e-type=\"widget\" data-widget_type=\"text-editor.default\">\n\t\t\t\t<div class=\"elementor-widget-container\">\n\t\t\t\t\t\t\t\t\t<p>Wir verarbeiten personenbezogene Daten auf folgender Grundlage:<\/p><ol><li>Vertragserf\u00fcllung (Reservierungs- und Unterkunftsleistungen)<\/li><li>Einhaltung rechtlicher Verpflichtungen<\/li><li>Berechtigtes Interesse (Verbesserung des Service, Systemsicherheit)<\/li><li>Ihre ausdr\u00fcckliche Einwilligung (Newsletter und optionale Cookies)<\/li><\/ol>\t\t\t\t\t\t\t\t<\/div>\n\t\t\t\t<\/div>\n\t\t\t\t<div class=\"elementor-element elementor-element-0800c21 elementor-widget elementor-widget-heading\" data-id=\"0800c21\" data-element_type=\"widget\" data-e-type=\"widget\" data-widget_type=\"heading.default\">\n\t\t\t\t<div class=\"elementor-widget-container\">\n\t\t\t\t\t<h3 class=\"elementor-heading-title elementor-size-default\">V. Datenempf\u00e4nger \/ Datenverarbeiter<\/h3>\t\t\t\t<\/div>\n\t\t\t\t<\/div>\n\t\t\t\t<div class=\"elementor-element elementor-element-38dc221 elementor-widget elementor-widget-text-editor\" data-id=\"38dc221\" data-element_type=\"widget\" data-e-type=\"widget\" data-widget_type=\"text-editor.default\">\n\t\t\t\t<div class=\"elementor-widget-container\">\n\t\t\t\t\t\t\t\t\t<p>Ihre Daten k\u00f6nnen an vertrauensw\u00fcrdige Dienstleister weitergegeben werden, die in unserem Auftrag t\u00e4tig sind, darunter:<\/p><ul><li>Webhotelier (Online-Buchungsmaschine)<\/li><li>Eurobank (Zahlungsdienstleister)<\/li><li>HOTELIZER (Property Management System \u2013 PMS)<\/li><li>Newsletter-Dienstleister<\/li><li>Hosting- und IT-Support-Anbieter<\/li><li>Buchhaltungs- und Steuerberater<\/li><\/ul><p>Alle Partner sind vertraglich zur Einhaltung der DSGVO verpflichtet.<\/p>\t\t\t\t\t\t\t\t<\/div>\n\t\t\t\t<\/div>\n\t\t\t\t<div class=\"elementor-element elementor-element-5bb6efa elementor-widget elementor-widget-heading\" data-id=\"5bb6efa\" data-element_type=\"widget\" data-e-type=\"widget\" data-widget_type=\"heading.default\">\n\t\t\t\t<div class=\"elementor-widget-container\">\n\t\t\t\t\t<h3 class=\"elementor-heading-title elementor-size-default\">VI. Internationale Daten\u00fcbermittlung<\/h3>\t\t\t\t<\/div>\n\t\t\t\t<\/div>\n\t\t\t\t<div class=\"elementor-element elementor-element-184dc31 elementor-widget elementor-widget-text-editor\" data-id=\"184dc31\" data-element_type=\"widget\" data-e-type=\"widget\" data-widget_type=\"text-editor.default\">\n\t\t\t\t<div class=\"elementor-widget-container\">\n\t\t\t\t\t\t\t\t\t<p>Wenn bestimmte Dienstleister (z. B. Analyse- oder Newsletter-Plattformen) ihren Sitz au\u00dferhalb der Europ\u00e4ischen Union haben, werden die Daten\u00fcbermittlungen durch von der Europ\u00e4ischen Kommission genehmigte Standardvertragsklauseln abgesichert.<\/p>\t\t\t\t\t\t\t\t<\/div>\n\t\t\t\t<\/div>\n\t\t\t\t<div class=\"elementor-element elementor-element-f19b1f6 elementor-widget elementor-widget-heading\" data-id=\"f19b1f6\" data-element_type=\"widget\" data-e-type=\"widget\" data-widget_type=\"heading.default\">\n\t\t\t\t<div class=\"elementor-widget-container\">\n\t\t\t\t\t<h3 class=\"elementor-heading-title elementor-size-default\">VII. Datenaufbewahrung<\/h3>\t\t\t\t<\/div>\n\t\t\t\t<\/div>\n\t\t\t\t<div class=\"elementor-element elementor-element-9b2919b elementor-widget elementor-widget-text-editor\" data-id=\"9b2919b\" data-element_type=\"widget\" data-e-type=\"widget\" data-widget_type=\"text-editor.default\">\n\t\t\t\t<div class=\"elementor-widget-container\">\n\t\t\t\t\t\t\t\t\t<p>Wir speichern personenbezogene Daten nur so lange wie n\u00f6tig:<\/p><p>Reservierungs- und Rechnungsdaten: bis zu 10 Jahre (gem\u00e4\u00df griechischem Steuerrecht)<\/p><p>Daten aus dem Kontaktformular: bis zu 24 Monate<\/p><p>Newsletter-Daten: bis zum Widerruf Ihrer Einwilligung<\/p><p>Analysedaten: gem\u00e4\u00df den Aufbewahrungseinstellungen von Google Analytics<\/p>\t\t\t\t\t\t\t\t<\/div>\n\t\t\t\t<\/div>\n\t\t\t\t<div class=\"elementor-element elementor-element-b192347 elementor-widget elementor-widget-heading\" data-id=\"b192347\" data-element_type=\"widget\" data-e-type=\"widget\" data-widget_type=\"heading.default\">\n\t\t\t\t<div class=\"elementor-widget-container\">\n\t\t\t\t\t<h3 class=\"elementor-heading-title elementor-size-default\">VIII. \u00dcber Ihre Rechte<\/h3>\t\t\t\t<\/div>\n\t\t\t\t<\/div>\n\t\t\t\t<div class=\"elementor-element elementor-element-986f8cb elementor-widget elementor-widget-text-editor\" data-id=\"986f8cb\" data-element_type=\"widget\" data-e-type=\"widget\" data-widget_type=\"text-editor.default\">\n\t\t\t\t<div class=\"elementor-widget-container\">\n\t\t\t\t\t\t\t\t\t<p>Gem\u00e4\u00df der DSGVO haben Sie das Recht auf:<\/p><ul><li>Greifen Sie auf Ihre pers\u00f6nlichen Daten zu<\/li><li>Berichtigung unrichtiger Daten beantragen<\/li><li>L\u00f6schung beantragen (sofern rechtlich zul\u00e4ssig)<\/li><li>Verarbeitung einschr\u00e4nken<\/li><li>Objekt zur Verarbeitung<\/li><li>Datenportabilit\u00e4t<\/li><li>Einwilligung jederzeit widerrufen<\/li><li>Reichen Sie eine Beschwerde bei der griechischen Datenschutzbeh\u00f6rde (www.dpa.gr) ein.<\/li><\/ul><p>Anfragen k\u00f6nnen an folgende Adresse gerichtet werden: info@alsusboutiquehotel.com<\/p><p>Wir antworten innerhalb eines (1) Monats, wie gesetzlich vorgeschrieben.<\/p>\t\t\t\t\t\t\t\t<\/div>\n\t\t\t\t<\/div>\n\t\t\t\t<div class=\"elementor-element elementor-element-f67f3b6 elementor-widget elementor-widget-heading\" data-id=\"f67f3b6\" data-element_type=\"widget\" data-e-type=\"widget\" data-widget_type=\"heading.default\">\n\t\t\t\t<div class=\"elementor-widget-container\">\n\t\t\t\t\t<h3 class=\"elementor-heading-title elementor-size-default\">IX. Datensicherheit<\/h3>\t\t\t\t<\/div>\n\t\t\t\t<\/div>\n\t\t\t\t<div class=\"elementor-element elementor-element-f46656d elementor-widget elementor-widget-text-editor\" data-id=\"f46656d\" data-element_type=\"widget\" data-e-type=\"widget\" data-widget_type=\"text-editor.default\">\n\t\t\t\t<div class=\"elementor-widget-container\">\n\t\t\t\t\t\t\t\t\t<p>Wir setzen geeignete technische und organisatorische Ma\u00dfnahmen zum Schutz Ihrer personenbezogenen Daten ein, darunter:<\/p><ul><li>SSL-Verschl\u00fcsselung<\/li><li>Sichere Server<\/li><li>Zutritt nur f\u00fcr autorisiertes Personal<\/li><li>Vertraulichkeitsvereinbarungen<\/li><li>Sichere Zahlungsabwicklungssysteme<\/li><\/ul>\t\t\t\t\t\t\t\t<\/div>\n\t\t\t\t<\/div>\n\t\t\t\t<div class=\"elementor-element elementor-element-52e66ee elementor-widget elementor-widget-heading\" data-id=\"52e66ee\" data-element_type=\"widget\" data-e-type=\"widget\" data-widget_type=\"heading.default\">\n\t\t\t\t<div class=\"elementor-widget-container\">\n\t\t\t\t\t<h3 class=\"elementor-heading-title elementor-size-default\">X. Cookies<\/h3>\t\t\t\t<\/div>\n\t\t\t\t<\/div>\n\t\t\t\t<div class=\"elementor-element elementor-element-eb6451e elementor-widget elementor-widget-text-editor\" data-id=\"eb6451e\" data-element_type=\"widget\" data-e-type=\"widget\" data-widget_type=\"text-editor.default\">\n\t\t\t\t<div class=\"elementor-widget-container\">\n\t\t\t\t\t\t\t\t\t<p>Unsere Website verwendet:<\/p><ul><li>Unbedingt notwendige Cookies f\u00fcr die grundlegende Funktionalit\u00e4t<\/li><li>Analyse-Cookies (Google Analytics)<\/li><li>Wir akzeptieren Cookies, um Ihre Pr\u00e4ferenzen zu speichern.<\/li><\/ul><p>Sie k\u00f6nnen Ihre Cookie-Einstellungen \u00fcber das auf unserer Website angezeigte Cookie-Banner verwalten.<\/p>\t\t\t\t\t\t\t\t<\/div>\n\t\t\t\t<\/div>\n\t\t\t\t<div class=\"elementor-element elementor-element-53c229b elementor-widget elementor-widget-heading\" data-id=\"53c229b\" data-element_type=\"widget\" data-e-type=\"widget\" data-widget_type=\"heading.default\">\n\t\t\t\t<div class=\"elementor-widget-container\">\n\t\t\t\t\t<h3 class=\"elementor-heading-title elementor-size-default\">XI. Aktualisierungen dieser Richtlinie<\/h3>\t\t\t\t<\/div>\n\t\t\t\t<\/div>\n\t\t\t\t<div class=\"elementor-element elementor-element-0570509 elementor-widget elementor-widget-text-editor\" data-id=\"0570509\" data-element_type=\"widget\" data-e-type=\"widget\" data-widget_type=\"text-editor.default\">\n\t\t\t\t<div class=\"elementor-widget-container\">\n\t\t\t\t\t\t\t\t\t<p data-start=\"5173\" data-end=\"5290\">Diese Datenschutzrichtlinie kann von Zeit zu Zeit aktualisiert werden. Alle \u00c4nderungen werden mit dem jeweiligen Datum auf dieser Seite ver\u00f6ffentlicht.<\/p><p data-start=\"5173\" data-end=\"5290\"><em>Letzte Aktualisierung: 21.02.2026<\/em><\/p>\t\t\t\t\t\t\t\t<\/div>\n\t\t\t\t<\/div>\n\t\t                    <\/div>\r\n        <\/div>\r\n        \t\t\t<\/div>\n\t\t<\/section>\n\t\t\t\t<\/div>","protected":false},"excerpt":{"rendered":"<p>Definitions For the purposes of this Privacy Policy: \u201cPersonal Data\u201d means any information relating to an identified or identifiable natural person. \u201cData Subject\u201d means any individual whose personal data is processed by SAMARITIS S.A. \u201cProcessing\u201d means any operation performed on personal data, including collection, recording, storage, use, disclosure, or deletion. \u201cController\u201d means SAMARITIS S.A., which [&hellip;]<\/p>\n","protected":false},"author":1,"featured_media":0,"parent":0,"menu_order":0,"comment_status":"closed","ping_status":"closed","template":"","meta":{"footnotes":""},"class_list":["post-17082","page","type-page","status-publish","hentry"],"_links":{"self":[{"href":"https:\/\/www.alsusboutiquehotel.com\/de\/wp-json\/wp\/v2\/pages\/17082","targetHints":{"allow":["GET"]}}],"collection":[{"href":"https:\/\/www.alsusboutiquehotel.com\/de\/wp-json\/wp\/v2\/pages"}],"about":[{"href":"https:\/\/www.alsusboutiquehotel.com\/de\/wp-json\/wp\/v2\/types\/page"}],"author":[{"embeddable":true,"href":"https:\/\/www.alsusboutiquehotel.com\/de\/wp-json\/wp\/v2\/users\/1"}],"replies":[{"embeddable":true,"href":"https:\/\/www.alsusboutiquehotel.com\/de\/wp-json\/wp\/v2\/comments?post=17082"}],"version-history":[{"count":6,"href":"https:\/\/www.alsusboutiquehotel.com\/de\/wp-json\/wp\/v2\/pages\/17082\/revisions"}],"predecessor-version":[{"id":21281,"href":"https:\/\/www.alsusboutiquehotel.com\/de\/wp-json\/wp\/v2\/pages\/17082\/revisions\/21281"}],"wp:attachment":[{"href":"https:\/\/www.alsusboutiquehotel.com\/de\/wp-json\/wp\/v2\/media?parent=17082"}],"curies":[{"name":"wp","href":"https:\/\/api.w.org\/{rel}","templated":true}]}}