{"id":17082,"date":"2025-02-13T14:01:49","date_gmt":"2025-02-13T14:01:49","guid":{"rendered":"https:\/\/www.alsusboutiquehotel.com\/?page_id=17082"},"modified":"2026-02-21T20:52:22","modified_gmt":"2026-02-21T18:52:22","slug":"privacy-policy","status":"publish","type":"page","link":"https:\/\/www.alsusboutiquehotel.com\/es\/privacy-policy\/","title":{"rendered":"Pol\u00edtica de privacidad | Alsus Boutique Hotel \u2013 Solo adultos"},"content":{"rendered":"<div data-elementor-type=\"wp-page\" data-elementor-id=\"17082\" class=\"elementor elementor-17082\">\n\t\t\t\t        <section class=\"elementor-section elementor-top-section elementor-element elementor-element-5022f2e8 elementor-section-boxed elementor-section-height-default elementor-section-height-default pxl-section-static-pos-no pxl-section-overflow-hidden-no pxl-container-margin-auto-no\" data-id=\"5022f2e8\" data-element_type=\"section\" data-e-type=\"section\">\n\n                \n                <div class=\"elementor-container elementor-column-gap-default\">\n                <div class=\"elementor-column elementor-col-100 elementor-top-column elementor-element elementor-element-4bb48aa1 col-offset-none pxl-column-element-default pxl-column-overflow-hidden-no\" data-id=\"4bb48aa1\" data-element_type=\"column\" data-e-type=\"column\">\r\n        <div class=\"elementor-widget-wrap elementor-element-populated\">\r\n                    \t\t<div class=\"elementor-element elementor-element-213867a elementor-widget elementor-widget-heading\" data-id=\"213867a\" data-element_type=\"widget\" data-e-type=\"widget\" data-widget_type=\"heading.default\">\n\t\t\t\t<div class=\"elementor-widget-container\">\n\t\t\t\t\t<h2 class=\"elementor-heading-title elementor-size-default\">Definiciones<\/h2>\t\t\t\t<\/div>\n\t\t\t\t<\/div>\n\t\t\t\t<div class=\"elementor-element elementor-element-166ef50a elementor-widget elementor-widget-text-editor\" data-id=\"166ef50a\" data-element_type=\"widget\" data-e-type=\"widget\" data-widget_type=\"text-editor.default\">\n\t\t\t\t<div class=\"elementor-widget-container\">\n\t\t\t\t\t\t\t\t\t<p>A los efectos de esta Pol\u00edtica de Privacidad:<\/p>\n<p>\u201cDatos Personales\u201d significa cualquier informaci\u00f3n relativa a una persona f\u00edsica identificada o identificable.<\/p>\n<p>\u201cSujeto de datos\u201d significa cualquier persona cuyos datos personales sean procesados por SAMARITIS SA<\/p>\n<p>\u201cTratamiento\u201d significa cualquier operaci\u00f3n realizada sobre datos personales, incluyendo la recopilaci\u00f3n, registro, almacenamiento, uso, divulgaci\u00f3n o eliminaci\u00f3n.<\/p>\n<p>\u201cResponsable del tratamiento\u201d significa SAMARITIS SA, que determina los fines y medios del tratamiento de datos personales.<\/p>\n<p>\u201cProcesador\u201d significa cualquier tercero que procesa datos personales en nombre del Controlador.<\/p>\n<p>\u201cSitio web\u201d significa www.alsusboutiquehotel.com.<\/p>\n<p>\u201cRGPD\u201d se refiere al Reglamento (UE) 2016\/679.<\/p>\t\t\t\t\t\t\t\t<\/div>\n\t\t\t\t<\/div>\n\t\t\t\t<div class=\"elementor-element elementor-element-18a6bd9 elementor-widget elementor-widget-heading\" data-id=\"18a6bd9\" data-element_type=\"widget\" data-e-type=\"widget\" data-widget_type=\"heading.default\">\n\t\t\t\t<div class=\"elementor-widget-container\">\n\t\t\t\t\t<h2 class=\"elementor-heading-title elementor-size-default\">pol\u00edtica de privacidad<\/h2>\t\t\t\t<\/div>\n\t\t\t\t<\/div>\n\t\t\t\t<div class=\"elementor-element elementor-element-ced5607 elementor-widget elementor-widget-heading\" data-id=\"ced5607\" data-element_type=\"widget\" data-e-type=\"widget\" data-widget_type=\"heading.default\">\n\t\t\t\t<div class=\"elementor-widget-container\">\n\t\t\t\t\t<h3 class=\"elementor-heading-title elementor-size-default\">I. Datos de la empresa<\/h3>\t\t\t\t<\/div>\n\t\t\t\t<\/div>\n\t\t\t\t<div class=\"elementor-element elementor-element-ed0c8f2 elementor-widget elementor-widget-text-editor\" data-id=\"ed0c8f2\" data-element_type=\"widget\" data-e-type=\"widget\" data-widget_type=\"text-editor.default\">\n\t\t\t\t<div class=\"elementor-widget-container\">\n\t\t\t\t\t\t\t\t\t<p>En Alsus Boutique Hotel, operado por SAMARITIS SA, valoramos la confianza tanto como valoramos la hospitalidad.<\/p><p>SAMARITIS SA, con domicilio social en Leof. Andrea Papandreou 50, 71414 Heraklion, Grecia, n\u00famero de IVA 094209409, Oficina Tributaria de Heraklion, tel. +30 2810 372700, correo electr\u00f3nico: info@alsusboutiquehotel.com, es el responsable del tratamiento de los datos personales recopilados a trav\u00e9s de www.alsusboutiquehotel.com.<\/p><p>Procesamos sus datos personales de acuerdo con el Reglamento (UE) 2016\/679 (Reglamento General de Protecci\u00f3n de Datos \u2013 RGPD) y la legislaci\u00f3n griega aplicable.<\/p>\t\t\t\t\t\t\t\t<\/div>\n\t\t\t\t<\/div>\n\t\t\t\t<div class=\"elementor-element elementor-element-70b79c2 elementor-widget elementor-widget-heading\" data-id=\"70b79c2\" data-element_type=\"widget\" data-e-type=\"widget\" data-widget_type=\"heading.default\">\n\t\t\t\t<div class=\"elementor-widget-container\">\n\t\t\t\t\t<h3 class=\"elementor-heading-title elementor-size-default\">II. Datos recopilados<\/h3>\t\t\t\t<\/div>\n\t\t\t\t<\/div>\n\t\t\t\t<div class=\"elementor-element elementor-element-2bcd05a elementor-widget elementor-widget-text-editor\" data-id=\"2bcd05a\" data-element_type=\"widget\" data-e-type=\"widget\" data-widget_type=\"text-editor.default\">\n\t\t\t\t<div class=\"elementor-widget-container\">\n\t\t\t\t\t\t\t\t\t<p>Dependiendo de su interacci\u00f3n con nuestros servicios, podemos recopilar:<\/p><p>Datos de reserva:<\/p><ol><li>Nombre completo<\/li><li>Direcci\u00f3n de correo electr\u00f3nico<\/li><li>N\u00famero telef\u00f3nico<\/li><li>Direcci\u00f3n \/ pa\u00eds de residencia<\/li><li>Detalles de la estancia<\/li><li>Solicitudes o preferencias especiales<\/li><li>Datos de pago<\/li><\/ol><p>Los pagos en l\u00ednea se procesan de forma segura a trav\u00e9s de la pasarela de comercio electr\u00f3nico de Eurobank. No almacenamos la informaci\u00f3n completa de las tarjetas de cr\u00e9dito en nuestros servidores.<\/p><p>Datos de comunicaci\u00f3n: Informaci\u00f3n que usted proporciona a trav\u00e9s de formularios de contacto, correspondencia por correo electr\u00f3nico o comunicaci\u00f3n telef\u00f3nica.<\/p><p>Datos del Newsletter: Direcci\u00f3n de correo electr\u00f3nico y preferencias de comunicaci\u00f3n (s\u00f3lo con su consentimiento expl\u00edcito).<\/p><p>Datos t\u00e9cnicos y de uso:\u00a0<\/p><ol><li>Direcci\u00f3n IP<\/li><li>Tipo de navegador e informaci\u00f3n del dispositivo<\/li><li>Datos de interacci\u00f3n del sitio web<\/li><li>Galletas<\/li><li>Estad\u00edsticas de Google Analytics<\/li><\/ol>\t\t\t\t\t\t\t\t<\/div>\n\t\t\t\t<\/div>\n\t\t\t\t<div class=\"elementor-element elementor-element-fe04321 elementor-widget elementor-widget-heading\" data-id=\"fe04321\" data-element_type=\"widget\" data-e-type=\"widget\" data-widget_type=\"heading.default\">\n\t\t\t\t<div class=\"elementor-widget-container\">\n\t\t\t\t\t<h3 class=\"elementor-heading-title elementor-size-default\">III. Finalidades del Tratamiento<\/h3>\t\t\t\t<\/div>\n\t\t\t\t<\/div>\n\t\t\t\t<div class=\"elementor-element elementor-element-088584c elementor-widget elementor-widget-text-editor\" data-id=\"088584c\" data-element_type=\"widget\" data-e-type=\"widget\" data-widget_type=\"text-editor.default\">\n\t\t\t\t<div class=\"elementor-widget-container\">\n\t\t\t\t\t\t\t\t\t<p>Procesamos sus datos personales para:<\/p><ol><li>Gestionar y confirmar reservas<\/li><li>Proporcionar servicios de alojamiento<\/li><li>Comunicarnos con usted antes, durante y despu\u00e9s de su estancia.<\/li><li>Cumplir con las obligaciones fiscales y contables<\/li><li>Mejorar nuestro sitio web y la experiencia de nuestros hu\u00e9spedes<\/li><li>Enviar boletines y comunicaciones promocionales (con consentimiento)<\/li><li>Garantizar la seguridad de las transacciones y del sitio web<\/li><\/ol>\t\t\t\t\t\t\t\t<\/div>\n\t\t\t\t<\/div>\n\t\t\t\t<div class=\"elementor-element elementor-element-f712e0f elementor-widget elementor-widget-heading\" data-id=\"f712e0f\" data-element_type=\"widget\" data-e-type=\"widget\" data-widget_type=\"heading.default\">\n\t\t\t\t<div class=\"elementor-widget-container\">\n\t\t\t\t\t<h3 class=\"elementor-heading-title elementor-size-default\">IV. Base jur\u00eddica del tratamiento (art\u00edculo 6 del RGPD)<\/h3>\t\t\t\t<\/div>\n\t\t\t\t<\/div>\n\t\t\t\t<div class=\"elementor-element elementor-element-424b4b8 elementor-widget elementor-widget-text-editor\" data-id=\"424b4b8\" data-element_type=\"widget\" data-e-type=\"widget\" data-widget_type=\"text-editor.default\">\n\t\t\t\t<div class=\"elementor-widget-container\">\n\t\t\t\t\t\t\t\t\t<p>Procesamos datos personales en base a:<\/p><ol><li>Ejecuci\u00f3n de un contrato (servicios de reserva y alojamiento)<\/li><li>Cumplimiento de obligaciones legales<\/li><li>Inter\u00e9s leg\u00edtimo (mejora del servicio, seguridad del sistema)<\/li><li>Su consentimiento expl\u00edcito (bolet\u00edn informativo y cookies opcionales)<\/li><\/ol>\t\t\t\t\t\t\t\t<\/div>\n\t\t\t\t<\/div>\n\t\t\t\t<div class=\"elementor-element elementor-element-0800c21 elementor-widget elementor-widget-heading\" data-id=\"0800c21\" data-element_type=\"widget\" data-e-type=\"widget\" data-widget_type=\"heading.default\">\n\t\t\t\t<div class=\"elementor-widget-container\">\n\t\t\t\t\t<h3 class=\"elementor-heading-title elementor-size-default\">V. Destinatarios\/Encargados del tratamiento de datos<\/h3>\t\t\t\t<\/div>\n\t\t\t\t<\/div>\n\t\t\t\t<div class=\"elementor-element elementor-element-38dc221 elementor-widget elementor-widget-text-editor\" data-id=\"38dc221\" data-element_type=\"widget\" data-e-type=\"widget\" data-widget_type=\"text-editor.default\">\n\t\t\t\t<div class=\"elementor-widget-container\">\n\t\t\t\t\t\t\t\t\t<p>Sus datos pueden ser compartidos con proveedores de servicios de confianza que act\u00faen en nuestro nombre, incluidos:<\/p><ul><li>Webhotelier (motor de reservas online)<\/li><li>Eurobank (proveedor de pasarela de pago)<\/li><li>HOTELIZER (Sistema de Gesti\u00f3n de Propiedades \u2013 PMS)<\/li><li>Proveedor de servicios de boletines informativos<\/li><li>Proveedores de hosting y soporte de TI<\/li><li>Asesores contables y fiscales<\/li><\/ul><p>Todos los socios est\u00e1n obligados contractualmente a cumplir con el RGPD.<\/p>\t\t\t\t\t\t\t\t<\/div>\n\t\t\t\t<\/div>\n\t\t\t\t<div class=\"elementor-element elementor-element-5bb6efa elementor-widget elementor-widget-heading\" data-id=\"5bb6efa\" data-element_type=\"widget\" data-e-type=\"widget\" data-widget_type=\"heading.default\">\n\t\t\t\t<div class=\"elementor-widget-container\">\n\t\t\t\t\t<h3 class=\"elementor-heading-title elementor-size-default\">VI. Transferencias internacionales de datos<\/h3>\t\t\t\t<\/div>\n\t\t\t\t<\/div>\n\t\t\t\t<div class=\"elementor-element elementor-element-184dc31 elementor-widget elementor-widget-text-editor\" data-id=\"184dc31\" data-element_type=\"widget\" data-e-type=\"widget\" data-widget_type=\"text-editor.default\">\n\t\t\t\t<div class=\"elementor-widget-container\">\n\t\t\t\t\t\t\t\t\t<p>Si ciertos proveedores de servicios (por ejemplo, plataformas de an\u00e1lisis o de boletines informativos) se encuentran fuera de la Uni\u00f3n Europea, las transferencias de datos est\u00e1n protegidas mediante cl\u00e1usulas contractuales est\u00e1ndar aprobadas por la Comisi\u00f3n Europea.<\/p>\t\t\t\t\t\t\t\t<\/div>\n\t\t\t\t<\/div>\n\t\t\t\t<div class=\"elementor-element elementor-element-f19b1f6 elementor-widget elementor-widget-heading\" data-id=\"f19b1f6\" data-element_type=\"widget\" data-e-type=\"widget\" data-widget_type=\"heading.default\">\n\t\t\t\t<div class=\"elementor-widget-container\">\n\t\t\t\t\t<h3 class=\"elementor-heading-title elementor-size-default\">VII. Retenci\u00f3n de datos<\/h3>\t\t\t\t<\/div>\n\t\t\t\t<\/div>\n\t\t\t\t<div class=\"elementor-element elementor-element-9b2919b elementor-widget elementor-widget-text-editor\" data-id=\"9b2919b\" data-element_type=\"widget\" data-e-type=\"widget\" data-widget_type=\"text-editor.default\">\n\t\t\t\t<div class=\"elementor-widget-container\">\n\t\t\t\t\t\t\t\t\t<p>Conservamos datos personales solo durante el tiempo que sea necesario:<\/p><p>Datos de reserva y facturaci\u00f3n: hasta 10 a\u00f1os (seg\u00fan lo exige la legislaci\u00f3n fiscal griega)<\/p><p>Datos del formulario de contacto: hasta 24 meses<\/p><p>Datos de la newsletter: hasta que retires tu consentimiento<\/p><p>Datos anal\u00edticos: seg\u00fan la configuraci\u00f3n de retenci\u00f3n de Google Analytics<\/p>\t\t\t\t\t\t\t\t<\/div>\n\t\t\t\t<\/div>\n\t\t\t\t<div class=\"elementor-element elementor-element-b192347 elementor-widget elementor-widget-heading\" data-id=\"b192347\" data-element_type=\"widget\" data-e-type=\"widget\" data-widget_type=\"heading.default\">\n\t\t\t\t<div class=\"elementor-widget-container\">\n\t\t\t\t\t<h3 class=\"elementor-heading-title elementor-size-default\">VIII. Sobre sus derechos<\/h3>\t\t\t\t<\/div>\n\t\t\t\t<\/div>\n\t\t\t\t<div class=\"elementor-element elementor-element-986f8cb elementor-widget elementor-widget-text-editor\" data-id=\"986f8cb\" data-element_type=\"widget\" data-e-type=\"widget\" data-widget_type=\"text-editor.default\">\n\t\t\t\t<div class=\"elementor-widget-container\">\n\t\t\t\t\t\t\t\t\t<p>Seg\u00fan el RGPD, usted tiene derecho a:<\/p><ul><li>Acceda a sus datos personales<\/li><li>Solicitar la correcci\u00f3n de datos inexactos<\/li><li>Solicitar la eliminaci\u00f3n (cuando sea legalmente aplicable)<\/li><li>Restringir el procesamiento<\/li><li>Oponerse al tratamiento<\/li><li>Portabilidad de datos<\/li><li>Retirar el consentimiento en cualquier momento<\/li><li>Presentar una reclamaci\u00f3n ante la Autoridad de Protecci\u00f3n de Datos de Grecia (www.dpa.gr)<\/li><\/ul><p>Las solicitudes pueden enviarse a: info@alsusboutiquehotel.com<\/p><p>Respondemos dentro de un (1) mes como lo exige la ley.<\/p>\t\t\t\t\t\t\t\t<\/div>\n\t\t\t\t<\/div>\n\t\t\t\t<div class=\"elementor-element elementor-element-f67f3b6 elementor-widget elementor-widget-heading\" data-id=\"f67f3b6\" data-element_type=\"widget\" data-e-type=\"widget\" data-widget_type=\"heading.default\">\n\t\t\t\t<div class=\"elementor-widget-container\">\n\t\t\t\t\t<h3 class=\"elementor-heading-title elementor-size-default\">IX. Seguridad de los datos<\/h3>\t\t\t\t<\/div>\n\t\t\t\t<\/div>\n\t\t\t\t<div class=\"elementor-element elementor-element-f46656d elementor-widget elementor-widget-text-editor\" data-id=\"f46656d\" data-element_type=\"widget\" data-e-type=\"widget\" data-widget_type=\"text-editor.default\">\n\t\t\t\t<div class=\"elementor-widget-container\">\n\t\t\t\t\t\t\t\t\t<p>Implementamos medidas t\u00e9cnicas y organizativas apropiadas para proteger sus datos personales, incluyendo:<\/p><ul><li>Cifrado SSL<\/li><li>Servidores seguros<\/li><li>Acceso restringido a personal autorizado<\/li><li>Acuerdos de confidencialidad<\/li><li>Sistemas de procesamiento de pagos seguros<\/li><\/ul>\t\t\t\t\t\t\t\t<\/div>\n\t\t\t\t<\/div>\n\t\t\t\t<div class=\"elementor-element elementor-element-52e66ee elementor-widget elementor-widget-heading\" data-id=\"52e66ee\" data-element_type=\"widget\" data-e-type=\"widget\" data-widget_type=\"heading.default\">\n\t\t\t\t<div class=\"elementor-widget-container\">\n\t\t\t\t\t<h3 class=\"elementor-heading-title elementor-size-default\">X. Galletas<\/h3>\t\t\t\t<\/div>\n\t\t\t\t<\/div>\n\t\t\t\t<div class=\"elementor-element elementor-element-eb6451e elementor-widget elementor-widget-text-editor\" data-id=\"eb6451e\" data-element_type=\"widget\" data-e-type=\"widget\" data-widget_type=\"text-editor.default\">\n\t\t\t\t<div class=\"elementor-widget-container\">\n\t\t\t\t\t\t\t\t\t<p>Nuestro sitio web utiliza:<\/p><ul><li>Cookies estrictamente necesarias para la funcionalidad esencial<\/li><li>Cookies anal\u00edticas (Google Analytics)<\/li><li>Consiente el uso de cookies para recordar tus preferencias<\/li><\/ul><p>Puede administrar sus preferencias de cookies a trav\u00e9s del banner de cookies que se muestra en nuestro sitio web.<\/p>\t\t\t\t\t\t\t\t<\/div>\n\t\t\t\t<\/div>\n\t\t\t\t<div class=\"elementor-element elementor-element-53c229b elementor-widget elementor-widget-heading\" data-id=\"53c229b\" data-element_type=\"widget\" data-e-type=\"widget\" data-widget_type=\"heading.default\">\n\t\t\t\t<div class=\"elementor-widget-container\">\n\t\t\t\t\t<h3 class=\"elementor-heading-title elementor-size-default\">XI. Actualizaciones de esta Pol\u00edtica<\/h3>\t\t\t\t<\/div>\n\t\t\t\t<\/div>\n\t\t\t\t<div class=\"elementor-element elementor-element-0570509 elementor-widget elementor-widget-text-editor\" data-id=\"0570509\" data-element_type=\"widget\" data-e-type=\"widget\" data-widget_type=\"text-editor.default\">\n\t\t\t\t<div class=\"elementor-widget-container\">\n\t\t\t\t\t\t\t\t\t<p data-start=\"5173\" data-end=\"5290\">Esta Pol\u00edtica de Privacidad podr\u00e1 actualizarse peri\u00f3dicamente. Cualquier cambio se publicar\u00e1 en esta p\u00e1gina con la fecha de la revisi\u00f3n.<\/p><p data-start=\"5173\" data-end=\"5290\"><em>\u00daltima actualizaci\u00f3n: 21\/02\/2026<\/em><\/p>\t\t\t\t\t\t\t\t<\/div>\n\t\t\t\t<\/div>\n\t\t                    <\/div>\r\n        <\/div>\r\n        \t\t\t<\/div>\n\t\t<\/section>\n\t\t\t\t<\/div>","protected":false},"excerpt":{"rendered":"<p>Definitions For the purposes of this Privacy Policy: \u201cPersonal Data\u201d means any information relating to an identified or identifiable natural person. \u201cData Subject\u201d means any individual whose personal data is processed by SAMARITIS S.A. \u201cProcessing\u201d means any operation performed on personal data, including collection, recording, storage, use, disclosure, or deletion. \u201cController\u201d means SAMARITIS S.A., which [&hellip;]<\/p>\n","protected":false},"author":1,"featured_media":0,"parent":0,"menu_order":0,"comment_status":"closed","ping_status":"closed","template":"","meta":{"footnotes":""},"class_list":["post-17082","page","type-page","status-publish","hentry"],"_links":{"self":[{"href":"https:\/\/www.alsusboutiquehotel.com\/es\/wp-json\/wp\/v2\/pages\/17082","targetHints":{"allow":["GET"]}}],"collection":[{"href":"https:\/\/www.alsusboutiquehotel.com\/es\/wp-json\/wp\/v2\/pages"}],"about":[{"href":"https:\/\/www.alsusboutiquehotel.com\/es\/wp-json\/wp\/v2\/types\/page"}],"author":[{"embeddable":true,"href":"https:\/\/www.alsusboutiquehotel.com\/es\/wp-json\/wp\/v2\/users\/1"}],"replies":[{"embeddable":true,"href":"https:\/\/www.alsusboutiquehotel.com\/es\/wp-json\/wp\/v2\/comments?post=17082"}],"version-history":[{"count":6,"href":"https:\/\/www.alsusboutiquehotel.com\/es\/wp-json\/wp\/v2\/pages\/17082\/revisions"}],"predecessor-version":[{"id":21281,"href":"https:\/\/www.alsusboutiquehotel.com\/es\/wp-json\/wp\/v2\/pages\/17082\/revisions\/21281"}],"wp:attachment":[{"href":"https:\/\/www.alsusboutiquehotel.com\/es\/wp-json\/wp\/v2\/media?parent=17082"}],"curies":[{"name":"gracias","href":"https:\/\/api.w.org\/{rel}","templated":true}]}}