{"id":17082,"date":"2025-02-13T14:01:49","date_gmt":"2025-02-13T14:01:49","guid":{"rendered":"https:\/\/www.alsusboutiquehotel.com\/?page_id=17082"},"modified":"2026-02-21T20:52:22","modified_gmt":"2026-02-21T18:52:22","slug":"privacy-policy","status":"publish","type":"page","link":"https:\/\/www.alsusboutiquehotel.com\/fi\/privacy-policy\/","title":{"rendered":"Tietosuojak\u00e4yt\u00e4nt\u00f6 | Alsus Boutique Hotel \u2013 Vain aikuisille"},"content":{"rendered":"<div data-elementor-type=\"wp-page\" data-elementor-id=\"17082\" class=\"elementor elementor-17082\">\n\t\t\t\t        <section class=\"elementor-section elementor-top-section elementor-element elementor-element-5022f2e8 elementor-section-boxed elementor-section-height-default elementor-section-height-default pxl-section-static-pos-no pxl-section-overflow-hidden-no pxl-container-margin-auto-no\" data-id=\"5022f2e8\" data-element_type=\"section\" data-e-type=\"section\">\n\n                \n                <div class=\"elementor-container elementor-column-gap-default\">\n                <div class=\"elementor-column elementor-col-100 elementor-top-column elementor-element elementor-element-4bb48aa1 col-offset-none pxl-column-element-default pxl-column-overflow-hidden-no\" data-id=\"4bb48aa1\" data-element_type=\"column\" data-e-type=\"column\">\r\n        <div class=\"elementor-widget-wrap elementor-element-populated\">\r\n                    \t\t<div class=\"elementor-element elementor-element-213867a elementor-widget elementor-widget-heading\" data-id=\"213867a\" data-element_type=\"widget\" data-e-type=\"widget\" data-widget_type=\"heading.default\">\n\t\t\t\t<div class=\"elementor-widget-container\">\n\t\t\t\t\t<h2 class=\"elementor-heading-title elementor-size-default\">M\u00e4\u00e4ritelm\u00e4t<\/h2>\t\t\t\t<\/div>\n\t\t\t\t<\/div>\n\t\t\t\t<div class=\"elementor-element elementor-element-166ef50a elementor-widget elementor-widget-text-editor\" data-id=\"166ef50a\" data-element_type=\"widget\" data-e-type=\"widget\" data-widget_type=\"text-editor.default\">\n\t\t\t\t<div class=\"elementor-widget-container\">\n\t\t\t\t\t\t\t\t\t<p>T\u00e4ss\u00e4 tietosuojak\u00e4yt\u00e4nn\u00f6ss\u00e4:<\/p>\n<p>\u201cHenkil\u00f6tiedoilla\u201d tarkoitetaan mit\u00e4 tahansa tietoja, jotka liittyv\u00e4t tunnistettuun tai tunnistettavissa olevaan luonnolliseen henkil\u00f6\u00f6n.<\/p>\n<p>\u201cRekister\u00f6ity\u201d tarkoittaa ket\u00e4 tahansa henkil\u00f6\u00e4, jonka henkil\u00f6tietoja SAMARITIS SA k\u00e4sittelee.<\/p>\n<p>\u201cK\u00e4sittelyll\u00e4\u201d tarkoitetaan mit\u00e4 tahansa henkil\u00f6tiedoille suoritettavaa toimintoa, mukaan lukien ker\u00e4\u00e4minen, tallentaminen, s\u00e4ilytt\u00e4minen, k\u00e4ytt\u00f6, luovuttaminen tai poistaminen.<\/p>\n<p>\u201cRekisterinpit\u00e4j\u00e4\u201d tarkoittaa SAMARITIS SA:ta, joka m\u00e4\u00e4ritt\u00e4\u00e4 henkil\u00f6tietojen k\u00e4sittelyn tarkoitukset ja keinot.<\/p>\n<p>\u201cK\u00e4sittelij\u00e4ll\u00e4\u201d tarkoitetaan mit\u00e4 tahansa kolmatta osapuolta, joka k\u00e4sittelee henkil\u00f6tietoja rekisterinpit\u00e4j\u00e4n puolesta.<\/p>\n<p>\u201cVerkkosivusto\u201d tarkoittaa osoitetta www.alsusboutiquehotel.com.<\/p>\n<p>\u201cYleinen tietosuoja-asetus\u201d viittaa asetukseen (EU) 2016\/679.<\/p>\t\t\t\t\t\t\t\t<\/div>\n\t\t\t\t<\/div>\n\t\t\t\t<div class=\"elementor-element elementor-element-18a6bd9 elementor-widget elementor-widget-heading\" data-id=\"18a6bd9\" data-element_type=\"widget\" data-e-type=\"widget\" data-widget_type=\"heading.default\">\n\t\t\t\t<div class=\"elementor-widget-container\">\n\t\t\t\t\t<h2 class=\"elementor-heading-title elementor-size-default\">Tietosuojak\u00e4yt\u00e4nt\u00f6<\/h2>\t\t\t\t<\/div>\n\t\t\t\t<\/div>\n\t\t\t\t<div class=\"elementor-element elementor-element-ced5607 elementor-widget elementor-widget-heading\" data-id=\"ced5607\" data-element_type=\"widget\" data-e-type=\"widget\" data-widget_type=\"heading.default\">\n\t\t\t\t<div class=\"elementor-widget-container\">\n\t\t\t\t\t<h3 class=\"elementor-heading-title elementor-size-default\">I. Yrityksen tiedot<\/h3>\t\t\t\t<\/div>\n\t\t\t\t<\/div>\n\t\t\t\t<div class=\"elementor-element elementor-element-ed0c8f2 elementor-widget elementor-widget-text-editor\" data-id=\"ed0c8f2\" data-element_type=\"widget\" data-e-type=\"widget\" data-widget_type=\"text-editor.default\">\n\t\t\t\t<div class=\"elementor-widget-container\">\n\t\t\t\t\t\t\t\t\t<p>SAMARITIS SA:n yll\u00e4pit\u00e4m\u00e4ss\u00e4 Alsus Boutique -hotellissa arvostamme luottamusta yht\u00e4 paljon kuin vieraanvaraisuutta.<\/p><p>SAMARITIS SA, jonka rekister\u00f6ity toimipaikka on Leof. Andrea Papandreou 50, 71414 Heraklion, Kreikka, ALV-numero 094209409, Heraklionin verotoimisto, puh. +30 2810 372700, s\u00e4hk\u00f6posti: info@alsusboutiquehotel.com, on www.alsusboutiquehotel.com-sivuston kautta ker\u00e4ttyjen henkil\u00f6tietojen rekisterinpit\u00e4j\u00e4.<\/p><p>K\u00e4sittelemme henkil\u00f6tietojasi asetuksen (EU) 2016\/679 (yleinen tietosuoja-asetus \u2013 GDPR) ja sovellettavan Kreikan lains\u00e4\u00e4d\u00e4nn\u00f6n mukaisesti.<\/p>\t\t\t\t\t\t\t\t<\/div>\n\t\t\t\t<\/div>\n\t\t\t\t<div class=\"elementor-element elementor-element-70b79c2 elementor-widget elementor-widget-heading\" data-id=\"70b79c2\" data-element_type=\"widget\" data-e-type=\"widget\" data-widget_type=\"heading.default\">\n\t\t\t\t<div class=\"elementor-widget-container\">\n\t\t\t\t\t<h3 class=\"elementor-heading-title elementor-size-default\">II. Ker\u00e4tyt tiedot<\/h3>\t\t\t\t<\/div>\n\t\t\t\t<\/div>\n\t\t\t\t<div class=\"elementor-element elementor-element-2bcd05a elementor-widget elementor-widget-text-editor\" data-id=\"2bcd05a\" data-element_type=\"widget\" data-e-type=\"widget\" data-widget_type=\"text-editor.default\">\n\t\t\t\t<div class=\"elementor-widget-container\">\n\t\t\t\t\t\t\t\t\t<p>Palvelujemme kanssa toimimisestasi riippuen voimme ker\u00e4t\u00e4:<\/p><p>Varauksen tiedot:<\/p><ol><li>Koko nimi<\/li><li>S\u00e4hk\u00f6postiosoite<\/li><li>Puhelinnumero<\/li><li>Osoite \/ asuinmaa<\/li><li>Majoitustiedot<\/li><li>Erityispyynn\u00f6t tai mieltymykset<\/li><li>Maksutiedot<\/li><\/ol><p>Verkkomaksut k\u00e4sitell\u00e4\u00e4n turvallisesti Eurobankin verkkokauppaportaalin kautta. Emme tallenna luottokorttitietoja kokonaisuudessaan palvelimillemme.<\/p><p>Viestint\u00e4tiedot: Tiedot, jotka annat yhteydenottolomakkeiden, s\u00e4hk\u00f6postiviestinn\u00e4n tai puhelinviestinn\u00e4n kautta.<\/p><p>Uutiskirjeen tiedot: S\u00e4hk\u00f6postiosoite ja viestint\u00e4asetukset (vain nimenomaisella suostumuksellasi).<\/p><p>Tekniset ja k\u00e4ytt\u00f6tiedot:\u00a0<\/p><ol><li>IP-osoite<\/li><li>Selaintyyppi ja laitetiedot<\/li><li>Verkkosivuston vuorovaikutustiedot<\/li><li>Ev\u00e4steet<\/li><li>Google Analyticsin tilastot<\/li><\/ol>\t\t\t\t\t\t\t\t<\/div>\n\t\t\t\t<\/div>\n\t\t\t\t<div class=\"elementor-element elementor-element-fe04321 elementor-widget elementor-widget-heading\" data-id=\"fe04321\" data-element_type=\"widget\" data-e-type=\"widget\" data-widget_type=\"heading.default\">\n\t\t\t\t<div class=\"elementor-widget-container\">\n\t\t\t\t\t<h3 class=\"elementor-heading-title elementor-size-default\">III. K\u00e4sittelytarkoitukset<\/h3>\t\t\t\t<\/div>\n\t\t\t\t<\/div>\n\t\t\t\t<div class=\"elementor-element elementor-element-088584c elementor-widget elementor-widget-text-editor\" data-id=\"088584c\" data-element_type=\"widget\" data-e-type=\"widget\" data-widget_type=\"text-editor.default\">\n\t\t\t\t<div class=\"elementor-widget-container\">\n\t\t\t\t\t\t\t\t\t<p>K\u00e4sittelemme henkil\u00f6tietojasi voidaksemme:<\/p><ol><li>Hallinnoi ja vahvista varauksia<\/li><li>Tarjoa majoituspalveluita<\/li><li>Kommunikoida kanssasi ennen oleskeluasi, sen aikana ja sen j\u00e4lkeen<\/li><li>Noudata vero- ja kirjanpitovelvoitteita<\/li><li>Paranna verkkosivustoamme ja asiakaskokemusta<\/li><li>L\u00e4het\u00e4 uutiskirjeit\u00e4 ja mainosviestej\u00e4 (suostumuksella)<\/li><li>Varmista tapahtumien ja verkkosivuston turvallisuus<\/li><\/ol>\t\t\t\t\t\t\t\t<\/div>\n\t\t\t\t<\/div>\n\t\t\t\t<div class=\"elementor-element elementor-element-f712e0f elementor-widget elementor-widget-heading\" data-id=\"f712e0f\" data-element_type=\"widget\" data-e-type=\"widget\" data-widget_type=\"heading.default\">\n\t\t\t\t<div class=\"elementor-widget-container\">\n\t\t\t\t\t<h3 class=\"elementor-heading-title elementor-size-default\">IV. K\u00e4sittelyn oikeusperusta (yleisen tietosuoja-asetuksen 6 artikla)<\/h3>\t\t\t\t<\/div>\n\t\t\t\t<\/div>\n\t\t\t\t<div class=\"elementor-element elementor-element-424b4b8 elementor-widget elementor-widget-text-editor\" data-id=\"424b4b8\" data-element_type=\"widget\" data-e-type=\"widget\" data-widget_type=\"text-editor.default\">\n\t\t\t\t<div class=\"elementor-widget-container\">\n\t\t\t\t\t\t\t\t\t<p>K\u00e4sittelemme henkil\u00f6tietoja seuraavien perusteella:<\/p><ol><li>Sopimuksen t\u00e4yt\u00e4nt\u00f6\u00f6npano (varaus- ja majoituspalvelut)<\/li><li>Lakis\u00e4\u00e4teisten velvoitteiden noudattaminen<\/li><li>Oikeutettu etu (palvelun parantaminen, j\u00e4rjestelm\u00e4n turvallisuus)<\/li><li>Nimenomaisen suostumuksesi (uutiskirje ja valinnaiset ev\u00e4steet)<\/li><\/ol>\t\t\t\t\t\t\t\t<\/div>\n\t\t\t\t<\/div>\n\t\t\t\t<div class=\"elementor-element elementor-element-0800c21 elementor-widget elementor-widget-heading\" data-id=\"0800c21\" data-element_type=\"widget\" data-e-type=\"widget\" data-widget_type=\"heading.default\">\n\t\t\t\t<div class=\"elementor-widget-container\">\n\t\t\t\t\t<h3 class=\"elementor-heading-title elementor-size-default\">V. Tietojen vastaanottajat \/ k\u00e4sittelij\u00e4t<\/h3>\t\t\t\t<\/div>\n\t\t\t\t<\/div>\n\t\t\t\t<div class=\"elementor-element elementor-element-38dc221 elementor-widget elementor-widget-text-editor\" data-id=\"38dc221\" data-element_type=\"widget\" data-e-type=\"widget\" data-widget_type=\"text-editor.default\">\n\t\t\t\t<div class=\"elementor-widget-container\">\n\t\t\t\t\t\t\t\t\t<p>Tietojasi voidaan jakaa puolestamme toimivien luotettavien palveluntarjoajien kanssa, mukaan lukien:<\/p><ul><li>Webhotelier (online-varauskone)<\/li><li>Eurobank (maksuyhdysk\u00e4yt\u00e4v\u00e4n tarjoaja)<\/li><li>HOTELIZER (kiinteist\u00f6nhallintaj\u00e4rjestelm\u00e4 \u2013 PMS)<\/li><li>Uutiskirjepalveluntarjoaja<\/li><li>Hosting- ja IT-tuen tarjoajat<\/li><li>Kirjanpito- ja veroneuvojat<\/li><\/ul><p>Kaikki kumppanit ovat sopimusvelvollisia noudattamaan GDPR:\u00e4\u00e4.<\/p>\t\t\t\t\t\t\t\t<\/div>\n\t\t\t\t<\/div>\n\t\t\t\t<div class=\"elementor-element elementor-element-5bb6efa elementor-widget elementor-widget-heading\" data-id=\"5bb6efa\" data-element_type=\"widget\" data-e-type=\"widget\" data-widget_type=\"heading.default\">\n\t\t\t\t<div class=\"elementor-widget-container\">\n\t\t\t\t\t<h3 class=\"elementor-heading-title elementor-size-default\">VI. Kansainv\u00e4liset tiedonsiirrot<\/h3>\t\t\t\t<\/div>\n\t\t\t\t<\/div>\n\t\t\t\t<div class=\"elementor-element elementor-element-184dc31 elementor-widget elementor-widget-text-editor\" data-id=\"184dc31\" data-element_type=\"widget\" data-e-type=\"widget\" data-widget_type=\"text-editor.default\">\n\t\t\t\t<div class=\"elementor-widget-container\">\n\t\t\t\t\t\t\t\t\t<p>Jos tietyt palveluntarjoajat (esim. analytiikka- tai uutiskirjealustat) sijaitsevat Euroopan unionin ulkopuolella, tiedonsiirrot suojataan Euroopan komission hyv\u00e4ksymill\u00e4 vakiosopimuslausekkeilla.<\/p>\t\t\t\t\t\t\t\t<\/div>\n\t\t\t\t<\/div>\n\t\t\t\t<div class=\"elementor-element elementor-element-f19b1f6 elementor-widget elementor-widget-heading\" data-id=\"f19b1f6\" data-element_type=\"widget\" data-e-type=\"widget\" data-widget_type=\"heading.default\">\n\t\t\t\t<div class=\"elementor-widget-container\">\n\t\t\t\t\t<h3 class=\"elementor-heading-title elementor-size-default\">VII. Tietojen s\u00e4ilytt\u00e4minen<\/h3>\t\t\t\t<\/div>\n\t\t\t\t<\/div>\n\t\t\t\t<div class=\"elementor-element elementor-element-9b2919b elementor-widget elementor-widget-text-editor\" data-id=\"9b2919b\" data-element_type=\"widget\" data-e-type=\"widget\" data-widget_type=\"text-editor.default\">\n\t\t\t\t<div class=\"elementor-widget-container\">\n\t\t\t\t\t\t\t\t\t<p>S\u00e4ilyt\u00e4mme henkil\u00f6tietoja vain niin kauan kuin on tarpeen:<\/p><p>Varaus- ja laskutustiedot: jopa 10 vuotta (Kreikan verolain edellytt\u00e4m\u00e4ll\u00e4 tavalla)<\/p><p>Yhteydenottolomakkeen tiedot: enint\u00e4\u00e4n 24 kuukautta<\/p><p>Uutiskirjeen tiedot: kunnes peruutat suostumuksesi<\/p><p>Analytiikkatiedot: Google Analyticsin s\u00e4ilytysasetusten mukaisesti<\/p>\t\t\t\t\t\t\t\t<\/div>\n\t\t\t\t<\/div>\n\t\t\t\t<div class=\"elementor-element elementor-element-b192347 elementor-widget elementor-widget-heading\" data-id=\"b192347\" data-element_type=\"widget\" data-e-type=\"widget\" data-widget_type=\"heading.default\">\n\t\t\t\t<div class=\"elementor-widget-container\">\n\t\t\t\t\t<h3 class=\"elementor-heading-title elementor-size-default\">VIII. Tietoja oikeuksistasi<\/h3>\t\t\t\t<\/div>\n\t\t\t\t<\/div>\n\t\t\t\t<div class=\"elementor-element elementor-element-986f8cb elementor-widget elementor-widget-text-editor\" data-id=\"986f8cb\" data-element_type=\"widget\" data-e-type=\"widget\" data-widget_type=\"text-editor.default\">\n\t\t\t\t<div class=\"elementor-widget-container\">\n\t\t\t\t\t\t\t\t\t<p>GDPR:n nojalla sinulla on oikeus:<\/p><ul><li>K\u00e4yt\u00e4 henkil\u00f6tietojasi<\/li><li>Pyyd\u00e4 virheellisten tietojen korjaamista<\/li><li>Pyyd\u00e4 poistoa (jos se on lain mukaan mahdollista)<\/li><li>Rajoita k\u00e4sittely\u00e4<\/li><li>Vastusta k\u00e4sittely\u00e4<\/li><li>Tietojen siirrett\u00e4vyys<\/li><li>Peruuttaa suostumuksen milloin tahansa<\/li><li>Tee valitus Kreikan tietosuojaviranomaiselle (www.dpa.gr)<\/li><\/ul><p>Pyynn\u00f6t voi l\u00e4hett\u00e4\u00e4 osoitteeseen: info@alsusboutiquehotel.com<\/p><p>Vastaamme yhden (1) kuukauden kuluessa lain edellytt\u00e4m\u00e4ll\u00e4 tavalla.<\/p>\t\t\t\t\t\t\t\t<\/div>\n\t\t\t\t<\/div>\n\t\t\t\t<div class=\"elementor-element elementor-element-f67f3b6 elementor-widget elementor-widget-heading\" data-id=\"f67f3b6\" data-element_type=\"widget\" data-e-type=\"widget\" data-widget_type=\"heading.default\">\n\t\t\t\t<div class=\"elementor-widget-container\">\n\t\t\t\t\t<h3 class=\"elementor-heading-title elementor-size-default\">IX. Tietoturva<\/h3>\t\t\t\t<\/div>\n\t\t\t\t<\/div>\n\t\t\t\t<div class=\"elementor-element elementor-element-f46656d elementor-widget elementor-widget-text-editor\" data-id=\"f46656d\" data-element_type=\"widget\" data-e-type=\"widget\" data-widget_type=\"text-editor.default\">\n\t\t\t\t<div class=\"elementor-widget-container\">\n\t\t\t\t\t\t\t\t\t<p>Toteutamme asianmukaisia teknisi\u00e4 ja organisatorisia toimenpiteit\u00e4 henkil\u00f6tietojesi suojaamiseksi, mukaan lukien:<\/p><ul><li>SSL-salaus<\/li><li>Suojatut palvelimet<\/li><li>Rajoitettu p\u00e4\u00e4sy valtuutetulle henkil\u00f6st\u00f6lle<\/li><li>Salassapitosopimukset<\/li><li>Turvalliset maksuj\u00e4rjestelm\u00e4t<\/li><\/ul>\t\t\t\t\t\t\t\t<\/div>\n\t\t\t\t<\/div>\n\t\t\t\t<div class=\"elementor-element elementor-element-52e66ee elementor-widget elementor-widget-heading\" data-id=\"52e66ee\" data-element_type=\"widget\" data-e-type=\"widget\" data-widget_type=\"heading.default\">\n\t\t\t\t<div class=\"elementor-widget-container\">\n\t\t\t\t\t<h3 class=\"elementor-heading-title elementor-size-default\">X. Ev\u00e4steet<\/h3>\t\t\t\t<\/div>\n\t\t\t\t<\/div>\n\t\t\t\t<div class=\"elementor-element elementor-element-eb6451e elementor-widget elementor-widget-text-editor\" data-id=\"eb6451e\" data-element_type=\"widget\" data-e-type=\"widget\" data-widget_type=\"text-editor.default\">\n\t\t\t\t<div class=\"elementor-widget-container\">\n\t\t\t\t\t\t\t\t\t<p>Verkkosivustomme k\u00e4ytt\u00e4\u00e4:<\/p><ul><li>Ehdottoman v\u00e4ltt\u00e4m\u00e4tt\u00f6m\u00e4t ev\u00e4steet olennaisten toimintojen kannalta<\/li><li>Analytiikkaev\u00e4steet (Google Analytics)<\/li><li>Suostumusev\u00e4steet mieltymystesi muistamiseksi<\/li><\/ul><p>Voit hallita ev\u00e4steasetuksiasi verkkosivustollamme n\u00e4kyv\u00e4n ev\u00e4stebannerin kautta.<\/p>\t\t\t\t\t\t\t\t<\/div>\n\t\t\t\t<\/div>\n\t\t\t\t<div class=\"elementor-element elementor-element-53c229b elementor-widget elementor-widget-heading\" data-id=\"53c229b\" data-element_type=\"widget\" data-e-type=\"widget\" data-widget_type=\"heading.default\">\n\t\t\t\t<div class=\"elementor-widget-container\">\n\t\t\t\t\t<h3 class=\"elementor-heading-title elementor-size-default\">XI. T\u00e4m\u00e4n k\u00e4yt\u00e4nn\u00f6n p\u00e4ivitykset<\/h3>\t\t\t\t<\/div>\n\t\t\t\t<\/div>\n\t\t\t\t<div class=\"elementor-element elementor-element-0570509 elementor-widget elementor-widget-text-editor\" data-id=\"0570509\" data-element_type=\"widget\" data-e-type=\"widget\" data-widget_type=\"text-editor.default\">\n\t\t\t\t<div class=\"elementor-widget-container\">\n\t\t\t\t\t\t\t\t\t<p data-start=\"5173\" data-end=\"5290\">T\u00e4t\u00e4 tietosuojak\u00e4yt\u00e4nt\u00f6\u00e4 voidaan p\u00e4ivitt\u00e4\u00e4 ajoittain. Kaikki muutokset julkaistaan t\u00e4ll\u00e4 sivulla tarkistetulla p\u00e4iv\u00e4m\u00e4\u00e4r\u00e4ll\u00e4.<\/p><p data-start=\"5173\" data-end=\"5290\"><em>Viimeksi p\u00e4ivitetty: 21.2.2026<\/em><\/p>\t\t\t\t\t\t\t\t<\/div>\n\t\t\t\t<\/div>\n\t\t                    <\/div>\r\n        <\/div>\r\n        \t\t\t<\/div>\n\t\t<\/section>\n\t\t\t\t<\/div>","protected":false},"excerpt":{"rendered":"<p>Definitions For the purposes of this Privacy Policy: \u201cPersonal Data\u201d means any information relating to an identified or identifiable natural person. \u201cData Subject\u201d means any individual whose personal data is processed by SAMARITIS S.A. \u201cProcessing\u201d means any operation performed on personal data, including collection, recording, storage, use, disclosure, or deletion. \u201cController\u201d means SAMARITIS S.A., which [&hellip;]<\/p>\n","protected":false},"author":1,"featured_media":0,"parent":0,"menu_order":0,"comment_status":"closed","ping_status":"closed","template":"","meta":{"footnotes":""},"class_list":["post-17082","page","type-page","status-publish","hentry"],"_links":{"self":[{"href":"https:\/\/www.alsusboutiquehotel.com\/fi\/wp-json\/wp\/v2\/pages\/17082","targetHints":{"allow":["GET"]}}],"collection":[{"href":"https:\/\/www.alsusboutiquehotel.com\/fi\/wp-json\/wp\/v2\/pages"}],"about":[{"href":"https:\/\/www.alsusboutiquehotel.com\/fi\/wp-json\/wp\/v2\/types\/page"}],"author":[{"embeddable":true,"href":"https:\/\/www.alsusboutiquehotel.com\/fi\/wp-json\/wp\/v2\/users\/1"}],"replies":[{"embeddable":true,"href":"https:\/\/www.alsusboutiquehotel.com\/fi\/wp-json\/wp\/v2\/comments?post=17082"}],"version-history":[{"count":6,"href":"https:\/\/www.alsusboutiquehotel.com\/fi\/wp-json\/wp\/v2\/pages\/17082\/revisions"}],"predecessor-version":[{"id":21281,"href":"https:\/\/www.alsusboutiquehotel.com\/fi\/wp-json\/wp\/v2\/pages\/17082\/revisions\/21281"}],"wp:attachment":[{"href":"https:\/\/www.alsusboutiquehotel.com\/fi\/wp-json\/wp\/v2\/media?parent=17082"}],"curies":[{"name":"wp","href":"https:\/\/api.w.org\/{rel}","templated":true}]}}