{"id":17124,"date":"2025-02-13T14:29:58","date_gmt":"2025-02-13T14:29:58","guid":{"rendered":"https:\/\/www.alsusboutiquehotel.com\/?page_id=17124"},"modified":"2025-02-13T14:30:23","modified_gmt":"2025-02-13T14:30:23","slug":"cookies-policy","status":"publish","type":"page","link":"https:\/\/www.alsusboutiquehotel.com\/fi\/cookies-policy\/","title":{"rendered":"Ev\u00e4stek\u00e4yt\u00e4nt\u00f6"},"content":{"rendered":"<div data-elementor-type=\"wp-page\" data-elementor-id=\"17124\" class=\"elementor elementor-17124\">\n\t\t\t\t        <section class=\"elementor-section elementor-top-section elementor-element elementor-element-2ea7339f elementor-section-boxed elementor-section-height-default elementor-section-height-default pxl-section-static-pos-no pxl-section-overflow-hidden-no pxl-container-margin-auto-no\" data-id=\"2ea7339f\" data-element_type=\"section\" data-e-type=\"section\">\n\n                \n                <div class=\"elementor-container elementor-column-gap-default\">\n                <div class=\"elementor-column elementor-col-100 elementor-top-column elementor-element elementor-element-73df817c col-offset-none pxl-column-element-default pxl-column-overflow-hidden-no\" data-id=\"73df817c\" data-element_type=\"column\" data-e-type=\"column\">\r\n        <div class=\"elementor-widget-wrap elementor-element-populated\">\r\n                    \t\t<div class=\"elementor-element elementor-element-6277fa99 elementor-widget elementor-widget-text-editor\" data-id=\"6277fa99\" data-element_type=\"widget\" data-e-type=\"widget\" data-widget_type=\"text-editor.default\">\n\t\t\t\t<div class=\"elementor-widget-container\">\n\t\t\t\t\t\t\t\t\t<div class=\"elementor-element elementor-element-3454921c elementor-widget__width-initial elementor-widget elementor-widget-text-editor\" data-id=\"3454921c\" data-element_type=\"widget\" data-widget_type=\"text-editor.default\"><div class=\"elementor-widget-container\"><h1>Ev\u00e4stek\u00e4yt\u00e4nt\u00f6<\/h1><p><em>Viimeksi p\u00e4ivitetty 19.12.2024<\/em><\/p><p><strong>Ev\u00e4stek\u00e4yt\u00e4nt\u00f6<\/strong> jostakin<\/p><p><strong>Alsus Boutique Hotel<\/strong>,<br \/>50 Andrea Papandreou Amoudara, Heraklion,<br \/>Kreeta<br \/>71414,<br \/>Kreikka,<br \/>s\u00e4hk\u00f6posti: info@alsusboutiquehotel.com,<br \/>puhelin: +302810372700<\/p><p>T\u00e4m\u00e4 ev\u00e4stek\u00e4yt\u00e4nt\u00f6 tarjoaa tietoa hotellin verkkosivuston ev\u00e4steiden ja vastaavien tekniikoiden k\u00e4yt\u00f6st\u00e4. Se kuvaa my\u00f6s, millaisia vaihtoehtoja sinulla voi olla ev\u00e4steiden ja vastaavien tekniikoiden suhteen.<\/p><p>T\u00e4m\u00e4 ev\u00e4stek\u00e4yt\u00e4nt\u00f6 on osa verkkosivuston k\u00e4ytt\u00f6ehtoja ja se on sis\u00e4llytetty niihin, ja sit\u00e4 voidaan muuttaa ajoittain. On suositeltavaa, ett\u00e4 tarkistat ev\u00e4stek\u00e4yt\u00e4nn\u00f6n s\u00e4\u00e4nn\u00f6llisesti pysy\u00e4ksesi ajan tasalla mahdollisista muutoksista. Verkkosivustolla voi my\u00f6s n\u00e4ky\u00e4 asiaankuuluvia ilmoituksia olennaisista muutoksista. K\u00e4ym\u00e4ll\u00e4 verkkosivustolla hyv\u00e4ksyt kaikki t\u00e4h\u00e4n k\u00e4yt\u00e4nt\u00f6\u00f6n tehdyt muutokset.<\/p><p><strong>Mit\u00e4 ev\u00e4steet ovat?<\/strong><\/p><p>Ev\u00e4steet ovat pieni\u00e4 tekstitiedostoja \u2013 yleens\u00e4 kirjaimista ja numeroista koostuvia tiedostoja, jotka verkkopalvelin tallentaa laitteellesi.<\/p><p>Ev\u00e4steet jaetaan istuntoev\u00e4steisiin ja pysyviin ev\u00e4steisiin sen mukaan, kuinka kauan ne pysyv\u00e4t tallennettuna laitteellesi. Istuntoev\u00e4steet tallennetaan laitteellesi heti, kun vierailet verkkosivustolla, ja ne poistetaan automaattisesti selaimen sulkemisen j\u00e4lkeen. Pysyv\u00e4t ev\u00e4steet tallennetaan laitteellesi heti, kun vierailet verkkosivustolla, ja ne pysyv\u00e4t tallennettuina selaimen sulkemisen j\u00e4lkeen. Pysyv\u00e4t ev\u00e4steet otetaan automaattisesti uudelleen k\u00e4ytt\u00f6\u00f6n, kun avaat selaimen ja selaat interneti\u00e4.<\/p><p>Ensimm\u00e4isen ja kolmannen osapuolen ev\u00e4steet \u2013 Ev\u00e4steet luokitellaan &quot;ensimm\u00e4isen&quot; tai &quot;kolmannen osapuolen&quot; ev\u00e4steiksi riippuen verkkosivustosta tai ev\u00e4steen asentavasta verkkotunnuksesta. Ensimm\u00e4isen osapuolen ev\u00e4steet ovat yleens\u00e4 ev\u00e4steit\u00e4, jotka asentaa k\u00e4ytt\u00e4j\u00e4n vierailema verkkosivusto \u2013 verkkosivusto, joka n\u00e4kyy URL-ikkunassa. Kolmannen osapuolen ev\u00e4steet ovat ev\u00e4steit\u00e4, jotka asentaa jokin muu verkkosivusto (verkkotunnus) kuin se, jolla k\u00e4ytt\u00e4j\u00e4 vierailee. Jos k\u00e4ytt\u00e4j\u00e4 vierailee verkkosivustolla ja jokin toinen yritys asentaa ev\u00e4steen kyseisen verkkosivuston kautta, kyseinen ev\u00e4ste on kolmannen osapuolen ev\u00e4ste.<\/p><p><strong>Miksi k\u00e4yt\u00e4mme ev\u00e4steit\u00e4<\/strong><\/p><p>K\u00e4yt\u00e4mme ev\u00e4steit\u00e4 tarjotaksemme sinulle parhaan mahdollisen selauskokemuksen. Jotkin ev\u00e4steet ovat teknisesti v\u00e4ltt\u00e4m\u00e4tt\u00f6mi\u00e4 verkkosivuston asianmukaisen toiminnan kannalta. Toisia ev\u00e4steit\u00e4 k\u00e4ytet\u00e4\u00e4n toimintojen suorittamiseen, kuten mainontaan ja tilastojen ker\u00e4\u00e4miseen (esim. kuinka monta k\u00e4vij\u00e4\u00e4 on katsonut tiettyj\u00e4 sivuja verkkosivustollamme).<\/p><p>Me ja\/tai puolestamme palveluita tarjoavat kolmannet osapuolet luokittelevat ev\u00e4steet alla kuvatulla tavalla.<\/p><p>Ehdottoman v\u00e4ltt\u00e4m\u00e4tt\u00f6m\u00e4t ev\u00e4steet<\/p><p>N\u00e4m\u00e4 ev\u00e4steet ovat ehdottoman v\u00e4ltt\u00e4m\u00e4tt\u00f6mi\u00e4, jotta voimme tarjota sinulle pyyt\u00e4mi\u00e4si palveluita verkkosivuston kautta. Ne ovat v\u00e4ltt\u00e4m\u00e4tt\u00f6mi\u00e4, jotta voit vierailla verkkosivustollamme ja k\u00e4ytt\u00e4\u00e4 sen ominaisuuksia oikein. Perustoiminnot, kuten seuraavat, perustuvat n\u00e4ihin t\u00e4rkeisiin ev\u00e4steisiin:<\/p><p>Pysy\u00e4ksesi kirjautuneena verkkosivustolle,<\/p><p>o Tunnistaa henkil\u00f6tietosi, jotka annat verkkosivustolle tapahtumien yhteydess\u00e4,<\/p><p>o Suojellaksemme maksutapahtumiesi turvallisuutta ohjaamalla sinut kolmannen osapuolen maksusovelluksiin ja palaamalla verkkosivustolle maksutapahtuman suorittamiseksi,<\/p><p>o Hae tietoja tapahtumastasi sen valmistumisen j\u00e4lkeen ja<\/p><p>Yleisesti ottaen voidaksemme tarjota sinulle palveluita ja tietoja pyynn\u00f6st\u00e4si<\/p><p>Toiminnalliset ev\u00e4steet<\/p><p>N\u00e4iden ev\u00e4steiden avulla voimme personoida sis\u00e4lt\u00f6\u00e4mme sinulle, puhutella sinua nimell\u00e4si ja muistaa mieltymyksesi (esimerkiksi valitsemasi kieli tai alue). Jos p\u00e4\u00e4t\u00e4t poistaa\/poistaa k\u00e4yt\u00f6st\u00e4 toiminnallisuusev\u00e4steet, valitsemiasi asetuksia ei s\u00e4ilytet\u00e4 seuraavilla verkkosivustovierailuillasi.<\/p><p>Suorituskykyev\u00e4steet<\/p><p>N\u00e4m\u00e4 ev\u00e4steet ker\u00e4\u00e4v\u00e4t tietoa siit\u00e4, miten k\u00e4ytt\u00e4j\u00e4t k\u00e4ytt\u00e4v\u00e4t verkkosivustoa, jotta voimme tarkastella ja parantaa verkkosivustoa ja k\u00e4vij\u00e4n kokemusta. N\u00e4m\u00e4 ev\u00e4steet eiv\u00e4t ker\u00e4\u00e4 tietoja, jotka tunnistavat k\u00e4vij\u00e4n.<\/p><p>T\u00e4llaiset ev\u00e4steet ker\u00e4\u00e4v\u00e4t tietoja seuraavista:<\/p><p>Sivut, joilla ihmiset k\u00e4yv\u00e4t useimmin,<br \/>K\u00e4ytt\u00e4jien valitsemat linkit,<br \/>Virheilmoitukset, joita k\u00e4ytt\u00e4j\u00e4t saattavat saada selatessaan verkkosivustoa jne.<\/p><p>Kolmannen osapuolen ev\u00e4steet \/ markkinointi<\/p><p>Jotta voimme tarjota sinulle mielenkiintoisempaa sis\u00e4lt\u00f6\u00e4 ja auttaa sinua vuorovaikutuksessa sosiaalisen median tiliesi kanssa, verkkosivusto voi sis\u00e4lt\u00e4\u00e4 kolmansien osapuolten sis\u00e4lt\u00f6\u00e4 ja palveluita (esim. Facebookin, Twitterin, YouTuben, Instagramin, Pinterestin jne. &quot;laajennuksia&quot;) tai linkkej\u00e4 kolmansien osapuolten verkkosivustoille. Kun vierailet kolmansien osapuolten linkeiss\u00e4 ja\/tai verkkosivustoilla, sinuun sovelletaan n\u00e4iden kolmansien osapuolten ev\u00e4stek\u00e4yt\u00e4nt\u00f6j\u00e4. T\u00e4ss\u00e4 tapauksessa toimit omalla tahdollasi, emmek\u00e4 ota mit\u00e4\u00e4n vastuuta mist\u00e4\u00e4n ongelmista, jotka johtuvat kolmannen osapuolen verkkosivuston ev\u00e4steiden tallentamisesta laitteellesi.<\/p><p>Verkkosivustoillamme k\u00e4ytet\u00e4\u00e4n seuraavia kolmannen osapuolen ohjelmistoty\u00f6kaluja:<br \/>\u2022 Google Analytics \u2013 verkkosivuston toiminnan seuranta ja tilastot.<br \/>\u2022 Google Ads \/ Bindg Ads \u2013 sponsoroituihin listauksiin hakukoneiden tulossivuilla.<br \/>\u2022 Facebookin uudelleenkohdistaminen \u2013 seuraa, mit\u00e4 verkkosivuja katselet ja mit\u00e4 mainoksia n\u00e4et.<br \/>\u2022 Instagramin uudelleenkohdistaminen \u2013 seuraa, mit\u00e4 verkkosivuja katselet ja mit\u00e4 mainoksia n\u00e4et.<\/p><p><strong>Ev\u00e4steiden hallinta<\/strong><\/p><p>Useimmat internetselaimet hyv\u00e4ksyv\u00e4t ev\u00e4steet automaattisesti, mutta tarjoavat hallintakeinoja, joiden avulla voit est\u00e4\u00e4 ev\u00e4steet tai poistaa ne. Voit milloin tahansa ottaa ev\u00e4steiden asennuksen k\u00e4ytt\u00f6\u00f6n tai poistaa ne k\u00e4yt\u00f6st\u00e4 muuttamalla k\u00e4ytt\u00e4m\u00e4si selaimen asetuksia. Voit my\u00f6s m\u00e4\u00e4ritt\u00e4\u00e4 k\u00e4ytt\u00e4m\u00e4si selaimen ilmoittamaan sinulle ennen ev\u00e4steen asentamista laitteellesi tai poistaa jo asennetut ev\u00e4steet selaimesi ohjeiden mukaisesti. Jos k\u00e4yt\u00e4t useita laitteita, sinun on m\u00e4\u00e4ritett\u00e4v\u00e4 selainj\u00e4rjestelm\u00e4 haluamallasi tavalla jokaisella laitteellasi.<\/p><p>Jos p\u00e4\u00e4t\u00e4t poistaa kaikki ev\u00e4steet k\u00e4yt\u00f6st\u00e4, et v\u00e4ltt\u00e4m\u00e4tt\u00e4 pysty t\u00e4ysin nauttimaan verkkosivustomme interaktiivisista ominaisuuksista tai vastaanottamaan palveluitamme verkkosivustomme kautta.<\/p><p>Ev\u00e4steiden poistaminen ei poista Flash-sovellusobjekteja. Voit lukea lis\u00e4\u00e4 Flash-sovellusobjekteista, mukaan lukien niiden hallinnasta ja poistamisesta k\u00e4yt\u00f6st\u00e4, Adoben verkkosivustolta. Lis\u00e4tietoja eri verkkosivustoilla k\u00e4ytetyist\u00e4 ev\u00e4steist\u00e4 ja vastaavista tekniikoista l\u00f6yd\u00e4t selainj\u00e4rjestelm\u00e4si tai muiden internet-resurssien kautta.<\/p><p>Voit hallita ev\u00e4steit\u00e4 selaimesi kautta valitsemalla seuraavat hyperlinkit, jotka ohjaavat sinut selaimesi ohjeisiin:<\/p><p>Microsoft Windowsin Resurssienhallinta<br \/>Mozilla Firefox<br \/>Google Chrome<br \/>Apple Safari<\/p><p>Voit lukea lis\u00e4\u00e4 ev\u00e4steist\u00e4 seuraavilta kolmannen osapuolen verkkosivustoilta:<\/p><p>Kaikki ev\u00e4steist\u00e4: <a title=\"Kaikki ev\u00e4steist\u00e4\" href=\"https:\/\/www.allaboutcookies.org\/\" target=\"_blank\" rel=\"noopener\">https:\/\/www.allaboutcookies.org\/<\/a><br \/>Ev\u00e4stepedia: <a title=\"Ev\u00e4stepedia\" href=\"https:\/\/cookiepedia.co.uk\/\" target=\"_blank\" rel=\"noopener\">https:\/\/cookiepedia.co.uk\/<\/a><\/p><p><strong>Mit\u00e4 vastaavia tekniikoita on olemassa?<\/strong><\/p><p>Pikselitunnisteet, verkkoj\u00e4ljitteet, upotetut skriptit ja l\u00e4pin\u00e4kyv\u00e4t GIF-kuvat ovat pieni\u00e4 tiedostoja, joita k\u00e4ytet\u00e4\u00e4n verkkosivun navigoinnin seuraamiseen ja joita voidaan k\u00e4ytt\u00e4\u00e4 yhdess\u00e4 ev\u00e4steiden kanssa. Flash-objektit (paikallisesti jaetut objektit) ovat pieni\u00e4 tiedostoja, jotka tallennetaan laitteellesi verkkosivulta, joka k\u00e4ytt\u00e4\u00e4 Adoben Flash Player -tekniikkaa.<\/p><p>Verkkoj\u00e4ljitteet ja upotetut komentosarjat<\/p><p>Verkkoj\u00e4ljitteet ja upotetut skriptit ovat muita teknologioita, joita k\u00e4yt\u00e4mme verkkosivustollamme sek\u00e4 tietyiss\u00e4 s\u00e4hk\u00f6posteissa ja mainoksissa.<\/p><p>J\u00e4ljitteet (tai \u201dtunnisteet\u201d) ovat verkkosivuille, s\u00e4hk\u00f6posteihin ja mainoksiin sis\u00e4llytettyj\u00e4 ohjelmointikoodin osia, jotka paljastavat meille ja\/tai puolestamme palveluja tarjoaville kolmansille osapuolille, milloin kyseisi\u00e4 verkkosivuja, s\u00e4hk\u00f6posteja tai mainoksia on katsottu tai valittu.<\/p><p>K\u00e4yt\u00e4mme n\u00e4it\u00e4 tietoja verkkosivustomme parantamiseen, verkkosivustomme muokkaamiseen mahdollisten kiinnostuksen kohteidesi mukaan ja markkinatutkimuksen suorittamiseen. Voit poistaa t\u00e4llaiset kooditoiminnot, kuten JavaScriptin, k\u00e4yt\u00f6st\u00e4 selainj\u00e4rjestelm\u00e4si kautta (katso lis\u00e4tietoja selaimesi ohjetoiminnosta). Huomaa, ett\u00e4 jos poistat kooditoiminnot k\u00e4yt\u00f6st\u00e4, verkkosivusto ei v\u00e4ltt\u00e4m\u00e4tt\u00e4 toimi oikein.<\/p><p><strong>Tietosuoja<\/strong><\/p><p>Olemme sitoutuneet noudattamaan hyvi\u00e4 tietosuojak\u00e4yt\u00e4nt\u00f6j\u00e4. Lis\u00e4tietoja l\u00e4hestymistavastamme yksityisyyteen on saatavilla verkkosivuiltamme. <a href=\"https:\/\/www.alsusboutiquehotel.com\/fi\/privacy-policy\/\">Tietosuojak\u00e4yt\u00e4nt\u00f6<\/a>.<\/p><ol><li><h3>Valitus \/ Tietosuojavastaava:<\/h3><p>Jos sinulla on kysytt\u00e4v\u00e4\u00e4 tai huolenaiheita meill\u00e4 olevien tietojesi k\u00e4sittelyst\u00e4, voit l\u00e4hett\u00e4\u00e4 s\u00e4hk\u00f6postia valitusvastaavallemme osoitteeseen<\/p><p>Alsus Boutique Hotel,<br \/>50 Andrea Papandreou Amoudara, Heraklion,<br \/>s\u00e4hk\u00f6posti: <a href=\"mailto:info@alsusboutiquehotel.com\">info@alsusboutiquehotel.com<\/a><\/p><p>K\u00e4sittelemme huolenaiheesi sovellettavan lain mukaisesti.<\/p><\/li><\/ol><\/div><\/div>\t\t\t\t\t\t\t\t<\/div>\n\t\t\t\t<\/div>\n\t\t                    <\/div>\r\n        <\/div>\r\n        \t\t\t<\/div>\n\t\t<\/section>\n\t\t\t\t<\/div>","protected":false},"excerpt":{"rendered":"<p>Cookies Policy Last Updated On 19-Dec-2024 Cookies Policy of Alsus Boutique Hotel,50 Andrea Papandreou Amoudara, Heraklion,Crete71414,Greece,email: info@alsusboutiquehotel.com,phone: +302810372700 This Cookies Policy provides information regarding the use of Cookies and Similar Technologies by the hotel\u2019s website. It also describes what kind of choices you may have regarding Cookies and Similar Technologies. This Cookie Policy is part [&hellip;]<\/p>\n","protected":false},"author":1,"featured_media":0,"parent":0,"menu_order":0,"comment_status":"closed","ping_status":"closed","template":"","meta":{"footnotes":""},"class_list":["post-17124","page","type-page","status-publish","hentry"],"_links":{"self":[{"href":"https:\/\/www.alsusboutiquehotel.com\/fi\/wp-json\/wp\/v2\/pages\/17124","targetHints":{"allow":["GET"]}}],"collection":[{"href":"https:\/\/www.alsusboutiquehotel.com\/fi\/wp-json\/wp\/v2\/pages"}],"about":[{"href":"https:\/\/www.alsusboutiquehotel.com\/fi\/wp-json\/wp\/v2\/types\/page"}],"author":[{"embeddable":true,"href":"https:\/\/www.alsusboutiquehotel.com\/fi\/wp-json\/wp\/v2\/users\/1"}],"replies":[{"embeddable":true,"href":"https:\/\/www.alsusboutiquehotel.com\/fi\/wp-json\/wp\/v2\/comments?post=17124"}],"version-history":[{"count":0,"href":"https:\/\/www.alsusboutiquehotel.com\/fi\/wp-json\/wp\/v2\/pages\/17124\/revisions"}],"wp:attachment":[{"href":"https:\/\/www.alsusboutiquehotel.com\/fi\/wp-json\/wp\/v2\/media?parent=17124"}],"curies":[{"name":"wp","href":"https:\/\/api.w.org\/{rel}","templated":true}]}}