{"id":1834,"date":"2022-09-23T08:43:42","date_gmt":"2022-09-23T08:43:42","guid":{"rendered":"https:\/\/demo.7iquid.com\/carmelina\/?page_id=1834"},"modified":"2026-02-18T18:50:08","modified_gmt":"2026-02-18T16:50:08","slug":"promotions-offers","status":"publish","type":"page","link":"https:\/\/www.alsusboutiquehotel.com\/fi\/promotions-offers\/","title":{"rendered":"Tee siit\u00e4 erityinen"},"content":{"rendered":"<div data-elementor-type=\"wp-page\" data-elementor-id=\"1834\" class=\"elementor elementor-1834\">\n\t\t\t\t        <section class=\"elementor-section elementor-top-section elementor-element elementor-element-79dcc1e elementor-section-boxed elementor-section-height-default elementor-section-height-default pxl-section-static-pos-no pxl-section-overflow-hidden-no pxl-container-margin-auto-no\" data-id=\"79dcc1e\" data-element_type=\"section\" data-e-type=\"section\">\n\n                \n                <div class=\"elementor-container elementor-column-gap-default\">\n                <div class=\"elementor-column elementor-col-100 elementor-top-column elementor-element elementor-element-7830b5d col-offset-none pxl-column-element-default pxl-column-overflow-hidden-no\" data-id=\"7830b5d\" data-element_type=\"column\" data-e-type=\"column\">\r\n        <div class=\"elementor-widget-wrap elementor-element-populated\">\r\n                    \t\t<div class=\"elementor-element elementor-element-eccd459 elementor-invisible pxl-elementor-animate elementor-widget elementor-widget-pxl_text_editor\" data-id=\"eccd459\" data-element_type=\"widget\" data-e-type=\"widget\" data-settings=\"{&quot;_animation&quot;:&quot;fadeInUp&quot;}\" data-widget_type=\"pxl_text_editor.default\">\n\t\t\t\t<div class=\"elementor-widget-container\">\n\t\t\t\t\t<div id=\"pxl_text_editor-eccd459-9137\" class=\"pxl-text-editor-wrap d-flex\" >\n\t<div class=\"pxl-text-editor elementor-clearfix\">\n\t\t<h4>Hotellimme luova tiimi on erikoistunut mieleenpainuvien sisustusratkaisujen suunnitteluun. Hemmottele itse\u00e4si ja l\u00e4heisi\u00e4si kiehtovilla sisustuspaketeillamme.<\/h4>\t\t\n\t<\/div>\n<\/div>\t\t\t\t<\/div>\n\t\t\t\t<\/div>\n\t\t\t\t<div class=\"elementor-element elementor-element-c11b9ef elementor-widget elementor-widget-pxl_divider\" data-id=\"c11b9ef\" data-element_type=\"widget\" data-e-type=\"widget\" data-widget_type=\"pxl_divider.default\">\n\t\t\t\t<div class=\"elementor-widget-container\">\n\t\t\t\t\t<div class=\"pxl-divider horizontal animated normal\"><div class=\"pxl-divider-separator\"><\/div><\/div>\t\t\t\t<\/div>\n\t\t\t\t<\/div>\n\t\t\t\t<div class=\"elementor-element elementor-element-1abe319 elementor-widget elementor-widget-pxl_post_list\" data-id=\"1abe319\" data-element_type=\"widget\" data-e-type=\"widget\" data-widget_type=\"pxl_post_list.default\">\n\t\t\t\t<div class=\"elementor-widget-container\">\n\t\t\t\t\t\r\n<div id=\"pxl_post_list-1abe319-8855\" class=\"pxl-grid pxl-post-list layout-events-list-1\" data-layout-mode=\"fitRows\" data-start-page=\"1\" data-max-pages=\"1\" data-total=\"3\" data-perpage=\"6\" data-next-link=\"\">\r\n    <div class=\"pxl-grid-overlay\"><\/div>\r\n    \r\n    <div class=\"pxl-grid-inner pxl-grid-masonry row relative\"> \r\n                <div class=\"grid-item col-xxl-12 col-xl-12 col-lg-12 col-md-12 col-sm-12 col-12\" >\r\n            <div class=\"grid-item-inner item-inner-wrap row gx-0  pxl-animate pxl-invisible animated-normal\" data-settings=\"{&quot;animation&quot;:&quot;fadeInUp&quot;,&quot;animation_delay&quot;:150}\">\r\n                                    <div class=\"item-featured col-12 col-lg-6 col-xl-5\">\r\n                        <div class=\"post-image scale-hover\">\r\n                            <a href=\"https:\/\/www.alsusboutiquehotel.com\/fi\/events\/romantic-escape-heraklion-crete\/\">\r\n                                <img fetchpriority=\"high\" decoding=\"async\" width=\"900\" height=\"595\" src=\"https:\/\/www.alsusboutiquehotel.com\/wp-content\/uploads\/\u03c1\u03bf\u03bc\u03b1\u03bd\u03c4\u03b9\u03ba\u03bf-\u03c3\u03b5\u03c4\u03b1\u03c0-900x595.jpg\" class=\"img-response wp-post-image\" alt=\"Romanttinen sisustus Heraklionissa, Kreetalla, Ammoudarassa\" srcset=\"https:\/\/www.alsusboutiquehotel.com\/wp-content\/uploads\/\u03c1\u03bf\u03bc\u03b1\u03bd\u03c4\u03b9\u03ba\u03bf-\u03c3\u03b5\u03c4\u03b1\u03c0-900x595.jpg 900w, https:\/\/www.alsusboutiquehotel.com\/wp-content\/uploads\/\u03c1\u03bf\u03bc\u03b1\u03bd\u03c4\u03b9\u03ba\u03bf-\u03c3\u03b5\u03c4\u03b1\u03c0-18x12.jpg 18w\" sizes=\"(max-width: 900px) 100vw, 900px\" title=\"\">                                <img decoding=\"async\" class=\"img-desktop no-lazyload\" src=\"https:\/\/www.alsusboutiquehotel.com\/wp-content\/uploads\/\u03c1\u03bf\u03bc\u03b1\u03bd\u03c4\u03b9\u03ba\u03bf-\u03c3\u03b5\u03c4\u03b1\u03c0-740x547.jpg\" width=\"740\" height=\"547\" alt=\"Romanttinen sisustus Heraklionissa, Kreetalla, Ammoudarassa\" title=\"Romanttinen sisustus Heraklionissa, Kreetalla, Ammoudarassa\" \/>       \r\n                            <\/a>\r\n                        <\/div>\r\n                        \r\n                    <\/div>\r\n                                    <div class=\"item-content col-12 col-lg-6 col-xl-7\">\r\n                    <h3 class=\"item-title\"><a href=\"https:\/\/www.alsusboutiquehotel.com\/fi\/events\/romantic-escape-heraklion-crete\/\">Romanttinen pakopaikka Alsus Boutique -hotellissa<\/a><\/h3>\r\n                                            <div class=\"date-wrap\">\r\n                                                                                    <div class=\"date-end d-flex align-items-center\">\r\n                                <span class=\"lbl\">Voimassa asti:<\/span>\r\n                                <span class=\"dvl\">10. tammikuuta 2027<\/span>\r\n                            <\/div>\r\n                                                    <\/div>\r\n                                                                <div class=\"item-excerpt\">\r\n                            Romanttinen loma Iraklionissa, Kreetalla viinin, ruusukoristeiden ja yksityisten yll\u00e4tysten kera. Ihanteellinen h\u00e4\u00e4matkalle, vuosip\u00e4iv\u00e4\u00e4n ja erityisiin hetkiin.                        <\/div>\r\n                                                                <div class=\"row-action d-flex-wrap align-items-center justify-content-between\">\r\n                                                            <div class=\"item-act-book col-auto\">\r\n                                    <a href=\"https:\/\/alsusboutiquehotel.reserve-online.net\/?checkin=2025-05-01&#038;rooms=1&#038;nights=5&#038;adults=2&#038;offerid=46516\" class=\"pxl-readmore\" target=\"_blank\" rel=\"noopener\">\r\n                                        <span class=\"link-text\">Varaa nyt<\/span><span class=\"pxl-icon pxli pxli-long-arrow-right\"><\/span>\r\n                                    <\/a>\r\n                                <\/div>\r\n                                                                                        <div class=\"item-readmore col-auto\">\r\n                                    <a href=\"https:\/\/www.alsusboutiquehotel.com\/fi\/events\/romantic-escape-heraklion-crete\/\" class=\"pxl-btn\">\r\n                                        <span class=\"pxl-button-text\">Lue lis\u00e4\u00e4<\/span>\r\n                                    <\/a>\r\n                                <\/div>\r\n                                                    <\/div>\r\n                                    <\/div>\r\n            <\/div>\r\n        <\/div>\r\n                <div class=\"grid-item col-xxl-12 col-xl-12 col-lg-12 col-md-12 col-sm-12 col-12\" >\r\n            <div class=\"grid-item-inner item-inner-wrap row gx-0  pxl-animate pxl-invisible animated-normal\" data-settings=\"{&quot;animation&quot;:&quot;fadeInUp&quot;,&quot;animation_delay&quot;:150}\">\r\n                                    <div class=\"item-featured col-12 col-lg-6 col-xl-5\">\r\n                        <div class=\"post-image scale-hover\">\r\n                            <a href=\"https:\/\/www.alsusboutiquehotel.com\/fi\/events\/romantic-dinner-heraklion-crete\/\">\r\n                                <img decoding=\"async\" width=\"900\" height=\"595\" data-src=\"https:\/\/www.alsusboutiquehotel.com\/wp-content\/uploads\/romantiko-deipno-900-900x595.jpg\" class=\"img-response wp-post-image lazyload\" alt=\"\" data-srcset=\"https:\/\/www.alsusboutiquehotel.com\/wp-content\/uploads\/romantiko-deipno-900-900x595.jpg 900w, https:\/\/www.alsusboutiquehotel.com\/wp-content\/uploads\/romantiko-deipno-900-18x12.jpg 18w\" data-sizes=\"(max-width: 900px) 100vw, 900px\" title=\"\" src=\"data:image\/svg+xml;base64,PHN2ZyB3aWR0aD0iMSIgaGVpZ2h0PSIxIiB4bWxucz0iaHR0cDovL3d3dy53My5vcmcvMjAwMC9zdmciPjwvc3ZnPg==\" style=\"--smush-placeholder-width: 900px; --smush-placeholder-aspect-ratio: 900\/595;\">                                <img loading=\"lazy\" decoding=\"async\" class=\"img-desktop no-lazyload\" src=\"https:\/\/www.alsusboutiquehotel.com\/wp-content\/uploads\/romantiko-deipno-900-740x547.jpg\" width=\"740\" height=\"547\" alt=\"romanttinen deipno 900\" title=\"romanttinen deipno 900\" \/>       \r\n                            <\/a>\r\n                        <\/div>\r\n                        \r\n                    <\/div>\r\n                                    <div class=\"item-content col-12 col-lg-6 col-xl-7\">\r\n                    <h3 class=\"item-title\"><a href=\"https:\/\/www.alsusboutiquehotel.com\/fi\/events\/romantic-dinner-heraklion-crete\/\">Romanttinen illallinen Iraklionissa Kreetalla<\/a><\/h3>\r\n                                            <div class=\"date-wrap\">\r\n                                                                                    <div class=\"date-end d-flex align-items-center\">\r\n                                <span class=\"lbl\">Voimassa asti:<\/span>\r\n                                <span class=\"dvl\">10. tammikuuta 2027<\/span>\r\n                            <\/div>\r\n                                                    <\/div>\r\n                                                                <div class=\"item-excerpt\">\r\n                            Alsuksen \u201dSyntym\u00e4p\u00e4iv\u00e4hemmottelu Premium\u201d -paketti tarjoaa ylellisen juhlael\u00e4myksen, johon kuuluu hienoja koristeita, gourmet-herkkuja ja personoituja yksityiskohtia \u2013 t\u00e4ydellinen tapa luoda unohtumattomia syntym\u00e4p\u00e4iv\u00e4hetki\u00e4 elegantissa ymp\u00e4rist\u00f6ss\u00e4.                        <\/div>\r\n                                                                <div class=\"row-action d-flex-wrap align-items-center justify-content-between\">\r\n                                                            <div class=\"item-act-book col-auto\">\r\n                                    <a href=\"https:\/\/alsusboutiquehotel.reserve-online.net\/?checkin=2025-05-01&#038;rooms=1&#038;nights=5&#038;adults=2&#038;offerid=46516\" class=\"pxl-readmore\" target=\"_blank\" rel=\"noopener\">\r\n                                        <span class=\"link-text\">Varaa nyt<\/span><span class=\"pxl-icon pxli pxli-long-arrow-right\"><\/span>\r\n                                    <\/a>\r\n                                <\/div>\r\n                                                                                        <div class=\"item-readmore col-auto\">\r\n                                    <a href=\"https:\/\/www.alsusboutiquehotel.com\/fi\/events\/romantic-dinner-heraklion-crete\/\" class=\"pxl-btn\">\r\n                                        <span class=\"pxl-button-text\">Lue lis\u00e4\u00e4<\/span>\r\n                                    <\/a>\r\n                                <\/div>\r\n                                                    <\/div>\r\n                                    <\/div>\r\n            <\/div>\r\n        <\/div>\r\n                <div class=\"grid-item col-xxl-12 col-xl-12 col-lg-12 col-md-12 col-sm-12 col-12\" >\r\n            <div class=\"grid-item-inner item-inner-wrap row gx-0  pxl-animate pxl-invisible animated-normal\" data-settings=\"{&quot;animation&quot;:&quot;fadeInUp&quot;,&quot;animation_delay&quot;:150}\">\r\n                                    <div class=\"item-featured col-12 col-lg-6 col-xl-5\">\r\n                        <div class=\"post-image scale-hover\">\r\n                            <a href=\"https:\/\/www.alsusboutiquehotel.com\/fi\/events\/birthday-surprise-heraklion\/\">\r\n                                <img decoding=\"async\" width=\"900\" height=\"595\" data-src=\"https:\/\/www.alsusboutiquehotel.com\/wp-content\/uploads\/birthday-deco-900x595.jpg\" class=\"img-response wp-post-image lazyload\" alt=\"\" data-srcset=\"https:\/\/www.alsusboutiquehotel.com\/wp-content\/uploads\/birthday-deco-900x595.jpg 900w, https:\/\/www.alsusboutiquehotel.com\/wp-content\/uploads\/birthday-deco-18x12.jpg 18w\" data-sizes=\"(max-width: 900px) 100vw, 900px\" title=\"\" src=\"data:image\/svg+xml;base64,PHN2ZyB3aWR0aD0iMSIgaGVpZ2h0PSIxIiB4bWxucz0iaHR0cDovL3d3dy53My5vcmcvMjAwMC9zdmciPjwvc3ZnPg==\" style=\"--smush-placeholder-width: 900px; --smush-placeholder-aspect-ratio: 900\/595;\">                                <img loading=\"lazy\" decoding=\"async\" class=\"img-desktop no-lazyload\" src=\"https:\/\/www.alsusboutiquehotel.com\/wp-content\/uploads\/birthday-deco-740x547.jpg\" width=\"740\" height=\"547\" alt=\"syntym\u00e4p\u00e4iv\u00e4dekoraatio\" title=\"syntym\u00e4p\u00e4iv\u00e4dekoraatio\" \/>       \r\n                            <\/a>\r\n                        <\/div>\r\n                        \r\n                    <\/div>\r\n                                    <div class=\"item-content col-12 col-lg-6 col-xl-7\">\r\n                    <h3 class=\"item-title\"><a href=\"https:\/\/www.alsusboutiquehotel.com\/fi\/events\/birthday-surprise-heraklion\/\">Syntym\u00e4p\u00e4iv\u00e4yll\u00e4tyshuoneen sisustus<\/a><\/h3>\r\n                                            <div class=\"date-wrap\">\r\n                                                                                    <div class=\"date-end d-flex align-items-center\">\r\n                                <span class=\"lbl\">Voimassa asti:<\/span>\r\n                                <span class=\"dvl\">01. lokakuuta 2027<\/span>\r\n                            <\/div>\r\n                                                    <\/div>\r\n                                                                <div class=\"item-excerpt\">\r\n                            Juhli tyylikk\u00e4\u00e4sti Alsuksen \u201dSyntym\u00e4p\u00e4iv\u00e4yll\u00e4tys v\u00e4ltt\u00e4m\u00e4t\u00f6n\u201d -paketilla \u2013 vieh\u00e4tt\u00e4v\u00e4 sisustus, intiimi tunnelma ja personoituja yksityiskohtia tekev\u00e4t erityisest\u00e4 p\u00e4iv\u00e4st\u00e4si unohtumattoman. Kauniisti j\u00e4rjestetty yll\u00e4tys ainutlaatuiseen ja syd\u00e4melliseen syntym\u00e4p\u00e4iv\u00e4kokemukseen.                        <\/div>\r\n                                                                <div class=\"row-action d-flex-wrap align-items-center justify-content-between\">\r\n                                                            <div class=\"item-act-book col-auto\">\r\n                                    <a href=\"https:\/\/alsusboutiquehotel.reserve-online.net\/?checkin=2025-05-01&#038;rooms=1&#038;nights=5&#038;adults=2&#038;offerid=46516\" class=\"pxl-readmore\" target=\"_blank\" rel=\"noopener\">\r\n                                        <span class=\"link-text\">Varaa nyt<\/span><span class=\"pxl-icon pxli pxli-long-arrow-right\"><\/span>\r\n                                    <\/a>\r\n                                <\/div>\r\n                                                                                        <div class=\"item-readmore col-auto\">\r\n                                    <a href=\"https:\/\/www.alsusboutiquehotel.com\/fi\/events\/birthday-surprise-heraklion\/\" class=\"pxl-btn\">\r\n                                        <span class=\"pxl-button-text\">Lue lis\u00e4\u00e4<\/span>\r\n                                    <\/a>\r\n                                <\/div>\r\n                                                    <\/div>\r\n                                    <\/div>\r\n            <\/div>\r\n        <\/div>\r\n            <\/div>\r\n    \r\n\r\n            \r\n<\/div>\t\t\t\t<\/div>\n\t\t\t\t<\/div>\n\t\t                    <\/div>\r\n        <\/div>\r\n        \t\t\t<\/div>\n\t\t<\/section>\n\t\t        <section class=\"elementor-section elementor-top-section elementor-element elementor-element-4a1a504 elementor-section-boxed elementor-section-height-default elementor-section-height-default pxl-section-static-pos-no pxl-section-overflow-hidden-no pxl-container-margin-auto-no\" data-id=\"4a1a504\" data-element_type=\"section\" data-e-type=\"section\" data-settings=\"{&quot;background_background&quot;:&quot;classic&quot;}\">\n\n                \n                <div class=\"elementor-container elementor-column-gap-default\">\n                <div class=\"elementor-column elementor-col-100 elementor-top-column elementor-element elementor-element-a2ab434 col-offset-none pxl-column-element-default pxl-column-overflow-hidden-no\" data-id=\"a2ab434\" data-element_type=\"column\" data-e-type=\"column\">\r\n        <div class=\"elementor-widget-wrap elementor-element-populated\">\r\n                    \t\t<div class=\"elementor-element elementor-element-5d1b0b6 elementor-widget elementor-widget-pxl_heading\" data-id=\"5d1b0b6\" data-element_type=\"widget\" data-e-type=\"widget\" data-widget_type=\"pxl_heading.default\">\n\t\t\t\t<div class=\"elementor-widget-container\">\n\t\t\t\t\t<div class=\"pxl-heading-wrap d-flex\">\n    <div class=\"pxl-heading-inner center\">\n                <h1 class=\"heading-title pxl-split-text split-lines-rotation-x\">\n                        Alsus Boutique Hotel **** - Vain aikuisille<br \/>\nAmmoudara, Iraklion, Kreeta<br \/>\n         <\/h1>\n            <\/div>\n<\/div>\n\n\t\t\t\t<\/div>\n\t\t\t\t<\/div>\n\t\t\t\t<div class=\"elementor-element elementor-element-fd6e565 elementor-widget elementor-widget-pxl_heading\" data-id=\"fd6e565\" data-element_type=\"widget\" data-e-type=\"widget\" data-widget_type=\"pxl_heading.default\">\n\t\t\t\t<div class=\"elementor-widget-container\">\n\t\t\t\t\t<div class=\"pxl-heading-wrap d-flex\">\n    <div class=\"pxl-heading-inner center\">\n                    <div class=\"heading-subtitle\">\n                <div class=\"subtitle-text\">Kaikki huoneet t\u00e4ysin remontoitu (2024\u20132025)<br \/>\n<br \/>\nJokainen Alsus Boutique Hotel \u2013 Adults Only -hotellin huone on suunniteltu uudelleen ja heijastamaan paljasjalkaisen ylellisyyden ja hillityn eleganssin filosofiaamme.<br \/>\n<br \/>\nLuonnolliset tekstuurit, hienostuneet materiaalit ja palkittu valaistuskonseptimme luovat rauhallisen, yksityisen ja vaivattoman mukavuuden tunnelman.<br \/>\n<br \/>\nLopputuloksena ei ole pelkk\u00e4 remontti, vaan uudistus.<\/div>\n            <\/div>\n                <p class=\"heading-title pxl-split-text split-lines-rotation-x\">\n                                 <\/p>\n            <\/div>\n<\/div>\n\n\t\t\t\t<\/div>\n\t\t\t\t<\/div>\n\t\t                    <\/div>\r\n        <\/div>\r\n        \t\t\t<\/div>\n\t\t<\/section>\n\t\t        <section class=\"elementor-section elementor-top-section elementor-element elementor-element-6e18ff6 elementor-section-boxed elementor-section-height-default elementor-section-height-default pxl-section-static-pos-no pxl-section-overflow-hidden-no pxl-container-margin-auto-no\" data-id=\"6e18ff6\" data-element_type=\"section\" data-e-type=\"section\" data-settings=\"{&quot;background_background&quot;:&quot;classic&quot;}\">\n\n                \n                <div class=\"elementor-container elementor-column-gap-default\">\n                <div class=\"elementor-column elementor-col-100 elementor-top-column elementor-element elementor-element-2d96114 col-offset-none pxl-column-element-default pxl-column-overflow-hidden-no\" data-id=\"2d96114\" data-element_type=\"column\" data-e-type=\"column\">\r\n        <div class=\"elementor-widget-wrap elementor-element-populated\">\r\n                    \t\t<div class=\"elementor-element elementor-element-643b59b elementor-widget elementor-widget-pxl_divider\" data-id=\"643b59b\" data-element_type=\"widget\" data-e-type=\"widget\" data-widget_type=\"pxl_divider.default\">\n\t\t\t\t<div class=\"elementor-widget-container\">\n\t\t\t\t\t<div class=\"pxl-divider horizontal animated center normal\"><div class=\"pxl-divider-separator\"><\/div><\/div>\t\t\t\t<\/div>\n\t\t\t\t<\/div>\n\t\t\t\t<div class=\"elementor-element elementor-element-3127eee elementor-widget elementor-widget-heading\" data-id=\"3127eee\" data-element_type=\"widget\" data-e-type=\"widget\" data-widget_type=\"heading.default\">\n\t\t\t\t<div class=\"elementor-widget-container\">\n\t\t\t\t\t<h3 class=\"elementor-heading-title elementor-size-default\">Varaa suoraan ja s\u00e4\u00e4st\u00e4!<\/h3>\t\t\t\t<\/div>\n\t\t\t\t<\/div>\n\t\t\t\t<div class=\"elementor-element elementor-element-3d919c4 elementor-widget elementor-widget-pxl_heading\" data-id=\"3d919c4\" data-element_type=\"widget\" data-e-type=\"widget\" data-widget_type=\"pxl_heading.default\">\n\t\t\t\t<div class=\"elementor-widget-container\">\n\t\t\t\t\t<div class=\"pxl-heading-wrap d-flex\">\n    <div class=\"pxl-heading-inner center\">\n                    <div class=\"heading-subtitle\">\n                <div class=\"subtitle-text\">Parhaan hinnan takuu<br \/>\n<\/div>\n            <\/div>\n                <h2 class=\"heading-title\">\n                        Ei piilokuluja. Ei v\u00e4lik\u00e4si\u00e4. Vain parempaa vastinetta rahalle.<br \/>\n<br \/>\nNOPEA - TURVALLINEN - HELPPO VARAUS         <\/h2>\n            <\/div>\n<\/div>\n\n\t\t\t\t<\/div>\n\t\t\t\t<\/div>\n\t\t\t\t<div class=\"elementor-element elementor-element-81c2b71 elementor-align-center elementor-widget elementor-widget-pxl_button\" data-id=\"81c2b71\" data-element_type=\"widget\" data-e-type=\"widget\" data-widget_type=\"pxl_button.default\">\n\t\t\t\t<div class=\"elementor-widget-container\">\n\t\t\t\t\t<div id=\"pxl_button-81c2b71-6866\" class=\"pxl-button-wrapper d-flex-wrap pxl-button-layout1\" >\r\n    <a href=\"https:\/\/alsusboutiquehotel.reserve-online.net\/\" target=\"_blank\" class=\"pxl-btn default icon-ps-right\" rel=\"noopener\">\r\n        <span class=\"pxl-button-text\">Tarkista hinta TARJOUKSET ja varaa verkossa <\/span>\r\n            <\/a>\r\n<\/div>\t\t\t\t<\/div>\n\t\t\t\t<\/div>\n\t\t                    <\/div>\r\n        <\/div>\r\n        \t\t\t<\/div>\n\t\t<\/section>\n\t\t\t\t<\/div>","protected":false},"excerpt":{"rendered":"<p>Our hotel creative team specializes in designing memorable decoration. Treat yourself and your loved ones with our fascinating decoration packages. Romantic Escape at Alsus Boutique Hotel Valid Until: 10 Nov 2025 Romantic Escape at Alsus is the perfect choice for those celebrating love, whether it\u2019s a special anniversary or simply the joy of romantic surprises [&hellip;]<\/p>\n","protected":false},"author":1,"featured_media":0,"parent":0,"menu_order":0,"comment_status":"closed","ping_status":"closed","template":"","meta":{"footnotes":""},"class_list":["post-1834","page","type-page","status-publish","hentry"],"_links":{"self":[{"href":"https:\/\/www.alsusboutiquehotel.com\/fi\/wp-json\/wp\/v2\/pages\/1834","targetHints":{"allow":["GET"]}}],"collection":[{"href":"https:\/\/www.alsusboutiquehotel.com\/fi\/wp-json\/wp\/v2\/pages"}],"about":[{"href":"https:\/\/www.alsusboutiquehotel.com\/fi\/wp-json\/wp\/v2\/types\/page"}],"author":[{"embeddable":true,"href":"https:\/\/www.alsusboutiquehotel.com\/fi\/wp-json\/wp\/v2\/users\/1"}],"replies":[{"embeddable":true,"href":"https:\/\/www.alsusboutiquehotel.com\/fi\/wp-json\/wp\/v2\/comments?post=1834"}],"version-history":[{"count":12,"href":"https:\/\/www.alsusboutiquehotel.com\/fi\/wp-json\/wp\/v2\/pages\/1834\/revisions"}],"predecessor-version":[{"id":21119,"href":"https:\/\/www.alsusboutiquehotel.com\/fi\/wp-json\/wp\/v2\/pages\/1834\/revisions\/21119"}],"wp:attachment":[{"href":"https:\/\/www.alsusboutiquehotel.com\/fi\/wp-json\/wp\/v2\/media?parent=1834"}],"curies":[{"name":"wp","href":"https:\/\/api.w.org\/{rel}","templated":true}]}}