{"id":11955,"date":"2024-03-31T15:53:20","date_gmt":"2024-03-31T15:53:20","guid":{"rendered":"https:\/\/demo.7iquid.com\/carmelina\/?page_id=11955"},"modified":"2024-03-31T15:53:20","modified_gmt":"2024-03-31T15:53:20","slug":"home-video-slider","status":"publish","type":"page","link":"https:\/\/www.alsusboutiquehotel.com\/fr\/home-video-slider\/","title":{"rendered":"Curseur vid\u00e9o \u00e0 domicile"},"content":{"rendered":"<div data-elementor-type=\"wp-page\" data-elementor-id=\"11955\" class=\"elementor elementor-11955\">\n\t\t\t\t        <section class=\"elementor-section elementor-top-section elementor-element elementor-element-cdc5e7d elementor-section-full_width elementor-section-height-default elementor-section-height-default pxl-section-offset-none pxl-section-static-pos-no pxl-section-overflow-hidden-no pxl-container-margin-auto-no\" data-id=\"cdc5e7d\" data-element_type=\"section\" data-e-type=\"section\">\n\n                \n                <div class=\"elementor-container elementor-column-gap-no\">\n                <div class=\"elementor-column elementor-col-100 elementor-top-column elementor-element elementor-element-e5aaed2 col-offset-none pxl-column-element-default pxl-column-overflow-hidden-no\" data-id=\"e5aaed2\" data-element_type=\"column\" data-e-type=\"column\">\r\n        <div class=\"elementor-widget-wrap elementor-element-populated\">\r\n                    \t\t<div class=\"elementor-element elementor-element-e9591a0 post-layout-room-7 pxl-swiper-arrows-true pxl-swiper-dots-false pxl-swiper-dots-bullets elementor-widget elementor-widget-pxl_post_carousel\" data-id=\"e9591a0\" data-element_type=\"widget\" data-e-type=\"widget\" data-settings=\"{&quot;arrow_position&quot;:&quot;absolute&quot;,&quot;dots_position&quot;:&quot;relative&quot;}\" data-widget_type=\"pxl_post_carousel.default\">\n\t\t\t\t<div class=\"elementor-widget-container\">\n\t\t\t\t\t\r\n<div class=\"pxl-swiper-slider pxl-post-carousel layout-room-7 relative center-mode-\">\r\n\t        <div class=\"pxl-swiper-loader\">\r\n            <div class=\"pxl-swiper-loader-inner five-dots\">\r\n                                    <span class=\"dot\"><\/span><span class=\"dot\"><\/span><span class=\"dot\"><\/span><span class=\"dot\"><\/span><span class=\"dot\"><\/span>\r\n                            <\/div>\r\n        <\/div>\r\n        <div class=\"pxl-swiper-slider-wrap pxl-carousel-inner overflow-hidden\">\r\n        <div class=\"pxl-swiper-container\" dir=\"ltr\" data-settings=\"{&quot;slide_direction&quot;:&quot;horizontal&quot;,&quot;slide_percolumn&quot;:1,&quot;slide_mode&quot;:&quot;fade&quot;,&quot;slides_to_show_xxl&quot;:1,&quot;slides_to_show&quot;:1,&quot;slides_to_show_lg&quot;:1,&quot;slides_to_show_md&quot;:1,&quot;slides_to_show_sm&quot;:1,&quot;slides_to_show_xs&quot;:1,&quot;slides_to_scroll&quot;:1,&quot;slides_gutter&quot;:0,&quot;center_slide&quot;:false,&quot;dots_style&quot;:&quot;bullets&quot;,&quot;autoplay&quot;:true,&quot;pause_on_hover&quot;:true,&quot;pause_on_interaction&quot;:true,&quot;delay&quot;:5000,&quot;loop&quot;:true,&quot;speed&quot;:500}\">\r\n            <div class=\"pxl-swiper-wrapper swiper-wrapper\">\r\n                                    <div class=\"pxl-swiper-slide swiper-slide\">\r\n                        <div class=\"item-inner-wrap relative d-flex\">\r\n                            <div class=\"item-content\">\r\n                            \t<div class=\"item-content-inner relative\">\r\n                                                                            <div class=\"item-excerpt\">\r\n                                            D\u00e9couvrez un confort raffin\u00e9 et un design \u00e9l\u00e9gant dans la Suite Junior Exclusive avec vue sur la piscine, \u00e0 Ammoudara, H\u00e9raklion, en Cr\u00e8te.                                        <\/div>\r\n                                        <div class=\"divider\"><\/div>\r\n                                                        \t\t\t\t\t\t                            <div class=\"room-metas\">\r\n                                          \r\n\t                                    <div class=\"meta-item capacity d-flex\">\r\n\t                                        <span class=\"lbl\">Capacit\u00e9:<\/span>\r\n\t                                        <span class=\"text\">2 personnes<\/span>\r\n\t                                    <\/div>\r\n                                          \r\n\t                                      \r\n                                            <div class=\"meta-item size d-flex\">\r\n                                                <span class=\"lbl\">Taille:<\/span>\r\n                                                <span class=\"text\">20 <span>m<sup>2<\/sup><\/span><\/span>\r\n                                            <\/div>  \r\n                                          \r\n\t                                      \r\n\t\t                                    <div class=\"meta-item bed d-flex\">\r\n                                                <span class=\"lbl\">Lit:<\/span>\r\n\t\t                                        <span class=\"text\">Tr\u00e8s grand lit<\/span>\r\n\t\t                                    <\/div>\r\n                                          \r\n\t\t                                  \r\n                                                                                    <div class=\"meta-item room-view d-flex\">\r\n                                                <span class=\"lbl\">Voir:<\/span>\r\n                                                <span class=\"text\">Vue sur le jardin et la piscine<\/span>\r\n                                            <\/div>\r\n                                         \r\n\t\t                            <\/div>\r\n\t\t                            \r\n\t\t                            <div class=\"item-readmore\">\r\n\t\t                                <a href=\"https:\/\/www.alsusboutiquehotel.com\/fr\/rooms\/exclusive-junior-suite-pool-view\/\" class=\"pxl-btn btn-white d-flex align-items-center\">\r\n\t\t                                    <span class=\"pxl-button-text\">Plus de d\u00e9tails sur la chambre<\/span> \r\n                                            <span class=\"pxl-icon pxli-long-arrow-right\"><\/span> \r\n\t\t                                <\/a>\r\n\t\t                            <\/div>\r\n                            \t\t \r\n                            \t<\/div>\r\n                            <\/div>\r\n                                                            <div class=\"item-featured relative overflow-hidden\">\r\n                                                                            <video class=\"pxl-video-slide-bg\" autoplay loop muted>\r\n                                            <source type=\"video\/mp4\" src=\"https:\/\/api.7iquid.com\/video\/carmelina-room-1.mp4\">\r\n                                            <source type=\"video\/webm\" src=\"https:\/\/api.7iquid.com\/video\/carmelina-room-1.mp4\">\r\n                                        <\/video>\r\n                                                                        <div class=\"pxl-overlay\"><\/div>\r\n                                <\/div>\r\n                                                    <\/div>\r\n                    <\/div>\r\n                                    <div class=\"pxl-swiper-slide swiper-slide\">\r\n                        <div class=\"item-inner-wrap relative d-flex\">\r\n                            <div class=\"item-content\">\r\n                            \t<div class=\"item-content-inner relative\">\r\n                                                                            <div class=\"item-excerpt\">\r\n                                            Profitez d&#039;un s\u00e9jour raffin\u00e9 dans notre Suite Exclusive Vue Mer, surplombant la mer \u00e0 seulement 100 m de la plage d&#039;Ammoudara, longue de 7 km\u2026                                        <\/div>\r\n                                        <div class=\"divider\"><\/div>\r\n                                                        \t\t\t\t\t\t                            <div class=\"room-metas\">\r\n                                          \r\n\t                                    <div class=\"meta-item capacity d-flex\">\r\n\t                                        <span class=\"lbl\">Capacit\u00e9:<\/span>\r\n\t                                        <span class=\"text\">3 personnes<\/span>\r\n\t                                    <\/div>\r\n                                          \r\n\t                                      \r\n                                            <div class=\"meta-item size d-flex\">\r\n                                                <span class=\"lbl\">Taille:<\/span>\r\n                                                <span class=\"text\">20 <span>m<sup>2<\/sup><\/span><\/span>\r\n                                            <\/div>  \r\n                                          \r\n\t                                      \r\n\t\t                                    <div class=\"meta-item bed d-flex\">\r\n                                                <span class=\"lbl\">Lit:<\/span>\r\n\t\t                                        <span class=\"text\">Tr\u00e8s grand lit<\/span>\r\n\t\t                                    <\/div>\r\n                                          \r\n\t\t                                  \r\n                                                                                    <div class=\"meta-item room-view d-flex\">\r\n                                                <span class=\"lbl\">Voir:<\/span>\r\n                                                <span class=\"text\">Vue lat\u00e9rale sur la mer et vue sur la piscine du jardin avant<\/span>\r\n                                            <\/div>\r\n                                         \r\n\t\t                            <\/div>\r\n\t\t                            \r\n\t\t                            <div class=\"item-readmore\">\r\n\t\t                                <a href=\"https:\/\/www.alsusboutiquehotel.com\/fr\/rooms\/exclusive-suite-side-sea-view\/\" class=\"pxl-btn btn-white d-flex align-items-center\">\r\n\t\t                                    <span class=\"pxl-button-text\">Plus de d\u00e9tails sur la chambre<\/span> \r\n                                            <span class=\"pxl-icon pxli-long-arrow-right\"><\/span> \r\n\t\t                                <\/a>\r\n\t\t                            <\/div>\r\n                            \t\t \r\n                            \t<\/div>\r\n                            <\/div>\r\n                                                            <div class=\"item-featured relative overflow-hidden\">\r\n                                                                            <video class=\"pxl-video-slide-bg\" autoplay loop muted>\r\n                                            <source type=\"video\/mp4\" src=\"https:\/\/api.7iquid.com\/video\/carmelina-room-1.mp4\">\r\n                                            <source type=\"video\/webm\" src=\"https:\/\/api.7iquid.com\/video\/carmelina-room-1.mp4\">\r\n                                        <\/video>\r\n                                                                        <div class=\"pxl-overlay\"><\/div>\r\n                                <\/div>\r\n                                                    <\/div>\r\n                    <\/div>\r\n                                    <div class=\"pxl-swiper-slide swiper-slide\">\r\n                        <div class=\"item-inner-wrap relative d-flex\">\r\n                            <div class=\"item-content\">\r\n                            \t<div class=\"item-content-inner relative\">\r\n                                                                            <div class=\"item-excerpt\">\r\n                                            La suite Majestic avec piscine thermale priv\u00e9e \u00e0 H\u00e9raklion, en Cr\u00e8te, propose une piscine chauff\u00e9e avec acc\u00e8s direct depuis la piscine, un design \u00e9l\u00e9gant et un confort haut de gamme pour un s\u00e9jour romantique et luxueux\u2026                                        <\/div>\r\n                                        <div class=\"divider\"><\/div>\r\n                                                        \t\t\t\t\t\t                            <div class=\"room-metas\">\r\n                                          \r\n\t                                    <div class=\"meta-item capacity d-flex\">\r\n\t                                        <span class=\"lbl\">Capacit\u00e9:<\/span>\r\n\t                                        <span class=\"text\">2 personnes<\/span>\r\n\t                                    <\/div>\r\n                                          \r\n\t                                      \r\n                                            <div class=\"meta-item size d-flex\">\r\n                                                <span class=\"lbl\">Taille:<\/span>\r\n                                                <span class=\"text\">20 <span>m<sup>2<\/sup><\/span><\/span>\r\n                                            <\/div>  \r\n                                          \r\n\t                                      \r\n\t\t                                    <div class=\"meta-item bed d-flex\">\r\n                                                <span class=\"lbl\">Lit:<\/span>\r\n\t\t                                        <span class=\"text\">Tr\u00e8s grand lit<\/span>\r\n\t\t                                    <\/div>\r\n                                          \r\n\t\t                                                                            <div class=\"meta-item service d-flex\">\r\n                                                <span class=\"lbl\">Service:<\/span>\r\n                                                <span class=\"text\">Petit-d\u00e9jeuner gratuit, Wi-Fi gratuit<\/span>\r\n                                            <\/div>\r\n                                          \r\n                                                                                    <div class=\"meta-item room-view d-flex\">\r\n                                                <span class=\"lbl\">Voir:<\/span>\r\n                                                <span class=\"text\">Piscine thermale priv\u00e9e avec acc\u00e8s direct \u00e0 la piscine <\/span>\r\n                                            <\/div>\r\n                                         \r\n\t\t                            <\/div>\r\n\t\t                            \r\n\t\t                            <div class=\"item-readmore\">\r\n\t\t                                <a href=\"https:\/\/www.alsusboutiquehotel.com\/fr\/rooms\/majestic-suite-with-thermal-private-pool\/\" class=\"pxl-btn btn-white d-flex align-items-center\">\r\n\t\t                                    <span class=\"pxl-button-text\">Plus de d\u00e9tails sur la chambre<\/span> \r\n                                            <span class=\"pxl-icon pxli-long-arrow-right\"><\/span> \r\n\t\t                                <\/a>\r\n\t\t                            <\/div>\r\n                            \t\t \r\n                            \t<\/div>\r\n                            <\/div>\r\n                                                            <div class=\"item-featured relative overflow-hidden\">\r\n                                                                            <video class=\"pxl-video-slide-bg\" autoplay loop muted>\r\n                                            <source type=\"video\/mp4\" src=\"https:\/\/api.7iquid.com\/video\/carmelina-room-1.mp4\">\r\n                                            <source type=\"video\/webm\" src=\"https:\/\/api.7iquid.com\/video\/carmelina-room-1.mp4\">\r\n                                        <\/video>\r\n                                                                        <div class=\"pxl-overlay\"><\/div>\r\n                                <\/div>\r\n                                                    <\/div>\r\n                    <\/div>\r\n                            <\/div>\r\n        <\/div>\r\n    <\/div>\r\n            <div class=\"pxl-swiper-arrows layout-rounded custom\">\r\n            <div class=\"pxl-swiper-arrow pxl-swiper-arrow-prev\">\r\n                <span aria-hidden=\"true\" class=\"pxl-icon cmli cmli-noun-arrow\"><\/span> \r\n            <\/div>\r\n            <div class=\"pxl-swiper-arrow pxl-swiper-arrow-next\">\r\n                <span aria-hidden=\"true\" class=\"pxl-icon cmli cmli-noun-arrow\"><\/span>            <\/div>\r\n        <\/div>\r\n          \r\n        <div class=\"pxl-room-title-nav pxl-swiper-slider-thumbs\"> \r\n        <div class=\"pxl-swiper-slider-inner pxl-carousel-inner\">\r\n            <div class=\"swiper-container-thumbs pxl-swiper-thumbs\" data-settings=\"{&quot;slide_direction&quot;:&quot;horizontal&quot;,&quot;slide_percolumn&quot;:1,&quot;slide_mode&quot;:&quot;slide&quot;,&quot;slides_to_show_xxl&quot;:1,&quot;slides_to_show&quot;:1,&quot;slides_to_show_lg&quot;:1,&quot;slides_to_show_md&quot;:1,&quot;slides_to_show_sm&quot;:1,&quot;slides_to_show_xs&quot;:1,&quot;slides_to_scroll&quot;:1,&quot;slides_gutter&quot;:70,&quot;slides_gutter_md&quot;:50,&quot;arrow&quot;:false,&quot;dots&quot;:false,&quot;loop&quot;:true,&quot;speed&quot;:500}\" data-rtl=\"ltr\">\r\n                <div class=\"pxl-swiper-wrapper swiper-wrapper\">\r\n                                            <div class=\"pxl-swiper-slide swiper-slide\">\r\n                            <div class=\"thumbs-title relative\">\r\n                                <h3 class=\"item-title\">Suite Junior Exclusive avec vue sur la piscine<\/h3>\r\n                                                                    <div class=\"room-price-wrap\">Depuis <span class=\"room-price\">0 \u20ac<\/span> \/ Nuit<\/div> \r\n                                                            <\/div>\r\n                        <\/div>\r\n                                            <div class=\"pxl-swiper-slide swiper-slide\">\r\n                            <div class=\"thumbs-title relative\">\r\n                                <h3 class=\"item-title\">Suite Exclusive Vue Lat\u00e9rale Mer<\/h3>\r\n                                                                    <div class=\"room-price-wrap\">Depuis <span class=\"room-price\">0 \u20ac<\/span> \/ Nuit<\/div> \r\n                                                            <\/div>\r\n                        <\/div>\r\n                                            <div class=\"pxl-swiper-slide swiper-slide\">\r\n                            <div class=\"thumbs-title relative\">\r\n                                <h3 class=\"item-title\">Suite Majestic avec piscine thermale priv\u00e9e (Swim Up Suite)<\/h3>\r\n                                                                    <div class=\"room-price-wrap\">Depuis <span class=\"room-price\">0 \u20ac<\/span> \/ Nuit<\/div> \r\n                                                            <\/div>\r\n                        <\/div>\r\n                                    <\/div>\r\n            <\/div>\r\n        <\/div>\r\n          \r\n    <\/div>\r\n<\/div>\r\n\t\t\t\t<\/div>\n\t\t\t\t<\/div>\n\t\t                    <\/div>\r\n        <\/div>\r\n        \t\t\t<\/div>\n\t\t<\/section>\n\t\t\t\t<\/div>","protected":false},"excerpt":{"rendered":"<p>Recently refurbished in an individual and elegant style, enjoy the comfort of a luxurious Corrib Room. Upgrade to an immaculate Corrib Lake View Capacity: 4 Persons Size: 30 m2 Bed: King Bed Service: Free Breakfast, Free Wifi, Free Water View: Seaside More Details Room Recently refurbished in an individual and elegant style, enjoy the comfort [&hellip;]<\/p>\n","protected":false},"author":1,"featured_media":0,"parent":0,"menu_order":0,"comment_status":"closed","ping_status":"closed","template":"","meta":{"footnotes":""},"class_list":["post-11955","page","type-page","status-publish","hentry"],"_links":{"self":[{"href":"https:\/\/www.alsusboutiquehotel.com\/fr\/wp-json\/wp\/v2\/pages\/11955","targetHints":{"allow":["GET"]}}],"collection":[{"href":"https:\/\/www.alsusboutiquehotel.com\/fr\/wp-json\/wp\/v2\/pages"}],"about":[{"href":"https:\/\/www.alsusboutiquehotel.com\/fr\/wp-json\/wp\/v2\/types\/page"}],"author":[{"embeddable":true,"href":"https:\/\/www.alsusboutiquehotel.com\/fr\/wp-json\/wp\/v2\/users\/1"}],"replies":[{"embeddable":true,"href":"https:\/\/www.alsusboutiquehotel.com\/fr\/wp-json\/wp\/v2\/comments?post=11955"}],"version-history":[{"count":0,"href":"https:\/\/www.alsusboutiquehotel.com\/fr\/wp-json\/wp\/v2\/pages\/11955\/revisions"}],"wp:attachment":[{"href":"https:\/\/www.alsusboutiquehotel.com\/fr\/wp-json\/wp\/v2\/media?parent=11955"}],"curies":[{"name":"wp","href":"https:\/\/api.w.org\/{rel}","templated":true}]}}