{"id":17124,"date":"2025-02-13T14:29:58","date_gmt":"2025-02-13T14:29:58","guid":{"rendered":"https:\/\/www.alsusboutiquehotel.com\/?page_id=17124"},"modified":"2025-02-13T14:30:23","modified_gmt":"2025-02-13T14:30:23","slug":"cookies-policy","status":"publish","type":"page","link":"https:\/\/www.alsusboutiquehotel.com\/hu\/cookies-policy\/","title":{"rendered":"S\u00fctikre vonatkoz\u00f3 szab\u00e1lyzat"},"content":{"rendered":"<div data-elementor-type=\"wp-page\" data-elementor-id=\"17124\" class=\"elementor elementor-17124\">\n\t\t\t\t        <section class=\"elementor-section elementor-top-section elementor-element elementor-element-2ea7339f elementor-section-boxed elementor-section-height-default elementor-section-height-default pxl-section-static-pos-no pxl-section-overflow-hidden-no pxl-container-margin-auto-no\" data-id=\"2ea7339f\" data-element_type=\"section\" data-e-type=\"section\">\n\n                \n                <div class=\"elementor-container elementor-column-gap-default\">\n                <div class=\"elementor-column elementor-col-100 elementor-top-column elementor-element elementor-element-73df817c col-offset-none pxl-column-element-default pxl-column-overflow-hidden-no\" data-id=\"73df817c\" data-element_type=\"column\" data-e-type=\"column\">\r\n        <div class=\"elementor-widget-wrap elementor-element-populated\">\r\n                    \t\t<div class=\"elementor-element elementor-element-6277fa99 elementor-widget elementor-widget-text-editor\" data-id=\"6277fa99\" data-element_type=\"widget\" data-e-type=\"widget\" data-widget_type=\"text-editor.default\">\n\t\t\t\t<div class=\"elementor-widget-container\">\n\t\t\t\t\t\t\t\t\t<div class=\"elementor-element elementor-element-3454921c elementor-widget__width-initial elementor-widget elementor-widget-text-editor\" data-id=\"3454921c\" data-element_type=\"widget\" data-widget_type=\"text-editor.default\"><div class=\"elementor-widget-container\"><h1>S\u00fctikre vonatkoz\u00f3 szab\u00e1lyzat<\/h1><p><em>Utols\u00f3 friss\u00edt\u00e9s: 2024. december 19.<\/em><\/p><p><strong>S\u00fctikre vonatkoz\u00f3 szab\u00e1lyzat<\/strong> a<\/p><p><strong>Alsus Boutique Hotel<\/strong>,<br \/>50 Andrea Papandreou Amoudara, Heraklion,<br \/>Kr\u00e9ta<br \/>71414,<br \/>G\u00f6r\u00f6gorsz\u00e1g,<br \/>email: info@alsusboutiquehotel.com,<br \/>telefon: +302810372700<\/p><p>Ez a S\u00fctikre vonatkoz\u00f3 ir\u00e1nyelv t\u00e1j\u00e9koztat\u00e1st ny\u00fajt a sz\u00e1lloda weboldala \u00e1ltal haszn\u00e1lt s\u00fctikr\u0151l \u00e9s hasonl\u00f3 technol\u00f3gi\u00e1kr\u00f3l. Azt is le\u00edrja, hogy milyen v\u00e1laszt\u00e1si lehet\u0151s\u00e9gei vannak a s\u00fctikkel \u00e9s hasonl\u00f3 technol\u00f3gi\u00e1kkal kapcsolatban.<\/p><p>Ez a S\u00fcti Szab\u00e1lyzat a Weboldal felhaszn\u00e1l\u00e1si felt\u00e9teleinek r\u00e9sz\u00e9t k\u00e9pezi, \u00e9s id\u0151r\u0151l id\u0151re v\u00e1ltozhat. Javasoljuk, hogy rendszeresen ellen\u0151rizze a S\u00fcti Szab\u00e1lyzatot, hogy t\u00e1j\u00e9koz\u00f3djon az esetleges m\u00f3dos\u00edt\u00e1sokr\u00f3l. A l\u00e9nyeges v\u00e1ltoz\u00e1sokr\u00f3l sz\u00f3l\u00f3 relev\u00e1ns \u00e9rtes\u00edt\u00e9sek is megjelenhetnek a Weboldalon. A Weboldal l\u00e1togat\u00e1s\u00e1val \u00d6n beleegyezik, hogy elfogadja a jelen Szab\u00e1lyzatban v\u00e9grehajtott m\u00f3dos\u00edt\u00e1sokat.<\/p><p><strong>Mik azok a s\u00fctik?<\/strong><\/p><p>A s\u00fctik kis sz\u00f6veges f\u00e1jlok \u2013 \u00e1ltal\u00e1ban bet\u0171kb\u0151l \u00e9s sz\u00e1mokb\u00f3l \u00e1llnak, \u00e9s amelyeket egy webszerver t\u00e1rol az eszk\u00f6z\u00e9n.<\/p><p>A s\u00fctik \u201emunkamenet-s\u00fctikre\u201d \u00e9s \u201e\u00e1lland\u00f3 s\u00fctikre\u201d oszthat\u00f3k att\u00f3l f\u00fcgg\u0151en, hogy mennyi ideig maradnak t\u00e1rolva az eszk\u00f6z\u00e9n. A \u201emunkamenet-s\u00fctik\u201d a weboldal megl\u00e1togat\u00e1s\u00e1nak pillanat\u00e1ban t\u00e1rol\u00f3dnak az eszk\u00f6z\u00e9n, \u00e9s a b\u00f6ng\u00e9sz\u0151 bez\u00e1r\u00e1sa ut\u00e1n automatikusan t\u00f6rl\u0151dnek. Az \u201e\u00e1lland\u00f3 s\u00fctik\u201d a weboldal megl\u00e1togat\u00e1s\u00e1nak pillanat\u00e1ban t\u00e1rol\u00f3dnak az eszk\u00f6z\u00e9n, \u00e9s a b\u00f6ng\u00e9sz\u0151 bez\u00e1r\u00e1sa ut\u00e1n is t\u00e1rolva maradnak. Az \u201e\u00e1lland\u00f3 s\u00fctik\u201d automatikusan \u00fajra enged\u00e9lyez\u0151dnek, amikor megnyitja a b\u00f6ng\u00e9sz\u0151t \u00e9s b\u00f6ng\u00e9szik az interneten.<\/p><p>Els\u0151dleges \u00e9s harmadik f\u00e9lt\u0151l sz\u00e1rmaz\u00f3 s\u00fctik \u2013 A s\u00fctit telep\u00edt\u0151 weboldalt\u00f3l vagy domaint\u0151l f\u00fcgg\u0151en a s\u00fctiket \u201eels\u0151dleges\u201d vagy \u201eharmadik f\u00e9lt\u0151l sz\u00e1rmaz\u00f3\u201d s\u00fctikk\u00e9nt jellemezz\u00fck. Az els\u0151 f\u00e9lt\u0151l sz\u00e1rmaz\u00f3 s\u00fctik \u00e1ltal\u00e1ban olyan s\u00fctik, amelyeket a felhaszn\u00e1l\u00f3 \u00e1ltal megl\u00e1togatott weboldal \u2013 az URL-ablakban megjelen\u0151 weboldal \u2013 telep\u00edt. A harmadik f\u00e9lt\u0151l sz\u00e1rmaz\u00f3 s\u00fctik olyan s\u00fctik, amelyeket egy m\u00e1sik weboldal (domain) telep\u00edt, mint amelyiket a felhaszn\u00e1l\u00f3 megl\u00e1togatott. Ha a felhaszn\u00e1l\u00f3 megl\u00e1togat egy weboldalt, \u00e9s egy m\u00e1sik c\u00e9g telep\u00edt egy s\u00fctit ezen a weboldalon kereszt\u00fcl, akkor a sz\u00f3ban forg\u00f3 s\u00fcti harmadik f\u00e9lt\u0151l sz\u00e1rmaz\u00f3 lesz.<\/p><p><strong>Mi\u00e9rt haszn\u00e1lunk s\u00fctiket?<\/strong><\/p><p>S\u00fctiket haszn\u00e1lunk a lehet\u0151 legjobb b\u00f6ng\u00e9sz\u00e9si \u00e9lm\u00e9ny biztos\u00edt\u00e1sa \u00e9rdek\u00e9ben. Egyes s\u00fctik technikailag sz\u00fcks\u00e9gesek a weboldal megfelel\u0151 haszn\u00e1lat\u00e1hoz. M\u00e1s s\u00fctiket olyan funkci\u00f3k v\u00e9grehajt\u00e1s\u00e1ra haszn\u00e1lunk, mint a hirdet\u00e9sek megjelen\u00edt\u00e9se, statisztik\u00e1k k\u00e9sz\u00edt\u00e9se (pl. h\u00e1ny l\u00e1togat\u00f3 tekintette meg a weboldalunkon tal\u00e1lhat\u00f3 egyes oldalakat).<\/p><p>Mi \u00e9s\/vagy a nev\u00fcnkben szolg\u00e1ltat\u00e1sokat ny\u00fajt\u00f3 harmadik felek az al\u00e1bbiakban le\u00edrtak szerint kategoriz\u00e1ljuk a s\u00fctiket.<\/p><p>Felt\u00e9tlen\u00fcl sz\u00fcks\u00e9ges s\u00fctik<\/p><p>Ezek a s\u00fctik felt\u00e9tlen\u00fcl sz\u00fcks\u00e9gesek ahhoz, hogy az \u00d6n \u00e1ltal a weboldalon kereszt\u00fcl k\u00e9rt szolg\u00e1ltat\u00e1sokat biztos\u00edtani tudjuk. Sz\u00fcks\u00e9gesek ahhoz, hogy \u00d6n felkereshesse weboldalunkat \u00e9s megfelel\u0151en haszn\u00e1lhassa annak funkci\u00f3it. Az alapvet\u0151 funkci\u00f3k, mint p\u00e9ld\u00e1ul a k\u00f6vetkez\u0151k, ezeken a fontos s\u00fctiken alapulnak:<\/p><p>Ahhoz, hogy bejelentkezve maradjon a weboldalon,<\/p><p>o Az \u00d6n szem\u00e9lyes adatainak azonos\u00edt\u00e1sa, amelyeket a tranzakci\u00f3k lebonyol\u00edt\u00e1sakor ad meg a weboldalon,<\/p><p>o Tranzakci\u00f3i biztons\u00e1g\u00e1nak v\u00e9delme \u00e9rdek\u00e9ben az\u00e1ltal, hogy \u00e1tir\u00e1ny\u00edtjuk \u00d6nt harmadik f\u00e9lt\u0151l sz\u00e1rmaz\u00f3 fizet\u00e9si alkalmaz\u00e1sokhoz, \u00e9s visszat\u00e9r a Weboldalra a tranzakci\u00f3 befejez\u00e9se \u00e9rdek\u00e9ben,<\/p><p>o A tranzakci\u00f3 befejez\u00e9se ut\u00e1n lek\u00e9rheti az arr\u00f3l sz\u00f3l\u00f3 inform\u00e1ci\u00f3kat, \u00e9s<\/p><p>\u00c1ltal\u00e1noss\u00e1gban elmondhat\u00f3, hogy az \u00d6n k\u00e9r\u00e9s\u00e9re szolg\u00e1ltat\u00e1sokat \u00e9s inform\u00e1ci\u00f3kat ny\u00fajthassunk \u00d6nnek<\/p><p>Funkcion\u00e1lis s\u00fctik<\/p><p>Ezek a s\u00fctik seg\u00edtenek abban, hogy szem\u00e9lyre szabjuk a tartalmainkat az \u00d6n sz\u00e1m\u00e1ra, nev\u00e9n sz\u00f3l\u00edtsuk \u00d6nt, \u00e9s megjegyezz\u00fck a be\u00e1ll\u00edt\u00e1sait (p\u00e9ld\u00e1ul egy adott nyelv vagy r\u00e9gi\u00f3 kiv\u00e1laszt\u00e1sa). Ha \u00fagy d\u00f6nt, hogy t\u00f6rli\/letiltja a funkcion\u00e1lis s\u00fctiket, a kiv\u00e1lasztott be\u00e1ll\u00edt\u00e1sok nem ker\u00fclnek meg\u0151rz\u00e9sre a weboldal k\u00e9s\u0151bbi l\u00e1togat\u00e1sai sor\u00e1n.<\/p><p>Teljes\u00edtm\u00e9ny s\u00fctik<\/p><p>Ezek a s\u00fctik inform\u00e1ci\u00f3kat gy\u0171jtenek arr\u00f3l, hogy a felhaszn\u00e1l\u00f3k hogyan haszn\u00e1lj\u00e1k a weboldalt, hogy \u00e1ttekinthess\u00e9k \u00e9s jav\u00edthass\u00e1k a weboldalt \u00e9s a l\u00e1togat\u00f3i \u00e9lm\u00e9nyt. Ezek a s\u00fctik nem gy\u0171jtenek olyan inform\u00e1ci\u00f3kat, amelyek azonos\u00edtan\u00e1k a l\u00e1togat\u00f3t.<\/p><p>Az ilyen s\u00fctik a k\u00f6vetkez\u0151kr\u0151l gy\u0171jtenek inform\u00e1ci\u00f3kat:<\/p><p>Azok az oldalak, amelyeket az emberek a leggyakrabban l\u00e1togatnak,<br \/>A felhaszn\u00e1l\u00f3k \u00e1ltal kiv\u00e1lasztott linkek,<br \/>Hiba\u00fczenetek, amelyeket a felhaszn\u00e1l\u00f3k a weboldal b\u00f6ng\u00e9sz\u00e9se k\u00f6zben kaphatnak stb.<\/p><p>Harmadik f\u00e9lt\u0151l sz\u00e1rmaz\u00f3 s\u00fctik \/ Marketing<\/p><p>Annak \u00e9rdek\u00e9ben, hogy \u00e9rdekesebb tartalmakat k\u00edn\u00e1lhassunk, \u00e9s hogy k\u00f6nnyebben kommunik\u00e1lhassunk k\u00f6z\u00f6ss\u00e9gi m\u00e9dia fi\u00f3kjaiddal, a Weboldal tartalmazhat harmadik f\u00e9lt\u0151l sz\u00e1rmaz\u00f3 tartalmakat \u00e9s szolg\u00e1ltat\u00e1sokat (pl. \u201eb\u0151v\u00edtm\u00e9nyek\u201d a Facebookr\u00f3l, Twitterr\u0151l, YouTube-r\u00f3l, Instagramr\u00f3l, Pinterestr\u0151l stb.), vagy harmadik f\u00e9l webhelyeire mutat\u00f3 linkeket. Amikor harmadik f\u00e9l linkjeit \u00e9s\/vagy webhelyeit l\u00e1togatod, r\u00e1d vonatkoznak ezen harmadik felek s\u00fctihaszn\u00e1lati szab\u00e1lyzatai. Ebben az esetben a saj\u00e1t bel\u00e1t\u00e1sod szerint cselekszel, \u00e9s mi semmilyen felel\u0151ss\u00e9get nem v\u00e1llalunk a harmadik f\u00e9l webhelye \u00e1ltal az eszk\u00f6z\u00f6d\u00f6n t\u00e1rolt s\u00fctikb\u0151l ered\u0151 probl\u00e9m\u00e1k\u00e9rt.<\/p><p>Weboldalainkon a k\u00f6vetkez\u0151 harmadik f\u00e9lt\u0151l sz\u00e1rmaz\u00f3 szoftvereszk\u00f6z\u00f6ket haszn\u00e1ljuk:<br \/>\u2022 Google Analytics \u2013 weboldal viselked\u00e9s\u00e9nek nyomon k\u00f6vet\u00e9se \u00e9s statisztik\u00e1k k\u00e9sz\u00edt\u00e9se.<br \/>\u2022 Google Ads \/ Bindg Ads \u2013 szponzor\u00e1lt hirdet\u00e9sekhez a keres\u0151motorok tal\u00e1lati oldalain.<br \/>\u2022 Facebook retargeting \u2013 nyomon k\u00f6veti, hogy mely weboldalakat tekinti meg, \u00e9s milyen hirdet\u00e9seket l\u00e1t.<br \/>\u2022 Instagram retargeting \u2013 nyomon k\u00f6vetj\u00fck, hogy mely weboldalakat tekinted meg, \u00e9s milyen hirdet\u00e9seket fogsz l\u00e1tni.<\/p><p><strong>Hogyan kezelhetem a s\u00fctiket?<\/strong><\/p><p>A legt\u00f6bb internetb\u00f6ng\u00e9sz\u0151 automatikusan elfogadja a s\u00fctiket, de olyan vez\u00e9rl\u00e9si lehet\u0151s\u00e9geket biztos\u00edt, amelyek lehet\u0151v\u00e9 teszik a s\u00fctik blokkol\u00e1s\u00e1t vagy t\u00f6rl\u00e9s\u00e9t. Lehet\u0151s\u00e9ge van arra, hogy b\u00e1rmikor enged\u00e9lyezze vagy letiltsa a s\u00fctik telep\u00edt\u00e9s\u00e9t az eszk\u00f6z\u00e9n a haszn\u00e1lt b\u00f6ng\u00e9sz\u0151 be\u00e1ll\u00edt\u00e1sainak m\u00f3dos\u00edt\u00e1s\u00e1val. A haszn\u00e1lt b\u00f6ng\u00e9sz\u0151t \u00fagy is konfigur\u00e1lhatja, hogy t\u00e1j\u00e9koztassa \u00d6nt a s\u00fctik telep\u00edt\u00e9se el\u0151tt, vagy k\u00f6vesse a b\u00f6ng\u00e9sz\u0151 utas\u00edt\u00e1sait a m\u00e1r telep\u00edtett s\u00fctik t\u00f6rl\u00e9s\u00e9hez. Ha t\u00f6bbf\u00e9le eszk\u00f6zt haszn\u00e1l, akkor minden eszk\u00f6z\u00e9n be kell \u00e1ll\u00edtania a b\u00f6ng\u00e9sz\u0151rendszert az \u00d6n ig\u00e9nyei szerint.<\/p><p>Ha \u00fagy d\u00f6nt, hogy letiltja az \u00f6sszes s\u00fctit, el\u0151fordulhat, hogy nem fogja tudni teljes m\u00e9rt\u00e9kben \u00e9lvezni weboldalunk interakt\u00edv funkci\u00f3it, vagy nem fogja tudni ig\u00e9nybe venni szolg\u00e1ltat\u00e1sainkat weboldalunkon kereszt\u00fcl.<\/p><p>A s\u00fctik t\u00f6rl\u00e9se nem t\u00f6rli a Flash alkalmaz\u00e1sobjektumokat. A Flash alkalmaz\u00e1sobjektumokr\u00f3l, bele\u00e9rtve a kezel\u00e9s\u00fcket \u00e9s letilt\u00e1sukat is, t\u00f6bbet is megtudhat az Adobe weboldal\u00e1n. Tov\u00e1bbi inform\u00e1ci\u00f3kat a s\u00fctikr\u0151l \u00e9s a k\u00fcl\u00f6nb\u00f6z\u0151 weboldalakon haszn\u00e1lt hasonl\u00f3 technol\u00f3gi\u00e1kr\u00f3l a b\u00f6ng\u00e9sz\u0151rendszer\u00e9n vagy m\u00e1s internetes forr\u00e1sokon kereszt\u00fcl tal\u00e1lhat.<\/p><p>A s\u00fctik b\u00f6ng\u00e9sz\u0151n kereszt\u00fcli kezel\u00e9s\u00e9hez v\u00e1lassza ki a k\u00f6vetkez\u0151 hiperhivatkoz\u00e1sokat, amelyek a b\u00f6ng\u00e9sz\u0151 utas\u00edt\u00e1saira ir\u00e1ny\u00edtanak \u00e1t:<\/p><p>Microsoft Windows Int\u00e9z\u0151<br \/>Mozilla Firefox<br \/>Google Chrome<br \/>Apple Safari<\/p><p>A s\u00fctikr\u0151l a k\u00f6vetkez\u0151 harmadik f\u00e9l weboldalain tudhat meg t\u00f6bbet:<\/p><p>Minden a s\u00fctikr\u0151l: <a title=\"Minden a s\u00fctikr\u0151l\" href=\"https:\/\/www.allaboutcookies.org\/\" target=\"_blank\" rel=\"noopener\">https:\/\/www.allaboutcookies.org\/<\/a><br \/>Cookiep\u00e9dia: <a title=\"Cookiepedia\" href=\"https:\/\/cookiepedia.co.uk\/\" target=\"_blank\" rel=\"noopener\">https:\/\/cookiepedia.co.uk\/<\/a><\/p><p><strong>Milyen hasonl\u00f3 technol\u00f3gi\u00e1k l\u00e9teznek?<\/strong><\/p><p>A pixelc\u00edmk\u00e9k, webjelz\u0151k, be\u00e1gyazott szkriptek \u00e9s \u00e1tl\u00e1tsz\u00f3 GIF-ek apr\u00f3 f\u00e1jlok, amelyek a weboldalon bel\u00fcli navig\u00e1ci\u00f3 nyomon k\u00f6vet\u00e9s\u00e9re szolg\u00e1lnak, \u00e9s s\u00fctikkel egy\u00fctt haszn\u00e1lhat\u00f3k. A Flash objektumok (helyileg megosztott objektumok) kis f\u00e1jlok, amelyeket az Adobe Flash Player technol\u00f3gi\u00e1j\u00e1t haszn\u00e1l\u00f3 weboldalr\u00f3l t\u00e1rol az eszk\u00f6z\u00f6d.<\/p><p>Webjelz\u0151k \u00e9s be\u00e1gyazott szkriptek<\/p><p>A webjelz\u0151k \u00e9s a be\u00e1gyazott szkriptek tov\u00e1bbi technol\u00f3gi\u00e1k, amelyeket weboldalunkon, valamint bizonyos e-mailekben \u00e9s hirdet\u00e9sekben haszn\u00e1lunk.<\/p><p>A webjelz\u0151k (vagy \u201ec\u00edmk\u00e9k\u201d) weboldalakon, e-mailekben \u00e9s hirdet\u00e9sekben tal\u00e1lhat\u00f3 programk\u00f3dok, amelyek t\u00e1j\u00e9koztatnak minket \u00e9s\/vagy a nev\u00fcnkben szolg\u00e1ltat\u00e1sokat ny\u00fajt\u00f3 harmadik feleket arr\u00f3l, hogy mikor tekintett\u00e9k meg vagy v\u00e1lasztott\u00e1k ki ezeket a weboldalakat, e-maileket vagy hirdet\u00e9seket.<\/p><p>Ezeket az inform\u00e1ci\u00f3kat weboldalunk fejleszt\u00e9s\u00e9re, az \u00d6n lehets\u00e9ges \u00e9rdekl\u0151d\u00e9si k\u00f6r\u00e9hez val\u00f3 igaz\u00edt\u00e1s\u00e1ra \u00e9s piackutat\u00e1s elv\u00e9gz\u00e9s\u00e9re haszn\u00e1ljuk fel. Az ilyen k\u00f3dfunkci\u00f3kat, p\u00e9ld\u00e1ul a JavaScriptet, letilthatja b\u00f6ng\u00e9sz\u0151je rendszer\u00e9n kereszt\u00fcl (k\u00e9rj\u00fck, tekintse meg b\u00f6ng\u00e9sz\u0151je s\u00fag\u00f3 funkci\u00f3j\u00e1t). Felh\u00edvjuk figyelm\u00e9t, hogy ha letiltja a k\u00f3dfunkci\u00f3kat, el\u0151fordulhat, hogy a weboldal nem fog megfelel\u0151en m\u0171k\u00f6dni.<\/p><p><strong>Mag\u00e1n\u00e9let<\/strong><\/p><p>Elk\u00f6telezettek vagyunk a j\u00f3 adatv\u00e9delmi gyakorlatok alkalmaz\u00e1sa mellett. Az adatv\u00e9delemmel kapcsolatos megk\u00f6zel\u00edt\u00e9s\u00fcnkr\u0151l tov\u00e1bbi inform\u00e1ci\u00f3t a k\u00f6vetkez\u0151 helyen tal\u00e1l: <a href=\"https:\/\/www.alsusboutiquehotel.com\/hu\/privacy-policy\/\">Adatv\u00e9delmi ir\u00e1nyelvek<\/a>.<\/p><ol><li><h3>Panasz \/ Adatv\u00e9delmi tisztvisel\u0151:<\/h3><p>Ha b\u00e1rmilyen k\u00e9rd\u00e9se vagy agg\u00e1lya van az \u00e1ltalunk rendelkez\u00e9sre \u00e1ll\u00f3 adatainak feldolgoz\u00e1s\u00e1val kapcsolatban, k\u00e9rj\u00fck, k\u00fcldj\u00f6n e-mailt panasz\u00fcgyi tisztvisel\u0151nknek a k\u00f6vetkez\u0151 c\u00edmre:<\/p><p>Alsus Boutique Hotel,<br \/>50 Andrea Papandreou Amoudara, Heraklion,<br \/>email: <a href=\"mailto:info@alsusboutiquehotel.com\">info@alsusboutiquehotel.com<\/a><\/p><p>A vonatkoz\u00f3 jogszab\u00e1lyoknak megfelel\u0151en fogjuk kezelni az \u00d6n agg\u00e1lyait.<\/p><\/li><\/ol><\/div><\/div>\t\t\t\t\t\t\t\t<\/div>\n\t\t\t\t<\/div>\n\t\t                    <\/div>\r\n        <\/div>\r\n        \t\t\t<\/div>\n\t\t<\/section>\n\t\t\t\t<\/div>","protected":false},"excerpt":{"rendered":"<p>Cookies Policy Last Updated On 19-Dec-2024 Cookies Policy of Alsus Boutique Hotel,50 Andrea Papandreou Amoudara, Heraklion,Crete71414,Greece,email: info@alsusboutiquehotel.com,phone: +302810372700 This Cookies Policy provides information regarding the use of Cookies and Similar Technologies by the hotel\u2019s website. It also describes what kind of choices you may have regarding Cookies and Similar Technologies. This Cookie Policy is part [&hellip;]<\/p>\n","protected":false},"author":1,"featured_media":0,"parent":0,"menu_order":0,"comment_status":"closed","ping_status":"closed","template":"","meta":{"footnotes":""},"class_list":["post-17124","page","type-page","status-publish","hentry"],"_links":{"self":[{"href":"https:\/\/www.alsusboutiquehotel.com\/hu\/wp-json\/wp\/v2\/pages\/17124","targetHints":{"allow":["GET"]}}],"collection":[{"href":"https:\/\/www.alsusboutiquehotel.com\/hu\/wp-json\/wp\/v2\/pages"}],"about":[{"href":"https:\/\/www.alsusboutiquehotel.com\/hu\/wp-json\/wp\/v2\/types\/page"}],"author":[{"embeddable":true,"href":"https:\/\/www.alsusboutiquehotel.com\/hu\/wp-json\/wp\/v2\/users\/1"}],"replies":[{"embeddable":true,"href":"https:\/\/www.alsusboutiquehotel.com\/hu\/wp-json\/wp\/v2\/comments?post=17124"}],"version-history":[{"count":0,"href":"https:\/\/www.alsusboutiquehotel.com\/hu\/wp-json\/wp\/v2\/pages\/17124\/revisions"}],"wp:attachment":[{"href":"https:\/\/www.alsusboutiquehotel.com\/hu\/wp-json\/wp\/v2\/media?parent=17124"}],"curies":[{"name":"munkaf\u00fczet","href":"https:\/\/api.w.org\/{rel}","templated":true}]}}