{"id":1834,"date":"2022-09-23T08:43:42","date_gmt":"2022-09-23T08:43:42","guid":{"rendered":"https:\/\/demo.7iquid.com\/carmelina\/?page_id=1834"},"modified":"2026-02-18T18:50:08","modified_gmt":"2026-02-18T16:50:08","slug":"promotions-offers","status":"publish","type":"page","link":"https:\/\/www.alsusboutiquehotel.com\/hu\/promotions-offers\/","title":{"rendered":"Tedd k\u00fcl\u00f6nlegess\u00e9"},"content":{"rendered":"<div data-elementor-type=\"wp-page\" data-elementor-id=\"1834\" class=\"elementor elementor-1834\">\n\t\t\t\t        <section class=\"elementor-section elementor-top-section elementor-element elementor-element-79dcc1e elementor-section-boxed elementor-section-height-default elementor-section-height-default pxl-section-static-pos-no pxl-section-overflow-hidden-no pxl-container-margin-auto-no\" data-id=\"79dcc1e\" data-element_type=\"section\" data-e-type=\"section\">\n\n                \n                <div class=\"elementor-container elementor-column-gap-default\">\n                <div class=\"elementor-column elementor-col-100 elementor-top-column elementor-element elementor-element-7830b5d col-offset-none pxl-column-element-default pxl-column-overflow-hidden-no\" data-id=\"7830b5d\" data-element_type=\"column\" data-e-type=\"column\">\r\n        <div class=\"elementor-widget-wrap elementor-element-populated\">\r\n                    \t\t<div class=\"elementor-element elementor-element-eccd459 elementor-invisible pxl-elementor-animate elementor-widget elementor-widget-pxl_text_editor\" data-id=\"eccd459\" data-element_type=\"widget\" data-e-type=\"widget\" data-settings=\"{&quot;_animation&quot;:&quot;fadeInUp&quot;}\" data-widget_type=\"pxl_text_editor.default\">\n\t\t\t\t<div class=\"elementor-widget-container\">\n\t\t\t\t\t<div id=\"pxl_text_editor-eccd459-6955\" class=\"pxl-text-editor-wrap d-flex\" >\n\t<div class=\"pxl-text-editor elementor-clearfix\">\n\t\t<h4>Sz\u00e1llod\u00e1nk kreat\u00edv csapata eml\u00e9kezetes dekor\u00e1ci\u00f3k tervez\u00e9s\u00e9re specializ\u00e1l\u00f3dott. Lepje meg mag\u00e1t \u00e9s szeretteit leny\u0171g\u00f6z\u0151 dekor\u00e1ci\u00f3s csomagjainkkal.<\/h4>\t\t\n\t<\/div>\n<\/div>\t\t\t\t<\/div>\n\t\t\t\t<\/div>\n\t\t\t\t<div class=\"elementor-element elementor-element-c11b9ef elementor-widget elementor-widget-pxl_divider\" data-id=\"c11b9ef\" data-element_type=\"widget\" data-e-type=\"widget\" data-widget_type=\"pxl_divider.default\">\n\t\t\t\t<div class=\"elementor-widget-container\">\n\t\t\t\t\t<div class=\"pxl-divider horizontal animated normal\"><div class=\"pxl-divider-separator\"><\/div><\/div>\t\t\t\t<\/div>\n\t\t\t\t<\/div>\n\t\t\t\t<div class=\"elementor-element elementor-element-1abe319 elementor-widget elementor-widget-pxl_post_list\" data-id=\"1abe319\" data-element_type=\"widget\" data-e-type=\"widget\" data-widget_type=\"pxl_post_list.default\">\n\t\t\t\t<div class=\"elementor-widget-container\">\n\t\t\t\t\t\r\n<div id=\"pxl_post_list-1abe319-2504\" class=\"pxl-grid pxl-post-list layout-events-list-1\" data-layout-mode=\"fitRows\" data-start-page=\"1\" data-max-pages=\"1\" data-total=\"3\" data-perpage=\"6\" data-next-link=\"\">\r\n    <div class=\"pxl-grid-overlay\"><\/div>\r\n    \r\n    <div class=\"pxl-grid-inner pxl-grid-masonry row relative\"> \r\n                <div class=\"grid-item col-xxl-12 col-xl-12 col-lg-12 col-md-12 col-sm-12 col-12\" >\r\n            <div class=\"grid-item-inner item-inner-wrap row gx-0  pxl-animate pxl-invisible animated-normal\" data-settings=\"{&quot;animation&quot;:&quot;fadeInUp&quot;,&quot;animation_delay&quot;:150}\">\r\n                                    <div class=\"item-featured col-12 col-lg-6 col-xl-5\">\r\n                        <div class=\"post-image scale-hover\">\r\n                            <a href=\"https:\/\/www.alsusboutiquehotel.com\/hu\/events\/romantic-escape-heraklion-crete\/\">\r\n                                <img fetchpriority=\"high\" decoding=\"async\" width=\"900\" height=\"595\" src=\"https:\/\/www.alsusboutiquehotel.com\/wp-content\/uploads\/\u03c1\u03bf\u03bc\u03b1\u03bd\u03c4\u03b9\u03ba\u03bf-\u03c3\u03b5\u03c4\u03b1\u03c0-900x595.jpg\" class=\"img-response wp-post-image\" alt=\"Romantikus Be\u00e1ll\u00edt\u00e1s Szoba Dekor\u00e1ci\u00f3 Heraklion Kr\u00e9ta Ammoudara\" srcset=\"https:\/\/www.alsusboutiquehotel.com\/wp-content\/uploads\/\u03c1\u03bf\u03bc\u03b1\u03bd\u03c4\u03b9\u03ba\u03bf-\u03c3\u03b5\u03c4\u03b1\u03c0-900x595.jpg 900w, https:\/\/www.alsusboutiquehotel.com\/wp-content\/uploads\/\u03c1\u03bf\u03bc\u03b1\u03bd\u03c4\u03b9\u03ba\u03bf-\u03c3\u03b5\u03c4\u03b1\u03c0-18x12.jpg 18w\" sizes=\"(max-width: 900px) 100vw, 900px\" title=\"\">                                <img decoding=\"async\" class=\"img-desktop no-lazyload\" src=\"https:\/\/www.alsusboutiquehotel.com\/wp-content\/uploads\/\u03c1\u03bf\u03bc\u03b1\u03bd\u03c4\u03b9\u03ba\u03bf-\u03c3\u03b5\u03c4\u03b1\u03c0-740x547.jpg\" width=\"740\" height=\"547\" alt=\"Romantikus Be\u00e1ll\u00edt\u00e1s Szoba Dekor\u00e1ci\u00f3 Heraklion Kr\u00e9ta Ammoudara\" title=\"Romantikus Be\u00e1ll\u00edt\u00e1s Szoba Dekor\u00e1ci\u00f3 Heraklion Kr\u00e9ta Ammoudara\" \/>       \r\n                            <\/a>\r\n                        <\/div>\r\n                        \r\n                    <\/div>\r\n                                    <div class=\"item-content col-12 col-lg-6 col-xl-7\">\r\n                    <h3 class=\"item-title\"><a href=\"https:\/\/www.alsusboutiquehotel.com\/hu\/events\/romantic-escape-heraklion-crete\/\">Romantikus kikapcsol\u00f3d\u00e1s az Alsus Boutique Hotelben<\/a><\/h3>\r\n                                            <div class=\"date-wrap\">\r\n                                                                                    <div class=\"date-end d-flex align-items-center\">\r\n                                <span class=\"lbl\">\u00c9rv\u00e9nyes eddig:<\/span>\r\n                                <span class=\"dvl\">2027. janu\u00e1r 10.<\/span>\r\n                            <\/div>\r\n                                                    <\/div>\r\n                                                                <div class=\"item-excerpt\">\r\n                            Romantikus kiruccan\u00e1s Ir\u00e1kli\u00f3ban, Kr\u00e9t\u00e1n borral, r\u00f3zsad\u00edsz\u00edt\u00e9ssel \u00e9s priv\u00e1t meglepet\u00e9sekkel. Ide\u00e1lis n\u00e1sz\u00fatra, \u00e9vfordul\u00f3ra \u00e9s k\u00fcl\u00f6nleges pillanatokra.                        <\/div>\r\n                                                                <div class=\"row-action d-flex-wrap align-items-center justify-content-between\">\r\n                                                            <div class=\"item-act-book col-auto\">\r\n                                    <a href=\"https:\/\/alsusboutiquehotel.reserve-online.net\/?checkin=2025-05-01&#038;rooms=1&#038;nights=5&#038;adults=2&#038;offerid=46516\" class=\"pxl-readmore\" target=\"_blank\" rel=\"noopener\">\r\n                                        <span class=\"link-text\">Foglaljon most<\/span><span class=\"pxl-icon pxli pxli-long-arrow-right\"><\/span>\r\n                                    <\/a>\r\n                                <\/div>\r\n                                                                                        <div class=\"item-readmore col-auto\">\r\n                                    <a href=\"https:\/\/www.alsusboutiquehotel.com\/hu\/events\/romantic-escape-heraklion-crete\/\" class=\"pxl-btn\">\r\n                                        <span class=\"pxl-button-text\">Tov\u00e1bbi inform\u00e1ci\u00f3<\/span>\r\n                                    <\/a>\r\n                                <\/div>\r\n                                                    <\/div>\r\n                                    <\/div>\r\n            <\/div>\r\n        <\/div>\r\n                <div class=\"grid-item col-xxl-12 col-xl-12 col-lg-12 col-md-12 col-sm-12 col-12\" >\r\n            <div class=\"grid-item-inner item-inner-wrap row gx-0  pxl-animate pxl-invisible animated-normal\" data-settings=\"{&quot;animation&quot;:&quot;fadeInUp&quot;,&quot;animation_delay&quot;:150}\">\r\n                                    <div class=\"item-featured col-12 col-lg-6 col-xl-5\">\r\n                        <div class=\"post-image scale-hover\">\r\n                            <a href=\"https:\/\/www.alsusboutiquehotel.com\/hu\/events\/romantic-dinner-heraklion-crete\/\">\r\n                                <img decoding=\"async\" width=\"900\" height=\"595\" data-src=\"https:\/\/www.alsusboutiquehotel.com\/wp-content\/uploads\/romantiko-deipno-900-900x595.jpg\" class=\"img-response wp-post-image lazyload\" alt=\"\" data-srcset=\"https:\/\/www.alsusboutiquehotel.com\/wp-content\/uploads\/romantiko-deipno-900-900x595.jpg 900w, https:\/\/www.alsusboutiquehotel.com\/wp-content\/uploads\/romantiko-deipno-900-18x12.jpg 18w\" data-sizes=\"(max-width: 900px) 100vw, 900px\" title=\"\" src=\"data:image\/svg+xml;base64,PHN2ZyB3aWR0aD0iMSIgaGVpZ2h0PSIxIiB4bWxucz0iaHR0cDovL3d3dy53My5vcmcvMjAwMC9zdmciPjwvc3ZnPg==\" style=\"--smush-placeholder-width: 900px; --smush-placeholder-aspect-ratio: 900\/595;\">                                <img loading=\"lazy\" decoding=\"async\" class=\"img-desktop no-lazyload\" src=\"https:\/\/www.alsusboutiquehotel.com\/wp-content\/uploads\/romantiko-deipno-900-740x547.jpg\" width=\"740\" height=\"547\" alt=\"romantikus deipno 900\" title=\"romantikus deipno 900\" \/>       \r\n                            <\/a>\r\n                        <\/div>\r\n                        \r\n                    <\/div>\r\n                                    <div class=\"item-content col-12 col-lg-6 col-xl-7\">\r\n                    <h3 class=\"item-title\"><a href=\"https:\/\/www.alsusboutiquehotel.com\/hu\/events\/romantic-dinner-heraklion-crete\/\">Romantikus vacsora Heraklionban, Kr\u00e9t\u00e1n<\/a><\/h3>\r\n                                            <div class=\"date-wrap\">\r\n                                                                                    <div class=\"date-end d-flex align-items-center\">\r\n                                <span class=\"lbl\">\u00c9rv\u00e9nyes eddig:<\/span>\r\n                                <span class=\"dvl\">2027. janu\u00e1r 10.<\/span>\r\n                            <\/div>\r\n                                                    <\/div>\r\n                                                                <div class=\"item-excerpt\">\r\n                            Az Alsus \u201eSz\u00fclet\u00e9snapi K\u00e9nyeztet\u00e9s Pr\u00e9mium\u201d csomagja luxus \u00fcnnepi \u00e9lm\u00e9nyt k\u00edn\u00e1l, exkluz\u00edv dekor\u00e1ci\u00f3val, \u00ednyenc finoms\u00e1gokkal \u00e9s szem\u00e9lyre szabott r\u00e9szletekkel \u2013 t\u00f6k\u00e9letes a felejthetetlen sz\u00fclet\u00e9snapi pillanatok megteremt\u00e9s\u00e9hez eleg\u00e1ns k\u00f6rnyezetben.                        <\/div>\r\n                                                                <div class=\"row-action d-flex-wrap align-items-center justify-content-between\">\r\n                                                            <div class=\"item-act-book col-auto\">\r\n                                    <a href=\"https:\/\/alsusboutiquehotel.reserve-online.net\/?checkin=2025-05-01&#038;rooms=1&#038;nights=5&#038;adults=2&#038;offerid=46516\" class=\"pxl-readmore\" target=\"_blank\" rel=\"noopener\">\r\n                                        <span class=\"link-text\">Foglaljon most<\/span><span class=\"pxl-icon pxli pxli-long-arrow-right\"><\/span>\r\n                                    <\/a>\r\n                                <\/div>\r\n                                                                                        <div class=\"item-readmore col-auto\">\r\n                                    <a href=\"https:\/\/www.alsusboutiquehotel.com\/hu\/events\/romantic-dinner-heraklion-crete\/\" class=\"pxl-btn\">\r\n                                        <span class=\"pxl-button-text\">Tov\u00e1bbi inform\u00e1ci\u00f3<\/span>\r\n                                    <\/a>\r\n                                <\/div>\r\n                                                    <\/div>\r\n                                    <\/div>\r\n            <\/div>\r\n        <\/div>\r\n                <div class=\"grid-item col-xxl-12 col-xl-12 col-lg-12 col-md-12 col-sm-12 col-12\" >\r\n            <div class=\"grid-item-inner item-inner-wrap row gx-0  pxl-animate pxl-invisible animated-normal\" data-settings=\"{&quot;animation&quot;:&quot;fadeInUp&quot;,&quot;animation_delay&quot;:150}\">\r\n                                    <div class=\"item-featured col-12 col-lg-6 col-xl-5\">\r\n                        <div class=\"post-image scale-hover\">\r\n                            <a href=\"https:\/\/www.alsusboutiquehotel.com\/hu\/events\/birthday-surprise-heraklion\/\">\r\n                                <img decoding=\"async\" width=\"900\" height=\"595\" data-src=\"https:\/\/www.alsusboutiquehotel.com\/wp-content\/uploads\/birthday-deco-900x595.jpg\" class=\"img-response wp-post-image lazyload\" alt=\"\" data-srcset=\"https:\/\/www.alsusboutiquehotel.com\/wp-content\/uploads\/birthday-deco-900x595.jpg 900w, https:\/\/www.alsusboutiquehotel.com\/wp-content\/uploads\/birthday-deco-18x12.jpg 18w\" data-sizes=\"(max-width: 900px) 100vw, 900px\" title=\"\" src=\"data:image\/svg+xml;base64,PHN2ZyB3aWR0aD0iMSIgaGVpZ2h0PSIxIiB4bWxucz0iaHR0cDovL3d3dy53My5vcmcvMjAwMC9zdmciPjwvc3ZnPg==\" style=\"--smush-placeholder-width: 900px; --smush-placeholder-aspect-ratio: 900\/595;\">                                <img loading=\"lazy\" decoding=\"async\" class=\"img-desktop no-lazyload\" src=\"https:\/\/www.alsusboutiquehotel.com\/wp-content\/uploads\/birthday-deco-740x547.jpg\" width=\"740\" height=\"547\" alt=\"sz\u00fclet\u00e9snapi dekor\u00e1ci\u00f3\" title=\"sz\u00fclet\u00e9snapi dekor\u00e1ci\u00f3\" \/>       \r\n                            <\/a>\r\n                        <\/div>\r\n                        \r\n                    <\/div>\r\n                                    <div class=\"item-content col-12 col-lg-6 col-xl-7\">\r\n                    <h3 class=\"item-title\"><a href=\"https:\/\/www.alsusboutiquehotel.com\/hu\/events\/birthday-surprise-heraklion\/\">Sz\u00fclet\u00e9snapi meglepet\u00e9s szobadekor\u00e1ci\u00f3<\/a><\/h3>\r\n                                            <div class=\"date-wrap\">\r\n                                                                                    <div class=\"date-end d-flex align-items-center\">\r\n                                <span class=\"lbl\">\u00c9rv\u00e9nyes eddig:<\/span>\r\n                                <span class=\"dvl\">2027. okt\u00f3ber 1.<\/span>\r\n                            <\/div>\r\n                                                    <\/div>\r\n                                                                <div class=\"item-excerpt\">\r\n                            \u00dcnnepeljen st\u00edlusosan az Alsus \u201eSz\u00fclet\u00e9snapi meglepet\u00e9s elengedhetetlen\u201d csomagj\u00e1val \u2013 b\u00e1jos dekor\u00e1ci\u00f3val, meghitt hangulattal \u00e9s szem\u00e9lyre szabott r\u00e9szletekkel, hogy k\u00fcl\u00f6nleges napj\u00e1t felejthetetlenn\u00e9 tegye. Egy gy\u00f6ny\u00f6r\u0171en elrendezett meglepet\u00e9s egy egyedi \u00e9s sz\u00edvhez sz\u00f3l\u00f3 sz\u00fclet\u00e9snapi \u00e9lm\u00e9ny\u00e9rt.                        <\/div>\r\n                                                                <div class=\"row-action d-flex-wrap align-items-center justify-content-between\">\r\n                                                            <div class=\"item-act-book col-auto\">\r\n                                    <a href=\"https:\/\/alsusboutiquehotel.reserve-online.net\/?checkin=2025-05-01&#038;rooms=1&#038;nights=5&#038;adults=2&#038;offerid=46516\" class=\"pxl-readmore\" target=\"_blank\" rel=\"noopener\">\r\n                                        <span class=\"link-text\">Foglaljon most<\/span><span class=\"pxl-icon pxli pxli-long-arrow-right\"><\/span>\r\n                                    <\/a>\r\n                                <\/div>\r\n                                                                                        <div class=\"item-readmore col-auto\">\r\n                                    <a href=\"https:\/\/www.alsusboutiquehotel.com\/hu\/events\/birthday-surprise-heraklion\/\" class=\"pxl-btn\">\r\n                                        <span class=\"pxl-button-text\">Tov\u00e1bbi inform\u00e1ci\u00f3<\/span>\r\n                                    <\/a>\r\n                                <\/div>\r\n                                                    <\/div>\r\n                                    <\/div>\r\n            <\/div>\r\n        <\/div>\r\n            <\/div>\r\n    \r\n\r\n            \r\n<\/div>\t\t\t\t<\/div>\n\t\t\t\t<\/div>\n\t\t                    <\/div>\r\n        <\/div>\r\n        \t\t\t<\/div>\n\t\t<\/section>\n\t\t        <section class=\"elementor-section elementor-top-section elementor-element elementor-element-4a1a504 elementor-section-boxed elementor-section-height-default elementor-section-height-default pxl-section-static-pos-no pxl-section-overflow-hidden-no pxl-container-margin-auto-no\" data-id=\"4a1a504\" data-element_type=\"section\" data-e-type=\"section\" data-settings=\"{&quot;background_background&quot;:&quot;classic&quot;}\">\n\n                \n                <div class=\"elementor-container elementor-column-gap-default\">\n                <div class=\"elementor-column elementor-col-100 elementor-top-column elementor-element elementor-element-a2ab434 col-offset-none pxl-column-element-default pxl-column-overflow-hidden-no\" data-id=\"a2ab434\" data-element_type=\"column\" data-e-type=\"column\">\r\n        <div class=\"elementor-widget-wrap elementor-element-populated\">\r\n                    \t\t<div class=\"elementor-element elementor-element-5d1b0b6 elementor-widget elementor-widget-pxl_heading\" data-id=\"5d1b0b6\" data-element_type=\"widget\" data-e-type=\"widget\" data-widget_type=\"pxl_heading.default\">\n\t\t\t\t<div class=\"elementor-widget-container\">\n\t\t\t\t\t<div class=\"pxl-heading-wrap d-flex\">\n    <div class=\"pxl-heading-inner center\">\n                <h1 class=\"heading-title pxl-split-text split-lines-rotation-x\">\n                        Alsus Boutique Hotel **** - Csak feln\u0151tteknek<br \/>\nAmmoudara, Heraklion, Kr\u00e9ta<br \/>\n         <\/h1>\n            <\/div>\n<\/div>\n\n\t\t\t\t<\/div>\n\t\t\t\t<\/div>\n\t\t\t\t<div class=\"elementor-element elementor-element-fd6e565 elementor-widget elementor-widget-pxl_heading\" data-id=\"fd6e565\" data-element_type=\"widget\" data-e-type=\"widget\" data-widget_type=\"pxl_heading.default\">\n\t\t\t\t<div class=\"elementor-widget-container\">\n\t\t\t\t\t<div class=\"pxl-heading-wrap d-flex\">\n    <div class=\"pxl-heading-inner center\">\n                    <div class=\"heading-subtitle\">\n                <div class=\"subtitle-text\">Minden szoba teljesen fel\u00faj\u00edtva (2024\u20132025)<br \/>\n<br \/>\nAz Alsus Boutique Hotel \u2013 Adults Only minden szob\u00e1j\u00e1t gondosan \u00fajratervezt\u00fck, hogy t\u00fckr\u00f6zze a mez\u00edtl\u00e1bas luxus \u00e9s a visszafogott elegancia filoz\u00f3fi\u00e1j\u00e1t.<br \/>\n<br \/>\nTerm\u00e9szetes text\u00far\u00e1k, kifinomult anyagok \u00e9s d\u00edjnyertes vil\u00e1g\u00edt\u00e1si koncepci\u00f3nk nyugalmat, mag\u00e1n\u00e9letet \u00e9s k\u00f6nnyed k\u00e9nyelmet teremt.<br \/>\n<br \/>\nAz eredm\u00e9ny nem puszt\u00e1n fel\u00faj\u00edt\u00e1s, hanem meg\u00fajul\u00e1s.<\/div>\n            <\/div>\n                <p class=\"heading-title pxl-split-text split-lines-rotation-x\">\n                                 <\/p>\n            <\/div>\n<\/div>\n\n\t\t\t\t<\/div>\n\t\t\t\t<\/div>\n\t\t                    <\/div>\r\n        <\/div>\r\n        \t\t\t<\/div>\n\t\t<\/section>\n\t\t        <section class=\"elementor-section elementor-top-section elementor-element elementor-element-6e18ff6 elementor-section-boxed elementor-section-height-default elementor-section-height-default pxl-section-static-pos-no pxl-section-overflow-hidden-no pxl-container-margin-auto-no\" data-id=\"6e18ff6\" data-element_type=\"section\" data-e-type=\"section\" data-settings=\"{&quot;background_background&quot;:&quot;classic&quot;}\">\n\n                \n                <div class=\"elementor-container elementor-column-gap-default\">\n                <div class=\"elementor-column elementor-col-100 elementor-top-column elementor-element elementor-element-2d96114 col-offset-none pxl-column-element-default pxl-column-overflow-hidden-no\" data-id=\"2d96114\" data-element_type=\"column\" data-e-type=\"column\">\r\n        <div class=\"elementor-widget-wrap elementor-element-populated\">\r\n                    \t\t<div class=\"elementor-element elementor-element-643b59b elementor-widget elementor-widget-pxl_divider\" data-id=\"643b59b\" data-element_type=\"widget\" data-e-type=\"widget\" data-widget_type=\"pxl_divider.default\">\n\t\t\t\t<div class=\"elementor-widget-container\">\n\t\t\t\t\t<div class=\"pxl-divider horizontal animated center normal\"><div class=\"pxl-divider-separator\"><\/div><\/div>\t\t\t\t<\/div>\n\t\t\t\t<\/div>\n\t\t\t\t<div class=\"elementor-element elementor-element-3127eee elementor-widget elementor-widget-heading\" data-id=\"3127eee\" data-element_type=\"widget\" data-e-type=\"widget\" data-widget_type=\"heading.default\">\n\t\t\t\t<div class=\"elementor-widget-container\">\n\t\t\t\t\t<h3 class=\"elementor-heading-title elementor-size-default\">Foglaljon k\u00f6zvetlen\u00fcl \u00e9s takar\u00edtson meg!<\/h3>\t\t\t\t<\/div>\n\t\t\t\t<\/div>\n\t\t\t\t<div class=\"elementor-element elementor-element-3d919c4 elementor-widget elementor-widget-pxl_heading\" data-id=\"3d919c4\" data-element_type=\"widget\" data-e-type=\"widget\" data-widget_type=\"pxl_heading.default\">\n\t\t\t\t<div class=\"elementor-widget-container\">\n\t\t\t\t\t<div class=\"pxl-heading-wrap d-flex\">\n    <div class=\"pxl-heading-inner center\">\n                    <div class=\"heading-subtitle\">\n                <div class=\"subtitle-text\">Legjobb \u00e1r garancia<br \/>\n<\/div>\n            <\/div>\n                <h2 class=\"heading-title\">\n                        Nincsenek rejtett k\u00f6lts\u00e9gek. Nincsenek k\u00f6zvet\u00edt\u0151k. Csak jobb \u00e1r-\u00e9rt\u00e9k ar\u00e1ny.<br \/>\n<br \/>\nGYORS - BIZTONS\u00c1GOS - EGYSZER\u0170 FOGLAL\u00c1S         <\/h2>\n            <\/div>\n<\/div>\n\n\t\t\t\t<\/div>\n\t\t\t\t<\/div>\n\t\t\t\t<div class=\"elementor-element elementor-element-81c2b71 elementor-align-center elementor-widget elementor-widget-pxl_button\" data-id=\"81c2b71\" data-element_type=\"widget\" data-e-type=\"widget\" data-widget_type=\"pxl_button.default\">\n\t\t\t\t<div class=\"elementor-widget-container\">\n\t\t\t\t\t<div id=\"pxl_button-81c2b71-1862\" class=\"pxl-button-wrapper d-flex-wrap pxl-button-layout1\" >\r\n    <a href=\"https:\/\/alsusboutiquehotel.reserve-online.net\/\" target=\"_blank\" class=\"pxl-btn default icon-ps-right\" rel=\"noopener\">\r\n        <span class=\"pxl-button-text\">\u00c1raj\u00e1nlatok \u00e9s online foglal\u00e1s <\/span>\r\n            <\/a>\r\n<\/div>\t\t\t\t<\/div>\n\t\t\t\t<\/div>\n\t\t                    <\/div>\r\n        <\/div>\r\n        \t\t\t<\/div>\n\t\t<\/section>\n\t\t\t\t<\/div>","protected":false},"excerpt":{"rendered":"<p>Our hotel creative team specializes in designing memorable decoration. Treat yourself and your loved ones with our fascinating decoration packages. Romantic Escape at Alsus Boutique Hotel Valid Until: 10 Nov 2025 Romantic Escape at Alsus is the perfect choice for those celebrating love, whether it\u2019s a special anniversary or simply the joy of romantic surprises [&hellip;]<\/p>\n","protected":false},"author":1,"featured_media":0,"parent":0,"menu_order":0,"comment_status":"closed","ping_status":"closed","template":"","meta":{"footnotes":""},"class_list":["post-1834","page","type-page","status-publish","hentry"],"_links":{"self":[{"href":"https:\/\/www.alsusboutiquehotel.com\/hu\/wp-json\/wp\/v2\/pages\/1834","targetHints":{"allow":["GET"]}}],"collection":[{"href":"https:\/\/www.alsusboutiquehotel.com\/hu\/wp-json\/wp\/v2\/pages"}],"about":[{"href":"https:\/\/www.alsusboutiquehotel.com\/hu\/wp-json\/wp\/v2\/types\/page"}],"author":[{"embeddable":true,"href":"https:\/\/www.alsusboutiquehotel.com\/hu\/wp-json\/wp\/v2\/users\/1"}],"replies":[{"embeddable":true,"href":"https:\/\/www.alsusboutiquehotel.com\/hu\/wp-json\/wp\/v2\/comments?post=1834"}],"version-history":[{"count":12,"href":"https:\/\/www.alsusboutiquehotel.com\/hu\/wp-json\/wp\/v2\/pages\/1834\/revisions"}],"predecessor-version":[{"id":21119,"href":"https:\/\/www.alsusboutiquehotel.com\/hu\/wp-json\/wp\/v2\/pages\/1834\/revisions\/21119"}],"wp:attachment":[{"href":"https:\/\/www.alsusboutiquehotel.com\/hu\/wp-json\/wp\/v2\/media?parent=1834"}],"curies":[{"name":"munkaf\u00fczet","href":"https:\/\/api.w.org\/{rel}","templated":true}]}}