{"id":17124,"date":"2025-02-13T14:29:58","date_gmt":"2025-02-13T14:29:58","guid":{"rendered":"https:\/\/www.alsusboutiquehotel.com\/?page_id=17124"},"modified":"2025-02-13T14:30:23","modified_gmt":"2025-02-13T14:30:23","slug":"cookies-policy","status":"publish","type":"page","link":"https:\/\/www.alsusboutiquehotel.com\/nb\/cookies-policy\/","title":{"rendered":"Informasjonskapsler"},"content":{"rendered":"<div data-elementor-type=\"wp-page\" data-elementor-id=\"17124\" class=\"elementor elementor-17124\">\n\t\t\t\t        <section class=\"elementor-section elementor-top-section elementor-element elementor-element-2ea7339f elementor-section-boxed elementor-section-height-default elementor-section-height-default pxl-section-static-pos-no pxl-section-overflow-hidden-no pxl-container-margin-auto-no\" data-id=\"2ea7339f\" data-element_type=\"section\" data-e-type=\"section\">\n\n                \n                <div class=\"elementor-container elementor-column-gap-default\">\n                <div class=\"elementor-column elementor-col-100 elementor-top-column elementor-element elementor-element-73df817c col-offset-none pxl-column-element-default pxl-column-overflow-hidden-no\" data-id=\"73df817c\" data-element_type=\"column\" data-e-type=\"column\">\r\n        <div class=\"elementor-widget-wrap elementor-element-populated\">\r\n                    \t\t<div class=\"elementor-element elementor-element-6277fa99 elementor-widget elementor-widget-text-editor\" data-id=\"6277fa99\" data-element_type=\"widget\" data-e-type=\"widget\" data-widget_type=\"text-editor.default\">\n\t\t\t\t<div class=\"elementor-widget-container\">\n\t\t\t\t\t\t\t\t\t<div class=\"elementor-element elementor-element-3454921c elementor-widget__width-initial elementor-widget elementor-widget-text-editor\" data-id=\"3454921c\" data-element_type=\"widget\" data-widget_type=\"text-editor.default\"><div class=\"elementor-widget-container\"><h1>Informasjonskapsler<\/h1><p><em>Sist oppdatert 19. desember 2024<\/em><\/p><p><strong>Informasjonskapsler<\/strong> av<\/p><p><strong>Alsus Boutique Hotel<\/strong>,<br \/>50 Andrea Papandreou Amoudara, Heraklion,<br \/>Kreta<br \/>71414,<br \/>Hellas,<br \/>e-post: info@alsusboutiquehotel.com,<br \/>telefon: +302810372700<\/p><p>Denne informasjonskapselpolicyen gir informasjon om bruk av informasjonskapsler og lignende teknologier p\u00e5 hotellets nettsted. Den beskriver ogs\u00e5 hvilke valg du kan ha ang\u00e5ende informasjonskapsler og lignende teknologier.<\/p><p>Denne informasjonskapselpolicyen er en del av og innlemmet i nettstedets bruksvilk\u00e5r, og kan endres fra tid til annen. Det anbefales at du sjekker informasjonskapselpolicyen regelmessig for \u00e5 holde deg informert om eventuelle revisjoner. Relevante varsler om vesentlige endringer kan ogs\u00e5 vises p\u00e5 nettstedet. Ved \u00e5 bes\u00f8ke nettstedet godtar du \u00e5 godta eventuelle endringer som gj\u00f8res i denne policyen.<\/p><p><strong>Hva er informasjonskapsler?<\/strong><\/p><p>Informasjonskapsler er sm\u00e5 tekstfiler \u2013 vanligvis best\u00e5ende av bokstaver og tall \u2013 som lagres p\u00e5 enheten din av en webserver.<\/p><p>Informasjonskapsler er delt inn i \u00ab\u00f8ktinformasjonskapsler\u00bb og \u00abvedvarende informasjonskapsler\u00bb avhengig av hvor lenge de forblir lagret p\u00e5 enheten din. \u00ab\u00d8ktinformasjonskapsler\u00bb lagres p\u00e5 enheten din i det \u00f8yeblikket du bes\u00f8ker nettstedet og slettes automatisk etter at du lukker nettleseren. \u00abVedvarende informasjonskapsler\u00bb lagres p\u00e5 enheten din n\u00e5r du bes\u00f8ker nettstedet og forblir lagret etter at nettleseren er lukket. \u00abVedvarende informasjonskapsler\u00bb vil automatisk bli aktivert p\u00e5 nytt n\u00e5r du \u00e5pner nettleseren din og surfer p\u00e5 internett.<\/p><p>F\u00f8rsteparts- og tredjepartsinformasjonskapsler \u2013 Avhengig av nettstedet eller domenet som installerer informasjonskapselen, karakteriseres informasjonskapsler som \u00abf\u00f8rste\u00bb eller \u00abtredjepart\u00bb. F\u00f8rstepartsinformasjonskapsler er generelt informasjonskapsler som installeres av nettstedet som bes\u00f8kes av brukeren \u2013 nettstedet som vises i URL-vinduet. Tredjepartsinformasjonskapsler er informasjonskapsler som installeres av et annet nettsted (domene) enn det som bes\u00f8kes av brukeren. Hvis brukeren bes\u00f8ker et nettsted og et annet selskap installerer en informasjonskapsel gjennom det nettstedet, vil den aktuelle informasjonskapselen v\u00e6re fra en tredjepart.<\/p><p><strong>Hvorfor vi bruker informasjonskapsler<\/strong><\/p><p>Vi bruker informasjonskapsler for \u00e5 gi deg best mulig nettleseropplevelse. Noen informasjonskapsler er teknisk n\u00f8dvendige for riktig bruk av nettstedet. Andre informasjonskapsler brukes til \u00e5 utf\u00f8re funksjoner som annonsering, innhenting av statistikk (dvs. hvor mange bes\u00f8kende som har sett bestemte sider p\u00e5 nettstedet v\u00e5rt).<\/p><p>Vi og\/eller tredjeparter som tilbyr tjenester p\u00e5 v\u00e5re vegne kategoriserer informasjonskapsler som beskrevet nedenfor.<\/p><p>Strengt n\u00f8dvendige informasjonskapsler<\/p><p>Disse informasjonskapslene er strengt n\u00f8dvendige for \u00e5 kunne tilby deg tjenestene du ber om via nettstedet. De er n\u00f8dvendige for at du skal kunne bes\u00f8ke nettstedet v\u00e5rt og bruke funksjonene riktig. Grunnleggende funksjoner, som f\u00f8lgende, er basert p\u00e5 disse viktige informasjonskapslene:<\/p><p>For \u00e5 forbli innlogget p\u00e5 nettstedet,<\/p><p>o Identifisere din personlige informasjon, som du oppgir p\u00e5 nettstedet n\u00e5r du gjennomf\u00f8rer transaksjonene dine,<\/p><p>o For \u00e5 beskytte sikkerheten til transaksjonene dine gjennom omdirigering til tredjeparts betalingsapplikasjoner og retur til nettstedet for \u00e5 fullf\u00f8re transaksjonen,<\/p><p>o Hent informasjon om transaksjonen din etter at den er fullf\u00f8rt, og<\/p><p>o Generelt sett, for \u00e5 gi deg tjenester og informasjon p\u00e5 foresp\u00f8rsel<\/p><p>Funksjonalitetsinformasjonskapsler<\/p><p>Disse informasjonskapslene hjelper oss med \u00e5 tilpasse innholdet v\u00e5rt for deg, tiltale deg med navn og huske preferansene dine (for eksempel valg av et bestemt spr\u00e5k eller en bestemt region). Hvis du velger \u00e5 slette\/deaktivere funksjonalitetsinformasjonskapsler, vil ikke eventuelle preferanser\/innstillinger du har valgt bli lagret for senere bes\u00f8k p\u00e5 nettstedet.<\/p><p>Ytelsesinformasjonskapsler<\/p><p>Disse informasjonskapslene samler inn informasjon om hvordan brukere bruker nettstedet for \u00e5 kunne vurdere og forbedre nettstedet og den bes\u00f8kendes opplevelse. Disse informasjonskapslene samler ikke inn informasjon som identifiserer den bes\u00f8kende.<\/p><p>Slike informasjonskapsler samler inn informasjon om:<\/p><p>Sider som folk bes\u00f8ker oftest,<br \/>Lenker valgt av brukere,<br \/>Feilmeldinger som brukere kan motta mens de surfer p\u00e5 nettstedet, osv.<\/p><p>Tredjeparts informasjonskapsler \/ markedsf\u00f8ring<\/p><p>For \u00e5 gi deg mer interessant innhold og for \u00e5 hjelpe deg med \u00e5 samhandle med dine sosiale mediekontoer, kan nettstedet inneholde innhold og tjenester fra tredjeparter (f.eks. \u00abplugins\u00bb fra Facebook, Twitter, YouTube, Instagram, Pinterest osv.) eller lenker til tredjepartsnettsteder. N\u00e5r du bes\u00f8ker tredjepartslenker og\/eller nettsteder, er du underlagt disse tredjepartenes retningslinjer for informasjonskapsler. I dette tilfellet handler du etter egen vilje, og vi p\u00e5tar oss intet ansvar for problemer som oppst\u00e5r som f\u00f8lge av lagring av informasjonskapsler p\u00e5 enheten din av tredjepartens nettsted.<\/p><p>F\u00f8lgende tredjeparts programvareverkt\u00f8y brukes p\u00e5 nettstedene v\u00e5re:<br \/>\u2022 Google Analytics \u2013 sporing av nettstedsatferd og statistikk.<br \/>\u2022 Google Ads \/ Bindg Ads \u2013 for sponsede oppf\u00f8ringer i s\u00f8kemotorresultatsider.<br \/>\u2022 Facebook-retargeting \u2013 sporing av hvilke nettsider du ser p\u00e5 og hvilke annonser du vil se.<br \/>\u2022 Instagram retargeting \u2013 sporing av hvilke nettsider du ser p\u00e5 og hvilke annonser du vil se.<\/p><p><strong>Slik kontrollerer du informasjonskapsler<\/strong><\/p><p>De fleste nettlesere godtar informasjonskapsler automatisk, men tilbyr kontrollmuligheter som lar deg blokkere informasjonskapsler eller slette dem. Du har muligheten til \u00e5 aktivere eller deaktivere installasjon av informasjonskapsler p\u00e5 enheten din ved \u00e5 endre innstillingene i nettleseren du bruker n\u00e5r som helst. Du kan ogs\u00e5 konfigurere nettleseren du bruker p\u00e5 riktig m\u00e5te til \u00e5 informere deg f\u00f8r en informasjonskapsel installeres p\u00e5 enheten din, eller f\u00f8lge instruksjonene i nettleseren din for \u00e5 slette informasjonskapsler som allerede er installert. Hvis du bruker flere enheter, m\u00e5 du konfigurere nettlesersystemet slik du \u00f8nsker det p\u00e5 hver av enhetene dine.<\/p><p>Hvis du velger \u00e5 deaktivere alle informasjonskapsler, kan det hende at du ikke kan bruke de interaktive funksjonene p\u00e5 nettstedet v\u00e5rt fullt ut eller motta tjenestene v\u00e5re gjennom nettstedet v\u00e5rt.<\/p><p>Sletting av informasjonskapsler sletter ikke Flash-programobjekter. Du kan l\u00e6re mer om Flash-programobjekter, inkludert hvordan du kontrollerer og deaktiverer dem, p\u00e5 Adobes nettsted. Du finner ytterligere informasjon om informasjonskapsler og lignende teknologier som brukes p\u00e5 ulike nettsteder via nettlesersystemet ditt eller andre internettressurser.<\/p><p>For \u00e5 administrere informasjonskapsler via nettleseren din, velg f\u00f8lgende hyperlenker for \u00e5 bli omdirigert til nettleserens instruksjoner:<\/p><p>Microsoft Windows Utforsker<br \/>Mozilla Firefox<br \/>Google Chrome<br \/>Apple Safari<\/p><p>Du kan finne ut mer om informasjonskapsler p\u00e5 f\u00f8lgende tredjepartsnettsteder:<\/p><p>Alt om informasjonskapsler: <a title=\"Alt om informasjonskapsler\" href=\"https:\/\/www.allaboutcookies.org\/\" target=\"_blank\" rel=\"noopener\">https:\/\/www.allaboutcookies.org\/<\/a><br \/>Cookiepedia: <a title=\"Cookiepedia\" href=\"https:\/\/cookiepedia.co.uk\/\" target=\"_blank\" rel=\"noopener\">https:\/\/cookiepedia.co.uk\/<\/a><\/p><p><strong>Hva er lignende teknologier?<\/strong><\/p><p>Pikseltagger, web beacons, innebygde skript og clear GIF-er er sm\u00e5 filer som brukes til \u00e5 spore navigasjon p\u00e5 en nettside, og som kan brukes sammen med informasjonskapsler. Flash-objekter (lokalt delte objekter) er sm\u00e5 filer som er lagret p\u00e5 enheten din fra en nettside som bruker Adobes Flash Player-teknologi.<\/p><p>Web-beacons og innebygde skript<\/p><p>Web-beacons og innebygde skript er andre teknologier vi bruker p\u00e5 nettstedet v\u00e5rt, samt i visse e-poster og annonser.<\/p><p>Web-beacons (eller \u00abtagger\u00bb) er programmeringskoder som er inkludert i nettsider, e-poster og annonser, og som oppgir til oss og\/eller tredjeparter som tilbyr tjenester p\u00e5 v\u00e5re vegne n\u00e5r disse nettsidene, e-postene eller annonsene ble vist eller valgt.<\/p><p>Vi bruker denne informasjonen til \u00e5 forbedre nettstedet v\u00e5rt, tilpasse nettstedet v\u00e5rt til dine potensielle interesser og utf\u00f8re markedsunders\u00f8kelser. Du kan deaktivere slike kodefunksjoner, som JavaScript, via nettlesersystemet ditt (se hjelpefunksjonen i nettleseren din). Merk at hvis du deaktiverer kodefunksjoner, kan det hende at nettstedet ikke fungerer som det skal.<\/p><p><strong>Privatliv<\/strong><\/p><p>Vi er forpliktet til \u00e5 bruke god personvernpraksis. For mer informasjon om v\u00e5r tiln\u00e6rming til personvern, se v\u00e5r <a href=\"https:\/\/www.alsusboutiquehotel.com\/nb\/privacy-policy\/\">Personvernerkl\u00e6ring<\/a>.<\/p><ol><li><h3>Klage-\/personvernombud:<\/h3><p>Hvis du har sp\u00f8rsm\u00e5l eller bekymringer ang\u00e5ende behandlingen av din informasjon som er tilgjengelig hos oss, kan du sende en e-post til v\u00e5r klageansvarlige p\u00e5<\/p><p>Alsus Boutique Hotel,<br \/>50 Andrea Papandreou Amoudara, Heraklion,<br \/>e-post: <a href=\"mailto:info@alsusboutiquehotel.com\">info@alsusboutiquehotel.com<\/a><\/p><p>Vi vil h\u00e5ndtere dine bekymringer i samsvar med gjeldende lov.<\/p><\/li><\/ol><\/div><\/div>\t\t\t\t\t\t\t\t<\/div>\n\t\t\t\t<\/div>\n\t\t                    <\/div>\r\n        <\/div>\r\n        \t\t\t<\/div>\n\t\t<\/section>\n\t\t\t\t<\/div>","protected":false},"excerpt":{"rendered":"<p>Cookies Policy Last Updated On 19-Dec-2024 Cookies Policy of Alsus Boutique Hotel,50 Andrea Papandreou Amoudara, Heraklion,Crete71414,Greece,email: info@alsusboutiquehotel.com,phone: +302810372700 This Cookies Policy provides information regarding the use of Cookies and Similar Technologies by the hotel\u2019s website. It also describes what kind of choices you may have regarding Cookies and Similar Technologies. This Cookie Policy is part [&hellip;]<\/p>\n","protected":false},"author":1,"featured_media":0,"parent":0,"menu_order":0,"comment_status":"closed","ping_status":"closed","template":"","meta":{"footnotes":""},"class_list":["post-17124","page","type-page","status-publish","hentry"],"_links":{"self":[{"href":"https:\/\/www.alsusboutiquehotel.com\/nb\/wp-json\/wp\/v2\/pages\/17124","targetHints":{"allow":["GET"]}}],"collection":[{"href":"https:\/\/www.alsusboutiquehotel.com\/nb\/wp-json\/wp\/v2\/pages"}],"about":[{"href":"https:\/\/www.alsusboutiquehotel.com\/nb\/wp-json\/wp\/v2\/types\/page"}],"author":[{"embeddable":true,"href":"https:\/\/www.alsusboutiquehotel.com\/nb\/wp-json\/wp\/v2\/users\/1"}],"replies":[{"embeddable":true,"href":"https:\/\/www.alsusboutiquehotel.com\/nb\/wp-json\/wp\/v2\/comments?post=17124"}],"version-history":[{"count":0,"href":"https:\/\/www.alsusboutiquehotel.com\/nb\/wp-json\/wp\/v2\/pages\/17124\/revisions"}],"wp:attachment":[{"href":"https:\/\/www.alsusboutiquehotel.com\/nb\/wp-json\/wp\/v2\/media?parent=17124"}],"curies":[{"name":"wp","href":"https:\/\/api.w.org\/{rel}","templated":true}]}}