{"id":4496,"date":"2023-01-03T07:59:09","date_gmt":"2023-01-03T07:59:09","guid":{"rendered":"https:\/\/demo.7iquid.com\/carmelina\/?page_id=4496"},"modified":"2026-02-22T00:57:22","modified_gmt":"2026-02-21T22:57:22","slug":"fitness","status":"publish","type":"page","link":"https:\/\/www.alsusboutiquehotel.com\/nb\/fitness\/","title":{"rendered":"Treningsstudio"},"content":{"rendered":"<div data-elementor-type=\"wp-page\" data-elementor-id=\"4496\" class=\"elementor elementor-4496\">\n\t\t\t\t        <section class=\"elementor-section elementor-top-section elementor-element elementor-element-a0418ba elementor-section-full_width elementor-section-content-middle elementor-section-height-default elementor-section-height-default pxl-section-offset-none pxl-section-static-pos-no pxl-section-overflow-hidden-no pxl-container-margin-auto-no\" data-id=\"a0418ba\" data-element_type=\"section\" data-e-type=\"section\">\n\n                \n                <div class=\"elementor-container elementor-column-gap-no\">\n                <div class=\"elementor-column elementor-col-33 elementor-top-column elementor-element elementor-element-c280b43 pxl-column-overflow-hidden-yes col-offset-none pxl-column-element-default pxl-pll-transform\" data-id=\"c280b43\" data-element_type=\"column\" data-e-type=\"column\">\r\n        <div class=\"elementor-widget-wrap\">\r\n            <div class=\"pxl-column-bg-parallax-outer\"><div class=\"pxl-column-bg-parallax\" data-parallax=\"{&quot;x&quot;:-30}\"><\/div><\/div>                            <\/div>\r\n        <\/div>\r\n                <div class=\"elementor-column elementor-col-33 elementor-top-column elementor-element elementor-element-a114cf9 col-offset-none pxl-column-element-default pxl-column-overflow-hidden-no\" data-id=\"a114cf9\" data-element_type=\"column\" data-e-type=\"column\">\r\n        <div class=\"elementor-widget-wrap elementor-element-populated\">\r\n                    \t\t<div class=\"elementor-element elementor-element-7c4f280 elementor-widget elementor-widget-pxl_heading\" data-id=\"7c4f280\" data-element_type=\"widget\" data-e-type=\"widget\" data-widget_type=\"pxl_heading.default\">\n\t\t\t\t<div class=\"elementor-widget-container\">\n\t\t\t\t\t<div class=\"pxl-heading-wrap d-flex\">\n    <div class=\"pxl-heading-inner center\">\n                    <div class=\"heading-subtitle\">\n                <div class=\"subtitle-text  pxl-split-text split-in-up\">Tren med utsikt<\/div>\n            <\/div>\n                <h2 class=\"heading-title pxl-split-text split-in-up\">\n                        Hage treningsstudio         <\/h2>\n            <\/div>\n<\/div>\n\n\t\t\t\t<\/div>\n\t\t\t\t<\/div>\n\t\t\t\t<div class=\"elementor-element elementor-element-2191d44 elementor-invisible pxl-elementor-animate elementor-widget elementor-widget-pxl_text_editor\" data-id=\"2191d44\" data-element_type=\"widget\" data-e-type=\"widget\" data-settings=\"{&quot;_animation&quot;:&quot;fadeInUp&quot;}\" data-widget_type=\"pxl_text_editor.default\">\n\t\t\t\t<div class=\"elementor-widget-container\">\n\t\t\t\t\t<div id=\"pxl_text_editor-2191d44-3009\" class=\"pxl-text-editor-wrap d-flex\" >\n\t<div class=\"pxl-text-editor elementor-clearfix\">\n\t\t<p>V\u00e5rt treningsstudio med glassfasade har utsikt over den tropiske hagen og bassengomr\u00e5det, og skaper en unik atmosf\u00e6re der bevegelse m\u00f8ter ro. Naturlig lys, hageutsikt og moderne utstyr gj\u00f8r hver trenings\u00f8kt forfriskende og energigivende.<\/p><p>Enten du foretrekker styrketrening, t\u00f8ying eller en lett morgen\u00f8kt f\u00f8r frokost, er lokalet designet for \u00e5 st\u00f8tte rutinen din i fredelige omgivelser kun for voksne.<\/p>\t\t\n\t<\/div>\n<\/div>\t\t\t\t<\/div>\n\t\t\t\t<\/div>\n\t\t                    <\/div>\r\n        <\/div>\r\n                <div class=\"elementor-column elementor-col-33 elementor-top-column elementor-element elementor-element-8c06b07 pxl-column-overflow-hidden-yes col-offset-none pxl-column-element-default pxl-pll-transform\" data-id=\"8c06b07\" data-element_type=\"column\" data-e-type=\"column\">\r\n        <div class=\"elementor-widget-wrap\">\r\n            <div class=\"pxl-column-bg-parallax-outer\"><div class=\"pxl-column-bg-parallax\" data-parallax=\"{&quot;x&quot;:30}\"><\/div><\/div>                            <\/div>\r\n        <\/div>\r\n        \t\t\t<\/div>\n\t\t<\/section>\n\t\t        <section class=\"elementor-section elementor-top-section elementor-element elementor-element-3f280fb elementor-section-boxed elementor-section-height-default elementor-section-height-default pxl-section-static-pos-no pxl-section-overflow-hidden-no pxl-container-margin-auto-no\" data-id=\"3f280fb\" data-element_type=\"section\" data-e-type=\"section\" data-settings=\"{&quot;background_background&quot;:&quot;classic&quot;}\">\n\n                \n                <div class=\"elementor-container elementor-column-gap-default\">\n                <div class=\"elementor-column elementor-col-25 elementor-top-column elementor-element elementor-element-a407621 col-offset-none pxl-column-element-default pxl-column-overflow-hidden-no\" data-id=\"a407621\" data-element_type=\"column\" data-e-type=\"column\">\r\n        <div class=\"elementor-widget-wrap elementor-element-populated\">\r\n                    \t\t<div class=\"elementor-element elementor-element-f55ee2b pxl-fancybox-layout-7 elementor-widget elementor-widget-pxl_fancy_box\" data-id=\"f55ee2b\" data-element_type=\"widget\" data-e-type=\"widget\" data-widget_type=\"pxl_fancy_box.default\">\n\t\t\t\t<div class=\"elementor-widget-container\">\n\t\t\t\t\t \r\n<div class=\"pxl-fancybox-wrap d-flex text-center layout-7\">\r\n    <div class=\"fancybox-inner relative\">\r\n         \r\n                    <div class=\"pxl-fancy-icon relative\">\r\n                                <span aria-hidden=\"true\" class=\"pxl-icon cmli cmli-hours\"><\/span>                            <\/div>\r\n                  \r\n        <div class=\"pxl-fancybox-content\">\r\n            <h3 class=\"title pxl-heading\">\r\n                                \u00c5pent daglig                 \r\n            <\/h3>\r\n                            <div class=\"desc\">\r\n                    Tilgjengelig daglig for hotellgjester, og tilbyr fleksibilitet til \u00e5 trene n\u00e5r det passer best for deg.                <\/div>\r\n                    <\/div> \r\n         \r\n    <\/div>  \r\n<\/div>\r\n \r\n\r\n\r\n\r\n\t\t\t\t<\/div>\n\t\t\t\t<\/div>\n\t\t                    <\/div>\r\n        <\/div>\r\n                <div class=\"elementor-column elementor-col-25 elementor-top-column elementor-element elementor-element-660d5d0 col-offset-none pxl-column-element-default pxl-column-overflow-hidden-no\" data-id=\"660d5d0\" data-element_type=\"column\" data-e-type=\"column\">\r\n        <div class=\"elementor-widget-wrap elementor-element-populated\">\r\n                    \t\t<div class=\"elementor-element elementor-element-483ecaa pxl-fancybox-layout-7 elementor-widget elementor-widget-pxl_fancy_box\" data-id=\"483ecaa\" data-element_type=\"widget\" data-e-type=\"widget\" data-widget_type=\"pxl_fancy_box.default\">\n\t\t\t\t<div class=\"elementor-widget-container\">\n\t\t\t\t\t \r\n<div class=\"pxl-fancybox-wrap d-flex text-center layout-7\">\r\n    <div class=\"fancybox-inner relative\">\r\n         \r\n                    <div class=\"pxl-fancy-icon relative\">\r\n                <div class=\"icon-inner\">                <svg xmlns=\"http:\/\/www.w3.org\/2000\/svg\" viewbox=\"0 0 64 64\" width=\"512\" height=\"512\"><g id=\"Whistle\"><path d=\"M25,31a7,7,0,1,0,7,7A7.0078,7.0078,0,0,0,25,31Zm0,12a5,5,0,1,1,5-5A5.0059,5.0059,0,0,1,25,43Z\"><\/path><path d=\"M63.8506,24.4741A1,1,0,0,0,63,24H45a1,1,0,0,0-.9487.6836L43.2793,27H36.7207l-.772-2.3164A1,1,0,0,0,35,24H25A14.0134,14.0134,0,0,0,11.4652,34.41,4.9912,4.9912,0,1,0,5.2877,42.189,5.9791,5.9791,0,0,1,1,44a1,1,0,0,0,0,2,7.9835,7.9835,0,0,0,6.2889-3.0719A4.9342,4.9342,0,0,0,8,43a4.9772,4.9772,0,0,0,3.4769-1.4192A14.04,14.04,0,0,0,24.4526,51.99q.2746.01.5479.01A14.0027,14.0027,0,0,0,39,38a2.002,2.002,0,0,1,2-2H58a1,1,0,0,0,.8945-.5527l5-10A1.0013,1.0013,0,0,0,63.8506,24.4741ZM8.4268,40.9568A7.9468,7.9468,0,0,0,9,38a1,1,0,0,0-2,0,5.9539,5.9539,0,0,1-.5734,2.5429,3.0014,3.0014,0,1,1,2,.4139ZM57.3818,34H41a4.0045,4.0045,0,0,0-4,4A12.0028,12.0028,0,0,1,24.5273,49.9907a12.1738,12.1738,0,0,1-11.518-11.518A12.0029,12.0029,0,0,1,25,26h9.2793l.772,2.3164A1,1,0,0,0,36,29h8a1,1,0,0,0,.9487-.6836L45.7207,26H57.0068l-.7763,1.5527a1,1,0,0,0,1.789.8946L59.2432,26h2.1386Z\"><\/path><path d=\"M40,21a1,1,0,0,0,1-1V13a1,1,0,0,0-2,0v7A1,1,0,0,0,40,21Z\"><\/path><path d=\"M43.999,21a.9986.9986,0,0,0,.8008-.4l3-4a1,1,0,1,0-1.6-1.2l-3,4A1,1,0,0,0,43.999,21Z\"><\/path><path d=\"M35.2,20.6a1,1,0,1,0,1.6-1.2l-3-4a1,1,0,0,0-1.6,1.2Z\"><\/path><\/g><\/svg>                <\/div>            <\/div>\r\n                  \r\n        <div class=\"pxl-fancybox-content\">\r\n            <h3 class=\"title pxl-heading\">\r\n                                Smart treningsopplevelse<br \/>\n                 \r\n            <\/h3>\r\n                            <div class=\"desc\">\r\n                    Gjestene har tilgang til v\u00e5r dedikerte treningsapp, som tilbyr guidede trenings\u00f8kter skreddersydd for utstyret v\u00e5rt og tilpasningsdyktig til ulike treningsniv\u00e5er og personlige m\u00e5l. Tren selvstendig med struktur og selvtillit.                <\/div>\r\n                    <\/div> \r\n         \r\n    <\/div>  \r\n<\/div>\r\n \r\n\r\n\r\n\r\n\t\t\t\t<\/div>\n\t\t\t\t<\/div>\n\t\t                    <\/div>\r\n        <\/div>\r\n                <div class=\"elementor-column elementor-col-25 elementor-top-column elementor-element elementor-element-37a92e6 col-offset-none pxl-column-element-default pxl-column-overflow-hidden-no\" data-id=\"37a92e6\" data-element_type=\"column\" data-e-type=\"column\">\r\n        <div class=\"elementor-widget-wrap elementor-element-populated\">\r\n                    \t\t<div class=\"elementor-element elementor-element-2f38c1a pxl-fancybox-layout-7 elementor-widget elementor-widget-pxl_fancy_box\" data-id=\"2f38c1a\" data-element_type=\"widget\" data-e-type=\"widget\" data-widget_type=\"pxl_fancy_box.default\">\n\t\t\t\t<div class=\"elementor-widget-container\">\n\t\t\t\t\t \r\n<div class=\"pxl-fancybox-wrap d-flex text-center layout-7\">\r\n    <div class=\"fancybox-inner relative\">\r\n         \r\n                    <div class=\"pxl-fancy-icon relative\">\r\n                                <span aria-hidden=\"true\" class=\"pxl-icon cmli cmli-swimming-pool\"><\/span>                            <\/div>\r\n                  \r\n        <div class=\"pxl-fancybox-content\">\r\n            <h3 class=\"title pxl-heading\">\r\n                                Restitusjon ved bassenget<br \/>\n                 \r\n            <\/h3>\r\n                            <div class=\"desc\">\r\n                    Rett ved siden av treningsstudioet kan gjestene slappe av i basseng- og boblebadomr\u00e5det \u2013 ideelt for restitusjon og muskelavslapning etter trening.<br \/>\nDet er obligatorisk \u00e5 bruke dusjen f\u00f8r man g\u00e5r inn i bassenget eller boblebadet.                <\/div>\r\n                    <\/div> \r\n         \r\n    <\/div>  \r\n<\/div>\r\n \r\n\r\n\r\n\r\n\t\t\t\t<\/div>\n\t\t\t\t<\/div>\n\t\t                    <\/div>\r\n        <\/div>\r\n                <div class=\"elementor-column elementor-col-25 elementor-top-column elementor-element elementor-element-e56793a col-offset-none pxl-column-element-default pxl-column-overflow-hidden-no\" data-id=\"e56793a\" data-element_type=\"column\" data-e-type=\"column\">\r\n        <div class=\"elementor-widget-wrap elementor-element-populated\">\r\n                    \t\t<div class=\"elementor-element elementor-element-6adbc9e pxl-fancybox-layout-7 elementor-widget elementor-widget-pxl_fancy_box\" data-id=\"6adbc9e\" data-element_type=\"widget\" data-e-type=\"widget\" data-widget_type=\"pxl_fancy_box.default\">\n\t\t\t\t<div class=\"elementor-widget-container\">\n\t\t\t\t\t \r\n<div class=\"pxl-fancybox-wrap d-flex text-center layout-7\">\r\n    <div class=\"fancybox-inner relative\">\r\n         \r\n                    <div class=\"pxl-fancy-icon relative\">\r\n                                <span aria-hidden=\"true\" class=\"pxl-icon cmli cmli-stationary-bike\"><\/span>                            <\/div>\r\n                  \r\n        <div class=\"pxl-fancybox-content\">\r\n            <h3 class=\"title pxl-heading\">\r\n                                Moderne utstyr                 \r\n            <\/h3>\r\n                            <div class=\"desc\">\r\n                    V\u00e5rt treningsstudio med glassfasade er utstyrt med moderne kondisjons- og styrketreningsapparater, designet for effektiv helkropps\u00f8kt i et lyst omr\u00e5de med hageutsikt ved siden av bassengomr\u00e5det.                <\/div>\r\n                    <\/div> \r\n         \r\n    <\/div>  \r\n<\/div>\r\n \r\n\r\n\r\n\r\n\t\t\t\t<\/div>\n\t\t\t\t<\/div>\n\t\t                    <\/div>\r\n        <\/div>\r\n        \t\t\t<\/div>\n\t\t<\/section>\n\t\t        <section class=\"elementor-section elementor-top-section elementor-element elementor-element-6ef1806 elementor-section-full_width elementor-section-height-default elementor-section-height-default pxl-section-offset-none pxl-section-static-pos-no pxl-section-overflow-hidden-no pxl-container-margin-auto-no\" data-id=\"6ef1806\" data-element_type=\"section\" data-e-type=\"section\">\n\n                \n                <div class=\"elementor-container elementor-column-gap-default\">\n                <div class=\"elementor-column elementor-col-100 elementor-top-column elementor-element elementor-element-90100db col-offset-none pxl-column-element-default pxl-column-overflow-hidden-no\" data-id=\"90100db\" data-element_type=\"column\" data-e-type=\"column\">\r\n        <div class=\"elementor-widget-wrap elementor-element-populated\">\r\n                    \t\t<div class=\"elementor-element elementor-element-845e00f pxl-swiper-arrows-true pxl-gallery-carousel-layout-2 pxl-bg-mode-basic pxl-swiper-dots-false pxl-swiper-dots-color-mode-df elementor-widget elementor-widget-pxl_gallery_carousel\" data-id=\"845e00f\" data-element_type=\"widget\" data-e-type=\"widget\" data-widget_type=\"pxl_gallery_carousel.default\">\n\t\t\t\t<div class=\"elementor-widget-container\">\n\t\t\t\t\t \r\n<div class=\"pxl-swiper-slider pxl-gallery-carousel layout-2  basic\">\r\n    <div class=\"pxl-swiper-slider-wrap pxl-carousel-inner overflow-hidden\">\r\n        <div class=\"pxl-swiper-container\" dir=\"ltr\" data-settings=\"{&quot;slide_direction&quot;:&quot;horizontal&quot;,&quot;slide_percolumn&quot;:1,&quot;slide_mode&quot;:&quot;slide&quot;,&quot;slides_to_show_xxl&quot;:4,&quot;slides_to_show&quot;:4,&quot;slides_to_show_lg&quot;:3,&quot;slides_to_show_md&quot;:3,&quot;slides_to_show_sm&quot;:2,&quot;slides_to_show_xs&quot;:2,&quot;slides_to_scroll&quot;:1,&quot;slides_gutter&quot;:30,&quot;center_slide&quot;:false,&quot;dots_style&quot;:&quot;bullets&quot;,&quot;autoplay&quot;:false,&quot;pause_on_hover&quot;:false,&quot;pause_on_interaction&quot;:true,&quot;delay&quot;:5000,&quot;loop&quot;:true,&quot;speed&quot;:500}\">\r\n            <div class=\"pxl-swiper-wrapper swiper-wrapper\">\r\n                                    <div class=\"pxl-swiper-slide swiper-slide\">\r\n                        <div class=\"item-inner relative overflow-hidden\">\r\n                                                            <div class=\"item-image\">\r\n                                    <img fetchpriority=\"high\" decoding=\"async\" class=\"no-lazyload\" src=\"https:\/\/www.alsusboutiquehotel.com\/wp-content\/uploads\/Boutique-Hotel-Gym-3-2896-440x595-1.jpg\" width=\"440\" height=\"595\" alt=\"Boutiquehotell Treningsstudio 3 2896 440x595\" title=\"Boutiquehotell Treningsstudio 3 2896 440x595\" \/>                                <\/div>\r\n                                                                                                <div class=\"pxl-overlay\"><\/div>\r\n                                <a data-elementor-lightbox-slideshow=\"845e00f\" class=\"pxl-galleries-light-box\" href=\"https:\/\/www.alsusboutiquehotel.com\/wp-content\/uploads\/Boutique-Hotel-Gym-3-2896-440x595-1.jpg\" data-id=\"20187\" data-elementor-lightbox-title=\"\"><\/a>\r\n                                                    <\/div>\r\n                    <\/div>\r\n                                    <div class=\"pxl-swiper-slide swiper-slide\">\r\n                        <div class=\"item-inner relative overflow-hidden\">\r\n                                                            <div class=\"item-image\">\r\n                                    <img decoding=\"async\" class=\"no-lazyload\" src=\"https:\/\/www.alsusboutiquehotel.com\/wp-content\/uploads\/jacuzzi-900-442x597.jpg\" width=\"442\" height=\"597\" alt=\"boblebad 900\" title=\"boblebad 900\" \/>                                <\/div>\r\n                                                                                                <div class=\"pxl-overlay\"><\/div>\r\n                                <a data-elementor-lightbox-slideshow=\"845e00f\" class=\"pxl-galleries-light-box\" href=\"https:\/\/www.alsusboutiquehotel.com\/wp-content\/uploads\/jacuzzi-900.jpg\" data-id=\"21203\" data-elementor-lightbox-title=\"\"><\/a>\r\n                                                    <\/div>\r\n                    <\/div>\r\n                                    <div class=\"pxl-swiper-slide swiper-slide\">\r\n                        <div class=\"item-inner relative overflow-hidden\">\r\n                                                            <div class=\"item-image\">\r\n                                    <img decoding=\"async\" class=\"no-lazyload\" src=\"https:\/\/www.alsusboutiquehotel.com\/wp-content\/uploads\/Boutique-Hotel-Gym-in-Ammoudara-Heraklion-32893c-440x595-1.jpg\" width=\"440\" height=\"595\" alt=\"Boutiquehotell Treningsstudio i Ammoudara Heraklion 32893c 440x595\" title=\"Boutiquehotell Treningsstudio i Ammoudara Heraklion 32893c 440x595\" \/>                                <\/div>\r\n                                                                                                <div class=\"pxl-overlay\"><\/div>\r\n                                <a data-elementor-lightbox-slideshow=\"845e00f\" class=\"pxl-galleries-light-box\" href=\"https:\/\/www.alsusboutiquehotel.com\/wp-content\/uploads\/Boutique-Hotel-Gym-in-Ammoudara-Heraklion-32893c-440x595-1.jpg\" data-id=\"20198\" data-elementor-lightbox-title=\"\"><\/a>\r\n                                                    <\/div>\r\n                    <\/div>\r\n                                    <div class=\"pxl-swiper-slide swiper-slide\">\r\n                        <div class=\"item-inner relative overflow-hidden\">\r\n                                                            <div class=\"item-image\">\r\n                                    <img loading=\"lazy\" decoding=\"async\" class=\"no-lazyload\" src=\"https:\/\/www.alsusboutiquehotel.com\/wp-content\/uploads\/jacuzzii-900-442x597.jpg\" width=\"442\" height=\"597\" alt=\"jacuzzi 900\" title=\"jacuzzi 900\" \/>                                <\/div>\r\n                                                                                                <div class=\"pxl-overlay\"><\/div>\r\n                                <a data-elementor-lightbox-slideshow=\"845e00f\" class=\"pxl-galleries-light-box\" href=\"https:\/\/www.alsusboutiquehotel.com\/wp-content\/uploads\/jacuzzii-900.jpg\" data-id=\"21204\" data-elementor-lightbox-title=\"\"><\/a>\r\n                                                    <\/div>\r\n                    <\/div>\r\n                                    <div class=\"pxl-swiper-slide swiper-slide\">\r\n                        <div class=\"item-inner relative overflow-hidden\">\r\n                                                            <div class=\"item-image\">\r\n                                    <img loading=\"lazy\" decoding=\"async\" class=\"no-lazyload\" src=\"https:\/\/www.alsusboutiquehotel.com\/wp-content\/uploads\/Boutique-Hotel-Gym-in-Ammoudara-Heraklion-32893b-440x595-1.jpg\" width=\"440\" height=\"595\" alt=\"Boutiquehotell Treningsstudio i Ammoudara Heraklion 32893b 440x595\" title=\"Boutiquehotell Treningsstudio i Ammoudara Heraklion 32893b 440x595\" \/>                                <\/div>\r\n                                                                                                <div class=\"pxl-overlay\"><\/div>\r\n                                <a data-elementor-lightbox-slideshow=\"845e00f\" class=\"pxl-galleries-light-box\" href=\"https:\/\/www.alsusboutiquehotel.com\/wp-content\/uploads\/Boutique-Hotel-Gym-in-Ammoudara-Heraklion-32893b-440x595-1.jpg\" data-id=\"20197\" data-elementor-lightbox-title=\"\"><\/a>\r\n                                                    <\/div>\r\n                    <\/div>\r\n                            <\/div>    \r\n        <\/div>\r\n    <\/div>\r\n            <div class=\"pxl-swiper-arrows nav-in-vertical arrow-on-hover\">\r\n            <div class=\"pxl-swiper-arrow pxl-swiper-arrow-prev\"><span class=\"pxl-icon pxli-left-arrow\"><\/span><\/div>\r\n            <div class=\"pxl-swiper-arrow pxl-swiper-arrow-next\"><span class=\"pxl-icon pxli-right-arrow\"><\/span><\/div>\r\n        <\/div>\r\n        <\/div>\r\n \r\n\t\t\t\t<\/div>\n\t\t\t\t<\/div>\n\t\t                    <\/div>\r\n        <\/div>\r\n        \t\t\t<\/div>\n\t\t<\/section>\n\t\t        <section class=\"elementor-section elementor-top-section elementor-element elementor-element-c27276d elementor-section-full_width elementor-section-height-default elementor-section-height-default pxl-section-offset-none pxl-section-static-pos-no pxl-section-overflow-hidden-no pxl-container-margin-auto-no\" data-id=\"c27276d\" data-element_type=\"section\" data-e-type=\"section\">\n\n                \n                <div class=\"elementor-container elementor-column-gap-default\">\n                <div class=\"elementor-column elementor-col-100 elementor-top-column elementor-element elementor-element-40d03fe col-offset-none pxl-column-element-default pxl-column-overflow-hidden-no\" data-id=\"40d03fe\" data-element_type=\"column\" data-e-type=\"column\">\r\n        <div class=\"elementor-widget-wrap elementor-element-populated\">\r\n                    \t\t<div class=\"elementor-element elementor-element-6ba91bd elementor-widget elementor-widget-image\" data-id=\"6ba91bd\" data-element_type=\"widget\" data-e-type=\"widget\" data-widget_type=\"image.default\">\n\t\t\t\t<div class=\"elementor-widget-container\">\n\t\t\t\t\t\t\t\t\t\t\t\t\t\t\t<img decoding=\"async\" width=\"1920\" height=\"1088\" data-src=\"https:\/\/www.alsusboutiquehotel.com\/wp-content\/uploads\/Boutique-Hotel-Gym-4-2892-1920x1088-1.jpg\" class=\"elementor-animation-grow attachment-full size-full wp-image-20202 lazyload\" alt=\"\" data-srcset=\"https:\/\/www.alsusboutiquehotel.com\/wp-content\/uploads\/Boutique-Hotel-Gym-4-2892-1920x1088-1.jpg 1920w, https:\/\/www.alsusboutiquehotel.com\/wp-content\/uploads\/Boutique-Hotel-Gym-4-2892-1920x1088-1-768x435.jpg 768w, https:\/\/www.alsusboutiquehotel.com\/wp-content\/uploads\/Boutique-Hotel-Gym-4-2892-1920x1088-1-1536x870.jpg 1536w, https:\/\/www.alsusboutiquehotel.com\/wp-content\/uploads\/Boutique-Hotel-Gym-4-2892-1920x1088-1-18x10.jpg 18w, https:\/\/www.alsusboutiquehotel.com\/wp-content\/uploads\/Boutique-Hotel-Gym-4-2892-1920x1088-1-1170x663.jpg 1170w\" data-sizes=\"(max-width: 1920px) 100vw, 1920px\" title=\"\" src=\"data:image\/svg+xml;base64,PHN2ZyB3aWR0aD0iMSIgaGVpZ2h0PSIxIiB4bWxucz0iaHR0cDovL3d3dy53My5vcmcvMjAwMC9zdmciPjwvc3ZnPg==\" style=\"--smush-placeholder-width: 1920px; --smush-placeholder-aspect-ratio: 1920\/1088;\">\t\t\t\t\t\t\t\t\t\t\t\t\t\t\t<\/div>\n\t\t\t\t<\/div>\n\t\t                    <\/div>\r\n        <\/div>\r\n        \t\t\t<\/div>\n\t\t<\/section>\n\t\t\t\t<\/div>","protected":false},"excerpt":{"rendered":"<p>Train with a View Garden Fitness Studio Our glass-front fitness studio overlooks the tropical garden and pool area, creating a unique atmosphere where movement meets calm. Natural light, garden views and modern equipment make every workout feel refreshing and energizing. Whether you prefer strength training, stretching or a light morning session before breakfast, the space [&hellip;]<\/p>\n","protected":false},"author":1,"featured_media":0,"parent":0,"menu_order":0,"comment_status":"closed","ping_status":"closed","template":"","meta":{"footnotes":""},"class_list":["post-4496","page","type-page","status-publish","hentry"],"_links":{"self":[{"href":"https:\/\/www.alsusboutiquehotel.com\/nb\/wp-json\/wp\/v2\/pages\/4496","targetHints":{"allow":["GET"]}}],"collection":[{"href":"https:\/\/www.alsusboutiquehotel.com\/nb\/wp-json\/wp\/v2\/pages"}],"about":[{"href":"https:\/\/www.alsusboutiquehotel.com\/nb\/wp-json\/wp\/v2\/types\/page"}],"author":[{"embeddable":true,"href":"https:\/\/www.alsusboutiquehotel.com\/nb\/wp-json\/wp\/v2\/users\/1"}],"replies":[{"embeddable":true,"href":"https:\/\/www.alsusboutiquehotel.com\/nb\/wp-json\/wp\/v2\/comments?post=4496"}],"version-history":[{"count":7,"href":"https:\/\/www.alsusboutiquehotel.com\/nb\/wp-json\/wp\/v2\/pages\/4496\/revisions"}],"predecessor-version":[{"id":21391,"href":"https:\/\/www.alsusboutiquehotel.com\/nb\/wp-json\/wp\/v2\/pages\/4496\/revisions\/21391"}],"wp:attachment":[{"href":"https:\/\/www.alsusboutiquehotel.com\/nb\/wp-json\/wp\/v2\/media?parent=4496"}],"curies":[{"name":"wp","href":"https:\/\/api.w.org\/{rel}","templated":true}]}}