{"id":17082,"date":"2025-02-13T14:01:49","date_gmt":"2025-02-13T14:01:49","guid":{"rendered":"https:\/\/www.alsusboutiquehotel.com\/?page_id=17082"},"modified":"2026-02-21T20:52:22","modified_gmt":"2026-02-21T18:52:22","slug":"privacy-policy","status":"publish","type":"page","link":"https:\/\/www.alsusboutiquehotel.com\/pl\/privacy-policy\/","title":{"rendered":"Polityka prywatno\u015bci | Alsus Boutique Hotel \u2013 Tylko dla doros\u0142ych"},"content":{"rendered":"<div data-elementor-type=\"wp-page\" data-elementor-id=\"17082\" class=\"elementor elementor-17082\">\n\t\t\t\t        <section class=\"elementor-section elementor-top-section elementor-element elementor-element-5022f2e8 elementor-section-boxed elementor-section-height-default elementor-section-height-default pxl-section-static-pos-no pxl-section-overflow-hidden-no pxl-container-margin-auto-no\" data-id=\"5022f2e8\" data-element_type=\"section\" data-e-type=\"section\">\n\n                \n                <div class=\"elementor-container elementor-column-gap-default\">\n                <div class=\"elementor-column elementor-col-100 elementor-top-column elementor-element elementor-element-4bb48aa1 col-offset-none pxl-column-element-default pxl-column-overflow-hidden-no\" data-id=\"4bb48aa1\" data-element_type=\"column\" data-e-type=\"column\">\r\n        <div class=\"elementor-widget-wrap elementor-element-populated\">\r\n                    \t\t<div class=\"elementor-element elementor-element-213867a elementor-widget elementor-widget-heading\" data-id=\"213867a\" data-element_type=\"widget\" data-e-type=\"widget\" data-widget_type=\"heading.default\">\n\t\t\t\t<div class=\"elementor-widget-container\">\n\t\t\t\t\t<h2 class=\"elementor-heading-title elementor-size-default\">Definicje<\/h2>\t\t\t\t<\/div>\n\t\t\t\t<\/div>\n\t\t\t\t<div class=\"elementor-element elementor-element-166ef50a elementor-widget elementor-widget-text-editor\" data-id=\"166ef50a\" data-element_type=\"widget\" data-e-type=\"widget\" data-widget_type=\"text-editor.default\">\n\t\t\t\t<div class=\"elementor-widget-container\">\n\t\t\t\t\t\t\t\t\t<p>Na potrzeby niniejszej Polityki Prywatno\u015bci:<\/p>\n<p>\u201eDane osobowe\u201d oznaczaj\u0105 wszelkie informacje dotycz\u0105ce zidentyfikowanej lub mo\u017cliwej do zidentyfikowania osoby fizycznej.<\/p>\n<p>\u201ePodmiot danych\u201d oznacza ka\u017cd\u0105 osob\u0119, kt\u00f3rej dane osobowe s\u0105 przetwarzane przez SAMARITIS SA<\/p>\n<p>\u201ePrzetwarzanie\u201d oznacza jak\u0105kolwiek operacj\u0119 wykonywan\u0105 na danych osobowych, w tym ich gromadzenie, rejestrowanie, przechowywanie, wykorzystywanie, ujawnianie lub usuwanie.<\/p>\n<p>\u201eAdministrator\u201d oznacza SAMARITIS SA, kt\u00f3ry ustala cele i sposoby przetwarzania danych osobowych.<\/p>\n<p>\u201ePodmiot przetwarzaj\u0105cy\u201d oznacza ka\u017cd\u0105 stron\u0119 trzeci\u0105, kt\u00f3ra przetwarza dane osobowe w imieniu Administratora.<\/p>\n<p>\u201eStrona internetowa\u201d oznacza www.alsusboutiquehotel.com.<\/p>\n<p>\u201eRODO\u201d oznacza Rozporz\u0105dzenie (UE) 2016\/679.<\/p>\t\t\t\t\t\t\t\t<\/div>\n\t\t\t\t<\/div>\n\t\t\t\t<div class=\"elementor-element elementor-element-18a6bd9 elementor-widget elementor-widget-heading\" data-id=\"18a6bd9\" data-element_type=\"widget\" data-e-type=\"widget\" data-widget_type=\"heading.default\">\n\t\t\t\t<div class=\"elementor-widget-container\">\n\t\t\t\t\t<h2 class=\"elementor-heading-title elementor-size-default\">Polityka prywatno\u015bci<\/h2>\t\t\t\t<\/div>\n\t\t\t\t<\/div>\n\t\t\t\t<div class=\"elementor-element elementor-element-ced5607 elementor-widget elementor-widget-heading\" data-id=\"ced5607\" data-element_type=\"widget\" data-e-type=\"widget\" data-widget_type=\"heading.default\">\n\t\t\t\t<div class=\"elementor-widget-container\">\n\t\t\t\t\t<h3 class=\"elementor-heading-title elementor-size-default\">I. Dane firmy<\/h3>\t\t\t\t<\/div>\n\t\t\t\t<\/div>\n\t\t\t\t<div class=\"elementor-element elementor-element-ed0c8f2 elementor-widget elementor-widget-text-editor\" data-id=\"ed0c8f2\" data-element_type=\"widget\" data-e-type=\"widget\" data-widget_type=\"text-editor.default\">\n\t\t\t\t<div class=\"elementor-widget-container\">\n\t\t\t\t\t\t\t\t\t<p>W hotelu Alsus Boutique, zarz\u0105dzanym przez SAMARITIS SA, zaufanie cenimy na r\u00f3wni z go\u015bcinno\u015bci\u0105.<\/p><p>SAMARITIS SA, z siedzib\u0105 pod adresem Leof. Andrea Papandreou 50, 71414 Heraklion, Grecja, numer VAT 094209409, Urz\u0105d Skarbowy w Heraklionie, tel. +30 2810 372700, e-mail: info@alsusboutiquehotel.com, jest administratorem danych osobowych gromadzonych za po\u015brednictwem strony internetowej www.alsusboutiquehotel.com.<\/p><p>Przetwarzamy Twoje dane osobowe zgodnie z Rozporz\u0105dzeniem (UE) 2016\/679 (Og\u00f3lne rozporz\u0105dzenie o ochronie danych \u2013 RODO) oraz obowi\u0105zuj\u0105cymi przepisami greckimi.<\/p>\t\t\t\t\t\t\t\t<\/div>\n\t\t\t\t<\/div>\n\t\t\t\t<div class=\"elementor-element elementor-element-70b79c2 elementor-widget elementor-widget-heading\" data-id=\"70b79c2\" data-element_type=\"widget\" data-e-type=\"widget\" data-widget_type=\"heading.default\">\n\t\t\t\t<div class=\"elementor-widget-container\">\n\t\t\t\t\t<h3 class=\"elementor-heading-title elementor-size-default\">II. Zebrane dane<\/h3>\t\t\t\t<\/div>\n\t\t\t\t<\/div>\n\t\t\t\t<div class=\"elementor-element elementor-element-2bcd05a elementor-widget elementor-widget-text-editor\" data-id=\"2bcd05a\" data-element_type=\"widget\" data-e-type=\"widget\" data-widget_type=\"text-editor.default\">\n\t\t\t\t<div class=\"elementor-widget-container\">\n\t\t\t\t\t\t\t\t\t<p>W zale\u017cno\u015bci od Twojej interakcji z naszymi us\u0142ugami, mo\u017cemy zbiera\u0107:<\/p><p>Dane rezerwacji:<\/p><ol><li>Pe\u0142ne imi\u0119 i nazwisko<\/li><li>Adres e-mail<\/li><li>Numer telefonu<\/li><li>Adres \/ kraj zamieszkania<\/li><li>Szczeg\u00f3\u0142y pobytu<\/li><li>Specjalne pro\u015bby lub preferencje<\/li><li>Dane p\u0142atnicze<\/li><\/ol><p>P\u0142atno\u015bci online s\u0105 przetwarzane bezpiecznie za po\u015brednictwem bramki e-commerce Eurobanku. Nie przechowujemy pe\u0142nych danych kart kredytowych na naszych serwerach.<\/p><p>Dane komunikacyjne: Informacje, kt\u00f3re podajesz za po\u015brednictwem formularzy kontaktowych, korespondencji e-mailowej lub komunikacji telefonicznej.<\/p><p>Dane do newslettera: Adres e-mail i preferencje dotycz\u0105ce komunikacji (wy\u0142\u0105cznie za Twoj\u0105 wyra\u017an\u0105 zgod\u0105).<\/p><p>Dane techniczne i u\u017cytkowe:\u00a0<\/p><ol><li>Adres IP<\/li><li>Informacje o typie przegl\u0105darki i urz\u0105dzeniu<\/li><li>Dane dotycz\u0105ce interakcji ze stron\u0105 internetow\u0105<\/li><li>Ciastka<\/li><li>Statystyki Google Analytics<\/li><\/ol>\t\t\t\t\t\t\t\t<\/div>\n\t\t\t\t<\/div>\n\t\t\t\t<div class=\"elementor-element elementor-element-fe04321 elementor-widget elementor-widget-heading\" data-id=\"fe04321\" data-element_type=\"widget\" data-e-type=\"widget\" data-widget_type=\"heading.default\">\n\t\t\t\t<div class=\"elementor-widget-container\">\n\t\t\t\t\t<h3 class=\"elementor-heading-title elementor-size-default\">III. Cele przetwarzania<\/h3>\t\t\t\t<\/div>\n\t\t\t\t<\/div>\n\t\t\t\t<div class=\"elementor-element elementor-element-088584c elementor-widget elementor-widget-text-editor\" data-id=\"088584c\" data-element_type=\"widget\" data-e-type=\"widget\" data-widget_type=\"text-editor.default\">\n\t\t\t\t<div class=\"elementor-widget-container\">\n\t\t\t\t\t\t\t\t\t<p>Przetwarzamy Twoje dane osobowe w celu:<\/p><ol><li>Zarz\u0105dzanie rezerwacjami i ich potwierdzanie<\/li><li>\u015awiadczenie us\u0142ug zakwaterowania<\/li><li>B\u0119dziemy si\u0119 z Tob\u0105 komunikowa\u0107 przed, w trakcie i po Twoim pobycie<\/li><li>Przestrzeganie obowi\u0105zk\u00f3w podatkowych i ksi\u0119gowych<\/li><li>Ulepszamy nasz\u0105 witryn\u0119 internetow\u0105 i do\u015bwiadczenia go\u015bci<\/li><li>Wysy\u0142anie newsletter\u00f3w i komunikat\u00f3w promocyjnych (za zgod\u0105)<\/li><li>Zapewnij bezpiecze\u0144stwo transakcji i witryny internetowej<\/li><\/ol>\t\t\t\t\t\t\t\t<\/div>\n\t\t\t\t<\/div>\n\t\t\t\t<div class=\"elementor-element elementor-element-f712e0f elementor-widget elementor-widget-heading\" data-id=\"f712e0f\" data-element_type=\"widget\" data-e-type=\"widget\" data-widget_type=\"heading.default\">\n\t\t\t\t<div class=\"elementor-widget-container\">\n\t\t\t\t\t<h3 class=\"elementor-heading-title elementor-size-default\">IV. Podstawa prawna przetwarzania (art. 6 RODO)<\/h3>\t\t\t\t<\/div>\n\t\t\t\t<\/div>\n\t\t\t\t<div class=\"elementor-element elementor-element-424b4b8 elementor-widget elementor-widget-text-editor\" data-id=\"424b4b8\" data-element_type=\"widget\" data-e-type=\"widget\" data-widget_type=\"text-editor.default\">\n\t\t\t\t<div class=\"elementor-widget-container\">\n\t\t\t\t\t\t\t\t\t<p>Przetwarzamy dane osobowe na podstawie:<\/p><ol><li>Wykonanie umowy (us\u0142ugi rezerwacyjne i noclegowe)<\/li><li>Przestrzeganie obowi\u0105zk\u00f3w prawnych<\/li><li>Uzasadniony interes (poprawa jako\u015bci us\u0142ug, bezpiecze\u0144stwo systemu)<\/li><li>Twoja wyra\u017ana zgoda (newsletter i opcjonalne pliki cookie)<\/li><\/ol>\t\t\t\t\t\t\t\t<\/div>\n\t\t\t\t<\/div>\n\t\t\t\t<div class=\"elementor-element elementor-element-0800c21 elementor-widget elementor-widget-heading\" data-id=\"0800c21\" data-element_type=\"widget\" data-e-type=\"widget\" data-widget_type=\"heading.default\">\n\t\t\t\t<div class=\"elementor-widget-container\">\n\t\t\t\t\t<h3 class=\"elementor-heading-title elementor-size-default\">V. Odbiorcy danych \/ Podmioty przetwarzaj\u0105ce<\/h3>\t\t\t\t<\/div>\n\t\t\t\t<\/div>\n\t\t\t\t<div class=\"elementor-element elementor-element-38dc221 elementor-widget elementor-widget-text-editor\" data-id=\"38dc221\" data-element_type=\"widget\" data-e-type=\"widget\" data-widget_type=\"text-editor.default\">\n\t\t\t\t<div class=\"elementor-widget-container\">\n\t\t\t\t\t\t\t\t\t<p>Twoje dane mog\u0105 zosta\u0107 udost\u0119pnione zaufanym dostawcom us\u0142ug dzia\u0142aj\u0105cym w naszym imieniu, w tym:<\/p><ul><li>Webhotelier (silnik rezerwacji online)<\/li><li>Eurobank (dostawca bramki p\u0142atniczej)<\/li><li>HOTELIZER (System zarz\u0105dzania nieruchomo\u015bciami \u2013 PMS)<\/li><li>Dostawca us\u0142ug newslettera<\/li><li>Dostawcy hostingu i wsparcia IT<\/li><li>Doradcy ksi\u0119gowi i podatkowi<\/li><\/ul><p>Wszyscy partnerzy s\u0105 zobowi\u0105zani umownie do przestrzegania przepis\u00f3w RODO.<\/p>\t\t\t\t\t\t\t\t<\/div>\n\t\t\t\t<\/div>\n\t\t\t\t<div class=\"elementor-element elementor-element-5bb6efa elementor-widget elementor-widget-heading\" data-id=\"5bb6efa\" data-element_type=\"widget\" data-e-type=\"widget\" data-widget_type=\"heading.default\">\n\t\t\t\t<div class=\"elementor-widget-container\">\n\t\t\t\t\t<h3 class=\"elementor-heading-title elementor-size-default\">VI. Mi\u0119dzynarodowy transfer danych<\/h3>\t\t\t\t<\/div>\n\t\t\t\t<\/div>\n\t\t\t\t<div class=\"elementor-element elementor-element-184dc31 elementor-widget elementor-widget-text-editor\" data-id=\"184dc31\" data-element_type=\"widget\" data-e-type=\"widget\" data-widget_type=\"text-editor.default\">\n\t\t\t\t<div class=\"elementor-widget-container\">\n\t\t\t\t\t\t\t\t\t<p>Je\u017celi niekt\u00f3rzy dostawcy us\u0142ug (np. platformy analityczne lub newslettery) maj\u0105 siedzib\u0119 poza Uni\u0105 Europejsk\u0105, transfery danych s\u0105 chronione standardowymi klauzulami umownymi zatwierdzonymi przez Komisj\u0119 Europejsk\u0105.<\/p>\t\t\t\t\t\t\t\t<\/div>\n\t\t\t\t<\/div>\n\t\t\t\t<div class=\"elementor-element elementor-element-f19b1f6 elementor-widget elementor-widget-heading\" data-id=\"f19b1f6\" data-element_type=\"widget\" data-e-type=\"widget\" data-widget_type=\"heading.default\">\n\t\t\t\t<div class=\"elementor-widget-container\">\n\t\t\t\t\t<h3 class=\"elementor-heading-title elementor-size-default\">VII. Przechowywanie danych<\/h3>\t\t\t\t<\/div>\n\t\t\t\t<\/div>\n\t\t\t\t<div class=\"elementor-element elementor-element-9b2919b elementor-widget elementor-widget-text-editor\" data-id=\"9b2919b\" data-element_type=\"widget\" data-e-type=\"widget\" data-widget_type=\"text-editor.default\">\n\t\t\t\t<div class=\"elementor-widget-container\">\n\t\t\t\t\t\t\t\t\t<p>Przechowujemy dane osobowe tylko tak d\u0142ugo, jak jest to konieczne:<\/p><p>Dane dotycz\u0105ce rezerwacji i fakturowania: do 10 lat (zgodnie z wymogami greckiego prawa podatkowego)<\/p><p>Dane z formularza kontaktowego: do 24 miesi\u0119cy<\/p><p>Dane newslettera: do momentu cofni\u0119cia zgody<\/p><p>Dane analityczne: zgodnie z ustawieniami przechowywania danych Google Analytics<\/p>\t\t\t\t\t\t\t\t<\/div>\n\t\t\t\t<\/div>\n\t\t\t\t<div class=\"elementor-element elementor-element-b192347 elementor-widget elementor-widget-heading\" data-id=\"b192347\" data-element_type=\"widget\" data-e-type=\"widget\" data-widget_type=\"heading.default\">\n\t\t\t\t<div class=\"elementor-widget-container\">\n\t\t\t\t\t<h3 class=\"elementor-heading-title elementor-size-default\">VIII. O Twoich prawach<\/h3>\t\t\t\t<\/div>\n\t\t\t\t<\/div>\n\t\t\t\t<div class=\"elementor-element elementor-element-986f8cb elementor-widget elementor-widget-text-editor\" data-id=\"986f8cb\" data-element_type=\"widget\" data-e-type=\"widget\" data-widget_type=\"text-editor.default\">\n\t\t\t\t<div class=\"elementor-widget-container\">\n\t\t\t\t\t\t\t\t\t<p>Zgodnie z RODO masz prawo do:<\/p><ul><li>Uzyskaj dost\u0119p do swoich danych osobowych<\/li><li>Popro\u015b o korekt\u0119 nieprawid\u0142owych danych<\/li><li>\u017b\u0105danie usuni\u0119cia (je\u015bli jest to prawnie dopuszczalne)<\/li><li>Ogranicz przetwarzanie<\/li><li>Sprzeciw wobec przetwarzania<\/li><li>Przenoszenie danych<\/li><li>Cofnij zgod\u0119 w dowolnym momencie<\/li><li>Z\u0142\u00f3\u017c skarg\u0119 do greckiego urz\u0119du ochrony danych (www.dpa.gr)<\/li><\/ul><p>Zapytania mo\u017cna kierowa\u0107 na adres: info@alsusboutiquehotel.com<\/p><p>Odpowiadamy w ci\u0105gu jednego (1) miesi\u0105ca, zgodnie z wymogami prawa.<\/p>\t\t\t\t\t\t\t\t<\/div>\n\t\t\t\t<\/div>\n\t\t\t\t<div class=\"elementor-element elementor-element-f67f3b6 elementor-widget elementor-widget-heading\" data-id=\"f67f3b6\" data-element_type=\"widget\" data-e-type=\"widget\" data-widget_type=\"heading.default\">\n\t\t\t\t<div class=\"elementor-widget-container\">\n\t\t\t\t\t<h3 class=\"elementor-heading-title elementor-size-default\">IX. Bezpiecze\u0144stwo danych<\/h3>\t\t\t\t<\/div>\n\t\t\t\t<\/div>\n\t\t\t\t<div class=\"elementor-element elementor-element-f46656d elementor-widget elementor-widget-text-editor\" data-id=\"f46656d\" data-element_type=\"widget\" data-e-type=\"widget\" data-widget_type=\"text-editor.default\">\n\t\t\t\t<div class=\"elementor-widget-container\">\n\t\t\t\t\t\t\t\t\t<p>Wdra\u017camy odpowiednie \u015brodki techniczne i organizacyjne w celu ochrony Twoich danych osobowych, w tym:<\/p><ul><li>Szyfrowanie SSL<\/li><li>Bezpieczne serwery<\/li><li>Ograniczony dost\u0119p dla upowa\u017cnionego personelu<\/li><li>Umowy o zachowaniu poufno\u015bci<\/li><li>Bezpieczne systemy przetwarzania p\u0142atno\u015bci<\/li><\/ul>\t\t\t\t\t\t\t\t<\/div>\n\t\t\t\t<\/div>\n\t\t\t\t<div class=\"elementor-element elementor-element-52e66ee elementor-widget elementor-widget-heading\" data-id=\"52e66ee\" data-element_type=\"widget\" data-e-type=\"widget\" data-widget_type=\"heading.default\">\n\t\t\t\t<div class=\"elementor-widget-container\">\n\t\t\t\t\t<h3 class=\"elementor-heading-title elementor-size-default\">X. Pliki cookie<\/h3>\t\t\t\t<\/div>\n\t\t\t\t<\/div>\n\t\t\t\t<div class=\"elementor-element elementor-element-eb6451e elementor-widget elementor-widget-text-editor\" data-id=\"eb6451e\" data-element_type=\"widget\" data-e-type=\"widget\" data-widget_type=\"text-editor.default\">\n\t\t\t\t<div class=\"elementor-widget-container\">\n\t\t\t\t\t\t\t\t\t<p>Nasza strona internetowa wykorzystuje:<\/p><ul><li>Pliki cookie niezb\u0119dne do podstawowych funkcji<\/li><li>Pliki cookie analityczne (Google Analytics)<\/li><li>Pliki cookie zgody zapami\u0119tuj\u0105ce Twoje preferencje<\/li><\/ul><p>Preferencjami dotycz\u0105cymi plik\u00f3w cookie mo\u017cesz zarz\u0105dza\u0107 za po\u015brednictwem baneru plik\u00f3w cookie wy\u015bwietlanego na naszej stronie internetowej.<\/p>\t\t\t\t\t\t\t\t<\/div>\n\t\t\t\t<\/div>\n\t\t\t\t<div class=\"elementor-element elementor-element-53c229b elementor-widget elementor-widget-heading\" data-id=\"53c229b\" data-element_type=\"widget\" data-e-type=\"widget\" data-widget_type=\"heading.default\">\n\t\t\t\t<div class=\"elementor-widget-container\">\n\t\t\t\t\t<h3 class=\"elementor-heading-title elementor-size-default\">XI. Aktualizacje niniejszej Polityki<\/h3>\t\t\t\t<\/div>\n\t\t\t\t<\/div>\n\t\t\t\t<div class=\"elementor-element elementor-element-0570509 elementor-widget elementor-widget-text-editor\" data-id=\"0570509\" data-element_type=\"widget\" data-e-type=\"widget\" data-widget_type=\"text-editor.default\">\n\t\t\t\t<div class=\"elementor-widget-container\">\n\t\t\t\t\t\t\t\t\t<p data-start=\"5173\" data-end=\"5290\">Niniejsza Polityka Prywatno\u015bci mo\u017ce by\u0107 okresowo aktualizowana. Wszelkie zmiany b\u0119d\u0105 publikowane na tej stronie z dat\u0105 ich wprowadzenia.<\/p><p data-start=\"5173\" data-end=\"5290\"><em>Ostatnia aktualizacja: 21.02.2026<\/em><\/p>\t\t\t\t\t\t\t\t<\/div>\n\t\t\t\t<\/div>\n\t\t                    <\/div>\r\n        <\/div>\r\n        \t\t\t<\/div>\n\t\t<\/section>\n\t\t\t\t<\/div>","protected":false},"excerpt":{"rendered":"<p>Definitions For the purposes of this Privacy Policy: \u201cPersonal Data\u201d means any information relating to an identified or identifiable natural person. \u201cData Subject\u201d means any individual whose personal data is processed by SAMARITIS S.A. \u201cProcessing\u201d means any operation performed on personal data, including collection, recording, storage, use, disclosure, or deletion. \u201cController\u201d means SAMARITIS S.A., which [&hellip;]<\/p>\n","protected":false},"author":1,"featured_media":0,"parent":0,"menu_order":0,"comment_status":"closed","ping_status":"closed","template":"","meta":{"footnotes":""},"class_list":["post-17082","page","type-page","status-publish","hentry"],"_links":{"self":[{"href":"https:\/\/www.alsusboutiquehotel.com\/pl\/wp-json\/wp\/v2\/pages\/17082","targetHints":{"allow":["GET"]}}],"collection":[{"href":"https:\/\/www.alsusboutiquehotel.com\/pl\/wp-json\/wp\/v2\/pages"}],"about":[{"href":"https:\/\/www.alsusboutiquehotel.com\/pl\/wp-json\/wp\/v2\/types\/page"}],"author":[{"embeddable":true,"href":"https:\/\/www.alsusboutiquehotel.com\/pl\/wp-json\/wp\/v2\/users\/1"}],"replies":[{"embeddable":true,"href":"https:\/\/www.alsusboutiquehotel.com\/pl\/wp-json\/wp\/v2\/comments?post=17082"}],"version-history":[{"count":6,"href":"https:\/\/www.alsusboutiquehotel.com\/pl\/wp-json\/wp\/v2\/pages\/17082\/revisions"}],"predecessor-version":[{"id":21281,"href":"https:\/\/www.alsusboutiquehotel.com\/pl\/wp-json\/wp\/v2\/pages\/17082\/revisions\/21281"}],"wp:attachment":[{"href":"https:\/\/www.alsusboutiquehotel.com\/pl\/wp-json\/wp\/v2\/media?parent=17082"}],"curies":[{"name":"wp","href":"https:\/\/api.w.org\/{rel}","templated":true}]}}