{"id":17124,"date":"2025-02-13T14:29:58","date_gmt":"2025-02-13T14:29:58","guid":{"rendered":"https:\/\/www.alsusboutiquehotel.com\/?page_id=17124"},"modified":"2025-02-13T14:30:23","modified_gmt":"2025-02-13T14:30:23","slug":"cookies-policy","status":"publish","type":"page","link":"https:\/\/www.alsusboutiquehotel.com\/pl\/cookies-policy\/","title":{"rendered":"Polityka plik\u00f3w cookie"},"content":{"rendered":"<div data-elementor-type=\"wp-page\" data-elementor-id=\"17124\" class=\"elementor elementor-17124\">\n\t\t\t\t        <section class=\"elementor-section elementor-top-section elementor-element elementor-element-2ea7339f elementor-section-boxed elementor-section-height-default elementor-section-height-default pxl-section-static-pos-no pxl-section-overflow-hidden-no pxl-container-margin-auto-no\" data-id=\"2ea7339f\" data-element_type=\"section\" data-e-type=\"section\">\n\n                \n                <div class=\"elementor-container elementor-column-gap-default\">\n                <div class=\"elementor-column elementor-col-100 elementor-top-column elementor-element elementor-element-73df817c col-offset-none pxl-column-element-default pxl-column-overflow-hidden-no\" data-id=\"73df817c\" data-element_type=\"column\" data-e-type=\"column\">\r\n        <div class=\"elementor-widget-wrap elementor-element-populated\">\r\n                    \t\t<div class=\"elementor-element elementor-element-6277fa99 elementor-widget elementor-widget-text-editor\" data-id=\"6277fa99\" data-element_type=\"widget\" data-e-type=\"widget\" data-widget_type=\"text-editor.default\">\n\t\t\t\t<div class=\"elementor-widget-container\">\n\t\t\t\t\t\t\t\t\t<div class=\"elementor-element elementor-element-3454921c elementor-widget__width-initial elementor-widget elementor-widget-text-editor\" data-id=\"3454921c\" data-element_type=\"widget\" data-widget_type=\"text-editor.default\"><div class=\"elementor-widget-container\"><h1>Polityka plik\u00f3w cookie<\/h1><p><em>Ostatnia aktualizacja 19-12-2024<\/em><\/p><p><strong>Polityka plik\u00f3w cookie<\/strong> z<\/p><p><strong>Hotel butikowy Alsus<\/strong>,<br \/>50 Andrea Papandreou Amoudara, Heraklion,<br \/>Kreta<br \/>71414,<br \/>Grecja,<br \/>adres e-mail: info@alsusboutiquehotel.com,<br \/>telefon: +302810372700<\/p><p>Niniejsza Polityka plik\u00f3w cookie zawiera informacje dotycz\u0105ce korzystania z plik\u00f3w cookie i podobnych technologii przez witryn\u0119 internetow\u0105 hotelu. Opisuje r\u00f3wnie\u017c, jakie opcje mo\u017cesz mie\u0107 w odniesieniu do plik\u00f3w cookie i podobnych technologii.<\/p><p>Niniejsza Polityka plik\u00f3w cookie stanowi cz\u0119\u015b\u0107 i jest w\u0142\u0105czona do warunk\u00f3w korzystania ze Strony internetowej i mo\u017ce podlega\u0107 zmianom od czasu do czasu. Zaleca si\u0119 regularne sprawdzanie Polityki plik\u00f3w cookie w celu uzyskania informacji o wszelkich zmianach. Odpowiednie powiadomienia o istotnych zmianach mog\u0105 r\u00f3wnie\u017c pojawia\u0107 si\u0119 na Stronie internetowej. Odwiedzaj\u0105c Stron\u0119 internetow\u0105, zgadzasz si\u0119 zaakceptowa\u0107 wszelkie zmiany wprowadzone do niniejszej Polityki.<\/p><p><strong>Czym s\u0105 pliki cookie?<\/strong><\/p><p>Pliki cookie to ma\u0142e pliki tekstowe \u2013 zazwyczaj sk\u0142adaj\u0105ce si\u0119 z liter i cyfr, zapisywane na Twoim urz\u0105dzeniu przez serwer WWW.<\/p><p>Pliki cookie dziel\u0105 si\u0119 na \u201epliki cookie sesji\u201d i \u201epliki cookie trwa\u0142e\u201d w zale\u017cno\u015bci od czasu, przez jaki pozostaj\u0105 zapisane na Twoim urz\u0105dzeniu. \u201epliki cookie sesji\u201d s\u0105 zapisywane na Twoim urz\u0105dzeniu w momencie odwiedzenia Witryny i s\u0105 automatycznie usuwane po zamkni\u0119ciu przegl\u0105darki. \u201epliki cookie trwa\u0142e\u201d s\u0105 zapisywane na Twoim urz\u0105dzeniu w momencie odwiedzenia Witryny i pozostaj\u0105 zapisane po zamkni\u0119ciu przegl\u0105darki. \u201epliki cookie trwa\u0142e\u201d zostan\u0105 automatycznie ponownie w\u0142\u0105czone po otwarciu przegl\u0105darki i przegl\u0105daniu Internetu.<\/p><p>Pliki cookie pierwszej i trzeciej strony \u2013 W zale\u017cno\u015bci od witryny lub domeny, kt\u00f3ra instaluje plik cookie, pliki cookie s\u0105 okre\u015blane jako \u201epierwsze\u201d lub \u201etrzeciej strony\u201d. Pliki cookie pierwszej strony to pliki cookie instalowane przez witryn\u0119 odwiedzan\u0105 przez u\u017cytkownika \u2013 witryn\u0119, kt\u00f3ra pojawia si\u0119 w oknie adresu URL. Pliki cookie trzeciej strony to pliki cookie instalowane przez witryn\u0119 (domen\u0119) inn\u0105 ni\u017c odwiedzana przez u\u017cytkownika. Je\u015bli u\u017cytkownik odwiedza witryn\u0119, a inna firma instaluje plik cookie za po\u015brednictwem tej witryny, plik cookie w kwestii b\u0119dzie pochodzi\u0142 od strony trzeciej.<\/p><p><strong>Dlaczego u\u017cywamy plik\u00f3w cookie<\/strong><\/p><p>U\u017cywamy plik\u00f3w cookie, aby zapewni\u0107 Ci najlepsze mo\u017cliwe wra\u017cenia podczas przegl\u0105dania. Niekt\u00f3re pliki cookie s\u0105 technicznie niezb\u0119dne do prawid\u0142owego korzystania ze Strony internetowej. Inne pliki cookie s\u0105 u\u017cywane do wykonywania funkcji, takich jak reklama, uzyskiwanie statystyk (tj. ilu odwiedzaj\u0105cych wy\u015bwietli\u0142o okre\u015blone strony w naszej Stronie internetowej).<\/p><p>My i\/lub podmioty zewn\u0119trzne \u015bwiadcz\u0105ce us\u0142ugi w naszym imieniu kategoryzujemy pliki cookie w spos\u00f3b opisany poni\u017cej.<\/p><p>Pliki cookie niezb\u0119dne do dzia\u0142ania<\/p><p>Te pliki cookie s\u0105 absolutnie niezb\u0119dne do \u015bwiadczenia us\u0142ug \u017c\u0105danych przez Ciebie za po\u015brednictwem Witryny. S\u0105 one niezb\u0119dne, aby zapewni\u0107 Ci mo\u017cliwo\u015b\u0107 odwiedzania naszej Witryny i prawid\u0142owego korzystania z jej funkcji. Podstawowe funkcje, takie jak poni\u017csze, opieraj\u0105 si\u0119 na tych wa\u017cnych plikach cookie:<\/p><p>Aby pozosta\u0107 zalogowanym na Stronie internetowej,<\/p><p>o Identyfikowa\u0107 Twoje dane osobowe, kt\u00f3re wprowadzasz na Stronie internetowej w momencie dokonywania transakcji,<\/p><p>o Aby chroni\u0107 bezpiecze\u0144stwo Twoich transakcji poprzez przekierowanie Ci\u0119 do aplikacji p\u0142atniczych stron trzecich i powr\u00f3t do Witryny w celu doko\u0144czenia transakcji,<\/p><p>o Pobieranie informacji o transakcji po jej zako\u0144czeniu i<\/p><p>o Og\u00f3lnie rzecz bior\u0105c, aby zapewni\u0107 Ci us\u0142ugi i informacje na Twoje \u017cyczenie<\/p><p>Pliki cookie funkcjonalne<\/p><p>Te pliki cookie pomagaj\u0105 nam personalizowa\u0107 nasze tre\u015bci dla Ciebie, zwraca\u0107 si\u0119 do Ciebie po imieniu i zapami\u0119tywa\u0107 Twoje preferencje (na przyk\u0142ad Tw\u00f3j wyb\u00f3r konkretnego j\u0119zyka lub regionu). Je\u015bli zdecydujesz si\u0119 usun\u0105\u0107\/wy\u0142\u0105czy\u0107 pliki cookie funkcjonalno\u015bci, wszelkie wybrane przez Ciebie preferencje\/ustawienia nie zostan\u0105 zachowane podczas Twoich kolejnych wizyt na Stronie internetowej.<\/p><p>Pliki cookie wydajno\u015bci<\/p><p>Te pliki cookie zbieraj\u0105 informacje o tym, jak u\u017cytkownicy korzystaj\u0105 ze Strony internetowej, aby m\u00f3c przegl\u0105da\u0107 i ulepsza\u0107 Stron\u0119 internetow\u0105 oraz do\u015bwiadczenia odwiedzaj\u0105cego. Te pliki cookie nie zbieraj\u0105 informacji identyfikuj\u0105cych odwiedzaj\u0105cego.<\/p><p>Takie pliki cookie zbieraj\u0105 informacje o:<\/p><p>Strony, kt\u00f3re ludzie odwiedzaj\u0105 najcz\u0119\u015bciej,<br \/>Linki wybrane przez u\u017cytkownik\u00f3w,<br \/>Komunikaty o b\u0142\u0119dach, kt\u00f3re u\u017cytkownicy mog\u0105 otrzyma\u0107 podczas przegl\u0105dania Strony internetowej itp.<\/p><p>Pliki cookie stron trzecich \/ marketing<\/p><p>Aby zapewni\u0107 Ci bardziej interesuj\u0105ce tre\u015bci i pom\u00f3c Ci w interakcji z Twoimi kontami w mediach spo\u0142eczno\u015bciowych, Witryna mo\u017ce zawiera\u0107 tre\u015bci i us\u0142ugi stron trzecich (np. \u201ewtyczki\u201d z Facebooka, Twittera, YouTube, Instagrama, Pinteresta itp.) lub linki do stron internetowych stron trzecich. Kiedy odwiedzasz linki i\/lub strony internetowe stron trzecich, podlegasz polityce plik\u00f3w cookie tych stron trzecich. W takim przypadku dzia\u0142asz z w\u0142asnej woli, a my nie ponosimy \u017cadnej odpowiedzialno\u015bci za jakiekolwiek problemy wynikaj\u0105ce z przechowywania plik\u00f3w cookie na Twoim urz\u0105dzeniu przez stron\u0119 internetow\u0105 strony trzeciej.<\/p><p>Na naszych stronach internetowych wykorzystywane s\u0105 nast\u0119puj\u0105ce narz\u0119dzia oprogramowania firm trzecich:<br \/>\u2022 Google Analytics \u2013 \u015bledzenie zachowa\u0144 i statystyk witryny.<br \/>\u2022 Google Ads \/ Bindg Ads \u2013 do sponsorowanych list na stronach wynik\u00f3w wyszukiwania.<br \/>\u2022 Remarketing na Facebooku \u2013 \u015bledzenie, jakie strony internetowe przegl\u0105dasz i jakie reklamy zobaczysz.<br \/>\u2022 Remarketing na Instagramie \u2013 \u015bledzenie, jakie strony internetowe przegl\u0105dasz i jakie reklamy zobaczysz.<\/p><p><strong>Jak kontrolowa\u0107 pliki cookie<\/strong><\/p><p>Wi\u0119kszo\u015b\u0107 przegl\u0105darek internetowych automatycznie akceptuje pliki cookie, ale udost\u0119pnia \u015brodki kontroli, kt\u00f3re pozwalaj\u0105 na blokowanie plik\u00f3w cookie lub ich usuwanie. Masz mo\u017cliwo\u015b\u0107 w\u0142\u0105czenia lub wy\u0142\u0105czenia instalacji plik\u00f3w cookie na swoim urz\u0105dzeniu, zmieniaj\u0105c ustawienia w u\u017cywanej przegl\u0105darce w dowolnym momencie. Mo\u017cesz r\u00f3wnie\u017c odpowiednio skonfigurowa\u0107 u\u017cywan\u0105 przegl\u0105dark\u0119, aby informowa\u0142a Ci\u0119 przed zainstalowaniem pliku cookie na Twoim urz\u0105dzeniu lub post\u0119powa\u0107 zgodnie z instrukcjami przegl\u0105darki, aby usun\u0105\u0107 wszelkie pliki cookie, kt\u00f3re zosta\u0142y ju\u017c zainstalowane. Je\u015bli u\u017cywasz r\u00f3\u017cnych urz\u0105dze\u0144, musisz skonfigurowa\u0107 system przegl\u0105darki zgodnie ze swoimi upodobaniami na ka\u017cdym z nich.<\/p><p>Je\u017celi zdecydujesz si\u0119 wy\u0142\u0105czy\u0107 wszystkie pliki cookie, mo\u017cesz nie m\u00f3c w pe\u0142ni korzysta\u0107 z interaktywnych funkcji naszej Witryny ani korzysta\u0107 z naszych us\u0142ug za po\u015brednictwem naszej Witryny.<\/p><p>Usuni\u0119cie plik\u00f3w cookie nie usuwa obiekt\u00f3w aplikacji Flash. Mo\u017cesz dowiedzie\u0107 si\u0119 wi\u0119cej o obiektach aplikacji Flash, w tym o tym, jak je kontrolowa\u0107 i wy\u0142\u0105cza\u0107, na stronie internetowej Adobe. Mo\u017cesz znale\u017a\u0107 dodatkowe informacje o plikach cookie i podobnych technologiach u\u017cywanych na r\u00f3\u017cnych stronach internetowych za po\u015brednictwem systemu przegl\u0105darki lub innych zasob\u00f3w internetowych.<\/p><p>Aby zarz\u0105dza\u0107 plikami cookie za po\u015brednictwem przegl\u0105darki, wybierz poni\u017csze hiper\u0142\u0105cza, kt\u00f3re przekieruj\u0105 Ci\u0119 do instrukcji przegl\u0105darki:<\/p><p>Eksplorator Microsoft Windows<br \/>Mozilla Firefox<br \/>Google Chrome<br \/>Safari Apple&#039;a<\/p><p>Wi\u0119cej informacji na temat plik\u00f3w cookie mo\u017cna znale\u017a\u0107 na nast\u0119puj\u0105cych stronach internetowych podmiot\u00f3w trzecich:<\/p><p>Wszystko o plikach cookie: <a title=\"Wszystko o plikach cookie\" href=\"https:\/\/www.allaboutcookies.org\/\" target=\"_blank\" rel=\"noopener\">https:\/\/www.allaboutcookies.org\/<\/a><br \/>Cookiepedia: <a title=\"Cookiepedia\" href=\"https:\/\/cookiepedia.co.uk\/\" target=\"_blank\" rel=\"noopener\">https:\/\/cookiepedia.co.uk\/<\/a><\/p><p><strong>Jakie s\u0105 podobne technologie?<\/strong><\/p><p>Znaczniki pikselowe, sygnalizatory WWW, osadzone skrypty i czyste pliki GIF to niewielkie pliki, kt\u00f3re s\u0142u\u017c\u0105 do \u015bledzenia nawigacji na stronie internetowej i mog\u0105 by\u0107 u\u017cywane razem z plikami cookie. Obiekty Flash (lokalne obiekty wsp\u00f3\u0142dzielone) to niewielkie pliki przechowywane na Twoim urz\u0105dzeniu ze strony internetowej, kt\u00f3ra korzysta z technologii Flash Player firmy Adobe.<\/p><p>Sygna\u0142y nawigacyjne i osadzone skrypty<\/p><p>Sygna\u0142y nawigacyjne i osadzone skrypty to kolejne technologie, kt\u00f3rych u\u017cywamy na naszej Stronie internetowej, a tak\u017ce w niekt\u00f3rych wiadomo\u015bciach e-mail i reklamach.<\/p><p>Sygna\u0142y nawigacyjne (lub \u201etagi\u201d) to fragmenty kodu programistycznego zawarte na stronach internetowych, w wiadomo\u015bciach e-mail i reklamach, kt\u00f3re informuj\u0105 nas i\/lub osoby trzecie \u015bwiadcz\u0105ce us\u0142ugi w naszym imieniu, kiedy te strony internetowe, wiadomo\u015bci e-mail lub reklamy zosta\u0142y wy\u015bwietlone lub wybrane.<\/p><p>Wykorzystujemy te informacje do ulepszania naszej Witryny, dopasowywania jej do Twoich potencjalnych zainteresowa\u0144 i przeprowadzania bada\u0144 rynkowych. Mo\u017cesz wy\u0142\u0105czy\u0107 takie funkcjonalno\u015bci kodu, takie jak JavaScript, za pomoc\u0105 swojego systemu przegl\u0105darki (sprawd\u017a funkcj\u0119 pomocy swojej przegl\u0105darki). Nale\u017cy pami\u0119ta\u0107, \u017ce je\u015bli wy\u0142\u0105czysz funkcjonalno\u015bci kodu, Witryna mo\u017ce nie dzia\u0142a\u0107 prawid\u0142owo.<\/p><p><strong>Prywatno\u015b\u0107<\/strong><\/p><p>Jeste\u015bmy zobowi\u0105zani do stosowania dobrych praktyk ochrony prywatno\u015bci. Aby uzyska\u0107 wi\u0119cej informacji na temat naszego podej\u015bcia do prywatno\u015bci, zapoznaj si\u0119 z nasz\u0105 <a href=\"https:\/\/www.alsusboutiquehotel.com\/pl\/privacy-policy\/\">Polityka prywatno\u015bci<\/a>.<\/p><ol><li><h3>Skarga \/ Inspektor Ochrony Danych:<\/h3><p>Je\u015bli masz jakiekolwiek pytania lub w\u0105tpliwo\u015bci dotycz\u0105ce przetwarzania Twoich danych, kt\u00f3re s\u0105 u nas dost\u0119pne, mo\u017cesz wys\u0142a\u0107 wiadomo\u015b\u0107 e-mail do naszego Specjalisty ds. Skarg pod adresem<\/p><p>Hotel butikowy Alsus,<br \/>50 Andrea Papandreou Amoudara, Heraklion,<br \/>e-mail: <a href=\"mailto:info@alsusboutiquehotel.com\">info@alsusboutiquehotel.com<\/a><\/p><p>Rozpatrzymy Twoje w\u0105tpliwo\u015bci zgodnie z obowi\u0105zuj\u0105cym prawem.<\/p><\/li><\/ol><\/div><\/div>\t\t\t\t\t\t\t\t<\/div>\n\t\t\t\t<\/div>\n\t\t                    <\/div>\r\n        <\/div>\r\n        \t\t\t<\/div>\n\t\t<\/section>\n\t\t\t\t<\/div>","protected":false},"excerpt":{"rendered":"<p>Cookies Policy Last Updated On 19-Dec-2024 Cookies Policy of Alsus Boutique Hotel,50 Andrea Papandreou Amoudara, Heraklion,Crete71414,Greece,email: info@alsusboutiquehotel.com,phone: +302810372700 This Cookies Policy provides information regarding the use of Cookies and Similar Technologies by the hotel\u2019s website. It also describes what kind of choices you may have regarding Cookies and Similar Technologies. This Cookie Policy is part [&hellip;]<\/p>\n","protected":false},"author":1,"featured_media":0,"parent":0,"menu_order":0,"comment_status":"closed","ping_status":"closed","template":"","meta":{"footnotes":""},"class_list":["post-17124","page","type-page","status-publish","hentry"],"_links":{"self":[{"href":"https:\/\/www.alsusboutiquehotel.com\/pl\/wp-json\/wp\/v2\/pages\/17124","targetHints":{"allow":["GET"]}}],"collection":[{"href":"https:\/\/www.alsusboutiquehotel.com\/pl\/wp-json\/wp\/v2\/pages"}],"about":[{"href":"https:\/\/www.alsusboutiquehotel.com\/pl\/wp-json\/wp\/v2\/types\/page"}],"author":[{"embeddable":true,"href":"https:\/\/www.alsusboutiquehotel.com\/pl\/wp-json\/wp\/v2\/users\/1"}],"replies":[{"embeddable":true,"href":"https:\/\/www.alsusboutiquehotel.com\/pl\/wp-json\/wp\/v2\/comments?post=17124"}],"version-history":[{"count":0,"href":"https:\/\/www.alsusboutiquehotel.com\/pl\/wp-json\/wp\/v2\/pages\/17124\/revisions"}],"wp:attachment":[{"href":"https:\/\/www.alsusboutiquehotel.com\/pl\/wp-json\/wp\/v2\/media?parent=17124"}],"curies":[{"name":"wp","href":"https:\/\/api.w.org\/{rel}","templated":true}]}}