{"id":17082,"date":"2025-02-13T14:01:49","date_gmt":"2025-02-13T14:01:49","guid":{"rendered":"https:\/\/www.alsusboutiquehotel.com\/?page_id=17082"},"modified":"2026-02-21T20:52:22","modified_gmt":"2026-02-21T18:52:22","slug":"privacy-policy","status":"publish","type":"page","link":"https:\/\/www.alsusboutiquehotel.com\/ro\/privacy-policy\/","title":{"rendered":"Politica de confiden\u021bialitate | Hotelul Alsus Boutique \u2013 Doar pentru adul\u021bi"},"content":{"rendered":"<div data-elementor-type=\"wp-page\" data-elementor-id=\"17082\" class=\"elementor elementor-17082\">\n\t\t\t\t        <section class=\"elementor-section elementor-top-section elementor-element elementor-element-5022f2e8 elementor-section-boxed elementor-section-height-default elementor-section-height-default pxl-section-static-pos-no pxl-section-overflow-hidden-no pxl-container-margin-auto-no\" data-id=\"5022f2e8\" data-element_type=\"section\" data-e-type=\"section\">\n\n                \n                <div class=\"elementor-container elementor-column-gap-default\">\n                <div class=\"elementor-column elementor-col-100 elementor-top-column elementor-element elementor-element-4bb48aa1 col-offset-none pxl-column-element-default pxl-column-overflow-hidden-no\" data-id=\"4bb48aa1\" data-element_type=\"column\" data-e-type=\"column\">\r\n        <div class=\"elementor-widget-wrap elementor-element-populated\">\r\n                    \t\t<div class=\"elementor-element elementor-element-213867a elementor-widget elementor-widget-heading\" data-id=\"213867a\" data-element_type=\"widget\" data-e-type=\"widget\" data-widget_type=\"heading.default\">\n\t\t\t\t<div class=\"elementor-widget-container\">\n\t\t\t\t\t<h2 class=\"elementor-heading-title elementor-size-default\">Defini\u021bii<\/h2>\t\t\t\t<\/div>\n\t\t\t\t<\/div>\n\t\t\t\t<div class=\"elementor-element elementor-element-166ef50a elementor-widget elementor-widget-text-editor\" data-id=\"166ef50a\" data-element_type=\"widget\" data-e-type=\"widget\" data-widget_type=\"text-editor.default\">\n\t\t\t\t<div class=\"elementor-widget-container\">\n\t\t\t\t\t\t\t\t\t<p>\u00cen sensul prezentei Politici de confiden\u021bialitate:<\/p>\n<p>\u201cDate cu caracter personal\u201d \u00eenseamn\u0103 orice informa\u021bie referitoare la o persoan\u0103 fizic\u0103 identificat\u0103 sau identificabil\u0103.<\/p>\n<p>\u201cPersoan\u0103 vizat\u0103\u201d \u00eenseamn\u0103 orice persoan\u0103 ale c\u0103rei date cu caracter personal sunt prelucrate de SAMARITIS SA.<\/p>\n<p>\u201cPrelucrare\u201d \u00eenseamn\u0103 orice opera\u021biune efectuat\u0103 asupra datelor cu caracter personal, inclusiv colectarea, \u00eenregistrarea, stocarea, utilizarea, divulgarea sau \u0219tergerea.<\/p>\n<p>\u201cOperator\u201d \u00eenseamn\u0103 SAMARITIS SA, care stabile\u0219te scopurile \u0219i mijloacele de prelucrare a datelor cu caracter personal.<\/p>\n<p>\u201cPersoan\u0103 \u00eemputernicit\u0103 de operator\u201d \u00eenseamn\u0103 orice ter\u021b\u0103 parte care prelucreaz\u0103 date cu caracter personal \u00een numele Operatorului.<\/p>\n<p>\u201cSite web\u201d \u00eenseamn\u0103 www.alsusboutiquehotel.com.<\/p>\n<p>\u201cGDPR\u201d se refer\u0103 la Regulamentul (UE) 2016\/679.<\/p>\t\t\t\t\t\t\t\t<\/div>\n\t\t\t\t<\/div>\n\t\t\t\t<div class=\"elementor-element elementor-element-18a6bd9 elementor-widget elementor-widget-heading\" data-id=\"18a6bd9\" data-element_type=\"widget\" data-e-type=\"widget\" data-widget_type=\"heading.default\">\n\t\t\t\t<div class=\"elementor-widget-container\">\n\t\t\t\t\t<h2 class=\"elementor-heading-title elementor-size-default\">Politica de confiden\u021bialitate<\/h2>\t\t\t\t<\/div>\n\t\t\t\t<\/div>\n\t\t\t\t<div class=\"elementor-element elementor-element-ced5607 elementor-widget elementor-widget-heading\" data-id=\"ced5607\" data-element_type=\"widget\" data-e-type=\"widget\" data-widget_type=\"heading.default\">\n\t\t\t\t<div class=\"elementor-widget-container\">\n\t\t\t\t\t<h3 class=\"elementor-heading-title elementor-size-default\">I. Detalii despre companie<\/h3>\t\t\t\t<\/div>\n\t\t\t\t<\/div>\n\t\t\t\t<div class=\"elementor-element elementor-element-ed0c8f2 elementor-widget elementor-widget-text-editor\" data-id=\"ed0c8f2\" data-element_type=\"widget\" data-e-type=\"widget\" data-widget_type=\"text-editor.default\">\n\t\t\t\t<div class=\"elementor-widget-container\">\n\t\t\t\t\t\t\t\t\t<p>La Alsus Boutique Hotel, operat de SAMARITIS SA, pre\u021buim \u00eencrederea la fel de mult cum pre\u021buim ospitalitatea.<\/p><p>SAMARITIS SA, cu sediul social la adresa Leof. Andrea Papandreou 50, 71414 Heraklion, Grecia, num\u0103r de TVA 094209409, Oficiul Fiscal Heraklion, tel. +30 2810 372700, e-mail: info@alsusboutiquehotel.com, este Operatorul de date cu caracter personal colectate prin intermediul www.alsusboutiquehotel.com.<\/p><p>Prelucr\u0103m datele dumneavoastr\u0103 cu caracter personal \u00een conformitate cu Regulamentul (UE) 2016\/679 (Regulamentul general privind protec\u021bia datelor \u2013 GDPR) \u0219i cu legisla\u021bia elen\u0103 aplicabil\u0103.<\/p>\t\t\t\t\t\t\t\t<\/div>\n\t\t\t\t<\/div>\n\t\t\t\t<div class=\"elementor-element elementor-element-70b79c2 elementor-widget elementor-widget-heading\" data-id=\"70b79c2\" data-element_type=\"widget\" data-e-type=\"widget\" data-widget_type=\"heading.default\">\n\t\t\t\t<div class=\"elementor-widget-container\">\n\t\t\t\t\t<h3 class=\"elementor-heading-title elementor-size-default\">II. Date colectate<\/h3>\t\t\t\t<\/div>\n\t\t\t\t<\/div>\n\t\t\t\t<div class=\"elementor-element elementor-element-2bcd05a elementor-widget elementor-widget-text-editor\" data-id=\"2bcd05a\" data-element_type=\"widget\" data-e-type=\"widget\" data-widget_type=\"text-editor.default\">\n\t\t\t\t<div class=\"elementor-widget-container\">\n\t\t\t\t\t\t\t\t\t<p>\u00cen func\u021bie de interac\u021biunea dumneavoastr\u0103 cu serviciile noastre, este posibil s\u0103 colect\u0103m:<\/p><p>Date de rezervare:<\/p><ol><li>Numele complet<\/li><li>Adresa de e-mail<\/li><li>Num\u0103r de telefon<\/li><li>Adres\u0103 \/ \u021bara de re\u0219edin\u021b\u0103<\/li><li>Detalii despre sejur<\/li><li>Cereri sau preferin\u021be speciale<\/li><li>Date de plat\u0103<\/li><\/ol><p>Pl\u0103\u021bile online sunt procesate \u00een siguran\u021b\u0103 prin intermediul gateway-ului de comer\u021b electronic al Eurobank. Nu stoc\u0103m detaliile complete ale cardului de credit pe serverele noastre.<\/p><p>Date de comunicare: Informa\u021bii pe care le furniza\u021bi prin intermediul formularelor de contact, al coresponden\u021bei prin e-mail sau al comunic\u0103rii telefonice.<\/p><p>Date despre newsletter: Adres\u0103 de e-mail \u0219i preferin\u021be de comunicare (numai cu consim\u021b\u0103m\u00e2ntul dumneavoastr\u0103 explicit).<\/p><p>Date tehnice \u0219i de utilizare:\u00a0<\/p><ol><li>Adres\u0103 IP<\/li><li>Tipul de browser \u0219i informa\u021bii despre dispozitiv<\/li><li>Date despre interac\u021biunea pe site<\/li><li>Cookie-uri<\/li><li>Statistici Google Analytics<\/li><\/ol>\t\t\t\t\t\t\t\t<\/div>\n\t\t\t\t<\/div>\n\t\t\t\t<div class=\"elementor-element elementor-element-fe04321 elementor-widget elementor-widget-heading\" data-id=\"fe04321\" data-element_type=\"widget\" data-e-type=\"widget\" data-widget_type=\"heading.default\">\n\t\t\t\t<div class=\"elementor-widget-container\">\n\t\t\t\t\t<h3 class=\"elementor-heading-title elementor-size-default\">III. Scopuri de prelucrare<\/h3>\t\t\t\t<\/div>\n\t\t\t\t<\/div>\n\t\t\t\t<div class=\"elementor-element elementor-element-088584c elementor-widget elementor-widget-text-editor\" data-id=\"088584c\" data-element_type=\"widget\" data-e-type=\"widget\" data-widget_type=\"text-editor.default\">\n\t\t\t\t<div class=\"elementor-widget-container\">\n\t\t\t\t\t\t\t\t\t<p>Prelucr\u0103m datele dumneavoastr\u0103 cu caracter personal pentru a:<\/p><ol><li>Gestiona\u021bi \u0219i confirma\u021bi rezerv\u0103rile<\/li><li>Oferim servicii de cazare<\/li><li>Comunic\u0103m cu dumneavoastr\u0103 \u00eenainte, \u00een timpul \u0219i dup\u0103 \u0219ederea dumneavoastr\u0103<\/li><li>Respecta\u021bi obliga\u021biile fiscale \u0219i contabile<\/li><li>\u00cembun\u0103t\u0103\u021bim site-ul nostru web \u0219i experien\u021ba oaspe\u021bilor<\/li><li>Trimite\u021bi newslettere \u0219i comunic\u0103ri promo\u021bionale (cu consim\u021b\u0103m\u00e2nt)<\/li><li>Asigura\u021bi securitatea tranzac\u021biilor \u0219i a site-ului web<\/li><\/ol>\t\t\t\t\t\t\t\t<\/div>\n\t\t\t\t<\/div>\n\t\t\t\t<div class=\"elementor-element elementor-element-f712e0f elementor-widget elementor-widget-heading\" data-id=\"f712e0f\" data-element_type=\"widget\" data-e-type=\"widget\" data-widget_type=\"heading.default\">\n\t\t\t\t<div class=\"elementor-widget-container\">\n\t\t\t\t\t<h3 class=\"elementor-heading-title elementor-size-default\">IV. Temeiul juridic pentru prelucrare (articolul 6 din RGPD)<\/h3>\t\t\t\t<\/div>\n\t\t\t\t<\/div>\n\t\t\t\t<div class=\"elementor-element elementor-element-424b4b8 elementor-widget elementor-widget-text-editor\" data-id=\"424b4b8\" data-element_type=\"widget\" data-e-type=\"widget\" data-widget_type=\"text-editor.default\">\n\t\t\t\t<div class=\"elementor-widget-container\">\n\t\t\t\t\t\t\t\t\t<p>Prelucr\u0103m datele cu caracter personal pe baza:<\/p><ol><li>Executarea unui contract (servicii de rezervare \u0219i cazare)<\/li><li>Respectarea obliga\u021biilor legale<\/li><li>Interes legitim (\u00eembun\u0103t\u0103\u021birea serviciilor, securitatea sistemului)<\/li><li>Consim\u021b\u0103m\u00e2ntul dumneavoastr\u0103 explicit (newsletter \u0219i cookie-uri op\u021bionale)<\/li><\/ol>\t\t\t\t\t\t\t\t<\/div>\n\t\t\t\t<\/div>\n\t\t\t\t<div class=\"elementor-element elementor-element-0800c21 elementor-widget elementor-widget-heading\" data-id=\"0800c21\" data-element_type=\"widget\" data-e-type=\"widget\" data-widget_type=\"heading.default\">\n\t\t\t\t<div class=\"elementor-widget-container\">\n\t\t\t\t\t<h3 class=\"elementor-heading-title elementor-size-default\">V. Destinatarii\/persoanele de prelucrare a datelor<\/h3>\t\t\t\t<\/div>\n\t\t\t\t<\/div>\n\t\t\t\t<div class=\"elementor-element elementor-element-38dc221 elementor-widget elementor-widget-text-editor\" data-id=\"38dc221\" data-element_type=\"widget\" data-e-type=\"widget\" data-widget_type=\"text-editor.default\">\n\t\t\t\t<div class=\"elementor-widget-container\">\n\t\t\t\t\t\t\t\t\t<p>Datele dumneavoastr\u0103 pot fi partajate cu furnizori de servicii de \u00eencredere care ac\u021bioneaz\u0103 \u00een numele nostru, inclusiv:<\/p><ul><li>Webhotelier (motor de rezerv\u0103ri online)<\/li><li>Eurobank (furnizor de gateway-uri de plat\u0103)<\/li><li>HOTELIZER (Sistem de administrare a propriet\u0103\u021bilor \u2013 PMS)<\/li><li>Furnizor de servicii de newsletter<\/li><li>Furnizori de g\u0103zduire \u0219i asisten\u021b\u0103 IT<\/li><li>Consultan\u021bi contabili \u0219i fiscali<\/li><\/ul><p>To\u021bi partenerii sunt obliga\u021bi contractual s\u0103 respecte GDPR.<\/p>\t\t\t\t\t\t\t\t<\/div>\n\t\t\t\t<\/div>\n\t\t\t\t<div class=\"elementor-element elementor-element-5bb6efa elementor-widget elementor-widget-heading\" data-id=\"5bb6efa\" data-element_type=\"widget\" data-e-type=\"widget\" data-widget_type=\"heading.default\">\n\t\t\t\t<div class=\"elementor-widget-container\">\n\t\t\t\t\t<h3 class=\"elementor-heading-title elementor-size-default\">VI. Transferuri interna\u021bionale de date<\/h3>\t\t\t\t<\/div>\n\t\t\t\t<\/div>\n\t\t\t\t<div class=\"elementor-element elementor-element-184dc31 elementor-widget elementor-widget-text-editor\" data-id=\"184dc31\" data-element_type=\"widget\" data-e-type=\"widget\" data-widget_type=\"text-editor.default\">\n\t\t\t\t<div class=\"elementor-widget-container\">\n\t\t\t\t\t\t\t\t\t<p>Dac\u0103 anumi\u021bi furnizori de servicii (de exemplu, platforme de analiz\u0103 sau de newsletter) se afl\u0103 \u00een afara Uniunii Europene, transferurile de date sunt protejate prin Clauze Contractuale Standard aprobate de Comisia European\u0103.<\/p>\t\t\t\t\t\t\t\t<\/div>\n\t\t\t\t<\/div>\n\t\t\t\t<div class=\"elementor-element elementor-element-f19b1f6 elementor-widget elementor-widget-heading\" data-id=\"f19b1f6\" data-element_type=\"widget\" data-e-type=\"widget\" data-widget_type=\"heading.default\">\n\t\t\t\t<div class=\"elementor-widget-container\">\n\t\t\t\t\t<h3 class=\"elementor-heading-title elementor-size-default\">VII. P\u0103strarea datelor<\/h3>\t\t\t\t<\/div>\n\t\t\t\t<\/div>\n\t\t\t\t<div class=\"elementor-element elementor-element-9b2919b elementor-widget elementor-widget-text-editor\" data-id=\"9b2919b\" data-element_type=\"widget\" data-e-type=\"widget\" data-widget_type=\"text-editor.default\">\n\t\t\t\t<div class=\"elementor-widget-container\">\n\t\t\t\t\t\t\t\t\t<p>P\u0103str\u0103m datele cu caracter personal doar at\u00e2t timp c\u00e2t este necesar:<\/p><p>Date de rezervare \u0219i facturare: p\u00e2n\u0103 la 10 ani (conform legisla\u021biei fiscale elene)<\/p><p>Datele formularului de contact: p\u00e2n\u0103 la 24 de luni<\/p><p>Datele din newsletter: p\u00e2n\u0103 c\u00e2nd v\u0103 retrage\u021bi consim\u021b\u0103m\u00e2ntul<\/p><p>Date analitice: conform set\u0103rilor de p\u0103strare Google Analytics<\/p>\t\t\t\t\t\t\t\t<\/div>\n\t\t\t\t<\/div>\n\t\t\t\t<div class=\"elementor-element elementor-element-b192347 elementor-widget elementor-widget-heading\" data-id=\"b192347\" data-element_type=\"widget\" data-e-type=\"widget\" data-widget_type=\"heading.default\">\n\t\t\t\t<div class=\"elementor-widget-container\">\n\t\t\t\t\t<h3 class=\"elementor-heading-title elementor-size-default\">VIII. Despre drepturile dumneavoastr\u0103<\/h3>\t\t\t\t<\/div>\n\t\t\t\t<\/div>\n\t\t\t\t<div class=\"elementor-element elementor-element-986f8cb elementor-widget elementor-widget-text-editor\" data-id=\"986f8cb\" data-element_type=\"widget\" data-e-type=\"widget\" data-widget_type=\"text-editor.default\">\n\t\t\t\t<div class=\"elementor-widget-container\">\n\t\t\t\t\t\t\t\t\t<p>Conform GDPR, ave\u021bi dreptul s\u0103:<\/p><ul><li>Accesa\u021bi datele dumneavoastr\u0103 personale<\/li><li>Solicita\u021bi corectarea datelor inexacte<\/li><li>Solicita\u021bi \u0219tergerea (acolo unde este cazul din punct de vedere legal)<\/li><li>Restric\u021bionarea proces\u0103rii<\/li><li>Obiect la prelucrare<\/li><li>Portabilitatea datelor<\/li><li>Retrage\u021bi consim\u021b\u0103m\u00e2ntul \u00een orice moment<\/li><li>Depune\u021bi o pl\u00e2ngere la Autoritatea Elen\u0103 pentru Protec\u021bia Datelor (www.dpa.gr)<\/li><\/ul><p>Cererile pot fi trimise la adresa: info@alsusboutiquehotel.com<\/p><p>R\u0103spundem \u00een termen de o (1) lun\u0103, conform prevederilor legale.<\/p>\t\t\t\t\t\t\t\t<\/div>\n\t\t\t\t<\/div>\n\t\t\t\t<div class=\"elementor-element elementor-element-f67f3b6 elementor-widget elementor-widget-heading\" data-id=\"f67f3b6\" data-element_type=\"widget\" data-e-type=\"widget\" data-widget_type=\"heading.default\">\n\t\t\t\t<div class=\"elementor-widget-container\">\n\t\t\t\t\t<h3 class=\"elementor-heading-title elementor-size-default\">IX. Securitatea datelor<\/h3>\t\t\t\t<\/div>\n\t\t\t\t<\/div>\n\t\t\t\t<div class=\"elementor-element elementor-element-f46656d elementor-widget elementor-widget-text-editor\" data-id=\"f46656d\" data-element_type=\"widget\" data-e-type=\"widget\" data-widget_type=\"text-editor.default\">\n\t\t\t\t<div class=\"elementor-widget-container\">\n\t\t\t\t\t\t\t\t\t<p>Implement\u0103m m\u0103suri tehnice \u0219i organizatorice adecvate pentru a v\u0103 proteja datele cu caracter personal, inclusiv:<\/p><ul><li>Criptare SSL<\/li><li>Servere securizate<\/li><li>Acces restric\u021bionat personalului autorizat<\/li><li>Acorduri de confiden\u021bialitate<\/li><li>Sisteme securizate de procesare a pl\u0103\u021bilor<\/li><\/ul>\t\t\t\t\t\t\t\t<\/div>\n\t\t\t\t<\/div>\n\t\t\t\t<div class=\"elementor-element elementor-element-52e66ee elementor-widget elementor-widget-heading\" data-id=\"52e66ee\" data-element_type=\"widget\" data-e-type=\"widget\" data-widget_type=\"heading.default\">\n\t\t\t\t<div class=\"elementor-widget-container\">\n\t\t\t\t\t<h3 class=\"elementor-heading-title elementor-size-default\">X. Cookie-uri<\/h3>\t\t\t\t<\/div>\n\t\t\t\t<\/div>\n\t\t\t\t<div class=\"elementor-element elementor-element-eb6451e elementor-widget elementor-widget-text-editor\" data-id=\"eb6451e\" data-element_type=\"widget\" data-e-type=\"widget\" data-widget_type=\"text-editor.default\">\n\t\t\t\t<div class=\"elementor-widget-container\">\n\t\t\t\t\t\t\t\t\t<p>Site-ul nostru web folose\u0219te:<\/p><ul><li>Cookie-uri strict necesare pentru func\u021bionalit\u0103\u021bi esen\u021biale<\/li><li>Cookie-uri analitice (Google Analytics)<\/li><li>Cookie-uri de consim\u021b\u0103m\u00e2nt pentru a v\u0103 aminti preferin\u021bele<\/li><\/ul><p>Pute\u021bi gestiona preferin\u021bele privind cookie-urile prin intermediul bannerului de cookie-uri afi\u0219at pe site-ul nostru web.<\/p>\t\t\t\t\t\t\t\t<\/div>\n\t\t\t\t<\/div>\n\t\t\t\t<div class=\"elementor-element elementor-element-53c229b elementor-widget elementor-widget-heading\" data-id=\"53c229b\" data-element_type=\"widget\" data-e-type=\"widget\" data-widget_type=\"heading.default\">\n\t\t\t\t<div class=\"elementor-widget-container\">\n\t\t\t\t\t<h3 class=\"elementor-heading-title elementor-size-default\">XI. Actualiz\u0103ri ale acestei politici<\/h3>\t\t\t\t<\/div>\n\t\t\t\t<\/div>\n\t\t\t\t<div class=\"elementor-element elementor-element-0570509 elementor-widget elementor-widget-text-editor\" data-id=\"0570509\" data-element_type=\"widget\" data-e-type=\"widget\" data-widget_type=\"text-editor.default\">\n\t\t\t\t<div class=\"elementor-widget-container\">\n\t\t\t\t\t\t\t\t\t<p data-start=\"5173\" data-end=\"5290\">Aceast\u0103 Politic\u0103 de confiden\u021bialitate poate fi actualizat\u0103 periodic. Orice modificare va fi publicat\u0103 pe aceast\u0103 pagin\u0103 cu o dat\u0103 revizuit\u0103.<\/p><p data-start=\"5173\" data-end=\"5290\"><em>Ultima actualizare: 21\/02\/2026<\/em><\/p>\t\t\t\t\t\t\t\t<\/div>\n\t\t\t\t<\/div>\n\t\t                    <\/div>\r\n        <\/div>\r\n        \t\t\t<\/div>\n\t\t<\/section>\n\t\t\t\t<\/div>","protected":false},"excerpt":{"rendered":"<p>Definitions For the purposes of this Privacy Policy: \u201cPersonal Data\u201d means any information relating to an identified or identifiable natural person. \u201cData Subject\u201d means any individual whose personal data is processed by SAMARITIS S.A. \u201cProcessing\u201d means any operation performed on personal data, including collection, recording, storage, use, disclosure, or deletion. \u201cController\u201d means SAMARITIS S.A., which [&hellip;]<\/p>\n","protected":false},"author":1,"featured_media":0,"parent":0,"menu_order":0,"comment_status":"closed","ping_status":"closed","template":"","meta":{"footnotes":""},"class_list":["post-17082","page","type-page","status-publish","hentry"],"_links":{"self":[{"href":"https:\/\/www.alsusboutiquehotel.com\/ro\/wp-json\/wp\/v2\/pages\/17082","targetHints":{"allow":["GET"]}}],"collection":[{"href":"https:\/\/www.alsusboutiquehotel.com\/ro\/wp-json\/wp\/v2\/pages"}],"about":[{"href":"https:\/\/www.alsusboutiquehotel.com\/ro\/wp-json\/wp\/v2\/types\/page"}],"author":[{"embeddable":true,"href":"https:\/\/www.alsusboutiquehotel.com\/ro\/wp-json\/wp\/v2\/users\/1"}],"replies":[{"embeddable":true,"href":"https:\/\/www.alsusboutiquehotel.com\/ro\/wp-json\/wp\/v2\/comments?post=17082"}],"version-history":[{"count":6,"href":"https:\/\/www.alsusboutiquehotel.com\/ro\/wp-json\/wp\/v2\/pages\/17082\/revisions"}],"predecessor-version":[{"id":21281,"href":"https:\/\/www.alsusboutiquehotel.com\/ro\/wp-json\/wp\/v2\/pages\/17082\/revisions\/21281"}],"wp:attachment":[{"href":"https:\/\/www.alsusboutiquehotel.com\/ro\/wp-json\/wp\/v2\/media?parent=17082"}],"curies":[{"name":"wp","href":"https:\/\/api.w.org\/{rel}","templated":true}]}}