{"id":17124,"date":"2025-02-13T14:29:58","date_gmt":"2025-02-13T14:29:58","guid":{"rendered":"https:\/\/www.alsusboutiquehotel.com\/?page_id=17124"},"modified":"2025-02-13T14:30:23","modified_gmt":"2025-02-13T14:30:23","slug":"cookies-policy","status":"publish","type":"page","link":"https:\/\/www.alsusboutiquehotel.com\/sk\/cookies-policy\/","title":{"rendered":"Z\u00e1sady pou\u017e\u00edvania s\u00faborov cookie"},"content":{"rendered":"<div data-elementor-type=\"wp-page\" data-elementor-id=\"17124\" class=\"elementor elementor-17124\">\n\t\t\t\t        <section class=\"elementor-section elementor-top-section elementor-element elementor-element-2ea7339f elementor-section-boxed elementor-section-height-default elementor-section-height-default pxl-section-static-pos-no pxl-section-overflow-hidden-no pxl-container-margin-auto-no\" data-id=\"2ea7339f\" data-element_type=\"section\" data-e-type=\"section\">\n\n                \n                <div class=\"elementor-container elementor-column-gap-default\">\n                <div class=\"elementor-column elementor-col-100 elementor-top-column elementor-element elementor-element-73df817c col-offset-none pxl-column-element-default pxl-column-overflow-hidden-no\" data-id=\"73df817c\" data-element_type=\"column\" data-e-type=\"column\">\r\n        <div class=\"elementor-widget-wrap elementor-element-populated\">\r\n                    \t\t<div class=\"elementor-element elementor-element-6277fa99 elementor-widget elementor-widget-text-editor\" data-id=\"6277fa99\" data-element_type=\"widget\" data-e-type=\"widget\" data-widget_type=\"text-editor.default\">\n\t\t\t\t<div class=\"elementor-widget-container\">\n\t\t\t\t\t\t\t\t\t<div class=\"elementor-element elementor-element-3454921c elementor-widget__width-initial elementor-widget elementor-widget-text-editor\" data-id=\"3454921c\" data-element_type=\"widget\" data-widget_type=\"text-editor.default\"><div class=\"elementor-widget-container\"><h1>Z\u00e1sady pou\u017e\u00edvania s\u00faborov cookie<\/h1><p><em>Posledn\u00e1 aktualiz\u00e1cia 19. decembra 2024<\/em><\/p><p><strong>Z\u00e1sady pou\u017e\u00edvania s\u00faborov cookie<\/strong> z<\/p><p><strong>Butikov\u00fd hotel Alsus<\/strong>,<br \/>50 Andrea Papandreou Amoudara, Heraklion,<br \/>Kr\u00e9ta<br \/>71414,<br \/>Gr\u00e9cko,<br \/>e-mail: info@alsusboutiquehotel.com,<br \/>telef\u00f3n: +302810372700<\/p><p>Tieto Z\u00e1sady pou\u017e\u00edvania s\u00faborov cookie poskytuj\u00fa inform\u00e1cie o pou\u017e\u00edvan\u00ed s\u00faborov cookie a podobn\u00fdch technol\u00f3gi\u00ed webovou str\u00e1nkou hotela. Taktie\u017e opisuj\u00fa, ak\u00e9 mo\u017enosti m\u00e1te v s\u00favislosti so s\u00fabormi cookie a podobn\u00fdmi technol\u00f3giami.<\/p><p>Tieto Z\u00e1sady pou\u017e\u00edvania s\u00faborov cookie s\u00fa s\u00fa\u010das\u0165ou podmienok pou\u017e\u00edvania webovej str\u00e1nky a s\u00fa do nich za\u010dlenen\u00e9 a m\u00f4\u017eu sa priebe\u017ene meni\u0165. Odpor\u00fa\u010da sa, aby ste si Z\u00e1sady pou\u017e\u00edvania s\u00faborov cookie pravidelne kontrolovali, aby ste boli informovan\u00ed o ak\u00fdchko\u013evek rev\u00edzi\u00e1ch. Na webovej str\u00e1nke sa m\u00f4\u017eu zobrazi\u0165 aj relevantn\u00e9 ozn\u00e1menia o podstatn\u00fdch zmen\u00e1ch. N\u00e1v\u0161tevou webovej str\u00e1nky s\u00fahlas\u00edte s prijat\u00edm ak\u00fdchko\u013evek zmien vykonan\u00fdch v t\u00fdchto Z\u00e1sad\u00e1ch.<\/p><p><strong>\u010co s\u00fa to s\u00fabory cookie?<\/strong><\/p><p>S\u00fabory cookie s\u00fa mal\u00e9 textov\u00e9 s\u00fabory \u2013 zvy\u010dajne pozost\u00e1vaj\u00face z p\u00edsmen a \u010d\u00edslic, ktor\u00e9 vo va\u0161om zariaden\u00ed uklad\u00e1 webov\u00fd server.<\/p><p>S\u00fabory cookie sa delia na \u201es\u00fabory cookie rel\u00e1cie\u201c a \u201etrval\u00e9 s\u00fabory cookie\u201c v z\u00e1vislosti od \u010dasu, po\u010das ktor\u00e9ho zost\u00e1vaj\u00fa ulo\u017een\u00e9 vo va\u0161om zariaden\u00ed. \u201eS\u00fabory cookie rel\u00e1cie\u201c sa ukladaj\u00fa vo va\u0161om zariaden\u00ed v momente, ke\u010f nav\u0161t\u00edvite webov\u00fa str\u00e1nku, a automaticky sa vyma\u017e\u00fa po zatvoren\u00ed prehliada\u010da. \u201eTrval\u00e9 s\u00fabory cookie\u201c sa ukladaj\u00fa vo va\u0161om zariaden\u00ed v momente, ke\u010f nav\u0161t\u00edvite webov\u00fa str\u00e1nku, a zost\u00e1vaj\u00fa ulo\u017een\u00e9 aj po zatvoren\u00ed prehliada\u010da. \u201eTrval\u00e9 s\u00fabory cookie\u201c sa automaticky znova aktivuj\u00fa po otvoren\u00ed prehliada\u010da a prehliadan\u00ed internetu.<\/p><p>S\u00fabory cookie prvej a tretej strany \u2013 V z\u00e1vislosti od webovej str\u00e1nky alebo dom\u00e9ny, ktor\u00e1 s\u00fabor cookie in\u0161taluje, sa s\u00fabory cookie charakterizuj\u00fa ako \u201eprv\u00e9\u201c alebo \u201etretie strany\u201c. S\u00fabory cookie prvej strany s\u00fa vo v\u0161eobecnosti s\u00fabory cookie, ktor\u00e9 in\u0161taluje webov\u00e1 str\u00e1nka, ktor\u00fa pou\u017e\u00edvate\u013e nav\u0161t\u00edvil \u2013 webov\u00e1 str\u00e1nka, ktor\u00e1 sa zobraz\u00ed v okne URL. S\u00fabory cookie tret\u00edch str\u00e1n s\u00fa s\u00fabory cookie, ktor\u00e9 in\u0161taluje in\u00e1 webov\u00e1 str\u00e1nka (dom\u00e9na) ako t\u00e1, ktor\u00fa nav\u0161t\u00edvil pou\u017e\u00edvate\u013e. Ak pou\u017e\u00edvate\u013e nav\u0161t\u00edvi webov\u00fa str\u00e1nku a in\u00e1 spolo\u010dnos\u0165 nain\u0161taluje s\u00fabor cookie prostredn\u00edctvom tejto webovej str\u00e1nky, pr\u00edslu\u0161n\u00fd s\u00fabor cookie bude poch\u00e1dza\u0165 od tretej strany.<\/p><p><strong>Pre\u010do pou\u017e\u00edvame s\u00fabory cookie<\/strong><\/p><p>Aby sme v\u00e1m poskytli \u010do najlep\u0161\u00ed z\u00e1\u017eitok z prehliadania, pou\u017e\u00edvame s\u00fabory cookie. Niektor\u00e9 s\u00fabory cookie s\u00fa technicky nevyhnutn\u00e9 pre spr\u00e1vne pou\u017e\u00edvanie webovej str\u00e1nky. In\u00e9 s\u00fabory cookie sa pou\u017e\u00edvaj\u00fa na vykon\u00e1vanie funkci\u00ed, ako je reklama, z\u00edskavanie \u0161tatist\u00edk (t. j. ko\u013eko n\u00e1v\u0161tevn\u00edkov si prezeralo konkr\u00e9tne str\u00e1nky na na\u0161ej webovej str\u00e1nke).<\/p><p>My a\/alebo tretie strany, ktor\u00e9 poskytuj\u00fa slu\u017eby v na\u0161om mene, kategorizujeme s\u00fabory cookie, ako je pop\u00edsan\u00e9 ni\u017e\u0161ie.<\/p><p>Nevyhnutne potrebn\u00e9 s\u00fabory cookie<\/p><p>Tieto s\u00fabory cookie s\u00fa nevyhnutne potrebn\u00e9 na to, aby sme v\u00e1m mohli poskytova\u0165 slu\u017eby, ktor\u00e9 si vy\u017eiadate prostredn\u00edctvom webovej str\u00e1nky. S\u00fa nevyhnutn\u00e9 na to, aby ste mohli nav\u0161t\u00edvi\u0165 na\u0161u webov\u00fa str\u00e1nku a spr\u00e1vne pou\u017e\u00edva\u0165 jej funkcie. Z\u00e1kladn\u00e9 funkcie, ako napr\u00edklad nasleduj\u00face, s\u00fa zalo\u017een\u00e9 na t\u00fdchto d\u00f4le\u017eit\u00fdch s\u00faboroch cookie:<\/p><p>Ak chcete zosta\u0165 prihl\u00e1sen\u00fd\/\u00e1 na webovej str\u00e1nke,<\/p><p>o Identifikova\u0165 va\u0161e osobn\u00e9 \u00fadaje, ktor\u00e9 zad\u00e1vate na webovej str\u00e1nke v \u010dase transakci\u00ed,<\/p><p>o Na ochranu bezpe\u010dnosti va\u0161ich transakci\u00ed prostredn\u00edctvom presmerovania na platobn\u00e9 aplik\u00e1cie tret\u00edch str\u00e1n a v\u00e1\u0161ho n\u00e1vratu na webov\u00fa str\u00e1nku za \u00fa\u010delom dokon\u010denia transakcie,<\/p><p>o Z\u00edska\u0165 inform\u00e1cie o va\u0161ej transakcii po jej dokon\u010den\u00ed a<\/p><p>o Vo v\u0161eobecnosti, aby sme v\u00e1m mohli poskytova\u0165 slu\u017eby a inform\u00e1cie na va\u0161u \u017eiados\u0165<\/p><p>Funk\u010dn\u00e9 s\u00fabory cookie<\/p><p>Tieto s\u00fabory cookie n\u00e1m pom\u00e1haj\u00fa prisp\u00f4sobi\u0165 n\u00e1\u0161 obsah pre v\u00e1s, oslovova\u0165 v\u00e1s menom a zapam\u00e4ta\u0165 si va\u0161e preferencie (napr\u00edklad v\u00e1\u0161 v\u00fdber konkr\u00e9tneho jazyka alebo regi\u00f3nu). Ak sa rozhodnete odstr\u00e1ni\u0165\/zak\u00e1za\u0165 funk\u010dn\u00e9 s\u00fabory cookie, \u017eiadne zvolen\u00e9 preferencie\/nastavenia sa neulo\u017eia pre va\u0161e \u010fal\u0161ie n\u00e1v\u0161tevy webovej str\u00e1nky.<\/p><p>V\u00fdkonnostn\u00e9 s\u00fabory cookie<\/p><p>Tieto s\u00fabory cookie zhroma\u017e\u010fuj\u00fa inform\u00e1cie o tom, ako pou\u017e\u00edvatelia pou\u017e\u00edvaj\u00fa webov\u00fa str\u00e1nku, aby bolo mo\u017en\u00e9 skontrolova\u0165 a zlep\u0161i\u0165 webov\u00fa str\u00e1nku a pou\u017e\u00edvate\u013eovu sk\u00fasenos\u0165. Tieto s\u00fabory cookie nezhroma\u017e\u010fuj\u00fa inform\u00e1cie, ktor\u00e9 by identifikovali n\u00e1v\u0161tevn\u00edka.<\/p><p>Tak\u00e9to s\u00fabory cookie zhroma\u017e\u010fuj\u00fa inform\u00e1cie o:<\/p><p>Str\u00e1nky, ktor\u00e9 \u013eudia nav\u0161tevuj\u00fa naj\u010dastej\u0161ie,<br \/>Odkazy vybran\u00e9 pou\u017e\u00edvate\u013emi,<br \/>Chybov\u00e9 hl\u00e1senia, ktor\u00e9 sa m\u00f4\u017eu pou\u017e\u00edvate\u013eom zobrazi\u0165 po\u010das prehliadania webovej str\u00e1nky at\u010f.<\/p><p>S\u00fabory cookie tret\u00edch str\u00e1n \/ marketing<\/p><p>Aby sme v\u00e1m mohli poskytn\u00fa\u0165 zauj\u00edmavej\u0161\u00ed obsah a u\u013eah\u010di\u0165 v\u00e1m interakciu s va\u0161imi \u00fa\u010dtami na soci\u00e1lnych sie\u0165ach, webov\u00e1 str\u00e1nka m\u00f4\u017ee obsahova\u0165 obsah a slu\u017eby tret\u00edch str\u00e1n (napr. \u201epluginy\u201c z Facebooku, Twitteru, YouTube, Instagramu, Pinterestu at\u010f.) alebo odkazy na webov\u00e9 str\u00e1nky tret\u00edch str\u00e1n. Ke\u010f nav\u0161t\u00edvite odkazy a\/alebo webov\u00e9 str\u00e1nky tret\u00edch str\u00e1n, podliehate z\u00e1sad\u00e1m pou\u017e\u00edvania s\u00faborov cookie t\u00fdchto tret\u00edch str\u00e1n. V tomto pr\u00edpade kon\u00e1te pod\u013ea vlastnej v\u00f4le a nepreber\u00e1me \u017eiadnu zodpovednos\u0165 za \u017eiadne probl\u00e9my vypl\u00fdvaj\u00face z ukladania s\u00faborov cookie vo va\u0161om zariaden\u00ed webovou str\u00e1nkou tretej strany.<\/p><p>Na na\u0161ich webov\u00fdch str\u00e1nkach pou\u017e\u00edvame nasleduj\u00face softv\u00e9rov\u00e9 n\u00e1stroje tret\u00edch str\u00e1n:<br \/>\u2022 Google Analytics \u2013 sledovanie spr\u00e1vania na webov\u00fdch str\u00e1nkach a \u0161tatistiky.<br \/>\u2022 Google Ads \/ Bindg Ads \u2013 pre sponzorovan\u00e9 z\u00e1znamy na str\u00e1nkach s v\u00fdsledkami vyh\u013ead\u00e1vania.<br \/>\u2022 Retargeting na Facebooku \u2013 sledovanie webov\u00fdch str\u00e1nok, ktor\u00e9 si prezer\u00e1te, a rekl\u00e1m, ktor\u00e9 uvid\u00edte.<br \/>\u2022 Retargeting na Instagrame \u2013 sledovanie webov\u00fdch str\u00e1nok, ktor\u00e9 si prezer\u00e1te, a reklamn\u00fdch inzer\u00e1tov, ktor\u00e9 uvid\u00edte.<\/p><p><strong>Ako ovl\u00e1da\u0165 s\u00fabory cookie<\/strong><\/p><p>V\u00e4\u010d\u0161ina internetov\u00fdch prehliada\u010dov automaticky akceptuje s\u00fabory cookie, ale poskytuje prostriedky kontroly, ktor\u00e9 v\u00e1m umo\u017e\u0148uj\u00fa blokova\u0165 s\u00fabory cookie alebo ich vymaza\u0165. In\u0161tal\u00e1ciu s\u00faborov cookie vo va\u0161om zariaden\u00ed m\u00f4\u017eete kedyko\u013evek povoli\u0165 alebo zak\u00e1za\u0165 zmenou nastaven\u00ed prehliada\u010da, ktor\u00fd pou\u017e\u00edvate. Prehliada\u010d, ktor\u00fd pou\u017e\u00edvate, si m\u00f4\u017eete tie\u017e nakonfigurova\u0165 tak, aby v\u00e1s pred in\u0161tal\u00e1ciou s\u00faboru cookie do v\u00e1\u0161ho zariadenia informoval, alebo pod\u013ea pokynov prehliada\u010da vymaza\u0165 v\u0161etky u\u017e nain\u0161talovan\u00e9 s\u00fabory cookie. Ak pou\u017e\u00edvate viacero zariaden\u00ed, mus\u00edte si nastavi\u0165 syst\u00e9m prehliada\u010da pod\u013ea svojich predst\u00e1v na ka\u017edom zo svojich zariaden\u00ed.<\/p><p>Ak sa rozhodnete zak\u00e1za\u0165 v\u0161etky s\u00fabory cookie, mo\u017eno nebudete m\u00f4c\u0165 plne vyu\u017e\u00edva\u0165 interakt\u00edvne funkcie na\u0161ej webovej str\u00e1nky alebo prij\u00edma\u0165 na\u0161e slu\u017eby prostredn\u00edctvom na\u0161ej webovej str\u00e1nky.<\/p><p>Odstr\u00e1nen\u00edm s\u00faborov cookie sa neodstr\u00e1nia objekty aplik\u00e1cie Flash. Viac inform\u00e1ci\u00ed o objektoch aplik\u00e1cie Flash vr\u00e1tane toho, ako ich ovl\u00e1da\u0165 a zak\u00e1za\u0165, n\u00e1jdete na webovej str\u00e1nke spolo\u010dnosti Adobe. \u010eal\u0161ie inform\u00e1cie o s\u00faboroch cookie a podobn\u00fdch technol\u00f3gi\u00e1ch pou\u017e\u00edvan\u00fdch na r\u00f4znych webov\u00fdch str\u00e1nkach n\u00e1jdete prostredn\u00edctvom syst\u00e9mu v\u00e1\u0161ho prehliada\u010da alebo in\u00fdch internetov\u00fdch zdrojov.<\/p><p>Ak chcete spravova\u0165 s\u00fabory cookie prostredn\u00edctvom prehliada\u010da, vyberte nasleduj\u00face hypertextov\u00e9 odkazy, ktor\u00e9 v\u00e1s presmeruj\u00fa na pokyny v\u00e1\u0161ho prehliada\u010da:<\/p><p>Prieskumn\u00edk syst\u00e9mu Microsoft Windows<br \/>Mozilla Firefox<br \/>Google Chrome<br \/>Apple Safari<\/p><p>Viac inform\u00e1ci\u00ed o s\u00faboroch cookie n\u00e1jdete na nasleduj\u00facich webov\u00fdch str\u00e1nkach tret\u00edch str\u00e1n:<\/p><p>V\u0161etko o s\u00faboroch cookie: <a title=\"V\u0161etko o s\u00faboroch cookie\" href=\"https:\/\/www.allaboutcookies.org\/\" target=\"_blank\" rel=\"noopener\">https:\/\/www.allaboutcookies.org\/<\/a><br \/>Cookiepedia: <a title=\"Cookiepedia\" href=\"https:\/\/cookiepedia.co.uk\/\" target=\"_blank\" rel=\"noopener\">https:\/\/cookiepedia.co.uk\/<\/a><\/p><p><strong>Ak\u00e9 s\u00fa podobn\u00e9 technol\u00f3gie?<\/strong><\/p><p>Pixelov\u00e9 zna\u010dky, webov\u00e9 maj\u00e1ky, vlo\u017een\u00e9 skripty a prieh\u013eadn\u00e9 s\u00fabory GIF s\u00fa mal\u00e9 s\u00fabory, ktor\u00e9 sa pou\u017e\u00edvaj\u00fa na sledovanie navig\u00e1cie na webovej str\u00e1nke a mo\u017eno ich pou\u017e\u00edva\u0165 spolu so s\u00fabormi cookie. Objekty Flash (lok\u00e1lne zdie\u013ean\u00e9 objekty) s\u00fa mal\u00e9 s\u00fabory ulo\u017een\u00e9 vo va\u0161om zariaden\u00ed z webovej str\u00e1nky, ktor\u00e1 pou\u017e\u00edva technol\u00f3giu prehr\u00e1va\u010da Flash od spolo\u010dnosti Adobe.<\/p><p>Webov\u00e9 maj\u00e1ky a vlo\u017een\u00e9 skripty<\/p><p>Webov\u00e9 maj\u00e1ky a vlo\u017een\u00e9 skripty s\u00fa \u010fal\u0161ie technol\u00f3gie, ktor\u00e9 pou\u017e\u00edvame na na\u0161ej webovej str\u00e1nke, ako aj v niektor\u00fdch e-mailoch a reklam\u00e1ch.<\/p><p>Webov\u00e9 maj\u00e1ky (alebo \u201etagy\u201c) s\u00fa \u010dasti programov\u00e9ho k\u00f3du zahrnut\u00e9 vo webov\u00fdch str\u00e1nkach, e-mailoch a reklam\u00e1ch, ktor\u00e9 n\u00e1m a\/alebo tret\u00edm stran\u00e1m poskytuj\u00facim slu\u017eby v na\u0161om mene prezr\u00e1dzaj\u00fa, kedy boli tieto webov\u00e9 str\u00e1nky, e-maily alebo reklamy zobrazen\u00e9 alebo vybrat\u00e9.<\/p><p>Tieto inform\u00e1cie pou\u017e\u00edvame na zlep\u0161enie na\u0161ej webovej str\u00e1nky, na prisp\u00f4sobenie na\u0161ej webovej str\u00e1nky va\u0161im potenci\u00e1lnym z\u00e1ujmom a na vykon\u00e1vanie prieskumu trhu. Funkcie k\u00f3du, ako napr\u00edklad JavaScript, m\u00f4\u017eete zak\u00e1za\u0165 prostredn\u00edctvom syst\u00e9mu v\u00e1\u0161ho prehliada\u010da (pozrite si funkciu Pomocn\u00edka v\u00e1\u0161ho prehliada\u010da). Upozor\u0148ujeme, \u017ee ak zak\u00e1\u017eete funkcie k\u00f3du, webov\u00e1 str\u00e1nka nemus\u00ed fungova\u0165 spr\u00e1vne.<\/p><p><strong>S\u00fakromie<\/strong><\/p><p>Zaviazali sme sa k pou\u017e\u00edvaniu osved\u010den\u00fdch postupov ochrany osobn\u00fdch \u00fadajov. Viac inform\u00e1ci\u00ed o na\u0161om pr\u00edstupe k ochrane osobn\u00fdch \u00fadajov n\u00e1jdete v na\u0161ich <a href=\"https:\/\/www.alsusboutiquehotel.com\/sk\/privacy-policy\/\">Z\u00e1sady ochrany osobn\u00fdch \u00fadajov<\/a>.<\/p><ol><li><h3>Zodpovedn\u00e1 osoba pre s\u0165a\u017enosti \/ ochranu \u00fadajov:<\/h3><p>Ak m\u00e1te ak\u00e9ko\u013evek ot\u00e1zky alebo obavy t\u00fdkaj\u00face sa spracovania va\u0161ich \u00fadajov, ktor\u00e9 s\u00fa u n\u00e1s k dispoz\u00edcii, m\u00f4\u017eete posla\u0165 e-mail n\u00e1\u0161mu \u00faradn\u00edkovi pre vybavovanie s\u0165a\u017enost\u00ed na adresu<\/p><p>Butikov\u00fd hotel Alsus,<br \/>50 Andrea Papandreou Amoudara, Heraklion,<br \/>e-mail: <a href=\"mailto:info@alsusboutiquehotel.com\">info@alsusboutiquehotel.com<\/a><\/p><p>Va\u0161e obavy budeme rie\u0161i\u0165 v s\u00falade s platn\u00fdmi pr\u00e1vnymi predpismi.<\/p><\/li><\/ol><\/div><\/div>\t\t\t\t\t\t\t\t<\/div>\n\t\t\t\t<\/div>\n\t\t                    <\/div>\r\n        <\/div>\r\n        \t\t\t<\/div>\n\t\t<\/section>\n\t\t\t\t<\/div>","protected":false},"excerpt":{"rendered":"<p>Cookies Policy Last Updated On 19-Dec-2024 Cookies Policy of Alsus Boutique Hotel,50 Andrea Papandreou Amoudara, Heraklion,Crete71414,Greece,email: info@alsusboutiquehotel.com,phone: +302810372700 This Cookies Policy provides information regarding the use of Cookies and Similar Technologies by the hotel\u2019s website. It also describes what kind of choices you may have regarding Cookies and Similar Technologies. This Cookie Policy is part [&hellip;]<\/p>\n","protected":false},"author":1,"featured_media":0,"parent":0,"menu_order":0,"comment_status":"closed","ping_status":"closed","template":"","meta":{"footnotes":""},"class_list":["post-17124","page","type-page","status-publish","hentry"],"_links":{"self":[{"href":"https:\/\/www.alsusboutiquehotel.com\/sk\/wp-json\/wp\/v2\/pages\/17124","targetHints":{"allow":["GET"]}}],"collection":[{"href":"https:\/\/www.alsusboutiquehotel.com\/sk\/wp-json\/wp\/v2\/pages"}],"about":[{"href":"https:\/\/www.alsusboutiquehotel.com\/sk\/wp-json\/wp\/v2\/types\/page"}],"author":[{"embeddable":true,"href":"https:\/\/www.alsusboutiquehotel.com\/sk\/wp-json\/wp\/v2\/users\/1"}],"replies":[{"embeddable":true,"href":"https:\/\/www.alsusboutiquehotel.com\/sk\/wp-json\/wp\/v2\/comments?post=17124"}],"version-history":[{"count":0,"href":"https:\/\/www.alsusboutiquehotel.com\/sk\/wp-json\/wp\/v2\/pages\/17124\/revisions"}],"wp:attachment":[{"href":"https:\/\/www.alsusboutiquehotel.com\/sk\/wp-json\/wp\/v2\/media?parent=17124"}],"curies":[{"name":"pracovn\u00fd list","href":"https:\/\/api.w.org\/{rel}","templated":true}]}}