{"id":17082,"date":"2025-02-13T14:01:49","date_gmt":"2025-02-13T14:01:49","guid":{"rendered":"https:\/\/www.alsusboutiquehotel.com\/?page_id=17082"},"modified":"2026-02-21T20:52:22","modified_gmt":"2026-02-21T18:52:22","slug":"privacy-policy","status":"publish","type":"page","link":"https:\/\/www.alsusboutiquehotel.com\/sl\/privacy-policy\/","title":{"rendered":"Pravilnik o zasebnosti | Buti\u010dni hotel Alsus \u2013 samo za odrasle"},"content":{"rendered":"<div data-elementor-type=\"wp-page\" data-elementor-id=\"17082\" class=\"elementor elementor-17082\">\n\t\t\t\t        <section class=\"elementor-section elementor-top-section elementor-element elementor-element-5022f2e8 elementor-section-boxed elementor-section-height-default elementor-section-height-default pxl-section-static-pos-no pxl-section-overflow-hidden-no pxl-container-margin-auto-no\" data-id=\"5022f2e8\" data-element_type=\"section\" data-e-type=\"section\">\n\n                \n                <div class=\"elementor-container elementor-column-gap-default\">\n                <div class=\"elementor-column elementor-col-100 elementor-top-column elementor-element elementor-element-4bb48aa1 col-offset-none pxl-column-element-default pxl-column-overflow-hidden-no\" data-id=\"4bb48aa1\" data-element_type=\"column\" data-e-type=\"column\">\r\n        <div class=\"elementor-widget-wrap elementor-element-populated\">\r\n                    \t\t<div class=\"elementor-element elementor-element-213867a elementor-widget elementor-widget-heading\" data-id=\"213867a\" data-element_type=\"widget\" data-e-type=\"widget\" data-widget_type=\"heading.default\">\n\t\t\t\t<div class=\"elementor-widget-container\">\n\t\t\t\t\t<h2 class=\"elementor-heading-title elementor-size-default\">Definicije<\/h2>\t\t\t\t<\/div>\n\t\t\t\t<\/div>\n\t\t\t\t<div class=\"elementor-element elementor-element-166ef50a elementor-widget elementor-widget-text-editor\" data-id=\"166ef50a\" data-element_type=\"widget\" data-e-type=\"widget\" data-widget_type=\"text-editor.default\">\n\t\t\t\t<div class=\"elementor-widget-container\">\n\t\t\t\t\t\t\t\t\t<p>Za namene te politike zasebnosti:<\/p>\n<p>\u00bbOsebni podatki\u00ab pomenijo katero koli informacijo, ki se nana\u0161a na dolo\u010deno ali dolo\u010dljivo fizi\u010dno osebo.<\/p>\n<p>\u201ePosameznik, na katerega se nana\u0161ajo osebni podatki\u201c pomeni vsakega posameznika, katerega osebne podatke obdeluje SAMARITIS SA<\/p>\n<p>\u201eObdelava\u201c pomeni katero koli operacijo, ki se izvaja v zvezi z osebnimi podatki, vklju\u010dno z zbiranjem, bele\u017eenjem, shranjevanjem, uporabo, razkritjem ali izbrisom.<\/p>\n<p>\u201eUpravljavec\u201c pomeni SAMARITIS SA, ki dolo\u010da namene in sredstva obdelave osebnih podatkov.<\/p>\n<p>\u201eObdelovalec\u201c pomeni katero koli tretjo osebo, ki obdeluje osebne podatke v imenu upravljavca.<\/p>\n<p>\u00bbSpletna stran\u00ab pomeni www.alsusboutiquehotel.com.<\/p>\n<p>\u201eGDPR\u201c se nana\u0161a na Uredbo (EU) 2016\/679.<\/p>\t\t\t\t\t\t\t\t<\/div>\n\t\t\t\t<\/div>\n\t\t\t\t<div class=\"elementor-element elementor-element-18a6bd9 elementor-widget elementor-widget-heading\" data-id=\"18a6bd9\" data-element_type=\"widget\" data-e-type=\"widget\" data-widget_type=\"heading.default\">\n\t\t\t\t<div class=\"elementor-widget-container\">\n\t\t\t\t\t<h2 class=\"elementor-heading-title elementor-size-default\">Pravilnik o zasebnosti<\/h2>\t\t\t\t<\/div>\n\t\t\t\t<\/div>\n\t\t\t\t<div class=\"elementor-element elementor-element-ced5607 elementor-widget elementor-widget-heading\" data-id=\"ced5607\" data-element_type=\"widget\" data-e-type=\"widget\" data-widget_type=\"heading.default\">\n\t\t\t\t<div class=\"elementor-widget-container\">\n\t\t\t\t\t<h3 class=\"elementor-heading-title elementor-size-default\">I. Podatki o podjetju<\/h3>\t\t\t\t<\/div>\n\t\t\t\t<\/div>\n\t\t\t\t<div class=\"elementor-element elementor-element-ed0c8f2 elementor-widget elementor-widget-text-editor\" data-id=\"ed0c8f2\" data-element_type=\"widget\" data-e-type=\"widget\" data-widget_type=\"text-editor.default\">\n\t\t\t\t<div class=\"elementor-widget-container\">\n\t\t\t\t\t\t\t\t\t<p>V hotelu Alsus Boutique, ki ga upravlja SAMARITIS SA, cenimo zaupanje prav toliko kot gostoljubnost.<\/p><p>Upravljavec osebnih podatkov, zbranih prek spletne strani www.alsusboutiquehotel.com, je SAMARITIS SA, s sede\u017eem na naslovu Leof. Andrea Papandreou 50, 71414 Heraklion, Gr\u010dija, dav\u010dna \u0161tevilka 094209409, dav\u010dni urad Heraklion, tel. +30 2810 372700, e-po\u0161ta: info@alsusboutiquehotel.com.<\/p><p>Va\u0161e osebne podatke obdelujemo v skladu z Uredbo (EU) 2016\/679 (Splo\u0161na uredba o varstvu podatkov \u2013 GDPR) in veljavno gr\u0161ko zakonodajo.<\/p>\t\t\t\t\t\t\t\t<\/div>\n\t\t\t\t<\/div>\n\t\t\t\t<div class=\"elementor-element elementor-element-70b79c2 elementor-widget elementor-widget-heading\" data-id=\"70b79c2\" data-element_type=\"widget\" data-e-type=\"widget\" data-widget_type=\"heading.default\">\n\t\t\t\t<div class=\"elementor-widget-container\">\n\t\t\t\t\t<h3 class=\"elementor-heading-title elementor-size-default\">II. Zbrani podatki<\/h3>\t\t\t\t<\/div>\n\t\t\t\t<\/div>\n\t\t\t\t<div class=\"elementor-element elementor-element-2bcd05a elementor-widget elementor-widget-text-editor\" data-id=\"2bcd05a\" data-element_type=\"widget\" data-e-type=\"widget\" data-widget_type=\"text-editor.default\">\n\t\t\t\t<div class=\"elementor-widget-container\">\n\t\t\t\t\t\t\t\t\t<p>Glede na va\u0161o interakcijo z na\u0161imi storitvami lahko zbiramo:<\/p><p>Podatki o rezervaciji:<\/p><ol><li>Polno ime<\/li><li>E-po\u0161tni naslov<\/li><li>Telefonska \u0161tevilka<\/li><li>Naslov \/ dr\u017eava stalnega prebivali\u0161\u010da<\/li><li>Podrobnosti o bivanju<\/li><li>Posebne zahteve ali preference<\/li><li>Podatki o pla\u010dilu<\/li><\/ol><p>Spletna pla\u010dila se varno obdelujejo prek Eurobankinega e-trgovinskega portala. Na na\u0161ih stre\u017enikih ne shranjujemo vseh podatkov o kreditnih karticah.<\/p><p>Komunikacijski podatki: podatki, ki jih posredujete prek kontaktnih obrazcev, e-po\u0161tne korespondence ali telefonske komunikacije.<\/p><p>Podatki o glasilu: e-po\u0161tni naslov in komunikacijske nastavitve (samo z va\u0161im izrecnim soglasjem).<\/p><p>Tehni\u010dni in uporabni\u0161ki podatki:\u00a0<\/p><ol><li>IP-naslov<\/li><li>Vrsta brskalnika in podatki o napravi<\/li><li>Podatki o interakciji s spletnim mestom<\/li><li>Pi\u0161kotki<\/li><li>Statistika Google Analytics<\/li><\/ol>\t\t\t\t\t\t\t\t<\/div>\n\t\t\t\t<\/div>\n\t\t\t\t<div class=\"elementor-element elementor-element-fe04321 elementor-widget elementor-widget-heading\" data-id=\"fe04321\" data-element_type=\"widget\" data-e-type=\"widget\" data-widget_type=\"heading.default\">\n\t\t\t\t<div class=\"elementor-widget-container\">\n\t\t\t\t\t<h3 class=\"elementor-heading-title elementor-size-default\">III. Nameni obdelave<\/h3>\t\t\t\t<\/div>\n\t\t\t\t<\/div>\n\t\t\t\t<div class=\"elementor-element elementor-element-088584c elementor-widget elementor-widget-text-editor\" data-id=\"088584c\" data-element_type=\"widget\" data-e-type=\"widget\" data-widget_type=\"text-editor.default\">\n\t\t\t\t<div class=\"elementor-widget-container\">\n\t\t\t\t\t\t\t\t\t<p>Va\u0161e osebne podatke obdelujemo z namenom:<\/p><ol><li>Upravljanje in potrjevanje rezervacij<\/li><li>Nudimo nastanitvene storitve<\/li><li>Komuniciranje z vami pred, med in po va\u0161em bivanju<\/li><li>Izpolnjevanje dav\u010dnih in ra\u010dunovodskih obveznosti<\/li><li>Izbolj\u0161ajte na\u0161o spletno stran in izku\u0161njo gostov<\/li><li>Po\u0161iljanje novic in promocijskih sporo\u010dil (s soglasjem)<\/li><li>Zagotovite varnost transakcij in spletnega mesta<\/li><\/ol>\t\t\t\t\t\t\t\t<\/div>\n\t\t\t\t<\/div>\n\t\t\t\t<div class=\"elementor-element elementor-element-f712e0f elementor-widget elementor-widget-heading\" data-id=\"f712e0f\" data-element_type=\"widget\" data-e-type=\"widget\" data-widget_type=\"heading.default\">\n\t\t\t\t<div class=\"elementor-widget-container\">\n\t\t\t\t\t<h3 class=\"elementor-heading-title elementor-size-default\">IV. Pravna podlaga za obdelavo (\u010dlen 6 GDPR)<\/h3>\t\t\t\t<\/div>\n\t\t\t\t<\/div>\n\t\t\t\t<div class=\"elementor-element elementor-element-424b4b8 elementor-widget elementor-widget-text-editor\" data-id=\"424b4b8\" data-element_type=\"widget\" data-e-type=\"widget\" data-widget_type=\"text-editor.default\">\n\t\t\t\t<div class=\"elementor-widget-container\">\n\t\t\t\t\t\t\t\t\t<p>Osebne podatke obdelujemo na podlagi:<\/p><ol><li>Izvajanje pogodbe (rezervacijske in nastanitvene storitve)<\/li><li>Izpolnjevanje zakonskih obveznosti<\/li><li>Zakoniti interes (izbolj\u0161anje storitev, varnost sistema)<\/li><li>Va\u0161e izrecno soglasje (novice in neobvezni pi\u0161kotki)<\/li><\/ol>\t\t\t\t\t\t\t\t<\/div>\n\t\t\t\t<\/div>\n\t\t\t\t<div class=\"elementor-element elementor-element-0800c21 elementor-widget elementor-widget-heading\" data-id=\"0800c21\" data-element_type=\"widget\" data-e-type=\"widget\" data-widget_type=\"heading.default\">\n\t\t\t\t<div class=\"elementor-widget-container\">\n\t\t\t\t\t<h3 class=\"elementor-heading-title elementor-size-default\">V. Prejemniki podatkov \/ obdelovalci<\/h3>\t\t\t\t<\/div>\n\t\t\t\t<\/div>\n\t\t\t\t<div class=\"elementor-element elementor-element-38dc221 elementor-widget elementor-widget-text-editor\" data-id=\"38dc221\" data-element_type=\"widget\" data-e-type=\"widget\" data-widget_type=\"text-editor.default\">\n\t\t\t\t<div class=\"elementor-widget-container\">\n\t\t\t\t\t\t\t\t\t<p>Va\u0161e podatke lahko delimo z zaupanja vrednimi ponudniki storitev, ki delujejo v na\u0161em imenu, vklju\u010dno z:<\/p><ul><li>Webhotelier (spletni mehanizem za rezervacije)<\/li><li>Eurobank (ponudnik pla\u010dilnih vrat)<\/li><li>HOTELIZER (sistem za upravljanje nepremi\u010dnin \u2013 PMS)<\/li><li>Ponudnik storitev glasil<\/li><li>Ponudniki gostovanja in IT-podpore<\/li><li>Ra\u010dunovodski in dav\u010dni svetovalci<\/li><\/ul><p>Vsi partnerji so pogodbeno zavezani k spo\u0161tovanju GDPR.<\/p>\t\t\t\t\t\t\t\t<\/div>\n\t\t\t\t<\/div>\n\t\t\t\t<div class=\"elementor-element elementor-element-5bb6efa elementor-widget elementor-widget-heading\" data-id=\"5bb6efa\" data-element_type=\"widget\" data-e-type=\"widget\" data-widget_type=\"heading.default\">\n\t\t\t\t<div class=\"elementor-widget-container\">\n\t\t\t\t\t<h3 class=\"elementor-heading-title elementor-size-default\">VI. Mednarodni prenosi podatkov<\/h3>\t\t\t\t<\/div>\n\t\t\t\t<\/div>\n\t\t\t\t<div class=\"elementor-element elementor-element-184dc31 elementor-widget elementor-widget-text-editor\" data-id=\"184dc31\" data-element_type=\"widget\" data-e-type=\"widget\" data-widget_type=\"text-editor.default\">\n\t\t\t\t<div class=\"elementor-widget-container\">\n\t\t\t\t\t\t\t\t\t<p>\u010ce se nekateri ponudniki storitev (npr. platforme za analitiko ali novice) nahajajo zunaj Evropske unije, so prenosi podatkov za\u0161\u010diteni s standardnimi pogodbenimi klavzulami, ki jih je odobrila Evropska komisija.<\/p>\t\t\t\t\t\t\t\t<\/div>\n\t\t\t\t<\/div>\n\t\t\t\t<div class=\"elementor-element elementor-element-f19b1f6 elementor-widget elementor-widget-heading\" data-id=\"f19b1f6\" data-element_type=\"widget\" data-e-type=\"widget\" data-widget_type=\"heading.default\">\n\t\t\t\t<div class=\"elementor-widget-container\">\n\t\t\t\t\t<h3 class=\"elementor-heading-title elementor-size-default\">VII. Hramba podatkov<\/h3>\t\t\t\t<\/div>\n\t\t\t\t<\/div>\n\t\t\t\t<div class=\"elementor-element elementor-element-9b2919b elementor-widget elementor-widget-text-editor\" data-id=\"9b2919b\" data-element_type=\"widget\" data-e-type=\"widget\" data-widget_type=\"text-editor.default\">\n\t\t\t\t<div class=\"elementor-widget-container\">\n\t\t\t\t\t\t\t\t\t<p>Osebne podatke hranimo le toliko \u010dasa, kolikor je potrebno:<\/p><p>Podatki o rezervacijah in izdajanju ra\u010dunov: do 10 let (kot zahteva gr\u0161ka dav\u010dna zakonodaja)<\/p><p>Podatki kontaktnega obrazca: do 24 mesecev<\/p><p>Podatki iz novic: dokler ne prekli\u010dete soglasja<\/p><p>Analiti\u010dni podatki: v skladu z nastavitvami hranjenja podatkov v storitvi Google Analytics<\/p>\t\t\t\t\t\t\t\t<\/div>\n\t\t\t\t<\/div>\n\t\t\t\t<div class=\"elementor-element elementor-element-b192347 elementor-widget elementor-widget-heading\" data-id=\"b192347\" data-element_type=\"widget\" data-e-type=\"widget\" data-widget_type=\"heading.default\">\n\t\t\t\t<div class=\"elementor-widget-container\">\n\t\t\t\t\t<h3 class=\"elementor-heading-title elementor-size-default\">VIII. O va\u0161ih pravicah<\/h3>\t\t\t\t<\/div>\n\t\t\t\t<\/div>\n\t\t\t\t<div class=\"elementor-element elementor-element-986f8cb elementor-widget elementor-widget-text-editor\" data-id=\"986f8cb\" data-element_type=\"widget\" data-e-type=\"widget\" data-widget_type=\"text-editor.default\">\n\t\t\t\t<div class=\"elementor-widget-container\">\n\t\t\t\t\t\t\t\t\t<p>V skladu z GDPR imate pravico do:<\/p><ul><li>Dostop do va\u0161ih osebnih podatkov<\/li><li>Zahteva za popravek neto\u010dnih podatkov<\/li><li>Zahteva za izbris (kjer je to zakonsko predpisano)<\/li><li>Omeji obdelavo<\/li><li>Ugovarja obdelavi<\/li><li>Prenosljivost podatkov<\/li><li>Soglasje lahko kadar koli prekli\u010dete<\/li><li>Vlo\u017eite prito\u017ebo pri gr\u0161kem organu za varstvo podatkov (www.dpa.gr)<\/li><\/ul><p>Zahteve lahko po\u0161ljete na: info@alsusboutiquehotel.com<\/p><p>Odgovorimo v enem (1) mesecu, kot to zahteva zakon.<\/p>\t\t\t\t\t\t\t\t<\/div>\n\t\t\t\t<\/div>\n\t\t\t\t<div class=\"elementor-element elementor-element-f67f3b6 elementor-widget elementor-widget-heading\" data-id=\"f67f3b6\" data-element_type=\"widget\" data-e-type=\"widget\" data-widget_type=\"heading.default\">\n\t\t\t\t<div class=\"elementor-widget-container\">\n\t\t\t\t\t<h3 class=\"elementor-heading-title elementor-size-default\">IX. Varnost podatkov<\/h3>\t\t\t\t<\/div>\n\t\t\t\t<\/div>\n\t\t\t\t<div class=\"elementor-element elementor-element-f46656d elementor-widget elementor-widget-text-editor\" data-id=\"f46656d\" data-element_type=\"widget\" data-e-type=\"widget\" data-widget_type=\"text-editor.default\">\n\t\t\t\t<div class=\"elementor-widget-container\">\n\t\t\t\t\t\t\t\t\t<p>Za za\u0161\u010dito va\u0161ih osebnih podatkov izvajamo ustrezne tehni\u010dne in organizacijske ukrepe, vklju\u010dno z:<\/p><ul><li>SSL \u0161ifriranje<\/li><li>Varni stre\u017eniki<\/li><li>Omejen dostop za poobla\u0161\u010deno osebje<\/li><li>Sporazumi o zaupnosti<\/li><li>Varni sistemi za obdelavo pla\u010dil<\/li><\/ul>\t\t\t\t\t\t\t\t<\/div>\n\t\t\t\t<\/div>\n\t\t\t\t<div class=\"elementor-element elementor-element-52e66ee elementor-widget elementor-widget-heading\" data-id=\"52e66ee\" data-element_type=\"widget\" data-e-type=\"widget\" data-widget_type=\"heading.default\">\n\t\t\t\t<div class=\"elementor-widget-container\">\n\t\t\t\t\t<h3 class=\"elementor-heading-title elementor-size-default\">X. Pi\u0161kotki<\/h3>\t\t\t\t<\/div>\n\t\t\t\t<\/div>\n\t\t\t\t<div class=\"elementor-element elementor-element-eb6451e elementor-widget elementor-widget-text-editor\" data-id=\"eb6451e\" data-element_type=\"widget\" data-e-type=\"widget\" data-widget_type=\"text-editor.default\">\n\t\t\t\t<div class=\"elementor-widget-container\">\n\t\t\t\t\t\t\t\t\t<p>Na\u0161e spletno mesto uporablja:<\/p><ul><li>Nujno potrebni pi\u0161kotki za bistveno funkcionalnost<\/li><li>Analiti\u010dni pi\u0161kotki (Google Analytics)<\/li><li>Pi\u0161kotki za soglasje, da si zapomnijo va\u0161e nastavitve<\/li><\/ul><p>Nastavitve pi\u0161kotkov lahko upravljate prek pasice za pi\u0161kotke, prikazane na na\u0161i spletni strani.<\/p>\t\t\t\t\t\t\t\t<\/div>\n\t\t\t\t<\/div>\n\t\t\t\t<div class=\"elementor-element elementor-element-53c229b elementor-widget elementor-widget-heading\" data-id=\"53c229b\" data-element_type=\"widget\" data-e-type=\"widget\" data-widget_type=\"heading.default\">\n\t\t\t\t<div class=\"elementor-widget-container\">\n\t\t\t\t\t<h3 class=\"elementor-heading-title elementor-size-default\">XI. Posodobitve te politike<\/h3>\t\t\t\t<\/div>\n\t\t\t\t<\/div>\n\t\t\t\t<div class=\"elementor-element elementor-element-0570509 elementor-widget elementor-widget-text-editor\" data-id=\"0570509\" data-element_type=\"widget\" data-e-type=\"widget\" data-widget_type=\"text-editor.default\">\n\t\t\t\t<div class=\"elementor-widget-container\">\n\t\t\t\t\t\t\t\t\t<p data-start=\"5173\" data-end=\"5290\">Ta politika zasebnosti se lahko ob\u010dasno posodablja. Vse spremembe bodo objavljene na tej strani s posodobljenim datumom.<\/p><p data-start=\"5173\" data-end=\"5290\"><em>Zadnja posodobitev: 21. 2. 2026<\/em><\/p>\t\t\t\t\t\t\t\t<\/div>\n\t\t\t\t<\/div>\n\t\t                    <\/div>\r\n        <\/div>\r\n        \t\t\t<\/div>\n\t\t<\/section>\n\t\t\t\t<\/div>","protected":false},"excerpt":{"rendered":"<p>Definitions For the purposes of this Privacy Policy: \u201cPersonal Data\u201d means any information relating to an identified or identifiable natural person. \u201cData Subject\u201d means any individual whose personal data is processed by SAMARITIS S.A. \u201cProcessing\u201d means any operation performed on personal data, including collection, recording, storage, use, disclosure, or deletion. \u201cController\u201d means SAMARITIS S.A., which [&hellip;]<\/p>\n","protected":false},"author":1,"featured_media":0,"parent":0,"menu_order":0,"comment_status":"closed","ping_status":"closed","template":"","meta":{"footnotes":""},"class_list":["post-17082","page","type-page","status-publish","hentry"],"_links":{"self":[{"href":"https:\/\/www.alsusboutiquehotel.com\/sl\/wp-json\/wp\/v2\/pages\/17082","targetHints":{"allow":["GET"]}}],"collection":[{"href":"https:\/\/www.alsusboutiquehotel.com\/sl\/wp-json\/wp\/v2\/pages"}],"about":[{"href":"https:\/\/www.alsusboutiquehotel.com\/sl\/wp-json\/wp\/v2\/types\/page"}],"author":[{"embeddable":true,"href":"https:\/\/www.alsusboutiquehotel.com\/sl\/wp-json\/wp\/v2\/users\/1"}],"replies":[{"embeddable":true,"href":"https:\/\/www.alsusboutiquehotel.com\/sl\/wp-json\/wp\/v2\/comments?post=17082"}],"version-history":[{"count":6,"href":"https:\/\/www.alsusboutiquehotel.com\/sl\/wp-json\/wp\/v2\/pages\/17082\/revisions"}],"predecessor-version":[{"id":21281,"href":"https:\/\/www.alsusboutiquehotel.com\/sl\/wp-json\/wp\/v2\/pages\/17082\/revisions\/21281"}],"wp:attachment":[{"href":"https:\/\/www.alsusboutiquehotel.com\/sl\/wp-json\/wp\/v2\/media?parent=17082"}],"curies":[{"name":"delovni list","href":"https:\/\/api.w.org\/{rel}","templated":true}]}}