{"id":17124,"date":"2025-02-13T14:29:58","date_gmt":"2025-02-13T14:29:58","guid":{"rendered":"https:\/\/www.alsusboutiquehotel.com\/?page_id=17124"},"modified":"2025-02-13T14:30:23","modified_gmt":"2025-02-13T14:30:23","slug":"cookies-policy","status":"publish","type":"page","link":"https:\/\/www.alsusboutiquehotel.com\/sl\/cookies-policy\/","title":{"rendered":"Pravilnik o pi\u0161kotkih"},"content":{"rendered":"<div data-elementor-type=\"wp-page\" data-elementor-id=\"17124\" class=\"elementor elementor-17124\">\n\t\t\t\t        <section class=\"elementor-section elementor-top-section elementor-element elementor-element-2ea7339f elementor-section-boxed elementor-section-height-default elementor-section-height-default pxl-section-static-pos-no pxl-section-overflow-hidden-no pxl-container-margin-auto-no\" data-id=\"2ea7339f\" data-element_type=\"section\" data-e-type=\"section\">\n\n                \n                <div class=\"elementor-container elementor-column-gap-default\">\n                <div class=\"elementor-column elementor-col-100 elementor-top-column elementor-element elementor-element-73df817c col-offset-none pxl-column-element-default pxl-column-overflow-hidden-no\" data-id=\"73df817c\" data-element_type=\"column\" data-e-type=\"column\">\r\n        <div class=\"elementor-widget-wrap elementor-element-populated\">\r\n                    \t\t<div class=\"elementor-element elementor-element-6277fa99 elementor-widget elementor-widget-text-editor\" data-id=\"6277fa99\" data-element_type=\"widget\" data-e-type=\"widget\" data-widget_type=\"text-editor.default\">\n\t\t\t\t<div class=\"elementor-widget-container\">\n\t\t\t\t\t\t\t\t\t<div class=\"elementor-element elementor-element-3454921c elementor-widget__width-initial elementor-widget elementor-widget-text-editor\" data-id=\"3454921c\" data-element_type=\"widget\" data-widget_type=\"text-editor.default\"><div class=\"elementor-widget-container\"><h1>Pravilnik o pi\u0161kotkih<\/h1><p><em>Zadnja posodobitev 19. decembra 2024<\/em><\/p><p><strong>Pravilnik o pi\u0161kotkih<\/strong> od<\/p><p><strong>Buti\u010dni hotel Alsus<\/strong>,<br \/>50 Andrea Papandreou Amoudara, Heraklion,<br \/>Kreta<br \/>71414,<br \/>Gr\u010dija,<br \/>e-po\u0161ta: info@alsusboutiquehotel.com,<br \/>telefon: +302810372700<\/p><p>Ta politika pi\u0161kotkov vsebuje informacije o uporabi pi\u0161kotkov in podobnih tehnologij na spletni strani hotela. Opisuje tudi, kak\u0161ne mo\u017enosti imate glede pi\u0161kotkov in podobnih tehnologij.<\/p><p>Ta politika pi\u0161kotkov je del pogojev uporabe spletnega mesta in je vanje vklju\u010dena ter se lahko ob\u010dasno spremeni. Priporo\u010dljivo je, da redno preverjate politiko pi\u0161kotkov, da boste obve\u0161\u010deni o morebitnih spremembah. Na spletnem mestu se lahko pojavijo tudi ustrezna obvestila o bistvenih spremembah. Z obiskom spletnega mesta se strinjate, da sprejmete vse spremembe te politike.<\/p><p><strong>Kaj so pi\u0161kotki?<\/strong><\/p><p>Pi\u0161kotki so majhne besedilne datoteke \u2013 obi\u010dajno sestavljene iz \u010drk in \u0161tevilk, ki jih na va\u0161o napravo shrani spletni stre\u017enik.<\/p><p>Pi\u0161kotki se delijo na \u00bbsejne pi\u0161kotke\u00ab in \u00bbtrajne pi\u0161kotke\u00ab, odvisno od \u010dasa, ko ostanejo shranjeni v va\u0161i napravi. \u00bbSejni pi\u0161kotki\u00ab se shranijo v va\u0161o napravo v trenutku, ko obi\u0161\u010dete spletno mesto, in se samodejno izbri\u0161ejo, ko zaprete brskalnik. \u00bbTrajni pi\u0161kotki\u00ab se shranijo v va\u0161o napravo v trenutku, ko obi\u0161\u010dete spletno mesto, in ostanejo shranjeni tudi po zaprtju brskalnika. \u00bbTrajni pi\u0161kotki\u00ab se samodejno ponovno omogo\u010dijo, ko odprete brskalnik in brskate po internetu.<\/p><p>Pi\u0161kotki lastne in tretje osebe \u2013 Glede na spletno mesto ali domeno, ki namesti pi\u0161kotek, so pi\u0161kotki ozna\u010deni kot \u00bbprvi\u00ab ali \u00bbtretje osebe\u00ab. Pi\u0161kotki lastne osebe so na splo\u0161no pi\u0161kotki, ki jih namesti spletno mesto, ki ga obi\u0161\u010de uporabnik \u2013 spletno mesto, ki se prika\u017ee v oknu URL. Pi\u0161kotki tretje osebe so pi\u0161kotki, ki jih namesti spletno mesto (domena), ki ni tisto, ki ga obi\u0161\u010de uporabnik. \u010ce uporabnik obi\u0161\u010de spletno mesto in prek tega spletnega mesta namesti pi\u0161kotek drugo podjetje, bo zadevni pi\u0161kotek tretje osebe.<\/p><p><strong>Zakaj uporabljamo pi\u0161kotke<\/strong><\/p><p>Pi\u0161kotke uporabljamo za zagotavljanje najbolj\u0161e mo\u017ene izku\u0161nje brskanja. Nekateri pi\u0161kotki so tehni\u010dno potrebni za pravilno uporabo spletnega mesta. Drugi pi\u0161kotki se uporabljajo za izvajanje funkcij, kot so ogla\u0161evanje in pridobivanje statisti\u010dnih podatkov (tj. koliko obiskovalcev si je ogledalo dolo\u010dene strani na na\u0161em spletnem mestu).<\/p><p>Mi in\/ali tretje osebe, ki v na\u0161em imenu zagotavljajo storitve, pi\u0161kotke kategoriziramo, kot je opisano spodaj.<\/p><p>Nujno potrebni pi\u0161kotki<\/p><p>Ti pi\u0161kotki so nujno potrebni za zagotavljanje storitev, ki jih zahtevate prek spletnega mesta. Potrebni so, da vam omogo\u010dimo obisk na\u0161ega spletnega mesta in pravilno uporabo njegovih funkcij. Osnovne funkcije, kot so naslednje, temeljijo na teh pomembnih pi\u0161kotkih:<\/p><p>\u010ce \u017eelite ostati prijavljeni na spletni strani,<\/p><p>o Prepoznajte svoje osebne podatke, ki jih vnesete na spletno mesto ob transakcijah,<\/p><p>o Za za\u0161\u010dito varnosti va\u0161ih transakcij s preusmeritvijo na pla\u010dilne aplikacije tretjih oseb in va\u0161o vrnitvijo na spletno mesto za dokon\u010danje transakcije,<\/p><p>o Pridobite informacije o svoji transakciji po njenem zaklju\u010dku in<\/p><p>o Na splo\u0161no, da vam na va\u0161o zahtevo zagotovimo storitve in informacije<\/p><p>Funkcionalni pi\u0161kotki<\/p><p>Ti pi\u0161kotki nam pomagajo prilagoditi na\u0161o vsebino za vas, vas nagovarjati po imenu in si zapomniti va\u0161e nastavitve (na primer va\u0161o izbiro dolo\u010denega jezika ali regije). \u010ce se odlo\u010dite za brisanje\/onemogo\u010danje funkcionalnih pi\u0161kotkov, se izbrane nastavitve\/preference ne bodo shranile za va\u0161e nadaljnje obiske spletnega mesta.<\/p><p>Pi\u0161kotki za u\u010dinkovitost delovanja<\/p><p>Ti pi\u0161kotki zbirajo informacije o tem, kako uporabniki uporabljajo spletno mesto, da bi lahko pregledali in izbolj\u0161ali spletno mesto in izku\u0161njo obiskovalcev. Ti pi\u0161kotki ne zbirajo informacij, ki bi identificirale obiskovalca.<\/p><p>Tak\u0161ni pi\u0161kotki zbirajo podatke o:<\/p><p>Strani, ki jih ljudje najpogosteje obiskujejo,<br \/>Povezave, ki jih izberejo uporabniki,<br \/>Sporo\u010dila o napakah, ki jih uporabniki lahko prejmejo med brskanjem po spletnem mestu itd.<\/p><p>Pi\u0161kotki tretjih oseb \/ Tr\u017eenje<\/p><p>Da bi vam zagotovili bolj zanimivo vsebino in vam olaj\u0161ali interakcijo z va\u0161imi ra\u010duni dru\u017ebenih medijev, lahko spletno mesto vklju\u010duje vsebine in storitve tretjih oseb (npr. \u00bbvti\u010dnike\u00ab iz Facebooka, Twitterja, YouTuba, Instagrama, Pinteresta itd.) ali povezave do spletnih mest tretjih oseb. Ko obi\u0161\u010dete povezave in\/ali spletna mesta tretjih oseb, za vas velja politika pi\u0161kotkov teh tretjih oseb. V tem primeru ravnate po lastni volji in ne prevzemamo nobene odgovornosti za kakr\u0161ne koli te\u017eave, ki izhajajo iz shranjevanja pi\u0161kotkov v va\u0161i napravi s strani spletnega mesta tretje osebe.<\/p><p>Na na\u0161ih spletnih mestih uporabljamo naslednja programska orodja tretjih oseb:<br \/>\u2022 Google Analytics \u2013 sledenje vedenja na spletnem mestu in statistika.<br \/>\u2022 Google Ads \/ Bindg Ads \u2013 za sponzorirane oglase na straneh z rezultati iskalnikov.<br \/>\u2022 Ponovno ciljanje na Facebooku \u2013 sledenje, katere spletne strani si ogledujete in katere oglase boste videli.<br \/>\u2022 Ponovno ciljanje na Instagramu \u2013 sledenje, katere spletne strani si ogledujete in katere oglase boste videli.<\/p><p><strong>Kako nadzorovati pi\u0161kotke<\/strong><\/p><p>Ve\u010dina internetnih brskalnikov samodejno sprejema pi\u0161kotke, vendar ponuja sredstva za nadzor, ki vam omogo\u010dajo, da pi\u0161kotke blokirate ali izbri\u0161ete. Namestitev pi\u0161kotkov v svojo napravo lahko kadar koli omogo\u010dite ali onemogo\u010dite tako, da spremenite nastavitve brskalnika, ki ga uporabljate. Brskalnik, ki ga uporabljate, lahko tudi ustrezno konfigurirate tako, da vas o tem obvesti, preden namesti pi\u0161kotek v svojo napravo, ali pa sledite navodilom brskalnika, da izbri\u0161ete vse \u017ee name\u0161\u010dene pi\u0161kotke. \u010ce uporabljate razli\u010dne naprave, morate sistem brskalnika nastaviti po svojih \u017eeljah v vsaki od svojih naprav.<\/p><p>\u010ce onemogo\u010dite vse pi\u0161kotke, morda ne boste mogli v celoti u\u017eivati v interaktivnih funkcijah na\u0161ega spletnega mesta ali prejemati na\u0161ih storitev prek na\u0161ega spletnega mesta.<\/p><p>Brisanje pi\u0161kotkov ne izbri\u0161e objektov aplikacije Flash. Ve\u010d o objektih aplikacije Flash, vklju\u010dno s tem, kako jih nadzorovati in onemogo\u010diti, lahko izveste na spletnem mestu Adobe. Dodatne informacije o pi\u0161kotkih in podobnih tehnologijah, ki se uporabljajo na razli\u010dnih spletnih mestih, najdete v svojem brskalniku ali drugih internetnih virih.<\/p><p>Za upravljanje pi\u0161kotkov prek brskalnika izberite naslednje hiperpovezave, ki vas bodo preusmerile na navodila va\u0161ega brskalnika:<\/p><p>Raziskovalec Microsoft Windows<br \/>Mozilla Firefox<br \/>Google Chrome<br \/>Apple Safari<\/p><p>Ve\u010d o pi\u0161kotkih si lahko preberete na naslednjih spletnih mestih tretjih oseb:<\/p><p>Vse o pi\u0161kotkih: <a title=\"Vse o pi\u0161kotkih\" href=\"https:\/\/www.allaboutcookies.org\/\" target=\"_blank\" rel=\"noopener\">https:\/\/www.allaboutcookies.org\/<\/a><br \/>Pi\u0161kotki: <a title=\"Cookiepedia\" href=\"https:\/\/cookiepedia.co.uk\/\" target=\"_blank\" rel=\"noopener\">https:\/\/cookiepedia.co.uk\/<\/a><\/p><p><strong>Katere so podobne tehnologije?<\/strong><\/p><p>Oznake slikovnih pik, spletni svetilniki, vdelani skripti in prozorni GIF-i so majhne datoteke, ki se uporabljajo za sledenje navigaciji na spletni strani in jih je mogo\u010de uporabljati skupaj s pi\u0161kotki. Objekti Flash (lokalni deljeni objekti) so majhne datoteke, shranjene v va\u0161i napravi s spletne strani, ki uporablja tehnologijo predvajalnika Adobe Flash.<\/p><p>Spletni svetilniki in vdelani skripti<\/p><p>Spletni svetilniki in vdelani skripti so druge tehnologije, ki jih uporabljamo na na\u0161i spletni strani, pa tudi v nekaterih e-po\u0161tnih sporo\u010dilih in oglasih.<\/p><p>Spletni svetilniki (ali \u00bboznake\u00ab) so deli programske kode, vklju\u010deni v spletne strani, e-po\u0161tna sporo\u010dila in oglase, ki nam in\/ali tretjim osebam, ki v na\u0161em imenu zagotavljajo storitve, razkrijejo, kdaj so si te spletne strani, e-po\u0161tna sporo\u010dila ali oglasi ogledali ali izbrali.<\/p><p>Te podatke uporabljamo za izbolj\u0161anje na\u0161ega spletnega mesta, za prilagajanje na\u0161ega spletnega mesta va\u0161im potencialnim interesom in za izvajanje tr\u017enih raziskav. Tak\u0161ne funkcionalnosti kode, kot je JavaScript, lahko onemogo\u010dite v svojem brskalniku (glejte funkcijo pomo\u010di v svojem brskalniku). Upo\u0161tevajte, da \u010de onemogo\u010dite funkcionalnosti kode, spletno mesto morda ne bo delovalo pravilno.<\/p><p><strong>Zasebnost<\/strong><\/p><p>Zavezani smo k uporabi dobrih praks varovanja zasebnosti. Za ve\u010d informacij o na\u0161em pristopu k zasebnosti si oglejte na\u0161e <a href=\"https:\/\/www.alsusboutiquehotel.com\/sl\/privacy-policy\/\">Pravilnik o zasebnosti<\/a>.<\/p><ol><li><h3>Poobla\u0161\u010denec za prito\u017ebe \/ varstvo podatkov:<\/h3><p>\u010ce imate kakr\u0161na koli vpra\u0161anja ali pomisleke glede obdelave va\u0161ih podatkov, ki so nam na voljo, lahko pi\u0161ete na\u0161emu poobla\u0161\u010dencu za prito\u017ebe na<\/p><p>Buti\u010dni hotel Alsus,<br \/>50 Andrea Papandreou Amoudara, Heraklion,<br \/>e-po\u0161ta: <a href=\"mailto:info@alsusboutiquehotel.com\">info@alsusboutiquehotel.com<\/a><\/p><p>Va\u0161e pomisleke bomo obravnavali v skladu z veljavno zakonodajo.<\/p><\/li><\/ol><\/div><\/div>\t\t\t\t\t\t\t\t<\/div>\n\t\t\t\t<\/div>\n\t\t                    <\/div>\r\n        <\/div>\r\n        \t\t\t<\/div>\n\t\t<\/section>\n\t\t\t\t<\/div>","protected":false},"excerpt":{"rendered":"<p>Cookies Policy Last Updated On 19-Dec-2024 Cookies Policy of Alsus Boutique Hotel,50 Andrea Papandreou Amoudara, Heraklion,Crete71414,Greece,email: info@alsusboutiquehotel.com,phone: +302810372700 This Cookies Policy provides information regarding the use of Cookies and Similar Technologies by the hotel\u2019s website. It also describes what kind of choices you may have regarding Cookies and Similar Technologies. This Cookie Policy is part [&hellip;]<\/p>\n","protected":false},"author":1,"featured_media":0,"parent":0,"menu_order":0,"comment_status":"closed","ping_status":"closed","template":"","meta":{"footnotes":""},"class_list":["post-17124","page","type-page","status-publish","hentry"],"_links":{"self":[{"href":"https:\/\/www.alsusboutiquehotel.com\/sl\/wp-json\/wp\/v2\/pages\/17124","targetHints":{"allow":["GET"]}}],"collection":[{"href":"https:\/\/www.alsusboutiquehotel.com\/sl\/wp-json\/wp\/v2\/pages"}],"about":[{"href":"https:\/\/www.alsusboutiquehotel.com\/sl\/wp-json\/wp\/v2\/types\/page"}],"author":[{"embeddable":true,"href":"https:\/\/www.alsusboutiquehotel.com\/sl\/wp-json\/wp\/v2\/users\/1"}],"replies":[{"embeddable":true,"href":"https:\/\/www.alsusboutiquehotel.com\/sl\/wp-json\/wp\/v2\/comments?post=17124"}],"version-history":[{"count":0,"href":"https:\/\/www.alsusboutiquehotel.com\/sl\/wp-json\/wp\/v2\/pages\/17124\/revisions"}],"wp:attachment":[{"href":"https:\/\/www.alsusboutiquehotel.com\/sl\/wp-json\/wp\/v2\/media?parent=17124"}],"curies":[{"name":"delovni list","href":"https:\/\/api.w.org\/{rel}","templated":true}]}}