{"id":1180,"date":"2022-09-10T07:55:05","date_gmt":"2022-09-10T07:55:05","guid":{"rendered":"https:\/\/demo.7iquid.com\/carmelina\/?page_id=1180"},"modified":"2025-04-15T18:25:09","modified_gmt":"2025-04-15T18:25:09","slug":"page-404","status":"publish","type":"page","link":"https:\/\/www.alsusboutiquehotel.com\/sv\/page-404\/","title":{"rendered":"Sida 404"},"content":{"rendered":"<div data-elementor-type=\"wp-page\" data-elementor-id=\"1180\" class=\"elementor elementor-1180\">\n\t\t\t\t        <section class=\"elementor-section elementor-top-section elementor-element elementor-element-9b69503 elementor-section-height-full elementor-section-full_width elementor-section-height-default elementor-section-items-middle pxl-section-offset-none pxl-section-static-pos-no pxl-section-overflow-hidden-no pxl-container-margin-auto-no\" data-id=\"9b69503\" data-element_type=\"section\" data-e-type=\"section\" data-settings=\"{&quot;background_background&quot;:&quot;classic&quot;}\">\n\n                            <div class=\"elementor-background-overlay\"><\/div>\n            \n                <div class=\"elementor-container elementor-column-gap-default\">\n                <div class=\"elementor-column elementor-col-50 elementor-top-column elementor-element elementor-element-8ecb50b col-offset-none pxl-column-element-default pxl-column-overflow-hidden-no\" data-id=\"8ecb50b\" data-element_type=\"column\" data-e-type=\"column\">\r\n        <div class=\"elementor-widget-wrap elementor-element-populated\">\r\n                    \t\t<div class=\"elementor-element elementor-element-28b5c81 elementor-widget elementor-widget-pxl_heading\" data-id=\"28b5c81\" data-element_type=\"widget\" data-e-type=\"widget\" data-widget_type=\"pxl_heading.default\">\n\t\t\t\t<div class=\"elementor-widget-container\">\n\t\t\t\t\t<div class=\"pxl-heading-wrap d-flex\">\n    <div class=\"pxl-heading-inner\">\n                    <div class=\"heading-subtitle\">\n                <div class=\"subtitle-text\">Sidan hittades inte<\/div>\n            <\/div>\n                <h2 class=\"heading-title\">\n                        Nej d\u00e5! <br> N\u00e5got saknas         <\/h2>\n            <\/div>\n<\/div>\n\n\t\t\t\t<\/div>\n\t\t\t\t<\/div>\n\t\t\t\t<div class=\"elementor-element elementor-element-74ae02d elementor-widget elementor-widget-pxl_text_editor\" data-id=\"74ae02d\" data-element_type=\"widget\" data-e-type=\"widget\" data-widget_type=\"pxl_text_editor.default\">\n\t\t\t\t<div class=\"elementor-widget-container\">\n\t\t\t\t\t<div id=\"pxl_text_editor-74ae02d-9474\" class=\"pxl-text-editor-wrap d-flex\" >\n\t<div class=\"pxl-text-editor elementor-clearfix\">\n\t\t<p>Sidan du tittar p\u00e5 \u00e4r inte tillg\u00e4nglig eller har tagits bort. F\u00f6rs\u00f6k att g\u00e5 till startsidan med hj\u00e4lp av knappen nedan.<\/p>\t\t\n\t<\/div>\n<\/div>\t\t\t\t<\/div>\n\t\t\t\t<\/div>\n\t\t\t\t<div class=\"elementor-element elementor-element-d9b701d elementor-align-center elementor-widget elementor-widget-pxl_button\" data-id=\"d9b701d\" data-element_type=\"widget\" data-e-type=\"widget\" data-widget_type=\"pxl_button.default\">\n\t\t\t\t<div class=\"elementor-widget-container\">\n\t\t\t\t\t<div id=\"pxl_button-d9b701d-4590\" class=\"pxl-button-wrapper d-flex-wrap pxl-button-layout1\" >\r\n    <a href=\"https:\/\/www.alsusboutiquehotel.com\/sv\/\" class=\"pxl-btn default icon-ps-right\">\r\n        <span class=\"pxl-button-text\">tillbaka till startsidan<\/span>\r\n            <\/a>\r\n<\/div>\t\t\t\t<\/div>\n\t\t\t\t<\/div>\n\t\t                    <\/div>\r\n        <\/div>\r\n                <div class=\"elementor-column elementor-col-50 elementor-top-column elementor-element elementor-element-e1d0095 elementor-hidden-tablet elementor-hidden-mobile_extra elementor-hidden-mobile col-offset-none pxl-column-element-default pxl-column-overflow-hidden-no\" data-id=\"e1d0095\" data-element_type=\"column\" data-e-type=\"column\">\r\n        <div class=\"elementor-widget-wrap\">\r\n                                        <\/div>\r\n        <\/div>\r\n        \t\t\t<\/div>\n\t\t<\/section>\n\t\t\t\t<\/div>","protected":false},"excerpt":{"rendered":"<p>Sidan hittades inte \u00c5h nej! N\u00e5got saknas Sidan du letar efter \u00e4r inte tillg\u00e4nglig eller har tagits bort. F\u00f6rs\u00f6k att g\u00e5 till startsidan med hj\u00e4lp av knappen nedan. Tillbaka till startsidan<\/p>","protected":false},"author":1,"featured_media":0,"parent":0,"menu_order":0,"comment_status":"closed","ping_status":"closed","template":"","meta":{"footnotes":""},"class_list":["post-1180","page","type-page","status-publish","hentry"],"_links":{"self":[{"href":"https:\/\/www.alsusboutiquehotel.com\/sv\/wp-json\/wp\/v2\/pages\/1180","targetHints":{"allow":["GET"]}}],"collection":[{"href":"https:\/\/www.alsusboutiquehotel.com\/sv\/wp-json\/wp\/v2\/pages"}],"about":[{"href":"https:\/\/www.alsusboutiquehotel.com\/sv\/wp-json\/wp\/v2\/types\/page"}],"author":[{"embeddable":true,"href":"https:\/\/www.alsusboutiquehotel.com\/sv\/wp-json\/wp\/v2\/users\/1"}],"replies":[{"embeddable":true,"href":"https:\/\/www.alsusboutiquehotel.com\/sv\/wp-json\/wp\/v2\/comments?post=1180"}],"version-history":[{"count":0,"href":"https:\/\/www.alsusboutiquehotel.com\/sv\/wp-json\/wp\/v2\/pages\/1180\/revisions"}],"wp:attachment":[{"href":"https:\/\/www.alsusboutiquehotel.com\/sv\/wp-json\/wp\/v2\/media?parent=1180"}],"curies":[{"name":"wp","href":"https:\/\/api.w.org\/{rel}","templated":true}]}}