{"id":17082,"date":"2025-02-13T14:01:49","date_gmt":"2025-02-13T14:01:49","guid":{"rendered":"https:\/\/www.alsusboutiquehotel.com\/?page_id=17082"},"modified":"2026-02-21T20:52:22","modified_gmt":"2026-02-21T18:52:22","slug":"privacy-policy","status":"publish","type":"page","link":"https:\/\/www.alsusboutiquehotel.com\/sv\/privacy-policy\/","title":{"rendered":"Integritetspolicy | Alsus Boutique Hotel \u2013 Endast f\u00f6r vuxna"},"content":{"rendered":"<div data-elementor-type=\"wp-page\" data-elementor-id=\"17082\" class=\"elementor elementor-17082\">\n\t\t\t\t        <section class=\"elementor-section elementor-top-section elementor-element elementor-element-5022f2e8 elementor-section-boxed elementor-section-height-default elementor-section-height-default pxl-section-static-pos-no pxl-section-overflow-hidden-no pxl-container-margin-auto-no\" data-id=\"5022f2e8\" data-element_type=\"section\" data-e-type=\"section\">\n\n                \n                <div class=\"elementor-container elementor-column-gap-default\">\n                <div class=\"elementor-column elementor-col-100 elementor-top-column elementor-element elementor-element-4bb48aa1 col-offset-none pxl-column-element-default pxl-column-overflow-hidden-no\" data-id=\"4bb48aa1\" data-element_type=\"column\" data-e-type=\"column\">\r\n        <div class=\"elementor-widget-wrap elementor-element-populated\">\r\n                    \t\t<div class=\"elementor-element elementor-element-213867a elementor-widget elementor-widget-heading\" data-id=\"213867a\" data-element_type=\"widget\" data-e-type=\"widget\" data-widget_type=\"heading.default\">\n\t\t\t\t<div class=\"elementor-widget-container\">\n\t\t\t\t\t<h2 class=\"elementor-heading-title elementor-size-default\">Definitioner<\/h2>\t\t\t\t<\/div>\n\t\t\t\t<\/div>\n\t\t\t\t<div class=\"elementor-element elementor-element-166ef50a elementor-widget elementor-widget-text-editor\" data-id=\"166ef50a\" data-element_type=\"widget\" data-e-type=\"widget\" data-widget_type=\"text-editor.default\">\n\t\t\t\t<div class=\"elementor-widget-container\">\n\t\t\t\t\t\t\t\t\t<p>I denna integritetspolicy g\u00e4ller f\u00f6ljande:<\/p>\n<p>\u201dPersonuppgifter\u201d avser all information som r\u00f6r en identifierad eller identifierbar fysisk person.<\/p>\n<p>\u201dRegistrerad person\u201d avser varje person vars personuppgifter behandlas av SAMARITIS SA<\/p>\n<p>Med \u201dbehandling\u201d avses varje \u00e5tg\u00e4rd som utf\u00f6rs p\u00e5 personuppgifter, inklusive insamling, registrering, lagring, anv\u00e4ndning, utl\u00e4mnande eller radering.<\/p>\n<p>\u201dPersonuppgiftsansvarig\u201d avser SAMARITIS SA, som fastst\u00e4ller \u00e4ndam\u00e5len och medlen f\u00f6r behandling av personuppgifter.<\/p>\n<p>\u201dPersonuppgiftsbitr\u00e4de\u201d avser varje tredje part som behandlar personuppgifter f\u00f6r den personuppgiftsansvariges r\u00e4kning.<\/p>\n<p>\u201dWebbplats\u201d avser www.alsusboutiquehotel.com.<\/p>\n<p>\u201dGDPR\u201d h\u00e4nvisar till f\u00f6rordning (EU) 2016\/679.<\/p>\t\t\t\t\t\t\t\t<\/div>\n\t\t\t\t<\/div>\n\t\t\t\t<div class=\"elementor-element elementor-element-18a6bd9 elementor-widget elementor-widget-heading\" data-id=\"18a6bd9\" data-element_type=\"widget\" data-e-type=\"widget\" data-widget_type=\"heading.default\">\n\t\t\t\t<div class=\"elementor-widget-container\">\n\t\t\t\t\t<h2 class=\"elementor-heading-title elementor-size-default\">Sekretesspolicy<\/h2>\t\t\t\t<\/div>\n\t\t\t\t<\/div>\n\t\t\t\t<div class=\"elementor-element elementor-element-ced5607 elementor-widget elementor-widget-heading\" data-id=\"ced5607\" data-element_type=\"widget\" data-e-type=\"widget\" data-widget_type=\"heading.default\">\n\t\t\t\t<div class=\"elementor-widget-container\">\n\t\t\t\t\t<h3 class=\"elementor-heading-title elementor-size-default\">I. F\u00f6retagsuppgifter<\/h3>\t\t\t\t<\/div>\n\t\t\t\t<\/div>\n\t\t\t\t<div class=\"elementor-element elementor-element-ed0c8f2 elementor-widget elementor-widget-text-editor\" data-id=\"ed0c8f2\" data-element_type=\"widget\" data-e-type=\"widget\" data-widget_type=\"text-editor.default\">\n\t\t\t\t<div class=\"elementor-widget-container\">\n\t\t\t\t\t\t\t\t\t<p>P\u00e5 Alsus Boutique Hotel, som drivs av SAMARITIS SA, v\u00e4rdes\u00e4tter vi f\u00f6rtroende lika mycket som vi v\u00e4rdes\u00e4tter g\u00e4stfrihet.<\/p><p>SAMARITIS SA, med registrerat s\u00e4te p\u00e5 Leof. Andrea Papandreou 50, 71414 Heraklion, Grekland, momsregistreringsnummer 094209409, Skattekontoret i Heraklion, tel. +30 2810 372700, e-post: info@alsusboutiquehotel.com, \u00e4r personuppgiftsansvarig f\u00f6r de personuppgifter som samlas in via www.alsusboutiquehotel.com.<\/p><p>Vi behandlar dina personuppgifter i enlighet med f\u00f6rordning (EU) 2016\/679 (allm\u00e4n dataskyddsf\u00f6rordning \u2013 GDPR) och till\u00e4mplig grekisk lagstiftning.<\/p>\t\t\t\t\t\t\t\t<\/div>\n\t\t\t\t<\/div>\n\t\t\t\t<div class=\"elementor-element elementor-element-70b79c2 elementor-widget elementor-widget-heading\" data-id=\"70b79c2\" data-element_type=\"widget\" data-e-type=\"widget\" data-widget_type=\"heading.default\">\n\t\t\t\t<div class=\"elementor-widget-container\">\n\t\t\t\t\t<h3 class=\"elementor-heading-title elementor-size-default\">II. Insamlade uppgifter<\/h3>\t\t\t\t<\/div>\n\t\t\t\t<\/div>\n\t\t\t\t<div class=\"elementor-element elementor-element-2bcd05a elementor-widget elementor-widget-text-editor\" data-id=\"2bcd05a\" data-element_type=\"widget\" data-e-type=\"widget\" data-widget_type=\"text-editor.default\">\n\t\t\t\t<div class=\"elementor-widget-container\">\n\t\t\t\t\t\t\t\t\t<p>Beroende p\u00e5 din interaktion med v\u00e5ra tj\u00e4nster kan vi komma att samla in:<\/p><p>Bokningsuppgifter:<\/p><ol><li>Fullst\u00e4ndigt namn<\/li><li>E-postadress<\/li><li>Telefonnummer<\/li><li>Adress \/ bos\u00e4ttningsland<\/li><li>Boendeinformation<\/li><li>S\u00e4rskilda \u00f6nskem\u00e5l eller preferenser<\/li><li>Betalningsuppgifter<\/li><\/ol><p>Onlinebetalningar behandlas s\u00e4kert via Eurobanks e-handelsgateway. Vi lagrar inte fullst\u00e4ndiga kreditkortsuppgifter p\u00e5 v\u00e5ra servrar.<\/p><p>Kommunikationsuppgifter: Information som du l\u00e4mnar via kontaktformul\u00e4r, e-postkorrespondens eller telefonkommunikation.<\/p><p>Nyhetsbrevsdata: E-postadress och kommunikationspreferenser (endast med ditt uttryckliga samtycke).<\/p><p>Tekniska och anv\u00e4ndningsdata:\u00a0<\/p><ol><li>IP-adress<\/li><li>Webbl\u00e4sartyp och enhetsinformation<\/li><li>Data om webbplatsinteraktion<\/li><li>Sm\u00e5kakor<\/li><li>Google Analytics-statistik<\/li><\/ol>\t\t\t\t\t\t\t\t<\/div>\n\t\t\t\t<\/div>\n\t\t\t\t<div class=\"elementor-element elementor-element-fe04321 elementor-widget elementor-widget-heading\" data-id=\"fe04321\" data-element_type=\"widget\" data-e-type=\"widget\" data-widget_type=\"heading.default\">\n\t\t\t\t<div class=\"elementor-widget-container\">\n\t\t\t\t\t<h3 class=\"elementor-heading-title elementor-size-default\">III. Behandlings\u00e4ndam\u00e5l<\/h3>\t\t\t\t<\/div>\n\t\t\t\t<\/div>\n\t\t\t\t<div class=\"elementor-element elementor-element-088584c elementor-widget elementor-widget-text-editor\" data-id=\"088584c\" data-element_type=\"widget\" data-e-type=\"widget\" data-widget_type=\"text-editor.default\">\n\t\t\t\t<div class=\"elementor-widget-container\">\n\t\t\t\t\t\t\t\t\t<p>Vi behandlar dina personuppgifter f\u00f6r att:<\/p><ol><li>Hantera och bekr\u00e4fta bokningar<\/li><li>Tillhandah\u00e5lla boendetj\u00e4nster<\/li><li>Kommunicera med dig f\u00f6re, under och efter din vistelse<\/li><li>F\u00f6lja skatte- och redovisningsskyldigheter<\/li><li>F\u00f6rb\u00e4ttra v\u00e5r webbplats och g\u00e4stupplevelse<\/li><li>Skicka nyhetsbrev och reklammaterial (med samtycke)<\/li><li>S\u00e4kerst\u00e4ll transaktions- och webbplatss\u00e4kerhet<\/li><\/ol>\t\t\t\t\t\t\t\t<\/div>\n\t\t\t\t<\/div>\n\t\t\t\t<div class=\"elementor-element elementor-element-f712e0f elementor-widget elementor-widget-heading\" data-id=\"f712e0f\" data-element_type=\"widget\" data-e-type=\"widget\" data-widget_type=\"heading.default\">\n\t\t\t\t<div class=\"elementor-widget-container\">\n\t\t\t\t\t<h3 class=\"elementor-heading-title elementor-size-default\">IV. R\u00e4ttslig grund f\u00f6r behandling (artikel 6 GDPR)<\/h3>\t\t\t\t<\/div>\n\t\t\t\t<\/div>\n\t\t\t\t<div class=\"elementor-element elementor-element-424b4b8 elementor-widget elementor-widget-text-editor\" data-id=\"424b4b8\" data-element_type=\"widget\" data-e-type=\"widget\" data-widget_type=\"text-editor.default\">\n\t\t\t\t<div class=\"elementor-widget-container\">\n\t\t\t\t\t\t\t\t\t<p>Vi behandlar personuppgifter baserat p\u00e5:<\/p><ol><li>Fullg\u00f6rande av ett avtal (boknings- och boendetj\u00e4nster)<\/li><li>Efterlevnad av r\u00e4ttsliga skyldigheter<\/li><li>Ber\u00e4ttigat intresse (tj\u00e4nstef\u00f6rb\u00e4ttring, systems\u00e4kerhet)<\/li><li>Ditt uttryckliga samtycke (nyhetsbrev och valfria cookies)<\/li><\/ol>\t\t\t\t\t\t\t\t<\/div>\n\t\t\t\t<\/div>\n\t\t\t\t<div class=\"elementor-element elementor-element-0800c21 elementor-widget elementor-widget-heading\" data-id=\"0800c21\" data-element_type=\"widget\" data-e-type=\"widget\" data-widget_type=\"heading.default\">\n\t\t\t\t<div class=\"elementor-widget-container\">\n\t\t\t\t\t<h3 class=\"elementor-heading-title elementor-size-default\">V. Datamottagare\/-behandlare<\/h3>\t\t\t\t<\/div>\n\t\t\t\t<\/div>\n\t\t\t\t<div class=\"elementor-element elementor-element-38dc221 elementor-widget elementor-widget-text-editor\" data-id=\"38dc221\" data-element_type=\"widget\" data-e-type=\"widget\" data-widget_type=\"text-editor.default\">\n\t\t\t\t<div class=\"elementor-widget-container\">\n\t\t\t\t\t\t\t\t\t<p>Dina uppgifter kan komma att delas med betrodda tj\u00e4nsteleverant\u00f6rer som agerar f\u00f6r v\u00e5r r\u00e4kning, inklusive:<\/p><ul><li>Webhotelier (onlinebokningsmotor)<\/li><li>Eurobank (leverant\u00f6r av betalningsgateway)<\/li><li>HOTELIZER (Fastighetshanteringssystem \u2013 PMS)<\/li><li>Leverant\u00f6r av nyhetsbrevstj\u00e4nster<\/li><li>Hosting- och IT-supportleverant\u00f6rer<\/li><li>Redovisnings- och skatter\u00e5dgivare<\/li><\/ul><p>Alla partners \u00e4r avtalsenligt bundna att f\u00f6lja GDPR.<\/p>\t\t\t\t\t\t\t\t<\/div>\n\t\t\t\t<\/div>\n\t\t\t\t<div class=\"elementor-element elementor-element-5bb6efa elementor-widget elementor-widget-heading\" data-id=\"5bb6efa\" data-element_type=\"widget\" data-e-type=\"widget\" data-widget_type=\"heading.default\">\n\t\t\t\t<div class=\"elementor-widget-container\">\n\t\t\t\t\t<h3 class=\"elementor-heading-title elementor-size-default\">VI. Internationella data\u00f6verf\u00f6ringar<\/h3>\t\t\t\t<\/div>\n\t\t\t\t<\/div>\n\t\t\t\t<div class=\"elementor-element elementor-element-184dc31 elementor-widget elementor-widget-text-editor\" data-id=\"184dc31\" data-element_type=\"widget\" data-e-type=\"widget\" data-widget_type=\"text-editor.default\">\n\t\t\t\t<div class=\"elementor-widget-container\">\n\t\t\t\t\t\t\t\t\t<p>Om vissa tj\u00e4nsteleverant\u00f6rer (t.ex. analys- eller nyhetsbrevsplattformar) \u00e4r bel\u00e4gna utanf\u00f6r Europeiska unionen, skyddas data\u00f6verf\u00f6ringar genom standardavtalsklausuler som godk\u00e4nts av Europeiska kommissionen.<\/p>\t\t\t\t\t\t\t\t<\/div>\n\t\t\t\t<\/div>\n\t\t\t\t<div class=\"elementor-element elementor-element-f19b1f6 elementor-widget elementor-widget-heading\" data-id=\"f19b1f6\" data-element_type=\"widget\" data-e-type=\"widget\" data-widget_type=\"heading.default\">\n\t\t\t\t<div class=\"elementor-widget-container\">\n\t\t\t\t\t<h3 class=\"elementor-heading-title elementor-size-default\">VII. Datalagring<\/h3>\t\t\t\t<\/div>\n\t\t\t\t<\/div>\n\t\t\t\t<div class=\"elementor-element elementor-element-9b2919b elementor-widget elementor-widget-text-editor\" data-id=\"9b2919b\" data-element_type=\"widget\" data-e-type=\"widget\" data-widget_type=\"text-editor.default\">\n\t\t\t\t<div class=\"elementor-widget-container\">\n\t\t\t\t\t\t\t\t\t<p>Vi lagrar endast personuppgifter s\u00e5 l\u00e4nge det \u00e4r n\u00f6dv\u00e4ndigt:<\/p><p>Reservations- och faktureringsdata: upp till 10 \u00e5r (enligt grekisk skattelagstiftning)<\/p><p>Kontaktformul\u00e4rsdata: upp till 24 m\u00e5nader<\/p><p>Nyhetsbrevsdata: tills du \u00e5terkallar ditt samtycke<\/p><p>Analysdata: enligt Google Analytics lagringsinst\u00e4llningar<\/p>\t\t\t\t\t\t\t\t<\/div>\n\t\t\t\t<\/div>\n\t\t\t\t<div class=\"elementor-element elementor-element-b192347 elementor-widget elementor-widget-heading\" data-id=\"b192347\" data-element_type=\"widget\" data-e-type=\"widget\" data-widget_type=\"heading.default\">\n\t\t\t\t<div class=\"elementor-widget-container\">\n\t\t\t\t\t<h3 class=\"elementor-heading-title elementor-size-default\">VIII. Om dina r\u00e4ttigheter<\/h3>\t\t\t\t<\/div>\n\t\t\t\t<\/div>\n\t\t\t\t<div class=\"elementor-element elementor-element-986f8cb elementor-widget elementor-widget-text-editor\" data-id=\"986f8cb\" data-element_type=\"widget\" data-e-type=\"widget\" data-widget_type=\"text-editor.default\">\n\t\t\t\t<div class=\"elementor-widget-container\">\n\t\t\t\t\t\t\t\t\t<p>Enligt GDPR har du r\u00e4tt att:<\/p><ul><li>\u00c5tkomst till dina personuppgifter<\/li><li>Beg\u00e4r r\u00e4ttelse av felaktiga uppgifter<\/li><li>Beg\u00e4r radering (d\u00e4r det \u00e4r juridiskt till\u00e4mpligt)<\/li><li>Begr\u00e4nsa bearbetningen<\/li><li>Inv\u00e4nda mot behandling<\/li><li>Dataportabilitet<\/li><li>\u00c5terkalla samtycke n\u00e4r som helst<\/li><li>L\u00e4mna in ett klagom\u00e5l till den grekiska dataskyddsmyndigheten (www.dpa.gr)<\/li><\/ul><p>F\u00f6rfr\u00e5gningar kan skickas till: info@alsusboutiquehotel.com<\/p><p>Vi svarar inom en (1) m\u00e5nad enligt lagkrav.<\/p>\t\t\t\t\t\t\t\t<\/div>\n\t\t\t\t<\/div>\n\t\t\t\t<div class=\"elementor-element elementor-element-f67f3b6 elementor-widget elementor-widget-heading\" data-id=\"f67f3b6\" data-element_type=\"widget\" data-e-type=\"widget\" data-widget_type=\"heading.default\">\n\t\t\t\t<div class=\"elementor-widget-container\">\n\t\t\t\t\t<h3 class=\"elementor-heading-title elementor-size-default\">IX. Datas\u00e4kerhet<\/h3>\t\t\t\t<\/div>\n\t\t\t\t<\/div>\n\t\t\t\t<div class=\"elementor-element elementor-element-f46656d elementor-widget elementor-widget-text-editor\" data-id=\"f46656d\" data-element_type=\"widget\" data-e-type=\"widget\" data-widget_type=\"text-editor.default\">\n\t\t\t\t<div class=\"elementor-widget-container\">\n\t\t\t\t\t\t\t\t\t<p>Vi implementerar l\u00e4mpliga tekniska och organisatoriska \u00e5tg\u00e4rder f\u00f6r att skydda dina personuppgifter, inklusive:<\/p><ul><li>SSL-kryptering<\/li><li>S\u00e4kra servrar<\/li><li>Begr\u00e4nsad \u00e5tkomst f\u00f6r beh\u00f6rig personal<\/li><li>Sekretessavtal<\/li><li>S\u00e4kra betalningssystem<\/li><\/ul>\t\t\t\t\t\t\t\t<\/div>\n\t\t\t\t<\/div>\n\t\t\t\t<div class=\"elementor-element elementor-element-52e66ee elementor-widget elementor-widget-heading\" data-id=\"52e66ee\" data-element_type=\"widget\" data-e-type=\"widget\" data-widget_type=\"heading.default\">\n\t\t\t\t<div class=\"elementor-widget-container\">\n\t\t\t\t\t<h3 class=\"elementor-heading-title elementor-size-default\">X. Kakor<\/h3>\t\t\t\t<\/div>\n\t\t\t\t<\/div>\n\t\t\t\t<div class=\"elementor-element elementor-element-eb6451e elementor-widget elementor-widget-text-editor\" data-id=\"eb6451e\" data-element_type=\"widget\" data-e-type=\"widget\" data-widget_type=\"text-editor.default\">\n\t\t\t\t<div class=\"elementor-widget-container\">\n\t\t\t\t\t\t\t\t\t<p>V\u00e5r webbplats anv\u00e4nder:<\/p><ul><li>Absolut n\u00f6dv\u00e4ndiga cookies f\u00f6r v\u00e4sentlig funktionalitet<\/li><li>Analyskakor (Google Analytics)<\/li><li>Samtycke till cookies f\u00f6r att komma ih\u00e5g dina preferenser<\/li><\/ul><p>Du kan hantera dina cookieinst\u00e4llningar via cookiebannern som visas p\u00e5 v\u00e5r webbplats.<\/p>\t\t\t\t\t\t\t\t<\/div>\n\t\t\t\t<\/div>\n\t\t\t\t<div class=\"elementor-element elementor-element-53c229b elementor-widget elementor-widget-heading\" data-id=\"53c229b\" data-element_type=\"widget\" data-e-type=\"widget\" data-widget_type=\"heading.default\">\n\t\t\t\t<div class=\"elementor-widget-container\">\n\t\t\t\t\t<h3 class=\"elementor-heading-title elementor-size-default\">XI. Uppdateringar av denna policy<\/h3>\t\t\t\t<\/div>\n\t\t\t\t<\/div>\n\t\t\t\t<div class=\"elementor-element elementor-element-0570509 elementor-widget elementor-widget-text-editor\" data-id=\"0570509\" data-element_type=\"widget\" data-e-type=\"widget\" data-widget_type=\"text-editor.default\">\n\t\t\t\t<div class=\"elementor-widget-container\">\n\t\t\t\t\t\t\t\t\t<p data-start=\"5173\" data-end=\"5290\">Denna integritetspolicy kan komma att uppdateras fr\u00e5n tid till annan. Eventuella \u00e4ndringar kommer att publiceras p\u00e5 denna sida med ett reviderat datum.<\/p><p data-start=\"5173\" data-end=\"5290\"><em>Senast uppdaterad: 2026-02-21<\/em><\/p>\t\t\t\t\t\t\t\t<\/div>\n\t\t\t\t<\/div>\n\t\t                    <\/div>\r\n        <\/div>\r\n        \t\t\t<\/div>\n\t\t<\/section>\n\t\t\t\t<\/div>","protected":false},"excerpt":{"rendered":"<p>Definitions For the purposes of this Privacy Policy: \u201cPersonal Data\u201d means any information relating to an identified or identifiable natural person. \u201cData Subject\u201d means any individual whose personal data is processed by SAMARITIS S.A. \u201cProcessing\u201d means any operation performed on personal data, including collection, recording, storage, use, disclosure, or deletion. \u201cController\u201d means SAMARITIS S.A., which [&hellip;]<\/p>\n","protected":false},"author":1,"featured_media":0,"parent":0,"menu_order":0,"comment_status":"closed","ping_status":"closed","template":"","meta":{"footnotes":""},"class_list":["post-17082","page","type-page","status-publish","hentry"],"_links":{"self":[{"href":"https:\/\/www.alsusboutiquehotel.com\/sv\/wp-json\/wp\/v2\/pages\/17082","targetHints":{"allow":["GET"]}}],"collection":[{"href":"https:\/\/www.alsusboutiquehotel.com\/sv\/wp-json\/wp\/v2\/pages"}],"about":[{"href":"https:\/\/www.alsusboutiquehotel.com\/sv\/wp-json\/wp\/v2\/types\/page"}],"author":[{"embeddable":true,"href":"https:\/\/www.alsusboutiquehotel.com\/sv\/wp-json\/wp\/v2\/users\/1"}],"replies":[{"embeddable":true,"href":"https:\/\/www.alsusboutiquehotel.com\/sv\/wp-json\/wp\/v2\/comments?post=17082"}],"version-history":[{"count":6,"href":"https:\/\/www.alsusboutiquehotel.com\/sv\/wp-json\/wp\/v2\/pages\/17082\/revisions"}],"predecessor-version":[{"id":21281,"href":"https:\/\/www.alsusboutiquehotel.com\/sv\/wp-json\/wp\/v2\/pages\/17082\/revisions\/21281"}],"wp:attachment":[{"href":"https:\/\/www.alsusboutiquehotel.com\/sv\/wp-json\/wp\/v2\/media?parent=17082"}],"curies":[{"name":"wp","href":"https:\/\/api.w.org\/{rel}","templated":true}]}}