{"id":17082,"date":"2025-02-13T14:01:49","date_gmt":"2025-02-13T14:01:49","guid":{"rendered":"https:\/\/www.alsusboutiquehotel.com\/?page_id=17082"},"modified":"2026-02-21T20:52:22","modified_gmt":"2026-02-21T18:52:22","slug":"privacy-policy","status":"publish","type":"page","link":"https:\/\/www.alsusboutiquehotel.com\/tr\/privacy-policy\/","title":{"rendered":"Gizlilik Politikas\u0131 | Alsus Butik Otel \u2013 Sadece Yeti\u015fkinler \u0130\u00e7in"},"content":{"rendered":"<div data-elementor-type=\"wp-page\" data-elementor-id=\"17082\" class=\"elementor elementor-17082\">\n\t\t\t\t        <section class=\"elementor-section elementor-top-section elementor-element elementor-element-5022f2e8 elementor-section-boxed elementor-section-height-default elementor-section-height-default pxl-section-static-pos-no pxl-section-overflow-hidden-no pxl-container-margin-auto-no\" data-id=\"5022f2e8\" data-element_type=\"section\" data-e-type=\"section\">\n\n                \n                <div class=\"elementor-container elementor-column-gap-default\">\n                <div class=\"elementor-column elementor-col-100 elementor-top-column elementor-element elementor-element-4bb48aa1 col-offset-none pxl-column-element-default pxl-column-overflow-hidden-no\" data-id=\"4bb48aa1\" data-element_type=\"column\" data-e-type=\"column\">\r\n        <div class=\"elementor-widget-wrap elementor-element-populated\">\r\n                    \t\t<div class=\"elementor-element elementor-element-213867a elementor-widget elementor-widget-heading\" data-id=\"213867a\" data-element_type=\"widget\" data-e-type=\"widget\" data-widget_type=\"heading.default\">\n\t\t\t\t<div class=\"elementor-widget-container\">\n\t\t\t\t\t<h2 class=\"elementor-heading-title elementor-size-default\">Tan\u0131mlar<\/h2>\t\t\t\t<\/div>\n\t\t\t\t<\/div>\n\t\t\t\t<div class=\"elementor-element elementor-element-166ef50a elementor-widget elementor-widget-text-editor\" data-id=\"166ef50a\" data-element_type=\"widget\" data-e-type=\"widget\" data-widget_type=\"text-editor.default\">\n\t\t\t\t<div class=\"elementor-widget-container\">\n\t\t\t\t\t\t\t\t\t<p>Bu Gizlilik Politikas\u0131&#039;n\u0131n ama\u00e7lar\u0131 do\u011frultusunda:<\/p>\n<p>\u201cKi\u015fisel Veri\u201d, tan\u0131mlanm\u0131\u015f veya tan\u0131mlanabilir bir ger\u00e7ek ki\u015fiye ili\u015fkin her t\u00fcrl\u00fc bilgiyi ifade eder.<\/p>\n<p>\u201cVeri Sahibi\u201d, ki\u015fisel verileri SAMARITIS SA taraf\u0131ndan i\u015flenen herhangi bir birey anlam\u0131na gelir.<\/p>\n<p>\u201c\u0130\u015fleme\u201d, ki\u015fisel veriler \u00fczerinde ger\u00e7ekle\u015ftirilen toplama, kaydetme, saklama, kullanma, a\u00e7\u0131klama veya silme dahil olmak \u00fczere her t\u00fcrl\u00fc i\u015flemi ifade eder.<\/p>\n<p>\u201cVeri Sorumlusu\u201d, ki\u015fisel verilerin i\u015flenmesinin ama\u00e7lar\u0131n\u0131 ve y\u00f6ntemlerini belirleyen SAMARITIS SA \u015firketidir.<\/p>\n<p>\u201cVeri \u0130\u015fleyici\u201d, Veri Sorumlusu ad\u0131na ki\u015fisel verileri i\u015fleyen herhangi bir \u00fc\u00e7\u00fcnc\u00fc taraf anlam\u0131na gelir.<\/p>\n<p>\u201cWeb sitesi\u201d ifadesi www.alsusboutiquehotel.com adresini ifade eder.<\/p>\n<p>\u201cGDPR\u201d, (AB) 2016\/679 Y\u00f6netmeli\u011fi anlam\u0131na gelir.<\/p>\t\t\t\t\t\t\t\t<\/div>\n\t\t\t\t<\/div>\n\t\t\t\t<div class=\"elementor-element elementor-element-18a6bd9 elementor-widget elementor-widget-heading\" data-id=\"18a6bd9\" data-element_type=\"widget\" data-e-type=\"widget\" data-widget_type=\"heading.default\">\n\t\t\t\t<div class=\"elementor-widget-container\">\n\t\t\t\t\t<h2 class=\"elementor-heading-title elementor-size-default\">Gizlilik Politikas\u0131<\/h2>\t\t\t\t<\/div>\n\t\t\t\t<\/div>\n\t\t\t\t<div class=\"elementor-element elementor-element-ced5607 elementor-widget elementor-widget-heading\" data-id=\"ced5607\" data-element_type=\"widget\" data-e-type=\"widget\" data-widget_type=\"heading.default\">\n\t\t\t\t<div class=\"elementor-widget-container\">\n\t\t\t\t\t<h3 class=\"elementor-heading-title elementor-size-default\">I. \u015eirket Bilgileri<\/h3>\t\t\t\t<\/div>\n\t\t\t\t<\/div>\n\t\t\t\t<div class=\"elementor-element elementor-element-ed0c8f2 elementor-widget elementor-widget-text-editor\" data-id=\"ed0c8f2\" data-element_type=\"widget\" data-e-type=\"widget\" data-widget_type=\"text-editor.default\">\n\t\t\t\t<div class=\"elementor-widget-container\">\n\t\t\t\t\t\t\t\t\t<p>SAMARITIS SA taraf\u0131ndan i\u015fletilen Alsus Boutique Hotel&#039;de, misafirperverli\u011fe verdi\u011fimiz de\u011fer kadar g\u00fcvene de de\u011fer veriyoruz.<\/p><p>SAMARITIS SA, kay\u0131tl\u0131 adresi Leof. Andrea Papandreou 50, 71414 Heraklion, Yunanistan, KDV numaras\u0131 094209409, Heraklion Vergi Dairesi, tel. +30 2810 372700, e-posta: info@alsusboutiquehotel.com olan \u015firket, www.alsusboutiquehotel.com \u00fczerinden toplanan ki\u015fisel verilerin Veri Sorumlusudur.<\/p><p>Ki\u015fisel verilerinizi, (AB) 2016\/679 Y\u00f6netmeli\u011fi (Genel Veri Koruma Y\u00f6netmeli\u011fi \u2013 GDPR) ve ilgili Yunan mevzuat\u0131na uygun olarak i\u015fliyoruz.<\/p>\t\t\t\t\t\t\t\t<\/div>\n\t\t\t\t<\/div>\n\t\t\t\t<div class=\"elementor-element elementor-element-70b79c2 elementor-widget elementor-widget-heading\" data-id=\"70b79c2\" data-element_type=\"widget\" data-e-type=\"widget\" data-widget_type=\"heading.default\">\n\t\t\t\t<div class=\"elementor-widget-container\">\n\t\t\t\t\t<h3 class=\"elementor-heading-title elementor-size-default\">II. Toplanan Veriler<\/h3>\t\t\t\t<\/div>\n\t\t\t\t<\/div>\n\t\t\t\t<div class=\"elementor-element elementor-element-2bcd05a elementor-widget elementor-widget-text-editor\" data-id=\"2bcd05a\" data-element_type=\"widget\" data-e-type=\"widget\" data-widget_type=\"text-editor.default\">\n\t\t\t\t<div class=\"elementor-widget-container\">\n\t\t\t\t\t\t\t\t\t<p>Hizmetlerimizle etkile\u015fim bi\u00e7iminize ba\u011fl\u0131 olarak \u015funlar\u0131 toplayabiliriz:<\/p><p>Rezervasyon Bilgileri:<\/p><ol><li>Ad Soyad<\/li><li>E-posta adresi<\/li><li>Telefon numaras\u0131<\/li><li>Adres \/ ikamet \u00fclkesi<\/li><li>Konaklama detaylar\u0131<\/li><li>\u00d6zel istekler veya tercihler<\/li><li>\u00d6deme Verileri<\/li><\/ol><p>\u00c7evrimi\u00e7i \u00f6demeler, Eurobank&#039;\u0131n e-ticaret ge\u00e7idi \u00fczerinden g\u00fcvenli bir \u015fekilde i\u015flenir. Kredi kart\u0131 bilgilerinizin tamam\u0131n\u0131 sunucular\u0131m\u0131zda saklam\u0131yoruz.<\/p><p>\u0130leti\u015fim Verileri: \u0130leti\u015fim formlar\u0131, e-posta yaz\u0131\u015fmalar\u0131 veya telefon g\u00f6r\u00fc\u015fmeleri yoluyla sa\u011flad\u0131\u011f\u0131n\u0131z bilgiler.<\/p><p>B\u00fclten Bilgileri: E-posta adresi ve ileti\u015fim tercihleri (yaln\u0131zca a\u00e7\u0131k r\u0131zan\u0131zla).<\/p><p>Teknik ve Kullan\u0131m Verileri:\u00a0<\/p><ol><li>IP adresi<\/li><li>Taray\u0131c\u0131 t\u00fcr\u00fc ve cihaz bilgileri<\/li><li>Web sitesi etkile\u015fim verileri<\/li><li>\u00c7erezler<\/li><li>Google Analytics istatistikleri<\/li><\/ol>\t\t\t\t\t\t\t\t<\/div>\n\t\t\t\t<\/div>\n\t\t\t\t<div class=\"elementor-element elementor-element-fe04321 elementor-widget elementor-widget-heading\" data-id=\"fe04321\" data-element_type=\"widget\" data-e-type=\"widget\" data-widget_type=\"heading.default\">\n\t\t\t\t<div class=\"elementor-widget-container\">\n\t\t\t\t\t<h3 class=\"elementor-heading-title elementor-size-default\">III. \u0130\u015fleme Ama\u00e7lar\u0131<\/h3>\t\t\t\t<\/div>\n\t\t\t\t<\/div>\n\t\t\t\t<div class=\"elementor-element elementor-element-088584c elementor-widget elementor-widget-text-editor\" data-id=\"088584c\" data-element_type=\"widget\" data-e-type=\"widget\" data-widget_type=\"text-editor.default\">\n\t\t\t\t<div class=\"elementor-widget-container\">\n\t\t\t\t\t\t\t\t\t<p>Ki\u015fisel verilerinizi a\u015fa\u011f\u0131daki ama\u00e7larla i\u015fliyoruz:<\/p><ol><li>Rezervasyonlar\u0131 y\u00f6netin ve onaylay\u0131n<\/li><li>Konaklama hizmetleri sa\u011flay\u0131n.<\/li><li>Konaklaman\u0131zdan \u00f6nce, s\u0131ras\u0131nda ve sonras\u0131nda sizinle ileti\u015fim kuraca\u011f\u0131z.<\/li><li>Vergi ve muhasebe y\u00fck\u00fcml\u00fcl\u00fcklerine uymak<\/li><li>Web sitemizi ve ziyaret\u00e7i deneyimini iyile\u015ftirelim.<\/li><li>(Onay al\u0131nmas\u0131 \u015fart\u0131yla) Haber b\u00fcltenleri ve tan\u0131t\u0131m ama\u00e7l\u0131 ileti\u015fim g\u00f6nderin.<\/li><li>\u0130\u015flem ve web sitesi g\u00fcvenli\u011fini sa\u011flay\u0131n.<\/li><\/ol>\t\t\t\t\t\t\t\t<\/div>\n\t\t\t\t<\/div>\n\t\t\t\t<div class=\"elementor-element elementor-element-f712e0f elementor-widget elementor-widget-heading\" data-id=\"f712e0f\" data-element_type=\"widget\" data-e-type=\"widget\" data-widget_type=\"heading.default\">\n\t\t\t\t<div class=\"elementor-widget-container\">\n\t\t\t\t\t<h3 class=\"elementor-heading-title elementor-size-default\">IV. Veri \u0130\u015flemenin Yasal Dayana\u011f\u0131 (GDPR Madde 6)<\/h3>\t\t\t\t<\/div>\n\t\t\t\t<\/div>\n\t\t\t\t<div class=\"elementor-element elementor-element-424b4b8 elementor-widget elementor-widget-text-editor\" data-id=\"424b4b8\" data-element_type=\"widget\" data-e-type=\"widget\" data-widget_type=\"text-editor.default\">\n\t\t\t\t<div class=\"elementor-widget-container\">\n\t\t\t\t\t\t\t\t\t<p>Ki\u015fisel verileri a\u015fa\u011f\u0131daki esaslara g\u00f6re i\u015fliyoruz:<\/p><ol><li>S\u00f6zle\u015fmenin yerine getirilmesi (rezervasyon ve konaklama hizmetleri)<\/li><li>Yasal y\u00fck\u00fcml\u00fcl\u00fcklere uyum<\/li><li>Me\u015fru menfaat (hizmet iyile\u015ftirme, sistem g\u00fcvenli\u011fi)<\/li><li>A\u00e7\u0131k r\u0131zan\u0131z (b\u00fclten ve iste\u011fe ba\u011fl\u0131 \u00e7erezler)<\/li><\/ol>\t\t\t\t\t\t\t\t<\/div>\n\t\t\t\t<\/div>\n\t\t\t\t<div class=\"elementor-element elementor-element-0800c21 elementor-widget elementor-widget-heading\" data-id=\"0800c21\" data-element_type=\"widget\" data-e-type=\"widget\" data-widget_type=\"heading.default\">\n\t\t\t\t<div class=\"elementor-widget-container\">\n\t\t\t\t\t<h3 class=\"elementor-heading-title elementor-size-default\">V. Veri Al\u0131c\u0131lar\u0131 \/ \u0130\u015fleyicileri<\/h3>\t\t\t\t<\/div>\n\t\t\t\t<\/div>\n\t\t\t\t<div class=\"elementor-element elementor-element-38dc221 elementor-widget elementor-widget-text-editor\" data-id=\"38dc221\" data-element_type=\"widget\" data-e-type=\"widget\" data-widget_type=\"text-editor.default\">\n\t\t\t\t<div class=\"elementor-widget-container\">\n\t\t\t\t\t\t\t\t\t<p>Verileriniz, bizim ad\u0131m\u0131za hareket eden g\u00fcvenilir hizmet sa\u011flay\u0131c\u0131larla payla\u015f\u0131labilir; bunlar aras\u0131nda \u015funlar yer almaktad\u0131r:<\/p><ul><li>Webhotelier (\u00e7evrimi\u00e7i rezervasyon motoru)<\/li><li>Eurobank (\u00f6deme ge\u00e7idi sa\u011flay\u0131c\u0131s\u0131)<\/li><li>HOTELIZER (M\u00fclk Y\u00f6netim Sistemi \u2013 PMS)<\/li><li>Haber b\u00fclteni hizmet sa\u011flay\u0131c\u0131s\u0131<\/li><li>Hosting ve BT destek sa\u011flay\u0131c\u0131lar\u0131<\/li><li>Muhasebe ve vergi dan\u0131\u015fmanlar\u0131<\/li><\/ul><p>T\u00fcm ortaklar, GDPR&#039;ye uymakla s\u00f6zle\u015fme gere\u011fi y\u00fck\u00fcml\u00fcd\u00fcr.<\/p>\t\t\t\t\t\t\t\t<\/div>\n\t\t\t\t<\/div>\n\t\t\t\t<div class=\"elementor-element elementor-element-5bb6efa elementor-widget elementor-widget-heading\" data-id=\"5bb6efa\" data-element_type=\"widget\" data-e-type=\"widget\" data-widget_type=\"heading.default\">\n\t\t\t\t<div class=\"elementor-widget-container\">\n\t\t\t\t\t<h3 class=\"elementor-heading-title elementor-size-default\">VI. Uluslararas\u0131 Veri Transferleri<\/h3>\t\t\t\t<\/div>\n\t\t\t\t<\/div>\n\t\t\t\t<div class=\"elementor-element elementor-element-184dc31 elementor-widget elementor-widget-text-editor\" data-id=\"184dc31\" data-element_type=\"widget\" data-e-type=\"widget\" data-widget_type=\"text-editor.default\">\n\t\t\t\t<div class=\"elementor-widget-container\">\n\t\t\t\t\t\t\t\t\t<p>E\u011fer baz\u0131 hizmet sa\u011flay\u0131c\u0131lar (\u00f6rne\u011fin, analiz veya haber b\u00fclteni platformlar\u0131) Avrupa Birli\u011fi d\u0131\u015f\u0131nda bulunuyorsa, veri transferleri Avrupa Komisyonu taraf\u0131ndan onaylanan Standart S\u00f6zle\u015fme Maddeleri arac\u0131l\u0131\u011f\u0131yla g\u00fcvence alt\u0131na al\u0131n\u0131r.<\/p>\t\t\t\t\t\t\t\t<\/div>\n\t\t\t\t<\/div>\n\t\t\t\t<div class=\"elementor-element elementor-element-f19b1f6 elementor-widget elementor-widget-heading\" data-id=\"f19b1f6\" data-element_type=\"widget\" data-e-type=\"widget\" data-widget_type=\"heading.default\">\n\t\t\t\t<div class=\"elementor-widget-container\">\n\t\t\t\t\t<h3 class=\"elementor-heading-title elementor-size-default\">VII. Veri Saklama<\/h3>\t\t\t\t<\/div>\n\t\t\t\t<\/div>\n\t\t\t\t<div class=\"elementor-element elementor-element-9b2919b elementor-widget elementor-widget-text-editor\" data-id=\"9b2919b\" data-element_type=\"widget\" data-e-type=\"widget\" data-widget_type=\"text-editor.default\">\n\t\t\t\t<div class=\"elementor-widget-container\">\n\t\t\t\t\t\t\t\t\t<p>Ki\u015fisel verileri yaln\u0131zca gerekli oldu\u011fu s\u00fcre boyunca sakl\u0131yoruz:<\/p><p>Rezervasyon ve faturalama verileri: 10 y\u0131la kadar (Yunanistan vergi kanunu gere\u011fi)<\/p><p>\u0130leti\u015fim formu verileri: 24 aya kadar<\/p><p>Haber b\u00fclteni verileri: onay\u0131n\u0131z\u0131 geri \u00e7ekene kadar<\/p><p>Analiz verileri: Google Analytics saklama ayarlar\u0131 do\u011frultusunda<\/p>\t\t\t\t\t\t\t\t<\/div>\n\t\t\t\t<\/div>\n\t\t\t\t<div class=\"elementor-element elementor-element-b192347 elementor-widget elementor-widget-heading\" data-id=\"b192347\" data-element_type=\"widget\" data-e-type=\"widget\" data-widget_type=\"heading.default\">\n\t\t\t\t<div class=\"elementor-widget-container\">\n\t\t\t\t\t<h3 class=\"elementor-heading-title elementor-size-default\">VIII. Haklar\u0131n\u0131z Hakk\u0131nda<\/h3>\t\t\t\t<\/div>\n\t\t\t\t<\/div>\n\t\t\t\t<div class=\"elementor-element elementor-element-986f8cb elementor-widget elementor-widget-text-editor\" data-id=\"986f8cb\" data-element_type=\"widget\" data-e-type=\"widget\" data-widget_type=\"text-editor.default\">\n\t\t\t\t<div class=\"elementor-widget-container\">\n\t\t\t\t\t\t\t\t\t<p>GDPR kapsam\u0131nda a\u015fa\u011f\u0131daki haklara sahipsiniz:<\/p><ul><li>Ki\u015fisel verilerinize eri\u015fim<\/li><li>Yanl\u0131\u015f verilerin d\u00fczeltilmesi talebi<\/li><li>(Yasal olarak m\u00fcmk\u00fcn oldu\u011fu durumlarda) Silme talebi<\/li><li>\u0130\u015flemeyi k\u0131s\u0131tla<\/li><li>\u0130\u015fleme itiraz<\/li><li>Veri ta\u015f\u0131nabilirli\u011fi<\/li><li>Onay\u0131n\u0131z\u0131 istedi\u011finiz zaman geri \u00e7ekebilirsiniz.<\/li><li>Yunanistan Veri Koruma Kurumu&#039;na (www.dpa.gr) \u015fikayette bulunun.<\/li><\/ul><p>Taleplerinizi info@alsusboutiquehotel.com adresine iletebilirsiniz.<\/p><p>Kanun gere\u011fi bir (1) ay i\u00e7inde yan\u0131t veriyoruz.<\/p>\t\t\t\t\t\t\t\t<\/div>\n\t\t\t\t<\/div>\n\t\t\t\t<div class=\"elementor-element elementor-element-f67f3b6 elementor-widget elementor-widget-heading\" data-id=\"f67f3b6\" data-element_type=\"widget\" data-e-type=\"widget\" data-widget_type=\"heading.default\">\n\t\t\t\t<div class=\"elementor-widget-container\">\n\t\t\t\t\t<h3 class=\"elementor-heading-title elementor-size-default\">IX. Veri G\u00fcvenli\u011fi<\/h3>\t\t\t\t<\/div>\n\t\t\t\t<\/div>\n\t\t\t\t<div class=\"elementor-element elementor-element-f46656d elementor-widget elementor-widget-text-editor\" data-id=\"f46656d\" data-element_type=\"widget\" data-e-type=\"widget\" data-widget_type=\"text-editor.default\">\n\t\t\t\t<div class=\"elementor-widget-container\">\n\t\t\t\t\t\t\t\t\t<p>Ki\u015fisel verilerinizi korumak i\u00e7in uygun teknik ve organizasyonel \u00f6nlemler uyguluyoruz, bunlar aras\u0131nda \u015funlar yer almaktad\u0131r:<\/p><ul><li>SSL \u015fifrelemesi<\/li><li>G\u00fcvenli sunucular<\/li><li>Yetkili personelle s\u0131n\u0131rl\u0131 eri\u015fim.<\/li><li>Gizlilik anla\u015fmalar\u0131<\/li><li>G\u00fcvenli \u00f6deme i\u015fleme sistemleri<\/li><\/ul>\t\t\t\t\t\t\t\t<\/div>\n\t\t\t\t<\/div>\n\t\t\t\t<div class=\"elementor-element elementor-element-52e66ee elementor-widget elementor-widget-heading\" data-id=\"52e66ee\" data-element_type=\"widget\" data-e-type=\"widget\" data-widget_type=\"heading.default\">\n\t\t\t\t<div class=\"elementor-widget-container\">\n\t\t\t\t\t<h3 class=\"elementor-heading-title elementor-size-default\">X. \u00c7erezler<\/h3>\t\t\t\t<\/div>\n\t\t\t\t<\/div>\n\t\t\t\t<div class=\"elementor-element elementor-element-eb6451e elementor-widget elementor-widget-text-editor\" data-id=\"eb6451e\" data-element_type=\"widget\" data-e-type=\"widget\" data-widget_type=\"text-editor.default\">\n\t\t\t\t<div class=\"elementor-widget-container\">\n\t\t\t\t\t\t\t\t\t<p>Web sitemiz \u015funlar\u0131 kullan\u0131yor:<\/p><ul><li>Temel i\u015flevsellik i\u00e7in kesinlikle gerekli \u00e7erezler<\/li><li>Analiz \u00e7erezleri (Google Analytics)<\/li><li>Tercihlerinizi hat\u0131rlamak i\u00e7in \u00e7erezlere izin verin.<\/li><\/ul><p>\u00c7erez tercihlerinizi web sitemizde g\u00f6r\u00fcnt\u00fclenen \u00e7erez banner&#039;\u0131 arac\u0131l\u0131\u011f\u0131yla y\u00f6netebilirsiniz.<\/p>\t\t\t\t\t\t\t\t<\/div>\n\t\t\t\t<\/div>\n\t\t\t\t<div class=\"elementor-element elementor-element-53c229b elementor-widget elementor-widget-heading\" data-id=\"53c229b\" data-element_type=\"widget\" data-e-type=\"widget\" data-widget_type=\"heading.default\">\n\t\t\t\t<div class=\"elementor-widget-container\">\n\t\t\t\t\t<h3 class=\"elementor-heading-title elementor-size-default\">XI. Bu Politikaya \u0130li\u015fkin G\u00fcncellemeler<\/h3>\t\t\t\t<\/div>\n\t\t\t\t<\/div>\n\t\t\t\t<div class=\"elementor-element elementor-element-0570509 elementor-widget elementor-widget-text-editor\" data-id=\"0570509\" data-element_type=\"widget\" data-e-type=\"widget\" data-widget_type=\"text-editor.default\">\n\t\t\t\t<div class=\"elementor-widget-container\">\n\t\t\t\t\t\t\t\t\t<p data-start=\"5173\" data-end=\"5290\">Bu Gizlilik Politikas\u0131 zaman zaman g\u00fcncellenebilir. Herhangi bir de\u011fi\u015fiklik, revize edilmi\u015f tarihle birlikte bu sayfada yay\u0131nlanacakt\u0131r.<\/p><p data-start=\"5173\" data-end=\"5290\"><em>Son g\u00fcncelleme: 21\/02\/2026<\/em><\/p>\t\t\t\t\t\t\t\t<\/div>\n\t\t\t\t<\/div>\n\t\t                    <\/div>\r\n        <\/div>\r\n        \t\t\t<\/div>\n\t\t<\/section>\n\t\t\t\t<\/div>","protected":false},"excerpt":{"rendered":"<p>Definitions For the purposes of this Privacy Policy: \u201cPersonal Data\u201d means any information relating to an identified or identifiable natural person. \u201cData Subject\u201d means any individual whose personal data is processed by SAMARITIS S.A. \u201cProcessing\u201d means any operation performed on personal data, including collection, recording, storage, use, disclosure, or deletion. \u201cController\u201d means SAMARITIS S.A., which [&hellip;]<\/p>\n","protected":false},"author":1,"featured_media":0,"parent":0,"menu_order":0,"comment_status":"closed","ping_status":"closed","template":"","meta":{"footnotes":""},"class_list":["post-17082","page","type-page","status-publish","hentry"],"_links":{"self":[{"href":"https:\/\/www.alsusboutiquehotel.com\/tr\/wp-json\/wp\/v2\/pages\/17082","targetHints":{"allow":["GET"]}}],"collection":[{"href":"https:\/\/www.alsusboutiquehotel.com\/tr\/wp-json\/wp\/v2\/pages"}],"about":[{"href":"https:\/\/www.alsusboutiquehotel.com\/tr\/wp-json\/wp\/v2\/types\/page"}],"author":[{"embeddable":true,"href":"https:\/\/www.alsusboutiquehotel.com\/tr\/wp-json\/wp\/v2\/users\/1"}],"replies":[{"embeddable":true,"href":"https:\/\/www.alsusboutiquehotel.com\/tr\/wp-json\/wp\/v2\/comments?post=17082"}],"version-history":[{"count":6,"href":"https:\/\/www.alsusboutiquehotel.com\/tr\/wp-json\/wp\/v2\/pages\/17082\/revisions"}],"predecessor-version":[{"id":21281,"href":"https:\/\/www.alsusboutiquehotel.com\/tr\/wp-json\/wp\/v2\/pages\/17082\/revisions\/21281"}],"wp:attachment":[{"href":"https:\/\/www.alsusboutiquehotel.com\/tr\/wp-json\/wp\/v2\/media?parent=17082"}],"curies":[{"name":"wp","href":"https:\/\/api.w.org\/{rel}","templated":true}]}}